{"id":320,"date":"2015-01-28T11:35:13","date_gmt":"2015-01-28T10:35:13","guid":{"rendered":"http:\/\/agora.xtec.cat\/cfatramuntana\/?page_id=320"},"modified":"2022-09-05T19:25:49","modified_gmt":"2022-09-05T17:25:49","slug":"a-cicles-formatius-de-grau-superior","status":"publish","type":"page","link":"https:\/\/agora.xtec.cat\/cfatramuntana\/ensenyaments\/ensenyaments-per-a-la-preparacio-de-proves-dacces\/a-cicles-formatius-de-grau-superior\/","title":{"rendered":"A cicles formatius de grau superior"},"content":{"rendered":"<p style=\"text-align: justify;\">Per poder fer el curs de preparaci\u00f3 de les proves a Cicles formatius de grau superior (CFGS) cal tenir el t\u00edtol de GES (ESO) o b\u00e9 el t\u00edtol d&#8217;un cicle formatiu de grau mitj\u00e0 (CFGM). En el cas que ja es tingui un CFGM\u00a0de la mateixa opci\u00f3 d&#8217;espec\u00edfiques (A, B o C) del CFGS que es vol estudiar, es podr\u00e0 accedir directament sense fer la prova per\u00f2 sempre i quan hi hagi places vacants.<\/p>\n<p style=\"text-align: justify;\">La superaci\u00f3 d&#8217;aquestes proves <strong>permet accedir a qualsevol CFGS <\/strong>de<strong>\u00a0<\/strong>Formaci\u00f3 professional, d&#8217;Arts pl\u00e0stiques i disseny o d&#8217;Ensenyaments esportius.\u00a0Alguns\u00a0CFGS\u00a0nom\u00e9s es poden cursar presencialment per\u00f2 n&#8217;hi ha alguns que es poden cursar en l\u00ednia. La nostra escola no ofereix cap CFGS de forma presencial; per tant, nom\u00e9s es podran cursar aquells cicles que s&#8217;ofereixen en l\u00ednia.<\/p>\n<p style=\"text-align: justify;\"><span style=\"color: #339966;\"><strong>Com s\u00f3n aquestes proves?<\/strong><\/span><\/p>\n<p style=\"text-align: justify;\">Les proves\u00a0consten de dues parts:<\/p>\n<ul style=\"text-align: justify;\">\n<li><strong>Part comuna<\/strong>: llengua catalana, llengua castellana, llengua estrangera i matem\u00e0tiques.<\/li>\n<li><strong>Part espec\u00edfica<\/strong>: dues mat\u00e8ries que cal triar de\u00a04 opcions (A, B, C o D) segons la branca del CFGS al qual es vol accedir.<\/li>\n<\/ul>\n<p style=\"text-align: justify;\"><strong><span style=\"color: #339966;\">Com \u00e9s el curs de preparaci\u00f3 a CFGS?<\/span> <\/strong><\/p>\n<p style=\"text-align: justify;\">En el nostre centre, la preparaci\u00f3 d&#8217;aquestes proves es fa nom\u00e9s en <strong>hores d&#8217;autoformaci\u00f3<\/strong> a trav\u00e9s de l&#8217;Insitut d&#8217;Obert de Catalunya (<strong>IOC<\/strong>).<\/p>\n<p style=\"text-align: justify;\">En aquest curs,\u00a0els alumnes tindran\u00a0el material te\u00f2ric i pr\u00e0ctic, aix\u00ed com\u00a0els models de les proves de les convocat\u00f2ries anteriors i les orientacions per fer les proves. Es treballar\u00e0 de forma aut\u00f2noma, mitjan\u00e7ant activitats i exercicis d&#8217;autocorrecci\u00f3. Al llarg del curs, s&#8217;hauran de <strong>lliurar diverses activitats de cada mat\u00e8ria<\/strong>, que avaluar\u00e0 el tutor de l&#8217;IOC. A m\u00e9s, tamb\u00e9 s&#8217;hauran de fer\u00a0<strong>ex\u00e0mens finals<\/strong> quan s&#8217;acabi cada mat\u00e8ria.\u00a0Les notes obtingudes en les activitats avaluables es tindran en compte per a la qualificaci\u00f3 final de cada mat\u00e8ria.<\/p>\n<p style=\"text-align: justify;\">\n","protected":false},"excerpt":{"rendered":"<p>Per poder fer el curs de preparaci\u00f3 de les proves a Cicles formatius de grau superior (CFGS) cal tenir el t\u00edtol de GES (ESO) o b\u00e9 el t\u00edtol d&#8217;un cicle formatiu de grau mitj\u00e0 (CFGM). En el cas que ja es tingui un CFGM\u00a0de la&hellip;  <a href=\"https:\/\/agora.xtec.cat\/cfatramuntana\/ensenyaments\/ensenyaments-per-a-la-preparacio-de-proves-dacces\/a-cicles-formatius-de-grau-superior\/\" title=\"Read A cicles formatius de grau superior\">Llegeix m\u00e9s\u00bb<\/a><\/p>\n","protected":false},"author":1,"featured_media":0,"parent":288,"menu_order":0,"comment_status":"closed","ping_status":"closed","template":"page-templates\/side-menu.php","meta":{"_bbp_topic_count":0,"_bbp_reply_count":0,"_bbp_total_topic_count":0,"_bbp_total_reply_count":0,"_bbp_voice_count":0,"_bbp_anonymous_reply_count":0,"_bbp_topic_count_hidden":0,"_bbp_reply_count_hidden":0,"_bbp_forum_subforum_count":0,"footnotes":""},"class_list":["post-320","page","type-page","status-publish","hentry"],"post_mailing_queue_ids":[],"_links":{"self":[{"href":"https:\/\/agora.xtec.cat\/cfatramuntana\/wp-json\/wp\/v2\/pages\/320","targetHints":{"allow":["GET"]}}],"collection":[{"href":"https:\/\/agora.xtec.cat\/cfatramuntana\/wp-json\/wp\/v2\/pages"}],"about":[{"href":"https:\/\/agora.xtec.cat\/cfatramuntana\/wp-json\/wp\/v2\/types\/page"}],"author":[{"embeddable":true,"href":"https:\/\/agora.xtec.cat\/cfatramuntana\/wp-json\/wp\/v2\/users\/1"}],"replies":[{"embeddable":true,"href":"https:\/\/agora.xtec.cat\/cfatramuntana\/wp-json\/wp\/v2\/comments?post=320"}],"version-history":[{"count":4,"href":"https:\/\/agora.xtec.cat\/cfatramuntana\/wp-json\/wp\/v2\/pages\/320\/revisions"}],"predecessor-version":[{"id":1447,"href":"https:\/\/agora.xtec.cat\/cfatramuntana\/wp-json\/wp\/v2\/pages\/320\/revisions\/1447"}],"up":[{"embeddable":true,"href":"https:\/\/agora.xtec.cat\/cfatramuntana\/wp-json\/wp\/v2\/pages\/288"}],"wp:attachment":[{"href":"https:\/\/agora.xtec.cat\/cfatramuntana\/wp-json\/wp\/v2\/media?parent=320"}],"curies":[{"name":"wp","href":"https:\/\/api.w.org\/{rel}","templated":true}]}}