{"id":318,"date":"2015-01-28T11:34:47","date_gmt":"2015-01-28T10:34:47","guid":{"rendered":"http:\/\/agora.xtec.cat\/cfatramuntana\/?page_id=318"},"modified":"2022-09-05T19:24:50","modified_gmt":"2022-09-05T17:24:50","slug":"a-cicles-formatius-de-grau-mitja","status":"publish","type":"page","link":"https:\/\/agora.xtec.cat\/cfatramuntana\/ensenyaments\/ensenyaments-per-a-la-preparacio-de-proves-dacces\/a-cicles-formatius-de-grau-mitja\/","title":{"rendered":"A cicles formatius de grau mitj\u00e0"},"content":{"rendered":"<p style=\"text-align: justify;\">Aquests estudis serveixen per preparar les proves d&#8217;acc\u00e9s als cicles de grau mitj\u00e0 de formaci\u00f3 professional, d&#8217;arts pl\u00e0stiques i disseny, i d&#8217;ensenyaments esportius. La superaci\u00f3 d&#8217;aquestes proves, que es fan al maig en el nostre centre, <strong>no permet l&#8217;obtenci\u00f3 del t\u00edtol de GES<\/strong>, sin\u00f3 que <strong>nom\u00e9s permet accedir a un cicle formatiu de grau mitj\u00e0 (CFGM)<\/strong>.<\/p>\n<p style=\"text-align: justify;\">Alguns\u00a0CFGM nom\u00e9s es poden cursar presencialment per\u00f2 n\u2019hi ha alguns que es poden cursar en l\u00ednia. La nostra escola no ofereix cap CFGM de forma presencial; per tant, nom\u00e9s es podran cursar aquells cicles que s\u2019ofereixen en l\u00ednia.<\/p>\n<p style=\"text-align: justify;\">\n<p><span style=\"color: #339966;\"><strong>Com \u00e9s el curs de preparaci\u00f3 d&#8217;acc\u00e9s als CFGM?<\/strong><\/span><\/p>\n<p style=\"text-align: justify;\">Les classes es dedicaran a treballar aquells continguts i procediments necessaris per superar les proves. A m\u00e9s, els alumnes tindran l&#8217;oportunitat de practicar amb models de proves dels anys anteriors.<\/p>\n<ul>\n<li><strong>\u00c0mbit de la comunicaci\u00f3<\/strong> (llengua catalana, llengua castellana i llengua estrangera)<\/li>\n<li><strong>\u00c0mbit cientificotecnol\u00f2gic<\/strong> (matem\u00e0tiques, ci\u00e8ncies naturals i tecnologia)<\/li>\n<li><strong>\u00c0mbit social<\/strong> (hist\u00f2ria, geografia)<\/li>\n<\/ul>\n<p style=\"text-align: justify;\">Els alumnes, si aix\u00ed ho desitgen, podran complementar aquestes classes amb hores d&#8217;autoformaci\u00f3 que el nostre centre ofereix en diferents franges hor\u00e0ries.<\/p>\n<p>&nbsp;<\/p>\n<p style=\"text-align: justify;\"><span style=\"color: #339966;\"><strong>Com s\u00f3n aquestes proves?<\/strong><\/span><\/p>\n<p>Les proves consten de tres parts:<\/p>\n<table style=\"height: 321px;\" width=\"677\">\n<tbody>\n<tr>\n<td style=\"width: 228.567px;\"><strong>Part comunicativa i social<\/strong><\/td>\n<td style=\"width: 440.433px;\">Compet\u00e8ncia en llengua catalana <strong>(15%)<\/strong><\/p>\n<p>Compet\u00e8ncia en llengua castellana <strong>(15%)<\/strong><\/p>\n<p>Compet\u00e8ncia en llengua estrangera (angl\u00e8s o franc\u00e8s) <strong>(10%)<\/strong><\/p>\n<p>Compet\u00e8ncia social i ciutadana <strong>(10%)<\/strong><\/td>\n<\/tr>\n<tr>\n<td style=\"width: 228.567px;\"><strong>Part cientificotecnol\u00f2gica <\/strong><\/td>\n<td style=\"width: 440.433px;\">Compet\u00e8ncia d\u2019interacci\u00f3 amb el m\u00f3n f\u00edsic\u00a0<strong>(12,5%)<\/strong><\/p>\n<p>Compet\u00e8ncia en tecnologies <strong>(12,5%)<\/strong><\/td>\n<\/tr>\n<tr>\n<td style=\"width: 228.567px;\"><strong>Part matem\u00e0tica<\/strong><\/td>\n<td style=\"width: 440.433px;\">Compet\u00e8ncia matem\u00e0tica <strong>(25%)<\/strong><\/td>\n<\/tr>\n<\/tbody>\n<\/table>\n<p>Es disposa de 2 hores per fer cada part de la prova; per tant, les proves duren 6 hores en total. La puntuaci\u00f3 global de la prova \u00e9s sobre 10 punts i per superar-la cal obtenir una puntuaci\u00f3 m\u00ednima de <strong>4 punts.<\/strong><\/p>\n","protected":false},"excerpt":{"rendered":"<p>Aquests estudis serveixen per preparar les proves d&#8217;acc\u00e9s als cicles de grau mitj\u00e0 de formaci\u00f3 professional, d&#8217;arts pl\u00e0stiques i disseny, i d&#8217;ensenyaments esportius. La superaci\u00f3 d&#8217;aquestes proves, que es fan al maig en el nostre centre, no permet l&#8217;obtenci\u00f3 del t\u00edtol de GES, sin\u00f3 que&hellip;  <a href=\"https:\/\/agora.xtec.cat\/cfatramuntana\/ensenyaments\/ensenyaments-per-a-la-preparacio-de-proves-dacces\/a-cicles-formatius-de-grau-mitja\/\" title=\"Read A cicles formatius de grau mitj\u00e0\">Llegeix m\u00e9s\u00bb<\/a><\/p>\n","protected":false},"author":1,"featured_media":0,"parent":288,"menu_order":0,"comment_status":"closed","ping_status":"closed","template":"page-templates\/side-menu.php","meta":{"_bbp_topic_count":0,"_bbp_reply_count":0,"_bbp_total_topic_count":0,"_bbp_total_reply_count":0,"_bbp_voice_count":0,"_bbp_anonymous_reply_count":0,"_bbp_topic_count_hidden":0,"_bbp_reply_count_hidden":0,"_bbp_forum_subforum_count":0,"footnotes":""},"class_list":["post-318","page","type-page","status-publish","hentry"],"post_mailing_queue_ids":[],"_links":{"self":[{"href":"https:\/\/agora.xtec.cat\/cfatramuntana\/wp-json\/wp\/v2\/pages\/318","targetHints":{"allow":["GET"]}}],"collection":[{"href":"https:\/\/agora.xtec.cat\/cfatramuntana\/wp-json\/wp\/v2\/pages"}],"about":[{"href":"https:\/\/agora.xtec.cat\/cfatramuntana\/wp-json\/wp\/v2\/types\/page"}],"author":[{"embeddable":true,"href":"https:\/\/agora.xtec.cat\/cfatramuntana\/wp-json\/wp\/v2\/users\/1"}],"replies":[{"embeddable":true,"href":"https:\/\/agora.xtec.cat\/cfatramuntana\/wp-json\/wp\/v2\/comments?post=318"}],"version-history":[{"count":4,"href":"https:\/\/agora.xtec.cat\/cfatramuntana\/wp-json\/wp\/v2\/pages\/318\/revisions"}],"predecessor-version":[{"id":1446,"href":"https:\/\/agora.xtec.cat\/cfatramuntana\/wp-json\/wp\/v2\/pages\/318\/revisions\/1446"}],"up":[{"embeddable":true,"href":"https:\/\/agora.xtec.cat\/cfatramuntana\/wp-json\/wp\/v2\/pages\/288"}],"wp:attachment":[{"href":"https:\/\/agora.xtec.cat\/cfatramuntana\/wp-json\/wp\/v2\/media?parent=318"}],"curies":[{"name":"wp","href":"https:\/\/api.w.org\/{rel}","templated":true}]}}