{"id":316,"date":"2015-01-28T11:33:51","date_gmt":"2015-01-28T10:33:51","guid":{"rendered":"http:\/\/agora.xtec.cat\/cfatramuntana\/?page_id=316"},"modified":"2023-10-29T16:45:36","modified_gmt":"2023-10-29T15:45:36","slug":"competencia-digital-competic","status":"publish","type":"page","link":"https:\/\/agora.xtec.cat\/cfatramuntana\/ensenyaments\/ensenyaments-transprofessionals\/competencia-digital-competic\/","title":{"rendered":"Compet\u00e8ncia digital COMPETIC"},"content":{"rendered":"<p style=\"text-align: justify;\" align=\"center\">El CFA Tramunta ofereix cursos d\u2019Inform\u00e0tica <strong>COMPETIC (inicial, 1, 2 i 3)<\/strong> que s\u00f3n equiparables als certificats <strong>ACTIC\u00a0<\/strong>(Acreditaci\u00f3 de compet\u00e8ncies en tecnologies de la informaci\u00f3 i la comunicaci\u00f3).<\/p>\n<p style=\"text-align: justify;\" align=\"center\">Els ensenyaments d\u2019inform\u00e0tica a l\u2019educaci\u00f3 d\u2019adults \u2014<a href=\"https:\/\/projectes.xtec.cat\/xarxadults\/ensenyaments\/nivells\/\" target=\"_blank\" rel=\"noopener\"><strong>COMPETIC<\/strong><\/a>\u2014\u00a0tenen com objectiu facilitar l\u2019adquisici\u00f3 de la\u00a0<strong>compet\u00e8ncia digital<\/strong>, entesa com la combinaci\u00f3 de coneixements, habilitats i actituds en l\u2019\u00e0mbit de les tecnologies de la informaci\u00f3 i la comunicaci\u00f3 (TIC) per desenvolupar-se en la societat actual.<\/p>\n<p><span style=\"color: #339966;\"><strong>Qu\u00e8 es treballa en cada nivell?<\/strong><\/span><\/p>\n<p>El <a href=\"https:\/\/projectes.xtec.cat\/xarxadults\/ensenyaments\/nivells\/propostes-pedagogiques-i-orientacions\/competic-inicial\/\" target=\"_blank\" rel=\"noopener\"><strong>COMPETIC inicial<\/strong><\/a> s&#8217;adre\u00e7a als alumnes que volen assolir un domini b\u00e0sic de les tecnologies de la informaci\u00f3 i la comunicaci\u00f3 (TIC). En aquest nivell es treballen les compet\u00e8ncies seg\u00fcents:<\/p>\n<ul>\n<li>C2: Tecnologia digital, \u00fas de l&#8217;ordinador i del sistema operatiu.<\/li>\n<li>C3: Navegaci\u00f3 i comunicaci\u00f3 en el m\u00f3n digital.<\/li>\n<li>C6: Tractament de la informaci\u00f3 escrita.<\/li>\n<\/ul>\n<p>A <a href=\"https:\/\/projectes.xtec.cat\/xarxadults\/ensenyaments\/nivells\/propostes-pedagogiques-i-orientacions\/competic-1\/\" target=\"_blank\" rel=\"noopener\"><strong>COMPETIC 1<\/strong><\/a>, que equival al certificat ACTIC B\u00e0sic, es treballen les compet\u00e8ncies seg\u00fcents:<\/p>\n<ul style=\"list-style-type: disc;\">\n<li>C1: Cultura, participaci\u00f3 i civisme digital.<\/li>\n<li>C5: Tractament de la informaci\u00f3 gr\u00e0fica, sonora i de la imatge en moviment.<\/li>\n<li>C6: Tractament de la informaci\u00f3 num\u00e8rica.<\/li>\n<\/ul>\n<p>A<a href=\"https:\/\/projectes.xtec.cat\/xarxadults\/ensenyaments\/nivells\/propostes-pedagogiques-i-orientacions\/competic-2\/\" target=\"_blank\" rel=\"noopener\"> <strong>COMPETIC 2<\/strong><\/a>, que equival al certificat ACTIC Mitj\u00e0, es treballen les vuit compet\u00e8ncies seg\u00fcents:<\/p>\n<ul>\n<li>C1: Cultura, participaci\u00f3 i civisme digital.<\/li>\n<li>C2: Tecnologia digital, \u00fas de l&#8217;ordinador i del sistema operatiu.<\/li>\n<li>C3: Navegaci\u00f3 i comunicaci\u00f3 en el m\u00f3n digital.<\/li>\n<li>C4: Tractament de la informaci\u00f3 escrita.<\/li>\n<li>C5: Tractament de la informaci\u00f3 gr\u00e0fica, sonora i de la imatge en moviment.<\/li>\n<li>C6: Tractament de la informaci\u00f3 num\u00e8rica.<\/li>\n<li>C7: Tractament de les dades.<\/li>\n<li>C8: Presentaci\u00f3 de continguts.<\/li>\n<\/ul>\n<p>A <a href=\"https:\/\/projectes.xtec.cat\/xarxadults\/ensenyaments\/nivells\/propostes-pedagogiques-i-orientacions\/competic-3\/\" target=\"_blank\" rel=\"noopener\"><strong>COMPETIC 3<\/strong><\/a>, que equival al certificat ACTIC Avan\u00e7at, es treballen les cinc compet\u00e8ncies seg\u00fcents:<\/p>\n<ul>\n<li>C4: Tractament de la informaci\u00f3 escrita.<\/li>\n<li>C5: Tractament de la informaci\u00f3 gr\u00e0fica, sonora i de la imatge en moviment.<\/li>\n<li>C6: Tractament de la informaci\u00f3 num\u00e8rica.<\/li>\n<li>C7: Tractament de les dades.<\/li>\n<li>C8: Presentaci\u00f3 de continguts.<\/li>\n<\/ul>\n<p>Per tal d\u2019obtenir el certificat de COMPETIC cal assolir com a m\u00ednim dues de les cinc compet\u00e8ncies establertes.<\/p>\n<p><span style=\"color: #339966;\"><strong>Com es treballa?<\/strong><\/span><\/p>\n<p>A les classes de tots els nivells, els alumnes han de presentar diverses pr\u00e0ctiques que serveixen per aprendre i assolir les diferents compet\u00e8ncies. Els alumnes treballen de forma aut\u00f2noma per\u00f2 sempre guiats pel professor\/a.<\/p>\n","protected":false},"excerpt":{"rendered":"<p>El CFA Tramunta ofereix cursos d\u2019Inform\u00e0tica COMPETIC (inicial, 1, 2 i 3) que s\u00f3n equiparables als certificats ACTIC\u00a0(Acreditaci\u00f3 de compet\u00e8ncies en tecnologies de la informaci\u00f3 i la comunicaci\u00f3).<br \/>\nEls ensenyaments d\u2019inform\u00e0tica a l\u2019educaci\u00f3 d\u2019adults \u2014<a href=\"https:\/\/projectes.xtec.cat\/xarxadults\/ensenyaments\/nivells\/\" target=\"_blank\" rel=\"noopener\">COMPETIC<\/a>\u2014\u00a0tenen com objectiu facilitar l\u2019adquisici\u00f3 de la\u00a0compet\u00e8ncia digital, entesa&hellip;  <a href=\"https:\/\/agora.xtec.cat\/cfatramuntana\/ensenyaments\/ensenyaments-transprofessionals\/competencia-digital-competic\/\" title=\"Read Compet\u00e8ncia digital COMPETIC\">Llegeix m\u00e9s\u00bb<\/a><\/p>\n","protected":false},"author":1,"featured_media":0,"parent":286,"menu_order":0,"comment_status":"closed","ping_status":"closed","template":"page-templates\/side-menu.php","meta":{"_bbp_topic_count":0,"_bbp_reply_count":0,"_bbp_total_topic_count":0,"_bbp_total_reply_count":0,"_bbp_voice_count":0,"_bbp_anonymous_reply_count":0,"_bbp_topic_count_hidden":0,"_bbp_reply_count_hidden":0,"_bbp_forum_subforum_count":0,"footnotes":""},"class_list":["post-316","page","type-page","status-publish","hentry"],"post_mailing_queue_ids":[],"_links":{"self":[{"href":"https:\/\/agora.xtec.cat\/cfatramuntana\/wp-json\/wp\/v2\/pages\/316","targetHints":{"allow":["GET"]}}],"collection":[{"href":"https:\/\/agora.xtec.cat\/cfatramuntana\/wp-json\/wp\/v2\/pages"}],"about":[{"href":"https:\/\/agora.xtec.cat\/cfatramuntana\/wp-json\/wp\/v2\/types\/page"}],"author":[{"embeddable":true,"href":"https:\/\/agora.xtec.cat\/cfatramuntana\/wp-json\/wp\/v2\/users\/1"}],"replies":[{"embeddable":true,"href":"https:\/\/agora.xtec.cat\/cfatramuntana\/wp-json\/wp\/v2\/comments?post=316"}],"version-history":[{"count":5,"href":"https:\/\/agora.xtec.cat\/cfatramuntana\/wp-json\/wp\/v2\/pages\/316\/revisions"}],"predecessor-version":[{"id":1594,"href":"https:\/\/agora.xtec.cat\/cfatramuntana\/wp-json\/wp\/v2\/pages\/316\/revisions\/1594"}],"up":[{"embeddable":true,"href":"https:\/\/agora.xtec.cat\/cfatramuntana\/wp-json\/wp\/v2\/pages\/286"}],"wp:attachment":[{"href":"https:\/\/agora.xtec.cat\/cfatramuntana\/wp-json\/wp\/v2\/media?parent=316"}],"curies":[{"name":"wp","href":"https:\/\/api.w.org\/{rel}","templated":true}]}}