{"id":312,"date":"2015-01-28T11:32:38","date_gmt":"2015-01-28T10:32:38","guid":{"rendered":"http:\/\/agora.xtec.cat\/cfatramuntana\/?page_id=312"},"modified":"2025-02-13T05:50:41","modified_gmt":"2025-02-13T04:50:41","slug":"llengua-anglesa","status":"publish","type":"page","link":"https:\/\/agora.xtec.cat\/cfatramuntana\/ensenyaments\/ensenyaments-transprofessionals\/llengua-anglesa\/","title":{"rendered":"Llengua anglesa"},"content":{"rendered":"<p>Aquests estudis tenen com a objectiu que els alumnes assoleixin un grau de compet\u00e8ncia b\u00e0sic per comunicar-se en llengua anglesa.<\/p>\n<p>Actualment, en el nostre centre s&#8217;ofereixen els tres nivells:<\/p>\n<ul>\n<li><strong>Angl\u00e8s nivell 1 <\/strong>(equival al nivell A1 del MECR)<\/li>\n<li><strong>Angl\u00e8s nivell 2 <\/strong>(equival al nivell A2.1 del MECR)<\/li>\n<li><strong>Angl\u00e8s nivell 3 <\/strong>(equival al nivell A2.2 del MECR)<\/li>\n<\/ul>\n<p>S&#8217;ofereixen dos grups del Nivell 1, un grup al mat\u00ed i un grup a la tarda. Pel que fa als Nivells 2 i 3, s&#8217;ofereixen un grup en el torn de la tarda per cada nivell.<\/p>\n<p>Cada nivell dura un curs escolar, <strong>de setembre a juny<\/strong>.<\/p>\n<p><span style=\"color: #339966;\"><strong>Com es treballa?<\/strong><\/span><\/p>\n<p>En tots els nivells, es potencia la <strong>compet\u00e8ncia comunicativa<\/strong> i <strong>intercultural.<\/strong> \u00c9s per aquesta ra\u00f3 que en les classes es treballen les habilitats de comprensi\u00f3 i expressi\u00f3 orals i escrites per tal que els alumnes puguin comunicar-se en la llengua anglesa en diferents situacions ling\u00fc\u00edstiques de la vida quotidiana. Alhora, es fomenta les cultures i els diversos estils de vida dels pa\u00efsos anglosaxons, sempre partint de la pr\u00f2pia cultura. A m\u00e9s, sempre que \u00e9s possible, es\u00a0fan servir diferents recursos <strong>TIC.<\/strong><\/p>\n","protected":false},"excerpt":{"rendered":"<p>Aquests estudis tenen com a objectiu que els alumnes assoleixin un grau de compet\u00e8ncia b\u00e0sic per comunicar-se en llengua anglesa.<br \/>\nActualment, en el nostre centre s&#8217;ofereixen els tres nivells:<\/p>\n<ul>\n<li>Angl\u00e8s nivell 1 (equival al nivell A1 del MECR)<\/li>\n<li>Angl\u00e8s nivell 2 (equival al nivell A2.1 del MECR)<\/li>\n<li>Angl\u00e8s nivell&hellip;  <a href=\"https:\/\/agora.xtec.cat\/cfatramuntana\/ensenyaments\/ensenyaments-transprofessionals\/llengua-anglesa\/\" title=\"Read Llengua anglesa\">Llegeix m\u00e9s\u00bb<\/a><br \/>\n","protected":false},"author":1,"featured_media":0,"parent":286,"menu_order":0,"comment_status":"closed","ping_status":"closed","template":"page-templates\/side-menu.php","meta":{"_bbp_topic_count":0,"_bbp_reply_count":0,"_bbp_total_topic_count":0,"_bbp_total_reply_count":0,"_bbp_voice_count":0,"_bbp_anonymous_reply_count":0,"_bbp_topic_count_hidden":0,"_bbp_reply_count_hidden":0,"_bbp_forum_subforum_count":0,"footnotes":""},"class_list":["post-312","page","type-page","status-publish","hentry"],"post_mailing_queue_ids":[],"_links":{"self":[{"href":"https:\/\/agora.xtec.cat\/cfatramuntana\/wp-json\/wp\/v2\/pages\/312","targetHints":{"allow":["GET"]}}],"collection":[{"href":"https:\/\/agora.xtec.cat\/cfatramuntana\/wp-json\/wp\/v2\/pages"}],"about":[{"href":"https:\/\/agora.xtec.cat\/cfatramuntana\/wp-json\/wp\/v2\/types\/page"}],"author":[{"embeddable":true,"href":"https:\/\/agora.xtec.cat\/cfatramuntana\/wp-json\/wp\/v2\/users\/1"}],"replies":[{"embeddable":true,"href":"https:\/\/agora.xtec.cat\/cfatramuntana\/wp-json\/wp\/v2\/comments?post=312"}],"version-history":[{"count":6,"href":"https:\/\/agora.xtec.cat\/cfatramuntana\/wp-json\/wp\/v2\/pages\/312\/revisions"}],"predecessor-version":[{"id":1764,"href":"https:\/\/agora.xtec.cat\/cfatramuntana\/wp-json\/wp\/v2\/pages\/312\/revisions\/1764"}],"up":[{"embeddable":true,"href":"https:\/\/agora.xtec.cat\/cfatramuntana\/wp-json\/wp\/v2\/pages\/286"}],"wp:attachment":[{"href":"https:\/\/agora.xtec.cat\/cfatramuntana\/wp-json\/wp\/v2\/media?parent=312"}],"curies":[{"name":"wp","href":"https:\/\/api.w.org\/{rel}","templated":true}]}}