{"id":299,"date":"2015-01-28T11:21:22","date_gmt":"2015-01-28T10:21:22","guid":{"rendered":"http:\/\/agora.xtec.cat\/cfatramuntana\/?page_id=299"},"modified":"2021-04-14T11:28:46","modified_gmt":"2021-04-14T09:28:46","slug":"llengua-castellana","status":"publish","type":"page","link":"https:\/\/agora.xtec.cat\/cfatramuntana\/ensenyaments\/ensenyaments-inicials-i-formacio-basica\/llengua-castellana\/","title":{"rendered":"Llengua castellana"},"content":{"rendered":"<p>Aquests estudis tenen com a objectiu que els alumnes assoleixin un grau de compet\u00e8ncia b\u00e0sic per comunicar-se en llengua castellana.\u00a0A m\u00e9s, aquestes classes tamb\u00e9 serveixen per refor\u00e7ar el coneixement del\u00a0castell\u00e0 d\u2019aquells alumnes que tenen algunes mancances i no\u00a0poden seguir correctament els estudis obligatoris.<\/p>\n<p>Actualment, en el nostre centre s&#8217;ofereixen tres nivells:<\/p>\n<ul>\n<li><strong>Castell\u00e0 nivell 1 <\/strong>(equival al nivell A1 del MECR)<\/li>\n<li><strong>Castell\u00e0 nivell 2 <\/strong>(equival al nivell A2 del MECR)<\/li>\n<li><strong>Castell\u00e0 nivell 3<\/strong> (equival al nivell B1 del MECR)<\/li>\n<\/ul>\n<p>Cada nivell dura un curs escolar, <strong>de setembre a juny<\/strong>. Per poder superar el nivell \u00e9s obligatori haver assistit regularment a classe al llarg de tot el curs o com a m\u00ednim durant 2 trimestres. Si aquests requisits no es compleixen, l&#8217;alumne podr\u00e0 passar de curs sempre i quan superi una prova de nivell.<\/p>\n<p>&nbsp;<\/p>\n<p><span style=\"color: #339966;\"><strong>Com es treballa?<\/strong><\/span><\/p>\n<p>En tots els nivells, es potencia la <strong>compet\u00e8ncia comunicativa<\/strong> i <strong>intercultural.<\/strong> \u00c9s per aquesta ra\u00f3 que en les classes es treballen les habilitats de comprensi\u00f3 i expressi\u00f3 orals i escrites per tal que els alumnes puguin comunicar-se en la llengua castellana en diferents situacions ling\u00fc\u00edstiques de la vida quotidiana. Alhora, es fomenta les cultures i els diversos estils de vida dels pa\u00efsos hispanoparlants, sempre partint de la pr\u00f2pia cultura. A m\u00e9s, sempre que \u00e9s\u00a0possible es fan\u00a0servir\u00a0diferents\u00a0recursos\u00a0<strong>TIC.<\/strong><\/p>\n","protected":false},"excerpt":{"rendered":"<p>Aquests estudis tenen com a objectiu que els alumnes assoleixin un grau de compet\u00e8ncia b\u00e0sic per comunicar-se en llengua castellana.\u00a0A m\u00e9s, aquestes classes tamb\u00e9 serveixen per refor\u00e7ar el coneixement del\u00a0castell\u00e0 d\u2019aquells alumnes que tenen algunes mancances i no\u00a0poden seguir correctament els estudis obligatoris.<br \/>\nActualment, en el&hellip;  <a href=\"https:\/\/agora.xtec.cat\/cfatramuntana\/ensenyaments\/ensenyaments-inicials-i-formacio-basica\/llengua-castellana\/\" title=\"Read Llengua castellana\">Llegeix m\u00e9s\u00bb<\/a><\/p>\n","protected":false},"author":1,"featured_media":0,"parent":283,"menu_order":0,"comment_status":"closed","ping_status":"closed","template":"page-templates\/side-menu.php","meta":{"_bbp_topic_count":0,"_bbp_reply_count":0,"_bbp_total_topic_count":0,"_bbp_total_reply_count":0,"_bbp_voice_count":0,"_bbp_anonymous_reply_count":0,"_bbp_topic_count_hidden":0,"_bbp_reply_count_hidden":0,"_bbp_forum_subforum_count":0,"footnotes":""},"class_list":["post-299","page","type-page","status-publish","hentry"],"post_mailing_queue_ids":[],"_links":{"self":[{"href":"https:\/\/agora.xtec.cat\/cfatramuntana\/wp-json\/wp\/v2\/pages\/299","targetHints":{"allow":["GET"]}}],"collection":[{"href":"https:\/\/agora.xtec.cat\/cfatramuntana\/wp-json\/wp\/v2\/pages"}],"about":[{"href":"https:\/\/agora.xtec.cat\/cfatramuntana\/wp-json\/wp\/v2\/types\/page"}],"author":[{"embeddable":true,"href":"https:\/\/agora.xtec.cat\/cfatramuntana\/wp-json\/wp\/v2\/users\/1"}],"replies":[{"embeddable":true,"href":"https:\/\/agora.xtec.cat\/cfatramuntana\/wp-json\/wp\/v2\/comments?post=299"}],"version-history":[{"count":3,"href":"https:\/\/agora.xtec.cat\/cfatramuntana\/wp-json\/wp\/v2\/pages\/299\/revisions"}],"predecessor-version":[{"id":1248,"href":"https:\/\/agora.xtec.cat\/cfatramuntana\/wp-json\/wp\/v2\/pages\/299\/revisions\/1248"}],"up":[{"embeddable":true,"href":"https:\/\/agora.xtec.cat\/cfatramuntana\/wp-json\/wp\/v2\/pages\/283"}],"wp:attachment":[{"href":"https:\/\/agora.xtec.cat\/cfatramuntana\/wp-json\/wp\/v2\/media?parent=299"}],"curies":[{"name":"wp","href":"https:\/\/api.w.org\/{rel}","templated":true}]}}