{"id":288,"date":"2015-01-28T11:08:02","date_gmt":"2015-01-28T10:08:02","guid":{"rendered":"http:\/\/agora.xtec.cat\/cfatramuntana\/?page_id=288"},"modified":"2022-09-05T19:21:45","modified_gmt":"2022-09-05T17:21:45","slug":"ensenyaments-per-a-la-preparacio-de-proves-dacces","status":"publish","type":"page","link":"https:\/\/agora.xtec.cat\/cfatramuntana\/ensenyaments\/ensenyaments-per-a-la-preparacio-de-proves-dacces\/","title":{"rendered":"Preparaci\u00f3 de proves d&#8217;acc\u00e9s"},"content":{"rendered":"<p style=\"text-align: justify;\">La nostra escola tamb\u00e9 ofereix l&#8217;oportunitat de presentar-se a diferents proves per accedir a estudis postobligatoris:<\/p>\n<ul>\n<li><a href=\"http:\/\/agora.xtec.cat\/cfatramuntana\/ensenyaments\/ensenyaments-per-a-la-preparacio-de-proves-dacces\/a-cicles-formatius-de-grau-mitja\/\"><strong>Cicles formatius de grau mitj\u00e0 (CFGM)<\/strong><\/a><\/li>\n<li><a href=\"http:\/\/agora.xtec.cat\/cfatramuntana\/ensenyaments\/ensenyaments-per-a-la-preparacio-de-proves-dacces\/a-cicles-formatius-de-grau-superior\/\"><strong>Cicles formatius de grau superior<\/strong>\u00a0<strong>(CFGS)<\/strong><\/a><\/li>\n<li><a href=\"http:\/\/agora.xtec.cat\/cfatramuntana\/ensenyaments\/ensenyaments-per-a-la-preparacio-de-proves-dacces\/a-la-universitat-per-a-majors-de-25-anys\/\"><strong>Estudis universitaris per a majors de 25 anys<\/strong><\/a><\/li>\n<\/ul>\n<p style=\"text-align: justify;\">Actualment, de forma presencial nom\u00e9s s&#8217;ofereixen classes per a la preparaci\u00f3 de les proves per obtenir el Graduat de l&#8217;ESO i per accedir a cicles formatius de grau mitj\u00e0.\u00a0Els alumnes que vulguin preparar-se\u00a0per a la resta de proves d&#8217;acc\u00e9s tamb\u00e9 ho podran fer per\u00f2 en hores d&#8217;autoformaci\u00f3 a trav\u00e9s de l&#8217;IOC.<\/p>\n","protected":false},"excerpt":{"rendered":"<p>La nostra escola tamb\u00e9 ofereix l&#8217;oportunitat de presentar-se a diferents proves per accedir a estudis postobligatoris:<\/p>\n<ul>\n<li><a href=\"http:\/\/agora.xtec.cat\/cfatramuntana\/ensenyaments\/ensenyaments-per-a-la-preparacio-de-proves-dacces\/a-cicles-formatius-de-grau-mitja\/\">Cicles formatius de grau mitj\u00e0 (CFGM)<\/a><\/li>\n<li><a href=\"http:\/\/agora.xtec.cat\/cfatramuntana\/ensenyaments\/ensenyaments-per-a-la-preparacio-de-proves-dacces\/a-cicles-formatius-de-grau-superior\/\">Cicles formatius de grau superior\u00a0(CFGS)<\/a><\/li>\n<li><a href=\"http:\/\/agora.xtec.cat\/cfatramuntana\/ensenyaments\/ensenyaments-per-a-la-preparacio-de-proves-dacces\/a-la-universitat-per-a-majors-de-25-anys\/\">Estudis universitaris per a majors de 25 anys<\/a><\/li>\n<\/ul>\n<p>Actualment, de forma presencial nom\u00e9s s&#8217;ofereixen classes per a la preparaci\u00f3&hellip;  <a href=\"https:\/\/agora.xtec.cat\/cfatramuntana\/ensenyaments\/ensenyaments-per-a-la-preparacio-de-proves-dacces\/\" title=\"Read Preparaci\u00f3 de proves d&#8217;acc\u00e9s\">Llegeix m\u00e9s\u00bb<\/a><\/p>\n","protected":false},"author":1,"featured_media":0,"parent":274,"menu_order":0,"comment_status":"closed","ping_status":"closed","template":"page-templates\/side-menu.php","meta":{"_bbp_topic_count":0,"_bbp_reply_count":0,"_bbp_total_topic_count":0,"_bbp_total_reply_count":0,"_bbp_voice_count":0,"_bbp_anonymous_reply_count":0,"_bbp_topic_count_hidden":0,"_bbp_reply_count_hidden":0,"_bbp_forum_subforum_count":0,"footnotes":""},"class_list":["post-288","page","type-page","status-publish","hentry"],"post_mailing_queue_ids":[],"_links":{"self":[{"href":"https:\/\/agora.xtec.cat\/cfatramuntana\/wp-json\/wp\/v2\/pages\/288","targetHints":{"allow":["GET"]}}],"collection":[{"href":"https:\/\/agora.xtec.cat\/cfatramuntana\/wp-json\/wp\/v2\/pages"}],"about":[{"href":"https:\/\/agora.xtec.cat\/cfatramuntana\/wp-json\/wp\/v2\/types\/page"}],"author":[{"embeddable":true,"href":"https:\/\/agora.xtec.cat\/cfatramuntana\/wp-json\/wp\/v2\/users\/1"}],"replies":[{"embeddable":true,"href":"https:\/\/agora.xtec.cat\/cfatramuntana\/wp-json\/wp\/v2\/comments?post=288"}],"version-history":[{"count":4,"href":"https:\/\/agora.xtec.cat\/cfatramuntana\/wp-json\/wp\/v2\/pages\/288\/revisions"}],"predecessor-version":[{"id":1444,"href":"https:\/\/agora.xtec.cat\/cfatramuntana\/wp-json\/wp\/v2\/pages\/288\/revisions\/1444"}],"up":[{"embeddable":true,"href":"https:\/\/agora.xtec.cat\/cfatramuntana\/wp-json\/wp\/v2\/pages\/274"}],"wp:attachment":[{"href":"https:\/\/agora.xtec.cat\/cfatramuntana\/wp-json\/wp\/v2\/media?parent=288"}],"curies":[{"name":"wp","href":"https:\/\/api.w.org\/{rel}","templated":true}]}}