{"id":283,"date":"2015-01-28T11:06:17","date_gmt":"2015-01-28T10:06:17","guid":{"rendered":"http:\/\/agora.xtec.cat\/cfatramuntana\/?page_id=283"},"modified":"2022-09-05T19:20:00","modified_gmt":"2022-09-05T17:20:00","slug":"ensenyaments-inicials-i-formacio-basica","status":"publish","type":"page","link":"https:\/\/agora.xtec.cat\/cfatramuntana\/ensenyaments\/ensenyaments-inicials-i-formacio-basica\/","title":{"rendered":"Ensenyaments inicials i formaci\u00f3 b\u00e0sica"},"content":{"rendered":"<p style=\"text-align: justify;\">La nostra escola ofereix tots els ensenyaments inicials i de formaci\u00f3 b\u00e0sica de l&#8217;educaci\u00f3 d&#8217;adults, no nom\u00e9s aquells ensenyaments b\u00e0sics obligatoris sin\u00f3 tamb\u00e9 els ensenyaments de les dues lleng\u00fces cooficials a Catalunya. Aquests estudis s&#8217;ofereixen en diferents franges hor\u00e0ries per atendre de la millor manera les necessitats educatives del nostre alumnat.<\/p>\n<ul>\n<li><a href=\"http:\/\/agora.xtec.cat\/cfatramuntana\/ensenyaments\/ensenyaments-inicials-i-formacio-basica\/llengua-catalana\/\"><strong>Llengua catalana:<\/strong><\/a> nivell 1, nivell 2 i nivell 3<\/li>\n<li><a href=\"http:\/\/agora.xtec.cat\/cfatramuntana\/ensenyaments\/ensenyaments-inicials-i-formacio-basica\/llengua-castellana\/\"><strong>Llengua castellana:<\/strong><\/a>\u00a0nivell 1, nivell 2 i nivell 3<\/li>\n<li><a href=\"http:\/\/agora.xtec.cat\/cfatramuntana\/ensenyaments\/ensenyaments-inicials-i-formacio-basica\/formacio-instrumental\/\"><strong>Formaci\u00f3 instrumental (FI):<\/strong><\/a> FI 1, FI 2, FI 3 i FI4<\/li>\n<li><a href=\"http:\/\/agora.xtec.cat\/cfatramuntana\/ensenyaments\/ensenyaments-inicials-i-formacio-basica\/graduat-en-educacio-secundaria-per-adults\/\"><strong>Graduat en educaci\u00f3 secund\u00e0ria per a persones adultes (GESO):<\/strong><\/a> GES 1 i GES 2<\/li>\n<\/ul>\n<h4><\/h4>\n","protected":false},"excerpt":{"rendered":"<p>La nostra escola ofereix tots els ensenyaments inicials i de formaci\u00f3 b\u00e0sica de l&#8217;educaci\u00f3 d&#8217;adults, no nom\u00e9s aquells ensenyaments b\u00e0sics obligatoris sin\u00f3 tamb\u00e9 els ensenyaments de les dues lleng\u00fces cooficials a Catalunya. Aquests estudis s&#8217;ofereixen en diferents franges hor\u00e0ries per atendre de la millor manera&hellip;  <a href=\"https:\/\/agora.xtec.cat\/cfatramuntana\/ensenyaments\/ensenyaments-inicials-i-formacio-basica\/\" title=\"Read Ensenyaments inicials i formaci\u00f3 b\u00e0sica\">Llegeix m\u00e9s\u00bb<\/a><\/p>\n","protected":false},"author":1,"featured_media":0,"parent":274,"menu_order":0,"comment_status":"closed","ping_status":"closed","template":"page-templates\/side-menu.php","meta":{"_bbp_topic_count":0,"_bbp_reply_count":0,"_bbp_total_topic_count":0,"_bbp_total_reply_count":0,"_bbp_voice_count":0,"_bbp_anonymous_reply_count":0,"_bbp_topic_count_hidden":0,"_bbp_reply_count_hidden":0,"_bbp_forum_subforum_count":0,"footnotes":""},"class_list":["post-283","page","type-page","status-publish","hentry"],"post_mailing_queue_ids":[],"_links":{"self":[{"href":"https:\/\/agora.xtec.cat\/cfatramuntana\/wp-json\/wp\/v2\/pages\/283","targetHints":{"allow":["GET"]}}],"collection":[{"href":"https:\/\/agora.xtec.cat\/cfatramuntana\/wp-json\/wp\/v2\/pages"}],"about":[{"href":"https:\/\/agora.xtec.cat\/cfatramuntana\/wp-json\/wp\/v2\/types\/page"}],"author":[{"embeddable":true,"href":"https:\/\/agora.xtec.cat\/cfatramuntana\/wp-json\/wp\/v2\/users\/1"}],"replies":[{"embeddable":true,"href":"https:\/\/agora.xtec.cat\/cfatramuntana\/wp-json\/wp\/v2\/comments?post=283"}],"version-history":[{"count":4,"href":"https:\/\/agora.xtec.cat\/cfatramuntana\/wp-json\/wp\/v2\/pages\/283\/revisions"}],"predecessor-version":[{"id":1442,"href":"https:\/\/agora.xtec.cat\/cfatramuntana\/wp-json\/wp\/v2\/pages\/283\/revisions\/1442"}],"up":[{"embeddable":true,"href":"https:\/\/agora.xtec.cat\/cfatramuntana\/wp-json\/wp\/v2\/pages\/274"}],"wp:attachment":[{"href":"https:\/\/agora.xtec.cat\/cfatramuntana\/wp-json\/wp\/v2\/media?parent=283"}],"curies":[{"name":"wp","href":"https:\/\/api.w.org\/{rel}","templated":true}]}}