{"id":265,"date":"2015-01-27T17:28:56","date_gmt":"2015-01-27T16:28:56","guid":{"rendered":"http:\/\/agora.xtec.cat\/cfatramuntana\/?page_id=265"},"modified":"2025-09-22T10:08:12","modified_gmt":"2025-09-22T08:08:12","slug":"organitzacio-interna","status":"publish","type":"page","link":"https:\/\/agora.xtec.cat\/cfatramuntana\/el-centre\/organitzacio-interna\/","title":{"rendered":"Organitzaci\u00f3 interna"},"content":{"rendered":"<table style=\"height: 281px; width: 49.1044%;\">\n<tbody>\n<tr style=\"height: 100px;\">\n<td style=\"width: 6.14637%; height: 30px;\"><strong>Equip directiu<\/strong><\/td>\n<td style=\"width: 195.724%; height: 30px;\" colspan=\"2\">\n<ul>\n<li><strong>Directora<\/strong>: Teresa<\/li>\n<li><strong>Cap d\u2019estudis<\/strong>: David<\/li>\n<li><strong>Secret\u00e0ria<\/strong>: N\u00faria<\/li>\n<\/ul>\n<\/td>\n<\/tr>\n<tr style=\"height: 100px;\">\n<td style=\"width: 6.14637%; height: 100px; text-align: left;\"><strong>Mestres<\/strong><\/td>\n<td style=\"width: 195.724%; height: 100px;\" colspan=\"2\">\n<ul>\n<li style=\"text-align: left;\">Pilar<\/li>\n<li style=\"text-align: left;\">Jordi<\/li>\n<li style=\"text-align: left;\">Alba<\/li>\n<li style=\"text-align: left;\">V\u00edctor<\/li>\n<li style=\"text-align: left;\">Nat\u00e0lia<\/li>\n<li>Bassi<\/li>\n<li style=\"text-align: left;\">N\u00faria<\/li>\n<li style=\"text-align: left;\">Anna<\/li>\n<li>Joan<\/li>\n<\/ul>\n<\/td>\n<\/tr>\n<tr style=\"height: 50px;\">\n<td style=\"width: 6.14637%; height: 110px;\" rowspan=\"3\"><strong>Professors i professores<\/strong><\/td>\n<td style=\"width: 80.4621%; height: 10px;\">\u00c0mbit de la comunicaci\u00f3<\/td>\n<td style=\"width: 115.262%; height: 10px;\">\n<ul>\n<li>David<\/li>\n<li>Marta<\/li>\n<li>Ada<\/li>\n<li>Maria<\/li>\n<\/ul>\n<\/td>\n<\/tr>\n<tr style=\"height: 50px;\">\n<td style=\"width: 80.4621%; height: 50px;\">\u00c0mbit cientificotecnol\u00f2gic<\/td>\n<td style=\"width: 115.262%; height: 50px;\">\n<ul>\n<li>Cristina<\/li>\n<li>Soraya<\/li>\n<li>Nando<\/li>\n<\/ul>\n<\/td>\n<\/tr>\n<tr style=\"height: 50px;\">\n<td style=\"width: 80.4621%; height: 50px;\">\u00c0mbit social<\/td>\n<td style=\"width: 115.262%; height: 50px;\">\n<ul>\n<li>Jordi<\/li>\n<li>Frederic<\/li>\n<\/ul>\n<\/td>\n<\/tr>\n<tr style=\"height: 41px;\">\n<td style=\"width: 6.14637%; height: 41px;\"><strong>Orientador\/a<\/strong><\/td>\n<td style=\"width: 80.4621%; height: 41px;\"><\/td>\n<td style=\"width: 115.262%; height: 41px;\">\n<ul>\n<li>Ramon<\/li>\n<\/ul>\n<\/td>\n<\/tr>\n<\/tbody>\n<\/table>\n<p><span style=\"color: #339966;\"><strong>Coordinacions:\u00a0<\/strong><\/span><\/p>\n<table style=\"width: 45.8894%;\">\n<tbody>\n<tr>\n<td style=\"width: 100%;\">\n<ul>\n<li><strong>Formaci\u00f3 b\u00e0sica<\/strong>: Alba<\/li>\n<li><strong>Ensenyaments inicials i b\u00e0sics: <\/strong>Marta<\/li>\n<li><strong>Estudis a dist\u00e0ncia<\/strong>: Jordi<\/li>\n<li><strong>Transprofessionals: <\/strong>Cristina<\/li>\n<li><strong>LIC<\/strong>: Anna<\/li>\n<li><strong>TAC<\/strong>: Soraya<\/li>\n<li><strong>Riscos laborals:<\/strong> Nando<\/li>\n<li><strong>COCOBE: <\/strong>Marta<\/li>\n<\/ul>\n<\/td>\n<\/tr>\n<\/tbody>\n<\/table>\n<p><strong><span style=\"color: #339966;\">Comissions i projectes:<\/span> <\/strong><\/p>\n<table style=\"width: 34.7903%; height: 245px;\">\n<tbody>\n<tr style=\"height: 245px;\">\n<td style=\"height: 245px; width: 100%;\">\n<ul style=\"list-style-type: circle;\">\n<li style=\"text-align: left;\">ODS<\/li>\n<li style=\"text-align: left;\">Participaci\u00f3<\/li>\n<li style=\"text-align: left;\">Activitats extraescolars<\/li>\n<li>Projecci\u00f3 a l&#8217;exterior<\/li>\n<li style=\"text-align: left;\">G\u00e8nere<\/li>\n<li>Projecte ling\u00fc\u00edstic<\/li>\n<li>Projecte de joves<\/li>\n<li>Projecte Dones<\/li>\n<li>Projecte Jo<\/li>\n<\/ul>\n<\/td>\n<\/tr>\n<\/tbody>\n<\/table>\n<p><span style=\"color: #339966;\"><strong>Referents de m\u00f2duls<\/strong><\/span><br \/>\nAlguns mestres i professors\/professores s\u00f3n referents de m\u00f2dul. A m\u00e9s de la tasca docent, tamb\u00e9 s&#8217;encarreguen de donar a con\u00e8ixer les activitats culturals i l&#8217;oferta formativa del nostre centre educatiu als interns i internes dels diferents m\u00f2duls residencials del centre penitenciari Puig de les Basses, aix\u00ed com de gestionar totes les activitats escolars de l&#8217;alumnat.<\/p>\n<p><span style=\"color: #339966;\"><strong>Consell escolar<\/strong><\/span><br \/>\nEst\u00e0 format per un representant de l\u2019equip directiu, dos de l&#8217;equip docent, un dels alumnes i un de l\u2019Ajuntament de Figueres.<\/p>\n","protected":false},"excerpt":{"rendered":"<p>Equip directiu<\/p>\n<ul>\n<li>Directora: Teresa<\/li>\n<li>Cap d\u2019estudis: David<\/li>\n<li>Secret\u00e0ria: N\u00faria<\/li>\n<\/ul>\n<p>Mestres<\/p>\n<ul>\n<li style=\"text-align: left;\">Pilar<\/li>\n<li style=\"text-align: left;\">Jordi<\/li>\n<li style=\"text-align: left;\">Alba<\/li>\n<li style=\"text-align: left;\">V\u00edctor<\/li>\n<li style=\"text-align: left;\">Nat\u00e0lia<\/li>\n<li>Bassi<\/li>\n<li style=\"text-align: left;\">N\u00faria<\/li>\n<li style=\"text-align: left;\">Anna<\/li>\n<li>Joan<\/li>\n<\/ul>\n<p>Professors i professores<br \/>\n\u00c0mbit de la comunicaci\u00f3<\/p>\n<ul>\n<li>David<\/li>\n<li>Marta<\/li>\n<li>Ada<\/li>\n<li>Maria<\/li>\n<\/ul>\n<p>\u00c0mbit cientificotecnol\u00f2gic<\/p>\n<ul>\n<li>Cristina<\/li>\n<li>Soraya<\/li>\n<li>Nando<\/li>\n<\/ul>\n<p>\u00c0mbit social<\/p>\n<ul>\n<li>Jordi<\/li>\n<li>Frederic<\/li>\n<\/ul>\n<p>Orientador\/a<\/p>\n<ul>\n<li>Ramon<\/li>\n<\/ul>\n<p>Coordinacions:\u00a0<\/p>\n<ul>\n<li>Formaci\u00f3 b\u00e0sica: Alba<\/li>\n<li>Ensenyaments inicials i b\u00e0sics: Marta<\/li>\n<li>Estudis a dist\u00e0ncia: Jordi<\/li>\n<li>Transprofessionals: Cristina<\/li>\n<li>LIC: Anna<\/li>\n<li>TAC: Soraya<\/li>\n<li>Riscos laborals: Nando<\/li>\n<li>COCOBE: Marta<\/li>\n<\/ul>\n<p>Comissions i projectes: <\/p>\n<ul&hellip;  <a href=\"https:\/\/agora.xtec.cat\/cfatramuntana\/el-centre\/organitzacio-interna\/\" title=\"Read Organitzaci\u00f3 interna\">Llegeix m\u00e9s\u00bb<\/a><\/p>\n","protected":false},"author":1,"featured_media":0,"parent":261,"menu_order":40,"comment_status":"closed","ping_status":"closed","template":"page-templates\/side-menu.php","meta":{"_bbp_topic_count":0,"_bbp_reply_count":0,"_bbp_total_topic_count":0,"_bbp_total_reply_count":0,"_bbp_voice_count":0,"_bbp_anonymous_reply_count":0,"_bbp_topic_count_hidden":0,"_bbp_reply_count_hidden":0,"_bbp_forum_subforum_count":0,"footnotes":""},"class_list":["post-265","page","type-page","status-publish","hentry"],"post_mailing_queue_ids":[],"_links":{"self":[{"href":"https:\/\/agora.xtec.cat\/cfatramuntana\/wp-json\/wp\/v2\/pages\/265","targetHints":{"allow":["GET"]}}],"collection":[{"href":"https:\/\/agora.xtec.cat\/cfatramuntana\/wp-json\/wp\/v2\/pages"}],"about":[{"href":"https:\/\/agora.xtec.cat\/cfatramuntana\/wp-json\/wp\/v2\/types\/page"}],"author":[{"embeddable":true,"href":"https:\/\/agora.xtec.cat\/cfatramuntana\/wp-json\/wp\/v2\/users\/1"}],"replies":[{"embeddable":true,"href":"https:\/\/agora.xtec.cat\/cfatramuntana\/wp-json\/wp\/v2\/comments?post=265"}],"version-history":[{"count":7,"href":"https:\/\/agora.xtec.cat\/cfatramuntana\/wp-json\/wp\/v2\/pages\/265\/revisions"}],"predecessor-version":[{"id":1816,"href":"https:\/\/agora.xtec.cat\/cfatramuntana\/wp-json\/wp\/v2\/pages\/265\/revisions\/1816"}],"up":[{"embeddable":true,"href":"https:\/\/agora.xtec.cat\/cfatramuntana\/wp-json\/wp\/v2\/pages\/261"}],"wp:attachment":[{"href":"https:\/\/agora.xtec.cat\/cfatramuntana\/wp-json\/wp\/v2\/media?parent=265"}],"curies":[{"name":"wp","href":"https:\/\/api.w.org\/{rel}","templated":true}]}}