{"id":261,"date":"2015-01-27T17:25:01","date_gmt":"2015-01-27T16:25:01","guid":{"rendered":"http:\/\/agora.xtec.cat\/cfatramuntana\/?page_id=261"},"modified":"2023-10-27T10:00:54","modified_gmt":"2023-10-27T08:00:54","slug":"el-centre","status":"publish","type":"page","link":"https:\/\/agora.xtec.cat\/cfatramuntana\/el-centre\/","title":{"rendered":"El Centre"},"content":{"rendered":"<p>En nostre Centre de Formaci\u00f3 d&#8217;Adults (CFA Tramuntana) est\u00e0 ubicat a les instal\u00b7lacions del Centre Penitenciari de Puig de les Basses (CPPB), en una <span style=\"font-family: inherit; font-size: 1em;\">infraestructura que es troba situada al Nord de la poblaci\u00f3 de Figueres, confrontant amb el terme municipal de Llers i al costat de l\u2019autopista AP-7 i a la mateixa altura que el castell de Sant Ferran.<\/span><\/p>\n<p>El CPPB, com a centre penitenciari fronterer, presenta unes caracter\u00edstiques espec\u00edfiques que defineixen la seva poblaci\u00f3: un alt percentatge d\u2019interns s\u00f3n estrangers o de la resta de l\u2019Estat sense resid\u00e8ncia a Catalunya on nom\u00e9s s\u00f3n per la comissi\u00f3 del delicte.<\/p>\n<p>La capacitat de poblaci\u00f3 penitenci\u00e0ria del CPPB \u00e9s de fins a 1018 interns. En aquest centre conviuen, en espais residencials diferenciats, poblaci\u00f3 interna composta per homes, dones i joves. Aquesta caracter\u00edstica el fa un centre singular, ja que \u00e9s dels pocs centres penitenciaris amb una poblaci\u00f3 mixta a Catalunya.<\/p>\n<p>El CFA Tramuntana es gestiona tenint en compte l\u2019acord de col\u00b7laboraci\u00f3 entre el Departament d\u2019Educaci\u00f3 i el Departament de Just\u00edcia, relatiu als centres de formaci\u00f3 de persones adultes en seu penitenci\u00e0ria, signat a l\u2019octubre de 2006, prorrogat l\u2019any 2010 i, actualment, en proc\u00e9s de revisi\u00f3. L\u2019oferta formativa correspon a les normatives i disposicions sobre el curr\u00edculum de formaci\u00f3 d\u2019adults del Departament d\u2019Educaci\u00f3 i la seva finalitat \u00e9s donar resposta a les demandes i necessitats formatives de les persones internes al Centre Penitenciari de Puig de les Basses.<\/p>\n<p>L\u2019organitzaci\u00f3 del centre escolar est\u00e0 condicionada a l\u2019estructura de funcionament del Centre Penitenciari, ja que els horari escolars, els programes i projectes escolars estan coordinats amb la resta d\u2019activitats del Centre Penitenciari, ja siguin de caire laboral o des de la perspectiva del tractament penitenciari i, alhora, aquests programes i projectes estan tamb\u00e9 subjectes a l\u2019organitzaci\u00f3 regimental i de seguretat de la pres\u00f3.<\/p>\n<p>Pel que fa a l\u2019equip docent es compon de mestres de prim\u00e0ria i professors i professores de secund\u00e0ria que brinden una extensa oferta formativa.<\/p>\n<ul>\n<li>\n<h5><a href=\"http:\/\/agora.xtec.cat\/cfatramuntana\/el-centre\/on-som\/\" target=\"_blank\" rel=\"noopener noreferrer\"><strong>On som<\/strong><\/a><\/h5>\n<\/li>\n<\/ul>\n","protected":false},"excerpt":{"rendered":"<p>En nostre Centre de Formaci\u00f3 d&#8217;Adults (CFA Tramuntana) est\u00e0 ubicat a les instal\u00b7lacions del Centre Penitenciari de Puig de les Basses (CPPB), en una infraestructura que es troba situada al Nord de la poblaci\u00f3 de Figueres, confrontant amb el terme municipal de Llers i al&hellip;  <a href=\"https:\/\/agora.xtec.cat\/cfatramuntana\/el-centre\/\" title=\"Read El Centre\">Llegeix m\u00e9s\u00bb<\/a><\/p>\n","protected":false},"author":1,"featured_media":0,"parent":0,"menu_order":0,"comment_status":"closed","ping_status":"closed","template":"","meta":{"_bbp_topic_count":0,"_bbp_reply_count":0,"_bbp_total_topic_count":0,"_bbp_total_reply_count":0,"_bbp_voice_count":0,"_bbp_anonymous_reply_count":0,"_bbp_topic_count_hidden":0,"_bbp_reply_count_hidden":0,"_bbp_forum_subforum_count":0,"footnotes":""},"class_list":["post-261","page","type-page","status-publish","hentry"],"post_mailing_queue_ids":[],"_links":{"self":[{"href":"https:\/\/agora.xtec.cat\/cfatramuntana\/wp-json\/wp\/v2\/pages\/261","targetHints":{"allow":["GET"]}}],"collection":[{"href":"https:\/\/agora.xtec.cat\/cfatramuntana\/wp-json\/wp\/v2\/pages"}],"about":[{"href":"https:\/\/agora.xtec.cat\/cfatramuntana\/wp-json\/wp\/v2\/types\/page"}],"author":[{"embeddable":true,"href":"https:\/\/agora.xtec.cat\/cfatramuntana\/wp-json\/wp\/v2\/users\/1"}],"replies":[{"embeddable":true,"href":"https:\/\/agora.xtec.cat\/cfatramuntana\/wp-json\/wp\/v2\/comments?post=261"}],"version-history":[{"count":4,"href":"https:\/\/agora.xtec.cat\/cfatramuntana\/wp-json\/wp\/v2\/pages\/261\/revisions"}],"predecessor-version":[{"id":1569,"href":"https:\/\/agora.xtec.cat\/cfatramuntana\/wp-json\/wp\/v2\/pages\/261\/revisions\/1569"}],"wp:attachment":[{"href":"https:\/\/agora.xtec.cat\/cfatramuntana\/wp-json\/wp\/v2\/media?parent=261"}],"curies":[{"name":"wp","href":"https:\/\/api.w.org\/{rel}","templated":true}]}}