{"id":1767,"date":"2025-02-13T06:00:38","date_gmt":"2025-02-13T05:00:38","guid":{"rendered":"https:\/\/agora.xtec.cat\/cfatramuntana\/?page_id=1767"},"modified":"2025-02-13T06:05:06","modified_gmt":"2025-02-13T05:05:06","slug":"preparacio-nivell-intermedi-dangles-i-frances","status":"publish","type":"page","link":"https:\/\/agora.xtec.cat\/cfatramuntana\/ensenyaments\/ensenyaments-transprofessionals\/preparacio-nivell-intermedi-dangles-i-frances\/","title":{"rendered":"Preparaci\u00f3 nivell intermedi d&#8217;angl\u00e8s i franc\u00e8s"},"content":{"rendered":"<div class=\"entry-content\">\n<p>Des del curs 2022-2023 l&#8217;escola participa al programa de certificaci\u00f3 del nivell intermedi de lleng\u00fces estrangeres. Aquest programa el duem a terme amb la col\u00b7laboraci\u00f3 de l&#8217;EOI de Figueres.<\/p>\n<p>La finalitat \u00e9s poder donar suport durant el curs als alumnes amb un bon nivell d&#8217;angl\u00e8s i franc\u00e8s per tal de que es puguin preparar per les proves del nivell B1 o B2 d&#8217;una llengua estrangera (angl\u00e8s o franc\u00e8s).<\/p>\n<p>&nbsp;<\/p>\n<\/div>\n","protected":false},"excerpt":{"rendered":"<p>Des del curs 2022-2023 l&#8217;escola participa al programa de certificaci\u00f3 del nivell intermedi de lleng\u00fces estrangeres. Aquest programa el duem a terme amb la col\u00b7laboraci\u00f3 de l&#8217;EOI de Figueres.<br \/>\nLa finalitat \u00e9s poder donar suport durant el curs als alumnes amb un bon nivell d&#8217;angl\u00e8s i&hellip;  <a href=\"https:\/\/agora.xtec.cat\/cfatramuntana\/ensenyaments\/ensenyaments-transprofessionals\/preparacio-nivell-intermedi-dangles-i-frances\/\" title=\"Read Preparaci\u00f3 nivell intermedi d&#8217;angl\u00e8s i franc\u00e8s\">Llegeix m\u00e9s\u00bb<\/a><\/p>\n","protected":false},"author":1,"featured_media":0,"parent":286,"menu_order":0,"comment_status":"closed","ping_status":"closed","template":"page-templates\/side-menu.php","meta":{"_bbp_topic_count":0,"_bbp_reply_count":0,"_bbp_total_topic_count":0,"_bbp_total_reply_count":0,"_bbp_voice_count":0,"_bbp_anonymous_reply_count":0,"_bbp_topic_count_hidden":0,"_bbp_reply_count_hidden":0,"_bbp_forum_subforum_count":0,"footnotes":""},"class_list":["post-1767","page","type-page","status-publish","hentry"],"post_mailing_queue_ids":[],"_links":{"self":[{"href":"https:\/\/agora.xtec.cat\/cfatramuntana\/wp-json\/wp\/v2\/pages\/1767","targetHints":{"allow":["GET"]}}],"collection":[{"href":"https:\/\/agora.xtec.cat\/cfatramuntana\/wp-json\/wp\/v2\/pages"}],"about":[{"href":"https:\/\/agora.xtec.cat\/cfatramuntana\/wp-json\/wp\/v2\/types\/page"}],"author":[{"embeddable":true,"href":"https:\/\/agora.xtec.cat\/cfatramuntana\/wp-json\/wp\/v2\/users\/1"}],"replies":[{"embeddable":true,"href":"https:\/\/agora.xtec.cat\/cfatramuntana\/wp-json\/wp\/v2\/comments?post=1767"}],"version-history":[{"count":2,"href":"https:\/\/agora.xtec.cat\/cfatramuntana\/wp-json\/wp\/v2\/pages\/1767\/revisions"}],"predecessor-version":[{"id":1770,"href":"https:\/\/agora.xtec.cat\/cfatramuntana\/wp-json\/wp\/v2\/pages\/1767\/revisions\/1770"}],"up":[{"embeddable":true,"href":"https:\/\/agora.xtec.cat\/cfatramuntana\/wp-json\/wp\/v2\/pages\/286"}],"wp:attachment":[{"href":"https:\/\/agora.xtec.cat\/cfatramuntana\/wp-json\/wp\/v2\/media?parent=1767"}],"curies":[{"name":"wp","href":"https:\/\/api.w.org\/{rel}","templated":true}]}}