{"id":1602,"date":"2023-11-02T14:33:28","date_gmt":"2023-11-02T13:33:28","guid":{"rendered":"https:\/\/agora.xtec.cat\/cfatramuntana\/?page_id=1602"},"modified":"2023-11-02T14:39:29","modified_gmt":"2023-11-02T13:39:29","slug":"preparacio-proves-b1-i-b2-dangles-i-frances","status":"publish","type":"page","link":"https:\/\/agora.xtec.cat\/cfatramuntana\/preparacio-proves-b1-i-b2-dangles-i-frances\/","title":{"rendered":"Preparaci\u00f3 proves B1 i B2 d&#8217;angl\u00e8s i franc\u00e8s"},"content":{"rendered":"<p>Des del curs 2022\/2023 l&#8217;escola ofereix la possibilitat de presentar-se als ex\u00e0mens oficials de l&#8217;EOI d&#8217;angl\u00e8s i franc\u00e8s dels nivells B1 i B2.<\/p>\n","protected":false},"excerpt":{"rendered":"<p>Des del curs 2022\/2023 l&#8217;escola ofereix la possibilitat de presentar-se als ex\u00e0mens oficials de l&#8217;EOI d&#8217;angl\u00e8s i franc\u00e8s dels nivells B1 i B2.<\/p>\n","protected":false},"author":1,"featured_media":0,"parent":0,"menu_order":0,"comment_status":"closed","ping_status":"closed","template":"","meta":{"_bbp_topic_count":0,"_bbp_reply_count":0,"_bbp_total_topic_count":0,"_bbp_total_reply_count":0,"_bbp_voice_count":0,"_bbp_anonymous_reply_count":0,"_bbp_topic_count_hidden":0,"_bbp_reply_count_hidden":0,"_bbp_forum_subforum_count":0,"footnotes":""},"class_list":["post-1602","page","type-page","status-publish","hentry"],"post_mailing_queue_ids":[],"_links":{"self":[{"href":"https:\/\/agora.xtec.cat\/cfatramuntana\/wp-json\/wp\/v2\/pages\/1602","targetHints":{"allow":["GET"]}}],"collection":[{"href":"https:\/\/agora.xtec.cat\/cfatramuntana\/wp-json\/wp\/v2\/pages"}],"about":[{"href":"https:\/\/agora.xtec.cat\/cfatramuntana\/wp-json\/wp\/v2\/types\/page"}],"author":[{"embeddable":true,"href":"https:\/\/agora.xtec.cat\/cfatramuntana\/wp-json\/wp\/v2\/users\/1"}],"replies":[{"embeddable":true,"href":"https:\/\/agora.xtec.cat\/cfatramuntana\/wp-json\/wp\/v2\/comments?post=1602"}],"version-history":[{"count":2,"href":"https:\/\/agora.xtec.cat\/cfatramuntana\/wp-json\/wp\/v2\/pages\/1602\/revisions"}],"predecessor-version":[{"id":1608,"href":"https:\/\/agora.xtec.cat\/cfatramuntana\/wp-json\/wp\/v2\/pages\/1602\/revisions\/1608"}],"wp:attachment":[{"href":"https:\/\/agora.xtec.cat\/cfatramuntana\/wp-json\/wp\/v2\/media?parent=1602"}],"curies":[{"name":"wp","href":"https:\/\/api.w.org\/{rel}","templated":true}]}}