{"id":52,"date":"2014-09-17T16:58:07","date_gmt":"2014-09-17T16:58:07","guid":{"rendered":"http:\/\/agora.xtec.cat\/cfatortosa\/?page_id=52"},"modified":"2025-09-18T11:42:25","modified_gmt":"2025-09-18T09:42:25","slug":"calendari-del-curs","status":"publish","type":"page","link":"https:\/\/agora.xtec.cat\/cfatortosa\/el-centre\/calendari-del-curs\/","title":{"rendered":"Calendari del curs i horaris generals"},"content":{"rendered":"<p><a href=\"https:\/\/agora.xtec.cat\/cfatortosa\/wp-content\/uploads\/usu2077\/2025\/08\/CALENDARI-GENERAL.xlsx-2026_page-0001-1.jpg\"><img loading=\"lazy\" decoding=\"async\" class=\"size-large wp-image-1390 aligncenter\" src=\"https:\/\/agora.xtec.cat\/cfatortosa\/wp-content\/uploads\/usu2077\/2025\/08\/CALENDARI-GENERAL.xlsx-2026_page-0001-1-1024x791.jpg\" alt=\"\" width=\"1024\" height=\"791\" srcset=\"https:\/\/agora.xtec.cat\/cfatortosa\/wp-content\/uploads\/usu2077\/2025\/08\/CALENDARI-GENERAL.xlsx-2026_page-0001-1-1024x791.jpg 1024w, https:\/\/agora.xtec.cat\/cfatortosa\/wp-content\/uploads\/usu2077\/2025\/08\/CALENDARI-GENERAL.xlsx-2026_page-0001-1-300x232.jpg 300w, https:\/\/agora.xtec.cat\/cfatortosa\/wp-content\/uploads\/usu2077\/2025\/08\/CALENDARI-GENERAL.xlsx-2026_page-0001-1-768x593.jpg 768w, https:\/\/agora.xtec.cat\/cfatortosa\/wp-content\/uploads\/usu2077\/2025\/08\/CALENDARI-GENERAL.xlsx-2026_page-0001-1-1536x1187.jpg 1536w, https:\/\/agora.xtec.cat\/cfatortosa\/wp-content\/uploads\/usu2077\/2025\/08\/CALENDARI-GENERAL.xlsx-2026_page-0001-1.jpg 1650w\" sizes=\"auto, (max-width: 1024px) 100vw, 1024px\" \/><\/a><\/p>\n<p>&nbsp;<\/p>\n<ol>\n<li><a href=\"https:\/\/agora.xtec.cat\/cfatortosa\/wp-content\/uploads\/usu2077\/2025\/09\/HORARI-COMPETIC.pdf\">HORARI COMPETIC<\/a><\/li>\n<li><a style=\"font-family: inherit; font-size: 1em;\" href=\"https:\/\/agora.xtec.cat\/cfatortosa\/wp-content\/uploads\/usu2077\/2025\/09\/HORARI-FI-1-FI-2-3.pdf\">HORARI FI 1 i\u00a0 FI 2-3<\/a><\/li>\n<li><a href=\"https:\/\/agora.xtec.cat\/cfatortosa\/wp-content\/uploads\/usu2077\/2025\/09\/Horaris-GES-II.pdf\">Horaris GES II<\/a><\/li>\n<li><a href=\"https:\/\/agora.xtec.cat\/cfatortosa\/wp-content\/uploads\/usu2077\/2025\/09\/Horaris-GES-II.pdf\">Horaris GES II<\/a><\/li>\n<li><a href=\"https:\/\/agora.xtec.cat\/cfatortosa\/wp-content\/uploads\/usu2077\/2025\/09\/Horaris-GM-1.pdf\">Horaris GM<\/a><\/li>\n<li><a href=\"https:\/\/agora.xtec.cat\/cfatortosa\/wp-content\/uploads\/usu2077\/2025\/09\/Horaris-GS-PPAU-1.pdf\">Horaris GS &#8211; PPAU<\/a><\/li>\n<li><a href=\"https:\/\/agora.xtec.cat\/cfatortosa\/wp-content\/uploads\/usu2077\/2025\/09\/Horaris-Inicials-1.pdf\">Horaris Inicials (Catal\u00e0, castell\u00e0 i angl\u00e8s)<\/a><\/li>\n<\/ol>\n<p>&nbsp;<\/p>\n","protected":false},"excerpt":{"rendered":"<p><a href=\"https:\/\/agora.xtec.cat\/cfatortosa\/wp-content\/uploads\/usu2077\/2025\/08\/CALENDARI-GENERAL.xlsx-2026_page-0001-1.jpg\"><\/a><br \/>\n&nbsp;<\/p>\n<ol>\n<li><a href=\"https:\/\/agora.xtec.cat\/cfatortosa\/wp-content\/uploads\/usu2077\/2025\/09\/HORARI-COMPETIC.pdf\">HORARI COMPETIC<\/a><\/li>\n<li><a style=\"font-family: inherit; font-size: 1em;\" href=\"https:\/\/agora.xtec.cat\/cfatortosa\/wp-content\/uploads\/usu2077\/2025\/09\/HORARI-FI-1-FI-2-3.pdf\">HORARI FI 1 i\u00a0 FI 2-3<\/a><\/li>\n<li><a href=\"https:\/\/agora.xtec.cat\/cfatortosa\/wp-content\/uploads\/usu2077\/2025\/09\/Horaris-GES-II.pdf\">Horaris GES II<\/a><\/li>\n<li><a href=\"https:\/\/agora.xtec.cat\/cfatortosa\/wp-content\/uploads\/usu2077\/2025\/09\/Horaris-GES-II.pdf\">Horaris GES II<\/a><\/li>\n<li><a href=\"https:\/\/agora.xtec.cat\/cfatortosa\/wp-content\/uploads\/usu2077\/2025\/09\/Horaris-GM-1.pdf\">Horaris GM<\/a><\/li>\n<li><a href=\"https:\/\/agora.xtec.cat\/cfatortosa\/wp-content\/uploads\/usu2077\/2025\/09\/Horaris-GS-PPAU-1.pdf\">Horaris GS &#8211; PPAU<\/a><\/li>\n<li><a href=\"https:\/\/agora.xtec.cat\/cfatortosa\/wp-content\/uploads\/usu2077\/2025\/09\/Horaris-Inicials-1.pdf\">Horaris Inicials (Catal\u00e0, castell\u00e0 i angl\u00e8s)<\/a><\/li>\n<\/ol>\n<p>&nbsp;<\/p>\n","protected":false},"author":1,"featured_media":0,"parent":261,"menu_order":50,"comment_status":"closed","ping_status":"closed","template":"page-templates\/side-menu.php","meta":{"_bbp_topic_count":0,"_bbp_reply_count":0,"_bbp_total_topic_count":0,"_bbp_total_reply_count":0,"_bbp_voice_count":0,"_bbp_anonymous_reply_count":0,"_bbp_topic_count_hidden":0,"_bbp_reply_count_hidden":0,"_bbp_forum_subforum_count":0,"footnotes":""},"class_list":["post-52","page","type-page","status-publish","hentry"],"post_mailing_queue_ids":[],"_links":{"self":[{"href":"https:\/\/agora.xtec.cat\/cfatortosa\/wp-json\/wp\/v2\/pages\/52","targetHints":{"allow":["GET"]}}],"collection":[{"href":"https:\/\/agora.xtec.cat\/cfatortosa\/wp-json\/wp\/v2\/pages"}],"about":[{"href":"https:\/\/agora.xtec.cat\/cfatortosa\/wp-json\/wp\/v2\/types\/page"}],"author":[{"embeddable":true,"href":"https:\/\/agora.xtec.cat\/cfatortosa\/wp-json\/wp\/v2\/users\/1"}],"replies":[{"embeddable":true,"href":"https:\/\/agora.xtec.cat\/cfatortosa\/wp-json\/wp\/v2\/comments?post=52"}],"version-history":[{"count":6,"href":"https:\/\/agora.xtec.cat\/cfatortosa\/wp-json\/wp\/v2\/pages\/52\/revisions"}],"predecessor-version":[{"id":1459,"href":"https:\/\/agora.xtec.cat\/cfatortosa\/wp-json\/wp\/v2\/pages\/52\/revisions\/1459"}],"up":[{"embeddable":true,"href":"https:\/\/agora.xtec.cat\/cfatortosa\/wp-json\/wp\/v2\/pages\/261"}],"wp:attachment":[{"href":"https:\/\/agora.xtec.cat\/cfatortosa\/wp-json\/wp\/v2\/media?parent=52"}],"curies":[{"name":"wp","href":"https:\/\/api.w.org\/{rel}","templated":true}]}}