{"id":27,"date":"2014-09-17T16:24:03","date_gmt":"2014-09-17T16:24:03","guid":{"rendered":"http:\/\/agora.xtec.cat\/cfatortosa\/?page_id=27"},"modified":"2025-08-26T12:07:03","modified_gmt":"2025-08-26T10:07:03","slug":"historia","status":"publish","type":"page","link":"https:\/\/agora.xtec.cat\/cfatortosa\/el-centre\/historia\/","title":{"rendered":"Hist\u00f2ria"},"content":{"rendered":"<p>&nbsp;<\/p>\n<p>El Centre de Formaci\u00f3 d\u2019Adults de Tortosa (CFA de Tortosa) va iniciar la seva traject\u00f2ria l\u2019any 1989, amb la voluntat de donar resposta a les necessitats formatives de la poblaci\u00f3 adulta de les Terres de l\u2019Ebre. Des del seu naixement, el centre ha tingut com a missi\u00f3 principal oferir una segona oportunitat educativa a totes aquelles persones que, per diversos motius, no van poder completar els seus estudis en edat ordin\u00e0ria, aix\u00ed com proporcionar itineraris formatius adaptats a les noves demandes socials i laborals.<\/p>\n<p>Ubicacions del centre:<\/p>\n<p>Al llarg de la seva hist\u00f2ria, el CFA de Tortosa ha estat allotjat en diferents edificis de la ciutat, sempre buscant l\u2019adequaci\u00f3 dels espais a les necessitats de l\u2019alumnat i del professorat. Des de la seva fundaci\u00f3 fins a l\u2019actualitat, ha estat vinculat a diverses seus fins a la seva ubicaci\u00f3 actual a l\u2019edifici Bet\u00e0nia, a la zona alta del barri d\u2019Orleans, on comparteix infraestructures amb el CRP i Serveis Educatius, per\u00f2 mantenint la seva pr\u00f2pia autonomia organitzativa i pedag\u00f2gica.<\/p>\n<p>L\u2019oferta formativa:<\/p>\n<p>L\u2019oferta educativa del CFA de Tortosa ha anat evolucionant al llarg dels anys, ampliant i adaptant els seus ensenyaments. Actualment, el centre imparteix:<\/p>\n<ul>\n<li>Formaci\u00f3 instrumental b\u00e0sica, adre\u00e7ada a persones que necessiten refor\u00e7ar compet\u00e8ncies b\u00e0siques de lectura, escriptura i c\u00e0lcul.<\/li>\n<li>Graduat en Educaci\u00f3 Secund\u00e0ria Obligat\u00f2ria (GESO), en modalitat presencial i flexible.<\/li>\n<li>Preparaci\u00f3 per a proves d\u2019acc\u00e9s a cicles formatius de grau mitj\u00e0 i superior.<\/li>\n<li>Preparaci\u00f3 per a la prova d\u2019acc\u00e9s a la universitat per a majors de 25 anys i 45 anys (PAU +25\/+45).<\/li>\n<li>Idiomes: catal\u00e0, castell\u00e0 i angl\u00e8s, amb diferents nivells adaptats a les necessitats de l\u2019alumnat.<\/li>\n<li>Compet\u00e8ncies digitals (CTIC), amb formaci\u00f3 per a l\u2019\u00fas b\u00e0sic i avan\u00e7at de les tecnologies de la informaci\u00f3 i la comunicaci\u00f3.<\/li>\n<\/ul>\n<p>L\u2019alumnat:<\/p>\n<p>Cada curs, el CFA de Tortosa acull m\u00e9s de de 400 estudiants, procedents de realitats molt diverses: persones que volen reprendre els estudis, joves que necessiten acreditar-se per accedir al m\u00f3n laboral o continuar formant-se, i tamb\u00e9 persones nouvingudes que troben en el centre una via d\u2019integraci\u00f3 ling\u00fc\u00edstica, cultural i social.<\/p>\n<p>Aquesta diversitat \u00e9s una de les principals riqueses del CFA, que esdev\u00e9 un espai educatiu inclusiu i intergeneracional, on la conviv\u00e8ncia i el respecte s\u00f3n pilars fonamentals.<\/p>\n<p>&nbsp;<\/p>\n<p>L\u2019edifici Bet\u00e0nia:<\/p>\n<p>Es tracta d\u2019un centre constru\u00eft l\u2019any 1978 de m\u00e0 dels arquitectes Xavier Marti i Paco March per a construir un centre d\u2019educaci\u00f3 prim\u00e0ria. En un primer moment, la iniciativa va n\u00e9ixer de la mestra de prim\u00e0ria i infantil Pepita Caminals qui, l\u2019any 1970 i a un xalet de la zona d\u2019Orleans, va iniciar un curs de parvulari. El centre rebria el nom de Bet\u00e0nia, creat amb la voluntat d\u2019oferir una pedagogia laica, moderna, i participativa. El centre va prosperar favorablement en l\u2019escolaritzaci\u00f3 infantil i de prim\u00e0ria fet que va comportar la construcci\u00f3 d\u2019un nou edifici, l\u2019actual, amb un disseny innovador, equipacions i una ubicaci\u00f3 excepcional, amb unes vistes impressionant del Parc Natural dels Ports i a tocar de l\u2019antiga fortalesa d\u2019Orleans. No obstant aix\u00f2, la dist\u00e0ncia respecte el centre urb\u00e0 i la crisi econ\u00f2mica dels anys \u201990 va provocar que el centre tanqu\u00e9s les seves portes l\u2019any 1992.<\/p>\n<p>L\u2019edifici va restar inutilitzat fins que va ser adoptat com a centre de la URV des de l\u2019any 1997 fins al 2009; despr\u00e9s es va reconvertir en l\u2019IES Crist\u00f2for Despuig, fins al 2016. A partir del 2017 ha estat seu dels Serveis Educatius de les Terres de l\u2019Ebre, el CRP i, des del curs 2023-24, tamb\u00e9 seu del CFA de Tortosa.<\/p>\n","protected":false},"excerpt":{"rendered":"<p>&nbsp;<br \/>\nEl Centre de Formaci\u00f3 d\u2019Adults de Tortosa (CFA de Tortosa) va iniciar la seva traject\u00f2ria l\u2019any 1989, amb la voluntat de donar resposta a les necessitats formatives de la poblaci\u00f3 adulta de les Terres de l\u2019Ebre. Des del seu naixement, el centre ha tingut com&hellip;  <a href=\"https:\/\/agora.xtec.cat\/cfatortosa\/el-centre\/historia\/\" title=\"Read Hist\u00f2ria\">Llegeix m\u00e9s\u00bb<\/a><\/p>\n","protected":false},"author":1,"featured_media":0,"parent":261,"menu_order":20,"comment_status":"closed","ping_status":"closed","template":"page-templates\/side-menu.php","meta":{"_bbp_topic_count":0,"_bbp_reply_count":0,"_bbp_total_topic_count":0,"_bbp_total_reply_count":0,"_bbp_voice_count":0,"_bbp_anonymous_reply_count":0,"_bbp_topic_count_hidden":0,"_bbp_reply_count_hidden":0,"_bbp_forum_subforum_count":0,"footnotes":""},"class_list":["post-27","page","type-page","status-publish","hentry"],"post_mailing_queue_ids":[],"_links":{"self":[{"href":"https:\/\/agora.xtec.cat\/cfatortosa\/wp-json\/wp\/v2\/pages\/27","targetHints":{"allow":["GET"]}}],"collection":[{"href":"https:\/\/agora.xtec.cat\/cfatortosa\/wp-json\/wp\/v2\/pages"}],"about":[{"href":"https:\/\/agora.xtec.cat\/cfatortosa\/wp-json\/wp\/v2\/types\/page"}],"author":[{"embeddable":true,"href":"https:\/\/agora.xtec.cat\/cfatortosa\/wp-json\/wp\/v2\/users\/1"}],"replies":[{"embeddable":true,"href":"https:\/\/agora.xtec.cat\/cfatortosa\/wp-json\/wp\/v2\/comments?post=27"}],"version-history":[{"count":3,"href":"https:\/\/agora.xtec.cat\/cfatortosa\/wp-json\/wp\/v2\/pages\/27\/revisions"}],"predecessor-version":[{"id":1396,"href":"https:\/\/agora.xtec.cat\/cfatortosa\/wp-json\/wp\/v2\/pages\/27\/revisions\/1396"}],"up":[{"embeddable":true,"href":"https:\/\/agora.xtec.cat\/cfatortosa\/wp-json\/wp\/v2\/pages\/261"}],"wp:attachment":[{"href":"https:\/\/agora.xtec.cat\/cfatortosa\/wp-json\/wp\/v2\/media?parent=27"}],"curies":[{"name":"wp","href":"https:\/\/api.w.org\/{rel}","templated":true}]}}