{"id":4545,"date":"2026-01-21T14:11:49","date_gmt":"2026-01-21T13:11:49","guid":{"rendered":"https:\/\/agora.xtec.cat\/cfatorreromeu\/?page_id=4545"},"modified":"2026-03-19T15:04:32","modified_gmt":"2026-03-19T14:04:32","slug":"moduls-densenyaments-integrats-per-a-jovent-nouvingut","status":"publish","type":"page","link":"https:\/\/agora.xtec.cat\/cfatorreromeu\/ensenyaments\/moduls-densenyaments-integrats-per-a-jovent-nouvingut\/","title":{"rendered":"M\u00f2duls d\u2019Ensenyaments Integrats per a Jovent Nouvingut"},"content":{"rendered":"<p>Aquest ensenyament t\u00e9 com a objectiu ajudar a persones nouvingudes a Catalunya, que han estat escolaritzades en el seu pa\u00eds d\u2019origen en lleng\u00fces no rom\u00e0niques i que tenen entre <strong>16 i 18 anys<\/strong>, a desenvolupar les seves compet\u00e8ncies ling\u00fc\u00edstiques a trav\u00e9s de la immersi\u00f3 en un entorn on la llengua \u00e9s parlada habitualment.<\/p>\n<p>Es treballen les compet\u00e8ncies b\u00e0siques de la persona (llengua, matem\u00e0tiques, ci\u00e8ncies socials i naturals, inform\u00e0tica i tecnologia, etc.) a trav\u00e9s de temes i situacions reals, de manera que s\u2019integra l\u2019aprenentatge de diferents \u00e0rees curriculars en un sol projecte o activitat.<\/p>\n<p>Superant el curs amb \u00e8xit, l\u2019alumnat assoleix el <strong>nivell A2 del MECR<\/strong> (Marc europeu com\u00fa de refer\u00e8ncia per a les lleng\u00fces), tant en <strong>catal\u00e0<\/strong> com en<strong> castell\u00e0<\/strong>, i el nivell de <strong>COMPETIC 1<\/strong> en compet\u00e8ncia digital.<\/p>\n<p><strong>Inici el 9 de febrer de 2026<\/strong><\/p>\n\n\n<div class=\"wp-block-getwid-tabs\" data-active-tab=\"0\"><ul class=\"wp-block-getwid-tabs__nav-links\"><\/ul>\n<div class=\"wp-block-getwid-tabs__nav-link\"><span class=\"wp-block-getwid-tabs__title-wrapper\"><a href=\"#\"><span class=\"wp-block-getwid-tabs__title\">Horari<\/span><\/a><\/span><\/div><div class=\"wp-block-getwid-tabs__tab-content-wrapper\"><div class=\"wp-block-getwid-tabs__tab-content\">\n<p><strong>MEIJN<\/strong><\/p>\n\n\n\n<div class=\"wp-block-columns is-layout-flex wp-container-core-columns-is-layout-1 wp-block-columns-is-layout-flex\" style=\"padding-right:var(--wp--preset--spacing--20);padding-left:var(--wp--preset--spacing--20)\">\n<div class=\"wp-block-column is-layout-flow wp-container-core-column-is-layout-1 wp-block-column-is-layout-flow\" style=\"border-width:1px;padding-top:0;padding-right:var(--wp--preset--spacing--20);padding-bottom:0;padding-left:var(--wp--preset--spacing--20);flex-basis:130px\">\n<p class=\"has-text-align-center\" style=\"border-width:1px\">Dilluns<\/p>\n\n\n\n<p class=\"has-text-align-center\">15.00 &#8211; 18.30<\/p>\n<\/div>\n\n\n\n<div class=\"wp-block-column is-layout-flow wp-block-column-is-layout-flow\" style=\"border-width:1px;padding-top:0;padding-right:var(--wp--preset--spacing--20);padding-bottom:0;padding-left:var(--wp--preset--spacing--20);flex-basis:130px\">\n<p class=\"has-text-align-center\" style=\"border-width:1px\">Dimarts<\/p>\n\n\n\n<p class=\"has-text-align-center\">16.30 &#8211; 18.30<\/p>\n<\/div>\n\n\n\n<div class=\"wp-block-column is-layout-flow wp-block-column-is-layout-flow\" style=\"border-width:1px;padding-top:0;padding-right:var(--wp--preset--spacing--20);padding-bottom:0;padding-left:var(--wp--preset--spacing--20);flex-basis:130px\">\n<p class=\"has-text-align-center\" style=\"border-width:1px\">Dimecres<\/p>\n\n\n\n<p class=\"has-text-align-center\">15.00 &#8211; 18.30<\/p>\n<\/div>\n\n\n\n<div class=\"wp-block-column is-layout-flow wp-block-column-is-layout-flow\" style=\"border-width:1px;padding-top:0;padding-right:var(--wp--preset--spacing--20);padding-bottom:0;padding-left:var(--wp--preset--spacing--20);flex-basis:130px\">\n<p class=\"has-text-align-center\" style=\"border-width:1px\">Dijous<\/p>\n\n\n\n<p class=\"has-text-align-center\">16.30 &#8211; 18.30<\/p>\n<\/div>\n<\/div>\n<\/div><\/div>\n\n\n\n<div class=\"wp-block-getwid-tabs__nav-link\"><span class=\"wp-block-getwid-tabs__title-wrapper\"><a href=\"#\"><span class=\"wp-block-getwid-tabs__title\">Acc\u00e9s<\/span><\/a><\/span><\/div><div class=\"wp-block-getwid-tabs__tab-content-wrapper\"><div class=\"wp-block-getwid-tabs__tab-content\">\n<p>Poden accedir a aquests estudis totes les persones de 16 a 18 anys que els compleixen durant l&#8217;any natural en qu\u00e8 s&#8217;inicia la formaci\u00f3.<\/p>\n<\/div><\/div>\n<\/div>\n","protected":false},"excerpt":{"rendered":"<p>Aquest ensenyament t\u00e9 com a objectiu ajudar a persones nouvingudes a Catalunya, que han estat escolaritzades en el seu pa\u00eds d\u2019origen en lleng\u00fces no rom\u00e0niques i que tenen entre 16 i 18 anys, a desenvolupar les seves compet\u00e8ncies ling\u00fc\u00edstiques a trav\u00e9s de la immersi\u00f3 en un entorn on la llengua \u00e9s parlada habitualment. Es treballen [&hellip;]<\/p>\n","protected":false},"author":1,"featured_media":0,"parent":274,"menu_order":0,"comment_status":"closed","ping_status":"closed","template":"","meta":{"_bbp_topic_count":0,"_bbp_reply_count":0,"_bbp_total_topic_count":0,"_bbp_total_reply_count":0,"_bbp_voice_count":0,"_bbp_anonymous_reply_count":0,"_bbp_topic_count_hidden":0,"_bbp_reply_count_hidden":0,"_bbp_forum_subforum_count":0,"site-sidebar-layout":"default","site-content-layout":"","ast-site-content-layout":"default","site-content-style":"default","site-sidebar-style":"default","ast-global-header-display":"","ast-banner-title-visibility":"","ast-main-header-display":"","ast-hfb-above-header-display":"","ast-hfb-below-header-display":"","ast-hfb-mobile-header-display":"","site-post-title":"","ast-breadcrumbs-content":"","ast-featured-img":"","footer-sml-layout":"","theme-transparent-header-meta":"default","adv-header-id-meta":"","stick-header-meta":"","header-above-stick-meta":"","header-main-stick-meta":"","header-below-stick-meta":"","astra-migrate-meta-layouts":"set","ast-page-background-enabled":"default","ast-page-background-meta":{"desktop":{"background-color":"var(--ast-global-color-4)","background-image":"","background-repeat":"repeat","background-position":"center center","background-size":"auto","background-attachment":"scroll","background-type":"","background-media":"","overlay-type":"","overlay-color":"","overlay-opacity":"","overlay-gradient":""},"tablet":{"background-color":"","background-image":"","background-repeat":"repeat","background-position":"center center","background-size":"auto","background-attachment":"scroll","background-type":"","background-media":"","overlay-type":"","overlay-color":"","overlay-opacity":"","overlay-gradient":""},"mobile":{"background-color":"","background-image":"","background-repeat":"repeat","background-position":"center center","background-size":"auto","background-attachment":"scroll","background-type":"","background-media":"","overlay-type":"","overlay-color":"","overlay-opacity":"","overlay-gradient":""}},"ast-content-background-meta":{"desktop":{"background-color":"var(--ast-global-color-5)","background-image":"","background-repeat":"repeat","background-position":"center center","background-size":"auto","background-attachment":"scroll","background-type":"","background-media":"","overlay-type":"","overlay-color":"","overlay-opacity":"","overlay-gradient":""},"tablet":{"background-color":"var(--ast-global-color-5)","background-image":"","background-repeat":"repeat","background-position":"center center","background-size":"auto","background-attachment":"scroll","background-type":"","background-media":"","overlay-type":"","overlay-color":"","overlay-opacity":"","overlay-gradient":""},"mobile":{"background-color":"var(--ast-global-color-5)","background-image":"","background-repeat":"repeat","background-position":"center center","background-size":"auto","background-attachment":"scroll","background-type":"","background-media":"","overlay-type":"","overlay-color":"","overlay-opacity":"","overlay-gradient":""}},"footnotes":""},"class_list":["post-4545","page","type-page","status-publish","hentry"],"post_mailing_queue_ids":[],"_links":{"self":[{"href":"https:\/\/agora.xtec.cat\/cfatorreromeu\/wp-json\/wp\/v2\/pages\/4545","targetHints":{"allow":["GET"]}}],"collection":[{"href":"https:\/\/agora.xtec.cat\/cfatorreromeu\/wp-json\/wp\/v2\/pages"}],"about":[{"href":"https:\/\/agora.xtec.cat\/cfatorreromeu\/wp-json\/wp\/v2\/types\/page"}],"author":[{"embeddable":true,"href":"https:\/\/agora.xtec.cat\/cfatorreromeu\/wp-json\/wp\/v2\/users\/1"}],"replies":[{"embeddable":true,"href":"https:\/\/agora.xtec.cat\/cfatorreromeu\/wp-json\/wp\/v2\/comments?post=4545"}],"version-history":[{"count":6,"href":"https:\/\/agora.xtec.cat\/cfatorreromeu\/wp-json\/wp\/v2\/pages\/4545\/revisions"}],"predecessor-version":[{"id":4736,"href":"https:\/\/agora.xtec.cat\/cfatorreromeu\/wp-json\/wp\/v2\/pages\/4545\/revisions\/4736"}],"up":[{"embeddable":true,"href":"https:\/\/agora.xtec.cat\/cfatorreromeu\/wp-json\/wp\/v2\/pages\/274"}],"wp:attachment":[{"href":"https:\/\/agora.xtec.cat\/cfatorreromeu\/wp-json\/wp\/v2\/media?parent=4545"}],"curies":[{"name":"wp","href":"https:\/\/api.w.org\/{rel}","templated":true}]}}