{"id":4124,"date":"2025-12-11T10:10:18","date_gmt":"2025-12-11T09:10:18","guid":{"rendered":"https:\/\/agora.xtec.cat\/cfatorreromeu\/?page_id=4124"},"modified":"2026-03-19T12:27:17","modified_gmt":"2026-03-19T11:27:17","slug":"llengues","status":"publish","type":"page","link":"https:\/\/agora.xtec.cat\/cfatorreromeu\/ensenyaments\/llengues\/","title":{"rendered":"Lleng\u00fces"},"content":{"rendered":"<p><strong>Acc\u00e9s<\/strong><br \/>Poden accedir a aquests estudis les persones m\u00e9s grans de 18 anys i les que els compleixen durant l\u2019any natural en qu\u00e8 s\u2019inicia la formaci\u00f3.<\/p>\n<p>Per tal de situar l\u2019alumnat en el nivell que li correspon d\u2019acord amb les seves compet\u00e8ncies, en el moment de la preinscripci\u00f3 el centre de formaci\u00f3 d\u2019adults li far\u00e0 una prova de nivell.<\/p>\n\n\n<div class=\"wp-block-getwid-tabs\" data-active-tab=\"0\"><ul class=\"wp-block-getwid-tabs__nav-links\"><\/ul>\n<div class=\"wp-block-getwid-tabs__nav-link\"><span class=\"wp-block-getwid-tabs__title-wrapper\"><a href=\"#\"><span class=\"wp-block-getwid-tabs__title\">Catal\u00e0<\/span><\/a><\/span><\/div><div class=\"wp-block-getwid-tabs__tab-content-wrapper\"><div class=\"wp-block-getwid-tabs__tab-content\">\n<p>Els ensenyaments de llengua catalana tenen com a finalitat l\u2019adquisici\u00f3 de la compet\u00e8ncia comunicativa ling\u00fc\u00edstica per formar parlants que puguin comunicar-se amb suficient flu\u00efdesa per resoldre la major part de situacions de la vida quotidiana.<br>Per a aquests ensenyaments es segueixen els criteris establerts en el Marc europeu com\u00fa de refer\u00e8ncia (MECR).<\/p>\n\n\n\n<figure class=\"wp-block-table\"><table class=\"has-background has-fixed-layout\" style=\"background:linear-gradient(135deg,rgb(238,238,238) 100%,rgb(247,244,244) 100%)\"><tbody><tr><td>Cursos Catal\u00e0 CFA<\/td><td>Correspond\u00e8ncia MECR<\/td><\/tr><tr><td>Catal\u00e0 1<\/td><td>Nivell A1<\/td><\/tr><tr><td>Catal\u00e0 2<\/td><td>Nivell A2<\/td><\/tr><\/tbody><\/table><\/figure>\n<\/div><\/div>\n\n\n\n<div class=\"wp-block-getwid-tabs__nav-link\"><span class=\"wp-block-getwid-tabs__title-wrapper\"><a href=\"#\"><span class=\"wp-block-getwid-tabs__title\">Castell\u00e0<\/span><\/a><\/span><\/div><div class=\"wp-block-getwid-tabs__tab-content-wrapper\"><div class=\"wp-block-getwid-tabs__tab-content\">\n<p>Los cursos de lengua castellana tienen como objetivo final que los alumnos sean suficientemente aut\u00f3nomos para responder a las necesidades personales, laborales, p\u00fablicas y educativas. La ordenaci\u00f3n curricular de esta lengua tiene en cuenta las orientaciones, las competencias y los criterios establecidos en el Marco Com\u00fan Europeo de Referencia (MCER).<\/p>\n\n\n\n<div class=\"wp-block-columns is-layout-flex wp-container-core-columns-is-layout-1 wp-block-columns-is-layout-flex\">\n<div class=\"wp-block-column is-layout-flow wp-block-column-is-layout-flow\" style=\"flex-basis:100%\">\n<figure class=\"wp-block-table\"><table class=\"has-background has-fixed-layout\" style=\"background:linear-gradient(135deg,rgb(238,238,238) 100%,rgb(169,184,195) 100%)\"><tbody><tr><td>Cursos Castellano CFA<\/td><td><strong>C<\/strong>orrespondencia MECR<\/td><\/tr><tr><td>Castellano 1<\/td><td>Nivell A1<\/td><\/tr><tr><td>Castellano 2*<\/td><td>Nivell A2<\/td><\/tr><tr><td>Castellano 3<\/td><td>Nivell B1<\/td><\/tr><\/tbody><\/table><\/figure>\n\n\n\n<p>*\u00c9s el curs de preparaci\u00f3 per a la possessi\u00f3 del diploma de castell\u00e0 DELE (A2) que permet obtenir la&nbsp;<strong>nacionalitat espanyola<\/strong>.<\/p>\n<\/div>\n<\/div>\n<\/div><\/div>\n\n\n\n<div class=\"wp-block-getwid-tabs__nav-link\"><span class=\"wp-block-getwid-tabs__title-wrapper\"><a href=\"#\"><span class=\"wp-block-getwid-tabs__title\">Angl\u00e8s<\/span><\/a><\/span><\/div><div class=\"wp-block-getwid-tabs__tab-content-wrapper\"><div class=\"wp-block-getwid-tabs__tab-content\">\n<p>Aquests ensenyaments permeten iniciar el proc\u00e9s d\u2019aprenentatge en llengua anglesa i tenen com a finalitat, en un&nbsp;<strong>primer nivell<\/strong>, que l\u2019alumnat sigui capa\u00e7 de comunicar-se en situacions quotidianes i familiars senzilles. En els&nbsp;<strong>nivells<\/strong>&nbsp;seg\u00fcents,<strong>&nbsp;2 i 3<\/strong>, que l\u2019alumnat sigui capa\u00e7 de comunicar-se en situacions habituals que exigeixin un intercanvi d\u2019informaci\u00f3, comprendre i utilitzar expressions sobre temes i assumptes relacionats amb necessitats immediates i accedir al coneixement en un entorn multiling\u00fce i multicultural.<\/p>\n\n\n\n<figure class=\"wp-block-table\"><table class=\"has-background has-fixed-layout\" style=\"background:linear-gradient(135deg,rgb(238,238,238) 100%,rgb(169,184,195) 100%)\"><tbody><tr><td>Cursos Angl\u00e8s CFA<\/td><td>Correspond\u00e8ncia MECR<\/td><\/tr><tr><td>Angl\u00e8s 1<\/td><td>Nivell A1<\/td><\/tr><tr><td>Angl\u00e8s 2*<\/td><td>Nivell A2.1<\/td><\/tr><tr><td>Angl\u00e8s 3<\/td><td>Nivell A2.2<\/td><\/tr><\/tbody><\/table><\/figure>\n\n\n\n<p>*Sense oferta per al curs 2025-2026<\/p>\n<\/div><\/div>\n<\/div>\n\n\n\n<p>M\u00e9s informaci\u00f3 a la&nbsp;<a href=\"https:\/\/projectes.xtec.cat\/xarxadults\/menu01\/\" target=\"_blank\" rel=\"noreferrer noopener\">web<\/a>&nbsp;del Servei al llarg de la vida<\/p>\n","protected":false},"excerpt":{"rendered":"<p>Acc\u00e9sPoden accedir a aquests estudis les persones m\u00e9s grans de 18 anys i les que els compleixen durant l\u2019any natural en qu\u00e8 s\u2019inicia la formaci\u00f3. Per tal de situar l\u2019alumnat en el nivell que li correspon d\u2019acord amb les seves compet\u00e8ncies, en el moment de la preinscripci\u00f3 el centre de formaci\u00f3 d\u2019adults li far\u00e0 una [&hellip;]<\/p>\n","protected":false},"author":1,"featured_media":0,"parent":274,"menu_order":0,"comment_status":"closed","ping_status":"closed","template":"","meta":{"_bbp_topic_count":0,"_bbp_reply_count":0,"_bbp_total_topic_count":0,"_bbp_total_reply_count":0,"_bbp_voice_count":0,"_bbp_anonymous_reply_count":0,"_bbp_topic_count_hidden":0,"_bbp_reply_count_hidden":0,"_bbp_forum_subforum_count":0,"site-sidebar-layout":"default","site-content-layout":"","ast-site-content-layout":"default","site-content-style":"default","site-sidebar-style":"default","ast-global-header-display":"","ast-banner-title-visibility":"","ast-main-header-display":"","ast-hfb-above-header-display":"","ast-hfb-below-header-display":"","ast-hfb-mobile-header-display":"","site-post-title":"","ast-breadcrumbs-content":"","ast-featured-img":"","footer-sml-layout":"","theme-transparent-header-meta":"default","adv-header-id-meta":"","stick-header-meta":"","header-above-stick-meta":"","header-main-stick-meta":"","header-below-stick-meta":"","astra-migrate-meta-layouts":"set","ast-page-background-enabled":"default","ast-page-background-meta":{"desktop":{"background-color":"var(--ast-global-color-4)","background-image":"","background-repeat":"repeat","background-position":"center center","background-size":"auto","background-attachment":"scroll","background-type":"","background-media":"","overlay-type":"","overlay-color":"","overlay-opacity":"","overlay-gradient":""},"tablet":{"background-color":"","background-image":"","background-repeat":"repeat","background-position":"center center","background-size":"auto","background-attachment":"scroll","background-type":"","background-media":"","overlay-type":"","overlay-color":"","overlay-opacity":"","overlay-gradient":""},"mobile":{"background-color":"","background-image":"","background-repeat":"repeat","background-position":"center center","background-size":"auto","background-attachment":"scroll","background-type":"","background-media":"","overlay-type":"","overlay-color":"","overlay-opacity":"","overlay-gradient":""}},"ast-content-background-meta":{"desktop":{"background-color":"var(--ast-global-color-5)","background-image":"","background-repeat":"repeat","background-position":"center center","background-size":"auto","background-attachment":"scroll","background-type":"","background-media":"","overlay-type":"","overlay-color":"","overlay-opacity":"","overlay-gradient":""},"tablet":{"background-color":"var(--ast-global-color-5)","background-image":"","background-repeat":"repeat","background-position":"center center","background-size":"auto","background-attachment":"scroll","background-type":"","background-media":"","overlay-type":"","overlay-color":"","overlay-opacity":"","overlay-gradient":""},"mobile":{"background-color":"var(--ast-global-color-5)","background-image":"","background-repeat":"repeat","background-position":"center center","background-size":"auto","background-attachment":"scroll","background-type":"","background-media":"","overlay-type":"","overlay-color":"","overlay-opacity":"","overlay-gradient":""}},"footnotes":""},"class_list":["post-4124","page","type-page","status-publish","hentry"],"post_mailing_queue_ids":[],"_links":{"self":[{"href":"https:\/\/agora.xtec.cat\/cfatorreromeu\/wp-json\/wp\/v2\/pages\/4124","targetHints":{"allow":["GET"]}}],"collection":[{"href":"https:\/\/agora.xtec.cat\/cfatorreromeu\/wp-json\/wp\/v2\/pages"}],"about":[{"href":"https:\/\/agora.xtec.cat\/cfatorreromeu\/wp-json\/wp\/v2\/types\/page"}],"author":[{"embeddable":true,"href":"https:\/\/agora.xtec.cat\/cfatorreromeu\/wp-json\/wp\/v2\/users\/1"}],"replies":[{"embeddable":true,"href":"https:\/\/agora.xtec.cat\/cfatorreromeu\/wp-json\/wp\/v2\/comments?post=4124"}],"version-history":[{"count":6,"href":"https:\/\/agora.xtec.cat\/cfatorreromeu\/wp-json\/wp\/v2\/pages\/4124\/revisions"}],"predecessor-version":[{"id":4719,"href":"https:\/\/agora.xtec.cat\/cfatorreromeu\/wp-json\/wp\/v2\/pages\/4124\/revisions\/4719"}],"up":[{"embeddable":true,"href":"https:\/\/agora.xtec.cat\/cfatorreromeu\/wp-json\/wp\/v2\/pages\/274"}],"wp:attachment":[{"href":"https:\/\/agora.xtec.cat\/cfatorreromeu\/wp-json\/wp\/v2\/media?parent=4124"}],"curies":[{"name":"wp","href":"https:\/\/api.w.org\/{rel}","templated":true}]}}