{"id":412,"date":"2017-11-17T11:57:26","date_gmt":"2017-11-17T10:57:26","guid":{"rendered":"http:\/\/agora.xtec.cat\/cfatorreromeu\/?page_id=412"},"modified":"2025-12-11T14:09:55","modified_gmt":"2025-12-11T13:09:55","slug":"documents-de-centre","status":"publish","type":"page","link":"https:\/\/agora.xtec.cat\/cfatorreromeu\/el-centre\/documents-de-centre\/","title":{"rendered":"Documents de centre"},"content":{"rendered":"<h6><a href=\"https:\/\/agora.xtec.cat\/cfatorreromeu\/wp-content\/uploads\/usu1713\/2024\/06\/PEC.pdf\"><strong>PEC<\/strong><\/a><\/h6>\n<p>El projecte educatiu de centre (PEC) \u00e9s el document que defineix com funciona el nostre centre educatiu. Inclou els principis rectors que el diferencien d\u2019altres centres, adaptat a la realitat de l\u2019entorn del nostre alumnat i d\u2019acord amb les conviccions pedag\u00f2giques dels docents; explicita les l\u00ednies d\u2019atenci\u00f3 a la diversitat i els objectius a mig termini; desglossa les l\u00ednies mestres d\u2019organitzaci\u00f3, que es concretaran al projecte curricular.<\/p>\n<p><a href=\"https:\/\/agora.xtec.cat\/cfatorreromeu\/wp-content\/uploads\/usu1713\/2025\/06\/NOFC2-2.pdf\"><strong>NOFC<\/strong><\/a><\/p>\n<p>Les Normes d\u2019Organitzaci\u00f3 i Funcionament del Centre, que formen part del projecte educatiu, \u00e9s el document que recull de manera ordenada els preceptes que regeixen la nostra organitzaci\u00f3 i les interrelacions de la vida escolar: explicita l\u2019estructura; defineix els vincles; recull les funcions, els drets i els deures dels diferents sectors que formen l\u2019escola; fixa els procediments; adapta la normativa general a la nostra realitat i estableix l\u2019espec\u00edfica pel nostre centre.<\/p>\n<p><a href=\"https:\/\/drive.google.com\/file\/d\/1t3tZEYTJ7IkEG_dk6wEcEWLg24HpLnl8\/view?usp=sharing\"><strong>PROJECTE LING\u00dc\u00cdSTIC DE CENTRE<\/strong><\/a><\/p>\n<p>El Projecte Ling\u00fc\u00edstic de Centre \u00e9s el document que concreta i planifica els principals objectius i estrat\u00e8gies que garanteixin la compet\u00e8ncia en l&#8217;\u00fas de les lleng\u00fces curriculars, de manera transversal i globalitzadora per a un aprenentatge comunicatiu i competencial.<\/p>\n<h6><a href=\"https:\/\/agora.xtec.cat\/cfatorreromeu\/wp-content\/uploads\/usu1713\/2025\/12\/Carta-compromis.pdf\">CARTA DE COMPROM\u00cdS<\/a><\/h6>\n<p>La carta de comprom\u00eds regula les obligacions que assumeixen tant els alumnes com el centre.<\/p>\n<h6><a href=\"https:\/\/agora.xtec.cat\/cfatorreromeu\/wp-content\/uploads\/usu1713\/2024\/06\/Projecte-de-Convivencia-1.pdf\"><strong>PROJECTE DE CONVIV\u00c8NCIA<\/strong><\/a><\/h6>\n<h6><a href=\"https:\/\/documents.espai.educacio.gencat.cat\/IPCNormativa\/DOIGC\/CUR_Adults.pdf\">DOCUMENTS PER A L&#8217;ORGANITZACI\u00d3 I GESTI\u00d3 DE CENTRES<\/a><\/h6>\n","protected":false},"excerpt":{"rendered":"<p>PEC El projecte educatiu de centre (PEC) \u00e9s el document que defineix com funciona el nostre centre educatiu. Inclou els principis rectors que el diferencien d\u2019altres centres, adaptat a la realitat de l\u2019entorn del nostre alumnat i d\u2019acord amb les conviccions pedag\u00f2giques dels docents; explicita les l\u00ednies d\u2019atenci\u00f3 a la diversitat i els objectius a [&hellip;]<\/p>\n","protected":false},"author":1,"featured_media":0,"parent":261,"menu_order":4,"comment_status":"closed","ping_status":"closed","template":"","meta":{"_bbp_topic_count":0,"_bbp_reply_count":0,"_bbp_total_topic_count":0,"_bbp_total_reply_count":0,"_bbp_voice_count":0,"_bbp_anonymous_reply_count":0,"_bbp_topic_count_hidden":0,"_bbp_reply_count_hidden":0,"_bbp_forum_subforum_count":0,"site-sidebar-layout":"default","site-content-layout":"","ast-site-content-layout":"","site-content-style":"default","site-sidebar-style":"default","ast-global-header-display":"","ast-banner-title-visibility":"","ast-main-header-display":"","ast-hfb-above-header-display":"","ast-hfb-below-header-display":"","ast-hfb-mobile-header-display":"","site-post-title":"","ast-breadcrumbs-content":"","ast-featured-img":"","footer-sml-layout":"","theme-transparent-header-meta":"","adv-header-id-meta":"","stick-header-meta":"","header-above-stick-meta":"","header-main-stick-meta":"","header-below-stick-meta":"","astra-migrate-meta-layouts":"default","ast-page-background-enabled":"default","ast-page-background-meta":{"desktop":{"background-color":"var(--ast-global-color-4)","background-image":"","background-repeat":"repeat","background-position":"center center","background-size":"auto","background-attachment":"scroll","background-type":"","background-media":"","overlay-type":"","overlay-color":"","overlay-opacity":"","overlay-gradient":""},"tablet":{"background-color":"","background-image":"","background-repeat":"repeat","background-position":"center center","background-size":"auto","background-attachment":"scroll","background-type":"","background-media":"","overlay-type":"","overlay-color":"","overlay-opacity":"","overlay-gradient":""},"mobile":{"background-color":"","background-image":"","background-repeat":"repeat","background-position":"center center","background-size":"auto","background-attachment":"scroll","background-type":"","background-media":"","overlay-type":"","overlay-color":"","overlay-opacity":"","overlay-gradient":""}},"ast-content-background-meta":{"desktop":{"background-color":"var(--ast-global-color-5)","background-image":"","background-repeat":"repeat","background-position":"center center","background-size":"auto","background-attachment":"scroll","background-type":"","background-media":"","overlay-type":"","overlay-color":"","overlay-opacity":"","overlay-gradient":""},"tablet":{"background-color":"var(--ast-global-color-5)","background-image":"","background-repeat":"repeat","background-position":"center center","background-size":"auto","background-attachment":"scroll","background-type":"","background-media":"","overlay-type":"","overlay-color":"","overlay-opacity":"","overlay-gradient":""},"mobile":{"background-color":"var(--ast-global-color-5)","background-image":"","background-repeat":"repeat","background-position":"center center","background-size":"auto","background-attachment":"scroll","background-type":"","background-media":"","overlay-type":"","overlay-color":"","overlay-opacity":"","overlay-gradient":""}},"footnotes":""},"class_list":["post-412","page","type-page","status-publish","hentry"],"post_mailing_queue_ids":[],"_links":{"self":[{"href":"https:\/\/agora.xtec.cat\/cfatorreromeu\/wp-json\/wp\/v2\/pages\/412","targetHints":{"allow":["GET"]}}],"collection":[{"href":"https:\/\/agora.xtec.cat\/cfatorreromeu\/wp-json\/wp\/v2\/pages"}],"about":[{"href":"https:\/\/agora.xtec.cat\/cfatorreromeu\/wp-json\/wp\/v2\/types\/page"}],"author":[{"embeddable":true,"href":"https:\/\/agora.xtec.cat\/cfatorreromeu\/wp-json\/wp\/v2\/users\/1"}],"replies":[{"embeddable":true,"href":"https:\/\/agora.xtec.cat\/cfatorreromeu\/wp-json\/wp\/v2\/comments?post=412"}],"version-history":[{"count":6,"href":"https:\/\/agora.xtec.cat\/cfatorreromeu\/wp-json\/wp\/v2\/pages\/412\/revisions"}],"predecessor-version":[{"id":4194,"href":"https:\/\/agora.xtec.cat\/cfatorreromeu\/wp-json\/wp\/v2\/pages\/412\/revisions\/4194"}],"up":[{"embeddable":true,"href":"https:\/\/agora.xtec.cat\/cfatorreromeu\/wp-json\/wp\/v2\/pages\/261"}],"wp:attachment":[{"href":"https:\/\/agora.xtec.cat\/cfatorreromeu\/wp-json\/wp\/v2\/media?parent=412"}],"curies":[{"name":"wp","href":"https:\/\/api.w.org\/{rel}","templated":true}]}}