{"id":2710,"date":"2024-03-01T13:13:52","date_gmt":"2024-03-01T12:13:52","guid":{"rendered":"https:\/\/agora.xtec.cat\/cfatorreromeu\/?page_id=2710"},"modified":"2025-04-24T18:09:27","modified_gmt":"2025-04-24T16:09:27","slug":"capacitacio-digital","status":"publish","type":"page","link":"https:\/\/agora.xtec.cat\/cfatorreromeu\/serveis\/capacitacio-digital\/","title":{"rendered":"Capacitaci\u00f3 digital"},"content":{"rendered":"<p style=\"text-align: justify;\">El CFA Torre Romeu forma part de la Xarxa de Centres de Capacitaci\u00f3 Digital. Formar part d&#8217;aquesta xarxa t\u00e9 com a principal objectiu facilitar a la ciutadania l&#8217;acc\u00e9s a la formaci\u00f3 en compet\u00e8ncies digitals. Aquestes compet\u00e8ncies s\u00f3n necess\u00e0ries per desenvolupar-se, de forma quotidiana en una societat cada vegada m\u00e9s digitalitzada, com ara la banca, l&#8217;acc\u00e9s a les administracions p\u00fabliques o el consum de forma telem\u00e0tica.<\/p>\n<p style=\"text-align: justify;\">La formaci\u00f3 s&#8217;adre\u00e7a a un sector de la poblaci\u00f3 que, b\u00e9 per la seva edat, pel seu baix nivell de formaci\u00f3, o per la seva vulnerabilitat, no t\u00e9 les compet\u00e8ncies digitals necess\u00e0ries, situant-los en desavantatge respecte de la poblaci\u00f3 general i empitjorant de forma significativa la seva qualitat de vida (bretxa digital).<\/p>\n<p style=\"text-align: justify;\">Hi ha cinc cursos de formaci\u00f3 en l&#8217;\u00e0mbit digital, que van des del nivell m\u00e9s b\u00e0sic fins a l&#8217;\u00e0mbit professional.\u00a0<strong>Aquests cursos s\u00f3n gratu\u00efts<\/strong>.<\/p>\n<p><a href=\"https:\/\/educacio.gencat.cat\/ca\/serveis-tramits\/formacio-digital\/index.html\">M\u00e9s informaci\u00f3<\/a><a href=\"https:\/\/agora.xtec.cat\/cfatorreromeu\/wp-content\/uploads\/usu1713\/2025\/02\/cartell-Capacitacio-digital_abril.jpg\"><img loading=\"lazy\" decoding=\"async\" class=\"aligncenter  wp-image-3384\" src=\"https:\/\/agora.xtec.cat\/cfatorreromeu\/wp-content\/uploads\/usu1713\/2025\/02\/cartell-Capacitacio-digital_abril.jpg\" alt=\"\" width=\"510\" height=\"714\" srcset=\"https:\/\/agora.xtec.cat\/cfatorreromeu\/wp-content\/uploads\/usu1713\/2025\/02\/cartell-Capacitacio-digital_abril.jpg 1024w, https:\/\/agora.xtec.cat\/cfatorreromeu\/wp-content\/uploads\/usu1713\/2025\/02\/cartell-Capacitacio-digital_abril-214x300.jpg 214w, https:\/\/agora.xtec.cat\/cfatorreromeu\/wp-content\/uploads\/usu1713\/2025\/02\/cartell-Capacitacio-digital_abril-731x1024.jpg 731w, https:\/\/agora.xtec.cat\/cfatorreromeu\/wp-content\/uploads\/usu1713\/2025\/02\/cartell-Capacitacio-digital_abril-768x1076.jpg 768w\" sizes=\"auto, (max-width: 510px) 100vw, 510px\" \/><\/a><\/p>\n","protected":false},"excerpt":{"rendered":"<p>El CFA Torre Romeu forma part de la Xarxa de Centres de Capacitaci\u00f3 Digital. Formar part d&#8217;aquesta xarxa t\u00e9 com a principal objectiu facilitar a la ciutadania l&#8217;acc\u00e9s a la formaci\u00f3 en compet\u00e8ncies digitals. Aquestes compet\u00e8ncies s\u00f3n necess\u00e0ries per desenvolupar-se, de forma quotidiana en una societat cada vegada m\u00e9s digitalitzada, com ara la banca, l&#8217;acc\u00e9s [&hellip;]<\/p>\n","protected":false},"author":1,"featured_media":0,"parent":63,"menu_order":0,"comment_status":"closed","ping_status":"closed","template":"page-templates\/side-menu.php","meta":{"_bbp_topic_count":0,"_bbp_reply_count":0,"_bbp_total_topic_count":0,"_bbp_total_reply_count":0,"_bbp_voice_count":0,"_bbp_anonymous_reply_count":0,"_bbp_topic_count_hidden":0,"_bbp_reply_count_hidden":0,"_bbp_forum_subforum_count":0,"site-sidebar-layout":"default","site-content-layout":"","ast-site-content-layout":"","site-content-style":"default","site-sidebar-style":"default","ast-global-header-display":"","ast-banner-title-visibility":"","ast-main-header-display":"","ast-hfb-above-header-display":"","ast-hfb-below-header-display":"","ast-hfb-mobile-header-display":"","site-post-title":"","ast-breadcrumbs-content":"","ast-featured-img":"","footer-sml-layout":"","theme-transparent-header-meta":"","adv-header-id-meta":"","stick-header-meta":"","header-above-stick-meta":"","header-main-stick-meta":"","header-below-stick-meta":"","astra-migrate-meta-layouts":"default","ast-page-background-enabled":"default","ast-page-background-meta":{"desktop":{"background-color":"var(--ast-global-color-4)","background-image":"","background-repeat":"repeat","background-position":"center center","background-size":"auto","background-attachment":"scroll","background-type":"","background-media":"","overlay-type":"","overlay-color":"","overlay-opacity":"","overlay-gradient":""},"tablet":{"background-color":"","background-image":"","background-repeat":"repeat","background-position":"center center","background-size":"auto","background-attachment":"scroll","background-type":"","background-media":"","overlay-type":"","overlay-color":"","overlay-opacity":"","overlay-gradient":""},"mobile":{"background-color":"","background-image":"","background-repeat":"repeat","background-position":"center center","background-size":"auto","background-attachment":"scroll","background-type":"","background-media":"","overlay-type":"","overlay-color":"","overlay-opacity":"","overlay-gradient":""}},"ast-content-background-meta":{"desktop":{"background-color":"var(--ast-global-color-5)","background-image":"","background-repeat":"repeat","background-position":"center center","background-size":"auto","background-attachment":"scroll","background-type":"","background-media":"","overlay-type":"","overlay-color":"","overlay-opacity":"","overlay-gradient":""},"tablet":{"background-color":"var(--ast-global-color-5)","background-image":"","background-repeat":"repeat","background-position":"center center","background-size":"auto","background-attachment":"scroll","background-type":"","background-media":"","overlay-type":"","overlay-color":"","overlay-opacity":"","overlay-gradient":""},"mobile":{"background-color":"var(--ast-global-color-5)","background-image":"","background-repeat":"repeat","background-position":"center center","background-size":"auto","background-attachment":"scroll","background-type":"","background-media":"","overlay-type":"","overlay-color":"","overlay-opacity":"","overlay-gradient":""}},"footnotes":""},"class_list":["post-2710","page","type-page","status-publish","hentry"],"post_mailing_queue_ids":[],"_links":{"self":[{"href":"https:\/\/agora.xtec.cat\/cfatorreromeu\/wp-json\/wp\/v2\/pages\/2710","targetHints":{"allow":["GET"]}}],"collection":[{"href":"https:\/\/agora.xtec.cat\/cfatorreromeu\/wp-json\/wp\/v2\/pages"}],"about":[{"href":"https:\/\/agora.xtec.cat\/cfatorreromeu\/wp-json\/wp\/v2\/types\/page"}],"author":[{"embeddable":true,"href":"https:\/\/agora.xtec.cat\/cfatorreromeu\/wp-json\/wp\/v2\/users\/1"}],"replies":[{"embeddable":true,"href":"https:\/\/agora.xtec.cat\/cfatorreromeu\/wp-json\/wp\/v2\/comments?post=2710"}],"version-history":[{"count":7,"href":"https:\/\/agora.xtec.cat\/cfatorreromeu\/wp-json\/wp\/v2\/pages\/2710\/revisions"}],"predecessor-version":[{"id":3544,"href":"https:\/\/agora.xtec.cat\/cfatorreromeu\/wp-json\/wp\/v2\/pages\/2710\/revisions\/3544"}],"up":[{"embeddable":true,"href":"https:\/\/agora.xtec.cat\/cfatorreromeu\/wp-json\/wp\/v2\/pages\/63"}],"wp:attachment":[{"href":"https:\/\/agora.xtec.cat\/cfatorreromeu\/wp-json\/wp\/v2\/media?parent=2710"}],"curies":[{"name":"wp","href":"https:\/\/api.w.org\/{rel}","templated":true}]}}