{"id":1125,"date":"2019-07-05T14:11:44","date_gmt":"2019-07-05T12:11:44","guid":{"rendered":"http:\/\/agora.xtec.cat\/cfatorrentmelis\/?page_id=1125"},"modified":"2020-06-15T19:36:39","modified_gmt":"2020-06-15T17:36:39","slug":"oferta-formativa-curs-2019-20","status":"publish","type":"page","link":"https:\/\/agora.xtec.cat\/cfatorrentmelis\/ensenyaments\/oferta-formativa-curs-2019-20\/","title":{"rendered":"Oferta Formativa curs 2019-20"},"content":{"rendered":"<header class=\"entry-header\">\n<h4 class=\"entry-title\"><strong style=\"font-size: 1.4375em;\">DESCRIPCI\u00d3 DE CADA CURS<\/strong><\/h4>\n<\/header>\n<div class=\"entry-content\">\n<h6><strong><u>Preparaci\u00f3 a proves d\u2019acc\u00e9s a cicles formatius de grau mitj\u00e0:<\/u><\/strong><\/h6>\n<p>Curs que t\u00e9 com a objectiu preparar els estudiants per fer la prova d\u2019acc\u00e9s i poder accedir a un\u00a0 cicle de grau mitj\u00e0 de formaci\u00f3 professional.<br \/>\nAdre\u00e7at a totes aquelles persones majors de 16 anys ( complerts l\u2019any 2017) que no tenen el graduat d\u2019ESO (educaci\u00f3 secund\u00e0ria obligat\u00f2ria).<br \/>\nEl curs t\u00e9 una durada m\u00ednima de 330 hores, l\u2019assist\u00e8ncia a classe \u00e9s obligat\u00f2ria i totes les faltes hauran de ser justificades.<br \/>\nLa qualificaci\u00f3 que s\u2019obt\u00e9 en aquesta formaci\u00f3 pot ajudar a pujar la nota final a la prova d\u2019acc\u00e9s<\/p>\n<h6><strong><u>Cursos de Catal\u00e0:<\/u><\/strong><\/h6>\n<p><strong>Llengua catalana 1 \u00a0(Nivell A1) :<\/strong><br \/>\nCurs adre\u00e7at\u00a0 a persones de parla no catalana, sense cap coneixement de la llengua. En aquest curs es treballen principalment les compet\u00e8ncies de la llengua oral. Curs anual de 105 hores.<\/p>\n<p><strong>Llengua catalana 2 ( Nivell A2 ) :<\/strong><br \/>\nCurs adre\u00e7at\u00a0 a persones de parla no catalana, amb uns m\u00ednims coneixements de la llengua. En aquest\u00a0 curs es treballen principalment les compet\u00e8ncies de la llengua oral i una introducci\u00f3 a la llengua escrita. Curs anual de 140 hores.<\/p>\n<h6><strong><u>Cursos de Castell\u00e0:<\/u><\/strong><\/h6>\n<p><strong>Llengua castellana 1\u00a0 ( Nivell A1) :<\/strong><br \/>\nCurs adre\u00e7at a persones nouvingudes sense cap coneixement de la llengua castellana. L\u2019objectiu d\u2019aquest curs \u00e9s assolir un nivell comunicatiu suficient per a fer-se entendre o per entendre els que els envolten. Curs anual de 105 hores.<\/p>\n<p><strong>Llengua castellana 2 (Nivell A2)\u00a0 :<\/strong><br \/>\nCurs adre\u00e7at a persones nouvingudes que o b\u00e9 han superat el nivell 1 o tenen un m\u00ednim coneixement de la llengua castellana.\u00a0 El curs t\u00e9 com a objectiu ampliar i millorar\u00a0 les seves compet\u00e8ncies comunicatives b\u00e0siques tant orals com escrites. Curs anual de 140 hores.<\/p>\n<p><strong>Llengua castellana 3 ( Nivell B1) :<\/strong><br \/>\nCurs adre\u00e7at a persones nouvingudes que han superat el nivell 2 i que\u00a0 volen ampliar i millorar les compet\u00e8ncies b\u00e0siques d\u2019expressi\u00f3 i comprensi\u00f3 tant a nivell\u00a0 oral com d\u2019escriptura. Curs anual de 140 hores.<\/p>\n<h6><strong><u>Cursos d\u2019Angl\u00e8s:<\/u><\/strong><\/h6>\n<p><strong>Angl\u00e8s 1\u00a0 ( Nivell A1) :<\/strong><br \/>\n\u00c9s un curs d\u2019iniciaci\u00f3 a la llengua anglesa, adre\u00e7at a tots aquells que vulguin iniciar-se en l\u2019aprenentatge d\u2019aquesta llengua. Curs anual de 105 hores.<\/p>\n<p><strong>Angl\u00e8s 2 \u00a0( Nivell A2.1) :<\/strong><br \/>\nAdre\u00e7at a les persones que han superat el nivell 1 o que disposen d\u2019aquests coneixements. Es treballa la comprensi\u00f3 i producci\u00f3 orals i escrites per poder actuar en la major part de les situacions quotidianes. Curs anual de 140 hores.<\/p>\n<p><strong>Angl\u00e8s 3 (Nivell A2.2) :<\/strong><br \/>\nAdre\u00e7at a les persones que han superat el nivell 2 o que disposen d\u2019aquests coneixements. \u00a0L\u2019objectiu d\u2019aquest curs \u00e9s adquirir un grau de compet\u00e8ncia\u00a0 comunicativa b\u00e0sica. Curs anual de 140 hores.<\/p>\n<h6><\/h6>\n<h6><strong><u>Cursos d\u2019Inform\u00e0tica:<\/u><\/strong><\/h6>\n<p><strong>Competic inicial:<\/strong><br \/>\nCurs anual de 105 hores adre\u00e7at a aquelles persones que no han tingut encara cap contacte amb l\u2019ordinador o que tenen coneixements molt elementals. En aquest curs es treballa:<\/p>\n<ul>\n<li>Funcionament elemental del sistema operatiu.<\/li>\n<li>Tractament de textos.<\/li>\n<li>Navegaci\u00f3 i comunicaci\u00f3 per internet.<\/li>\n<\/ul>\n<p><strong>Competic 1 :\u00a0<\/strong><br \/>\nCurs anual de 105 hores \u00a0adre\u00e7at a \u00a0persones que han fet el curs de Competic inicial o que tenen aquests coneixements. En aquest curs es treballa:<\/p>\n<ul>\n<li>Funcionament b\u00e0sic del sistema operatiu.<\/li>\n<li>Full de c\u00e0lcul.<\/li>\n<li>Tractament de la informaci\u00f3 gr\u00e0fica i sonora.<\/li>\n<li>Navegaci\u00f3 per internet: participaci\u00f3 i civisme digital.<\/li>\n<\/ul>\n<p>El certificat d\u2019aquest curs equival al certificat b\u00e0sic de l\u2019ACTIC.<\/p>\n<p><strong>Competic 2:\u00a0<\/strong><br \/>\nCurs anual \u00a0de 140 hores adre\u00e7at a persones que han cursat abans el nivell Competic 1 o que tenen els coneixements corresponents a aquell nivell. En aquest curs es treballa:<\/p>\n<ul>\n<li>Presentaci\u00f3 de continguts.<\/li>\n<li>Tractament de les dades.<\/li>\n<li>Coneixement avan\u00e7at del: sistema operatiu, processador de textos, full de c\u00e0lcul, tractament de la informaci\u00f3 gr\u00e0fica i sonora, navegaci\u00f3 per internet.<\/li>\n<\/ul>\n<p>El certificat d\u2019aquest curs equival al certificat mitj\u00e0 de l\u2019ACTIC.<\/p>\n<p><strong>Competic 3:<\/strong><br \/>\nCurs\u00a0 adre\u00e7at a persones que\u00a0 han cursat abans el nivell Competic 2 o que el poden acreditar. \u00a0En aquest curs es recullen tres de les cinc compet\u00e8ncies del nivell avan\u00e7at de l\u2019ACTIC.<br \/>\nC4.Tractament de la informaci\u00f3 escrita.<br \/>\nC5. Tractament de la informaci\u00f3 gr\u00e0fica, sonora i imatge.<br \/>\nC6. Tractament de la informaci\u00f3 num\u00e8rica.<br \/>\nC7. Tractament de les dades.<br \/>\nC8. Presentaci\u00f3 de continguts<br \/>\nAl nostre centre\u00a0<em>oferim les compet\u00e8ncies<\/em>:\u00a0<strong>1r trimestre: C4, 2n trimestre: C8 i 3er trimestre: C6.<\/strong><br \/>\nEl certificat d\u2019aquest curs equival al certificat avan\u00e7at de l\u2019ACTIC.<\/p>\n<h4><strong>CONSULTA DETALLADA<\/strong><\/h4>\n<p>En aquest enlla\u00e7 podreu consultar el detall de dies, hores i mestres que imparteixen cada nivell:\u00a0<a href=\"https:\/\/drive.google.com\/file\/d\/1bTMcpScYsWdim5z2lurLlHOt9lbop-D0\/view\" target=\"_blank\" rel=\"noopener noreferrer\">Horaris curs 2019 &#8211; 2020<\/a><\/p>\n<\/div>\n","protected":false},"excerpt":{"rendered":"<p>DESCRIPCI\u00d3 DE CADA CURS<\/p>\n<p>Preparaci\u00f3 a proves d\u2019acc\u00e9s a cicles formatius de grau mitj\u00e0:<br \/>\nCurs que t\u00e9 com a objectiu preparar els estudiants per fer la prova d\u2019acc\u00e9s i poder accedir a un\u00a0 cicle de grau mitj\u00e0 de formaci\u00f3 professional.<br \/>\nAdre\u00e7at a totes aquelles persones majors de 16&hellip;  <a href=\"https:\/\/agora.xtec.cat\/cfatorrentmelis\/ensenyaments\/oferta-formativa-curs-2019-20\/\" title=\"Read Oferta Formativa curs 2019-20\">Llegeix m\u00e9s\u00bb<\/a><\/p>\n","protected":false},"author":1,"featured_media":0,"parent":274,"menu_order":0,"comment_status":"closed","ping_status":"closed","template":"","meta":{"_bbp_topic_count":0,"_bbp_reply_count":0,"_bbp_total_topic_count":0,"_bbp_total_reply_count":0,"_bbp_voice_count":0,"_bbp_anonymous_reply_count":0,"_bbp_topic_count_hidden":0,"_bbp_reply_count_hidden":0,"_bbp_forum_subforum_count":0,"footnotes":""},"class_list":["post-1125","page","type-page","status-publish","hentry"],"post_mailing_queue_ids":[],"_links":{"self":[{"href":"https:\/\/agora.xtec.cat\/cfatorrentmelis\/wp-json\/wp\/v2\/pages\/1125","targetHints":{"allow":["GET"]}}],"collection":[{"href":"https:\/\/agora.xtec.cat\/cfatorrentmelis\/wp-json\/wp\/v2\/pages"}],"about":[{"href":"https:\/\/agora.xtec.cat\/cfatorrentmelis\/wp-json\/wp\/v2\/types\/page"}],"author":[{"embeddable":true,"href":"https:\/\/agora.xtec.cat\/cfatorrentmelis\/wp-json\/wp\/v2\/users\/1"}],"replies":[{"embeddable":true,"href":"https:\/\/agora.xtec.cat\/cfatorrentmelis\/wp-json\/wp\/v2\/comments?post=1125"}],"version-history":[{"count":3,"href":"https:\/\/agora.xtec.cat\/cfatorrentmelis\/wp-json\/wp\/v2\/pages\/1125\/revisions"}],"predecessor-version":[{"id":1443,"href":"https:\/\/agora.xtec.cat\/cfatorrentmelis\/wp-json\/wp\/v2\/pages\/1125\/revisions\/1443"}],"up":[{"embeddable":true,"href":"https:\/\/agora.xtec.cat\/cfatorrentmelis\/wp-json\/wp\/v2\/pages\/274"}],"wp:attachment":[{"href":"https:\/\/agora.xtec.cat\/cfatorrentmelis\/wp-json\/wp\/v2\/media?parent=1125"}],"curies":[{"name":"wp","href":"https:\/\/api.w.org\/{rel}","templated":true}]}}