{"id":7377,"date":"2024-10-07T11:40:45","date_gmt":"2024-10-07T09:40:45","guid":{"rendered":"https:\/\/agora.xtec.cat\/cfaterrabaixa\/?page_id=7377"},"modified":"2025-02-18T20:22:27","modified_gmt":"2025-02-18T19:22:27","slug":"creacions-i-treballs-de-lalumnat","status":"publish","type":"page","link":"https:\/\/agora.xtec.cat\/cfaterrabaixa\/creacions-i-treballs-de-lalumnat\/","title":{"rendered":"Creacions i Treballs de l&#8217;Alumnat"},"content":{"rendered":"\n<p>En aquesta p\u00e0gina es publicaran els diferents treballs i projectes que l&#8217;alumnat dugui a terme.<\/p>\n\n\n\n<p>La Rosa de GES 1 ens comparteix aquesta interessant not\u00edcia sobre un bosc en perill d&#8217;extinci\u00f3, esperem que la trobeu interessant. <\/p>\n\n\n\n<div data-wp-interactive=\"core\/file\" class=\"wp-block-file\"><object data-wp-bind--hidden=\"!state.hasPdfPreview\" hidden class=\"wp-block-file__embed\" data=\"https:\/\/agora.xtec.cat\/cfaterrabaixa\/wp-content\/uploads\/usu1852\/2024\/11\/Rosa-Lopez-Lesser-viu-mes-gran-i-mes-vell-del-planeta-es-un-bosc-es-diu-Pando-i-esta-en-perill-1.pdf\" type=\"application\/pdf\" style=\"width:100%;height:600px\" aria-label=\"Incrustaci\u00f3 del fitxer Rosa-Lopez-Lesser-viu-mes-gran-i-mes-vell-del-planeta-es-un-bosc-es-diu-Pando-i-esta-en-perill-1.\"><\/object><a id=\"wp-block-file--media-d5c15204-d1f2-4dba-96bb-d7d35fb196e8\" href=\"https:\/\/agora.xtec.cat\/cfaterrabaixa\/wp-content\/uploads\/usu1852\/2024\/11\/Rosa-Lopez-Lesser-viu-mes-gran-i-mes-vell-del-planeta-es-un-bosc-es-diu-Pando-i-esta-en-perill-1.pdf\">Rosa-Lopez-Lesser-viu-mes-gran-i-mes-vell-del-planeta-es-un-bosc-es-diu-Pando-i-esta-en-perill-1<\/a><a href=\"https:\/\/agora.xtec.cat\/cfaterrabaixa\/wp-content\/uploads\/usu1852\/2024\/11\/Rosa-Lopez-Lesser-viu-mes-gran-i-mes-vell-del-planeta-es-un-bosc-es-diu-Pando-i-esta-en-perill-1.pdf\" class=\"wp-block-file__button wp-element-button\" download aria-describedby=\"wp-block-file--media-d5c15204-d1f2-4dba-96bb-d7d35fb196e8\">Baixa<\/a><\/div>\n\n\n\n<p>Aqu\u00ed trobareu els treballs que l&#8217;alumnat de GES1 ha fet sobre el medi ambient i la sostenibilitat.<\/p>\n\n\n\n<div class=\"wp-block-file\"><a id=\"wp-block-file--media-234eb3b3-a809-4517-a734-b0efec4dd542\" href=\"https:\/\/agora.xtec.cat\/cfaterrabaixa\/wp-content\/uploads\/usu1852\/2025\/02\/Sostenibiltat-Damm-Revista-Aral-Damari-i-Mariam.pptx\">Sostenibiltat-Damm-Revista-Aral-Damari-i-Mariam<\/a><a href=\"https:\/\/agora.xtec.cat\/cfaterrabaixa\/wp-content\/uploads\/usu1852\/2025\/02\/Sostenibiltat-Damm-Revista-Aral-Damari-i-Mariam.pptx\" class=\"wp-block-file__button wp-element-button\" download aria-describedby=\"wp-block-file--media-234eb3b3-a809-4517-a734-b0efec4dd542\">Baixa<\/a><\/div>\n\n\n\n<div data-wp-interactive=\"core\/file\" class=\"wp-block-file\"><object data-wp-bind--hidden=\"!state.hasPdfPreview\" hidden class=\"wp-block-file__embed\" data=\"https:\/\/agora.xtec.cat\/cfaterrabaixa\/wp-content\/uploads\/usu1852\/2025\/02\/Sequera-2023-Dereck.pdf\" type=\"application\/pdf\" style=\"width:100%;height:600px\" aria-label=\"Incrustaci\u00f3 del fitxer Sequera-2023-Dereck.\"><\/object><a id=\"wp-block-file--media-8a29db73-6c82-4dd0-abad-65805011f99b\" href=\"https:\/\/agora.xtec.cat\/cfaterrabaixa\/wp-content\/uploads\/usu1852\/2025\/02\/Sequera-2023-Dereck.pdf\">Sequera-2023-Dereck<\/a><a href=\"https:\/\/agora.xtec.cat\/cfaterrabaixa\/wp-content\/uploads\/usu1852\/2025\/02\/Sequera-2023-Dereck.pdf\" class=\"wp-block-file__button wp-element-button\" download aria-describedby=\"wp-block-file--media-8a29db73-6c82-4dd0-abad-65805011f99b\">Baixa<\/a><\/div>\n\n\n\n<div data-wp-interactive=\"core\/file\" class=\"wp-block-file\"><object data-wp-bind--hidden=\"!state.hasPdfPreview\" hidden class=\"wp-block-file__embed\" data=\"https:\/\/agora.xtec.cat\/cfaterrabaixa\/wp-content\/uploads\/usu1852\/2025\/02\/Macrogranges-nocives-Greenpace-Maig-2024-Conchi.pdf\" type=\"application\/pdf\" style=\"width:100%;height:600px\" aria-label=\"Incrustaci\u00f3 del fitxer Macrogranges-nocives-Greenpace-Maig-2024-Conchi.\"><\/object><a id=\"wp-block-file--media-b923b735-0b3f-4685-ab10-8720b046d844\" href=\"https:\/\/agora.xtec.cat\/cfaterrabaixa\/wp-content\/uploads\/usu1852\/2025\/02\/Macrogranges-nocives-Greenpace-Maig-2024-Conchi.pdf\">Macrogranges-nocives-Greenpace-Maig-2024-Conchi<\/a><a href=\"https:\/\/agora.xtec.cat\/cfaterrabaixa\/wp-content\/uploads\/usu1852\/2025\/02\/Macrogranges-nocives-Greenpace-Maig-2024-Conchi.pdf\" class=\"wp-block-file__button wp-element-button\" download aria-describedby=\"wp-block-file--media-b923b735-0b3f-4685-ab10-8720b046d844\">Baixa<\/a><\/div>\n\n\n\n<div data-wp-interactive=\"core\/file\" class=\"wp-block-file\"><object data-wp-bind--hidden=\"!state.hasPdfPreview\" hidden class=\"wp-block-file__embed\" data=\"https:\/\/agora.xtec.cat\/cfaterrabaixa\/wp-content\/uploads\/usu1852\/2025\/02\/Els-efectes-de-la-contaminacio-de-laire-en-la-salut-humana-El-Pais-Gener-2025-Kashaf.pdf\" type=\"application\/pdf\" style=\"width:100%;height:600px\" aria-label=\"Incrustaci\u00f3 del fitxer Els-efectes-de-la-contaminacio-de-laire-en-la-salut-humana-El-Pais-Gener-2025-Kashaf.\"><\/object><a id=\"wp-block-file--media-15a5e658-494b-4f1a-9b87-030915df0aba\" href=\"https:\/\/agora.xtec.cat\/cfaterrabaixa\/wp-content\/uploads\/usu1852\/2025\/02\/Els-efectes-de-la-contaminacio-de-laire-en-la-salut-humana-El-Pais-Gener-2025-Kashaf.pdf\">Els-efectes-de-la-contaminacio-de-laire-en-la-salut-humana-El-Pais-Gener-2025-Kashaf<\/a><a href=\"https:\/\/agora.xtec.cat\/cfaterrabaixa\/wp-content\/uploads\/usu1852\/2025\/02\/Els-efectes-de-la-contaminacio-de-laire-en-la-salut-humana-El-Pais-Gener-2025-Kashaf.pdf\" class=\"wp-block-file__button wp-element-button\" download aria-describedby=\"wp-block-file--media-15a5e658-494b-4f1a-9b87-030915df0aba\">Baixa<\/a><\/div>\n","protected":false},"excerpt":{"rendered":"<p>En aquesta p\u00e0gina es publicaran els diferents treballs i projectes que l&#8217;alumnat dugui a terme. La Rosa de GES 1 ens comparteix aquesta interessant not\u00edcia sobre un bosc en perill d&#8217;extinci\u00f3, esperem que la trobeu interessant. Aqu\u00ed trobareu els treballs que l&#8217;alumnat de GES1 ha fet sobre el medi ambient i la sostenibilitat.<\/p>\n","protected":false},"author":1,"featured_media":0,"parent":0,"menu_order":0,"comment_status":"closed","ping_status":"close","template":"","meta":{"_bbp_topic_count":0,"_bbp_reply_count":0,"_bbp_total_topic_count":0,"_bbp_total_reply_count":0,"_bbp_voice_count":0,"_bbp_anonymous_reply_count":0,"_bbp_topic_count_hidden":0,"_bbp_reply_count_hidden":0,"_bbp_forum_subforum_count":0,"site-sidebar-layout":"default","site-content-layout":"","ast-site-content-layout":"","site-content-style":"default","site-sidebar-style":"default","ast-global-header-display":"","ast-banner-title-visibility":"","ast-main-header-display":"","ast-hfb-above-header-display":"","ast-hfb-below-header-display":"","ast-hfb-mobile-header-display":"","site-post-title":"","ast-breadcrumbs-content":"","ast-featured-img":"","footer-sml-layout":"","theme-transparent-header-meta":"","adv-header-id-meta":"","stick-header-meta":"","header-above-stick-meta":"","header-main-stick-meta":"","header-below-stick-meta":"","astra-migrate-meta-layouts":"default","ast-page-background-enabled":"default","ast-page-background-meta":{"desktop":{"background-color":"var(--ast-global-color-4)","background-image":"","background-repeat":"repeat","background-position":"center center","background-size":"auto","background-attachment":"scroll","background-type":"","background-media":"","overlay-type":"","overlay-color":"","overlay-opacity":"","overlay-gradient":""},"tablet":{"background-color":"","background-image":"","background-repeat":"repeat","background-position":"center center","background-size":"auto","background-attachment":"scroll","background-type":"","background-media":"","overlay-type":"","overlay-color":"","overlay-opacity":"","overlay-gradient":""},"mobile":{"background-color":"","background-image":"","background-repeat":"repeat","background-position":"center center","background-size":"auto","background-attachment":"scroll","background-type":"","background-media":"","overlay-type":"","overlay-color":"","overlay-opacity":"","overlay-gradient":""}},"ast-content-background-meta":{"desktop":{"background-color":"var(--ast-global-color-5)","background-image":"","background-repeat":"repeat","background-position":"center center","background-size":"auto","background-attachment":"scroll","background-type":"","background-media":"","overlay-type":"","overlay-color":"","overlay-opacity":"","overlay-gradient":""},"tablet":{"background-color":"var(--ast-global-color-5)","background-image":"","background-repeat":"repeat","background-position":"center center","background-size":"auto","background-attachment":"scroll","background-type":"","background-media":"","overlay-type":"","overlay-color":"","overlay-opacity":"","overlay-gradient":""},"mobile":{"background-color":"var(--ast-global-color-5)","background-image":"","background-repeat":"repeat","background-position":"center center","background-size":"auto","background-attachment":"scroll","background-type":"","background-media":"","overlay-type":"","overlay-color":"","overlay-opacity":"","overlay-gradient":""}},"footnotes":""},"class_list":["post-7377","page","type-page","status-publish","hentry"],"post_mailing_queue_ids":[],"_links":{"self":[{"href":"https:\/\/agora.xtec.cat\/cfaterrabaixa\/wp-json\/wp\/v2\/pages\/7377","targetHints":{"allow":["GET"]}}],"collection":[{"href":"https:\/\/agora.xtec.cat\/cfaterrabaixa\/wp-json\/wp\/v2\/pages"}],"about":[{"href":"https:\/\/agora.xtec.cat\/cfaterrabaixa\/wp-json\/wp\/v2\/types\/page"}],"author":[{"embeddable":true,"href":"https:\/\/agora.xtec.cat\/cfaterrabaixa\/wp-json\/wp\/v2\/users\/1"}],"replies":[{"embeddable":true,"href":"https:\/\/agora.xtec.cat\/cfaterrabaixa\/wp-json\/wp\/v2\/comments?post=7377"}],"version-history":[{"count":4,"href":"https:\/\/agora.xtec.cat\/cfaterrabaixa\/wp-json\/wp\/v2\/pages\/7377\/revisions"}],"predecessor-version":[{"id":7607,"href":"https:\/\/agora.xtec.cat\/cfaterrabaixa\/wp-json\/wp\/v2\/pages\/7377\/revisions\/7607"}],"wp:attachment":[{"href":"https:\/\/agora.xtec.cat\/cfaterrabaixa\/wp-json\/wp\/v2\/media?parent=7377"}],"curies":[{"name":"wp","href":"https:\/\/api.w.org\/{rel}","templated":true}]}}