{"id":5520,"date":"2021-05-26T12:27:14","date_gmt":"2021-05-26T10:27:14","guid":{"rendered":"http:\/\/agora.xtec.cat\/cfaterrabaixa\/?page_id=5520"},"modified":"2025-06-21T11:51:00","modified_gmt":"2025-06-21T09:51:00","slug":"competic","status":"publish","type":"page","link":"https:\/\/agora.xtec.cat\/cfaterrabaixa\/ensenyaments-que-oferim\/ensenyaments-transprofessionals\/competic\/","title":{"rendered":"Competic"},"content":{"rendered":"\n<figure class=\"wp-block-image size-large\"><a href=\"https:\/\/agora.xtec.cat\/cfaterrabaixa\/wp-content\/uploads\/usu1852\/2025\/06\/Competic-2025-2026.png\"><img loading=\"lazy\" decoding=\"async\" width=\"1024\" height=\"724\" src=\"https:\/\/agora.xtec.cat\/cfaterrabaixa\/wp-content\/uploads\/usu1852\/2025\/06\/Competic-2025-2026-1024x724.png\" alt=\"\" class=\"wp-image-7838\" srcset=\"https:\/\/agora.xtec.cat\/cfaterrabaixa\/wp-content\/uploads\/usu1852\/2025\/06\/Competic-2025-2026-1024x724.png 1024w, https:\/\/agora.xtec.cat\/cfaterrabaixa\/wp-content\/uploads\/usu1852\/2025\/06\/Competic-2025-2026-300x212.png 300w, https:\/\/agora.xtec.cat\/cfaterrabaixa\/wp-content\/uploads\/usu1852\/2025\/06\/Competic-2025-2026-768x543.png 768w, https:\/\/agora.xtec.cat\/cfaterrabaixa\/wp-content\/uploads\/usu1852\/2025\/06\/Competic-2025-2026-1536x1086.png 1536w, https:\/\/agora.xtec.cat\/cfaterrabaixa\/wp-content\/uploads\/usu1852\/2025\/06\/Competic-2025-2026-2048x1448.png 2048w\" sizes=\"auto, (max-width: 1024px) 100vw, 1024px\" \/><\/a><\/figure>\n\n\n\n<p>&nbsp;<\/p>\n\n\n\n<figure class=\"wp-block-table\"><table class=\"has-fixed-layout\"><tbody><tr><td>C1: Cultura, participaci\u00f3 i civisme digital.<\/td><\/tr><tr><td>C2: Tecnologia digital, \u00fas de l\u2019ordinador i del sistema operatiu.<\/td><\/tr><tr><td>C3: Navegaci\u00f3 i comunicaci\u00f3 en el m\u00f3n digital.<\/td><\/tr><tr><td>C4: Tractament de la informaci\u00f3 escrita.<\/td><\/tr><tr><td>C5: Tractament de la informaci\u00f3 gr\u00e0fica, sonora i de la imatge en moviment.<\/td><\/tr><tr><td>C6: Tractament de la informaci\u00f3 num\u00e8rica.<\/td><\/tr><tr><td>C7: Tractament de les dades.<\/td><\/tr><tr><td>C8: Presentaci\u00f3 de continguts.<\/td><\/tr><\/tbody><\/table><\/figure>\n","protected":false},"excerpt":{"rendered":"<p>&nbsp; C1: Cultura, participaci\u00f3 i civisme digital. C2: Tecnologia digital, \u00fas de l\u2019ordinador i del sistema operatiu. C3: Navegaci\u00f3 i comunicaci\u00f3 en el m\u00f3n digital. C4: Tractament de la informaci\u00f3 escrita. C5: Tractament de la informaci\u00f3 gr\u00e0fica, sonora i de la imatge en moviment. C6: Tractament de la informaci\u00f3 num\u00e8rica. C7: Tractament de les dades. [&hellip;]<\/p>\n","protected":false},"author":1,"featured_media":0,"parent":3737,"menu_order":3,"comment_status":"closed","ping_status":"closed","template":"","meta":{"_bbp_topic_count":0,"_bbp_reply_count":0,"_bbp_total_topic_count":0,"_bbp_total_reply_count":0,"_bbp_voice_count":0,"_bbp_anonymous_reply_count":0,"_bbp_topic_count_hidden":0,"_bbp_reply_count_hidden":0,"_bbp_forum_subforum_count":0,"site-sidebar-layout":"default","site-content-layout":"","ast-site-content-layout":"default","site-content-style":"default","site-sidebar-style":"default","ast-global-header-display":"","ast-banner-title-visibility":"","ast-main-header-display":"","ast-hfb-above-header-display":"","ast-hfb-below-header-display":"","ast-hfb-mobile-header-display":"","site-post-title":"","ast-breadcrumbs-content":"","ast-featured-img":"","footer-sml-layout":"","theme-transparent-header-meta":"","adv-header-id-meta":"","stick-header-meta":"","header-above-stick-meta":"","header-main-stick-meta":"","header-below-stick-meta":"","astra-migrate-meta-layouts":"set","ast-page-background-enabled":"default","ast-page-background-meta":{"desktop":{"background-color":"var(--ast-global-color-4)","background-image":"","background-repeat":"repeat","background-position":"center center","background-size":"auto","background-attachment":"scroll","background-type":"","background-media":"","overlay-type":"","overlay-color":"","overlay-opacity":"","overlay-gradient":""},"tablet":{"background-color":"","background-image":"","background-repeat":"repeat","background-position":"center center","background-size":"auto","background-attachment":"scroll","background-type":"","background-media":"","overlay-type":"","overlay-color":"","overlay-opacity":"","overlay-gradient":""},"mobile":{"background-color":"","background-image":"","background-repeat":"repeat","background-position":"center center","background-size":"auto","background-attachment":"scroll","background-type":"","background-media":"","overlay-type":"","overlay-color":"","overlay-opacity":"","overlay-gradient":""}},"ast-content-background-meta":{"desktop":{"background-color":"var(--ast-global-color-5)","background-image":"","background-repeat":"repeat","background-position":"center center","background-size":"auto","background-attachment":"scroll","background-type":"","background-media":"","overlay-type":"","overlay-color":"","overlay-opacity":"","overlay-gradient":""},"tablet":{"background-color":"var(--ast-global-color-5)","background-image":"","background-repeat":"repeat","background-position":"center center","background-size":"auto","background-attachment":"scroll","background-type":"","background-media":"","overlay-type":"","overlay-color":"","overlay-opacity":"","overlay-gradient":""},"mobile":{"background-color":"var(--ast-global-color-5)","background-image":"","background-repeat":"repeat","background-position":"center center","background-size":"auto","background-attachment":"scroll","background-type":"","background-media":"","overlay-type":"","overlay-color":"","overlay-opacity":"","overlay-gradient":""}},"footnotes":""},"class_list":["post-5520","page","type-page","status-publish","hentry"],"post_mailing_queue_ids":[],"_links":{"self":[{"href":"https:\/\/agora.xtec.cat\/cfaterrabaixa\/wp-json\/wp\/v2\/pages\/5520","targetHints":{"allow":["GET"]}}],"collection":[{"href":"https:\/\/agora.xtec.cat\/cfaterrabaixa\/wp-json\/wp\/v2\/pages"}],"about":[{"href":"https:\/\/agora.xtec.cat\/cfaterrabaixa\/wp-json\/wp\/v2\/types\/page"}],"author":[{"embeddable":true,"href":"https:\/\/agora.xtec.cat\/cfaterrabaixa\/wp-json\/wp\/v2\/users\/1"}],"replies":[{"embeddable":true,"href":"https:\/\/agora.xtec.cat\/cfaterrabaixa\/wp-json\/wp\/v2\/comments?post=5520"}],"version-history":[{"count":6,"href":"https:\/\/agora.xtec.cat\/cfaterrabaixa\/wp-json\/wp\/v2\/pages\/5520\/revisions"}],"predecessor-version":[{"id":7839,"href":"https:\/\/agora.xtec.cat\/cfaterrabaixa\/wp-json\/wp\/v2\/pages\/5520\/revisions\/7839"}],"up":[{"embeddable":true,"href":"https:\/\/agora.xtec.cat\/cfaterrabaixa\/wp-json\/wp\/v2\/pages\/3737"}],"wp:attachment":[{"href":"https:\/\/agora.xtec.cat\/cfaterrabaixa\/wp-json\/wp\/v2\/media?parent=5520"}],"curies":[{"name":"wp","href":"https:\/\/api.w.org\/{rel}","templated":true}]}}