{"id":3343,"date":"2018-04-26T14:58:45","date_gmt":"2018-04-26T13:58:45","guid":{"rendered":"http:\/\/cfaterrabaixa.cat\/?page_id=2889"},"modified":"2026-01-19T11:00:38","modified_gmt":"2026-01-19T10:00:38","slug":"estudis-2","status":"publish","type":"page","link":"https:\/\/agora.xtec.cat\/cfaterrabaixa\/el-centre\/estudis-2\/","title":{"rendered":"Ensenyaments"},"content":{"rendered":"<h6><strong>ENSENYAMENTS INICIALS i FORMACI\u00d3 B\u00c0SICA:<\/strong><\/h6>\n<ul>\n<li style=\"font-weight: 400;\">\n<h6><span style=\"font-weight: 400;\">Catal\u00e0 (Nivells A1, A2 i B1).<\/span><\/h6>\n<\/li>\n<li style=\"font-weight: 400;\">\n<h6><span style=\"font-weight: 400;\">Castell\u00e0 (Nivells <\/span><span style=\"font-weight: 400;\">A1, A2 i B1<\/span><span style=\"font-weight: 400;\">).<\/span><\/h6>\n<\/li>\n<li style=\"font-weight: 400;\">\n<h6><span style=\"font-weight: 400;\">Formaci\u00f3 instrumental (Nivells 1, 2, 3 i 4).<\/span><\/h6>\n<\/li>\n<li style=\"font-weight: 400;\">\n<h6><span style=\"font-weight: 400;\">Graduat en Educaci\u00f3 Secund\u00e0ria \u2013 GES (Nivells 1 i 2).<\/span><\/h6>\n<\/li>\n<\/ul>\n<h6><\/h6>\n<h6><strong>ENSENYAMENTS TRANSPROFESSIONALS:<\/strong><\/h6>\n<ul>\n<li style=\"font-weight: 400;\">\n<h6><span style=\"font-weight: 400;\">Angl\u00e8s (Nivells A1, A2.1 i A2.2).<\/span><\/h6>\n<\/li>\n<li style=\"font-weight: 400;\">\n<h6><span style=\"font-weight: 400;\">Franc\u00e8s (Nivells A1, A2.1 i A2.2).<\/span><\/h6>\n<\/li>\n<\/ul>\n<h6><\/h6>\n<h6><strong>PREPARACI\u00d3 PER A LES PROVES D\u2019ACC\u00c9S:<\/strong><\/h6>\n<ul>\n<li style=\"font-weight: 400;\">\n<h6><span style=\"font-weight: 400;\">A cicles formatius de grau superior.<\/span><\/h6>\n<\/li>\n<li style=\"font-weight: 400;\">\n<h6><span style=\"font-weight: 400;\">A la universitat per a majors de 25 i 45 anys.<\/span><\/h6>\n<\/li>\n<\/ul>\n<h6><strong>COMPETIC:<\/strong><\/h6>\n<ul>\n<li><strong>Nivell inicial<\/strong><\/li>\n<li><strong>Nivell 1<\/strong><\/li>\n<li><strong>Nivell 2<\/strong><\/li>\n<li><strong>Nivell 3<\/strong><\/li>\n<\/ul>\n","protected":false},"excerpt":{"rendered":"<p>ENSENYAMENTS INICIALS i FORMACI\u00d3 B\u00c0SICA: Catal\u00e0 (Nivells A1, A2 i B1). Castell\u00e0 (Nivells A1, A2 i B1). Formaci\u00f3 instrumental (Nivells 1, 2, 3 i 4). Graduat en Educaci\u00f3 Secund\u00e0ria \u2013 GES (Nivells 1 i 2). ENSENYAMENTS TRANSPROFESSIONALS: Angl\u00e8s (Nivells A1, A2.1 i A2.2). Franc\u00e8s (Nivells A1, A2.1 i A2.2). PREPARACI\u00d3 PER A LES PROVES D\u2019ACC\u00c9S: [&hellip;]<\/p>\n","protected":false},"author":1,"featured_media":0,"parent":261,"menu_order":60,"comment_status":"closed","ping_status":"closed","template":"","meta":{"_bbp_topic_count":0,"_bbp_reply_count":0,"_bbp_total_topic_count":0,"_bbp_total_reply_count":0,"_bbp_voice_count":0,"_bbp_anonymous_reply_count":0,"_bbp_topic_count_hidden":0,"_bbp_reply_count_hidden":0,"_bbp_forum_subforum_count":0,"site-sidebar-layout":"default","site-content-layout":"","ast-site-content-layout":"default","site-content-style":"default","site-sidebar-style":"default","ast-global-header-display":"","ast-banner-title-visibility":"","ast-main-header-display":"","ast-hfb-above-header-display":"","ast-hfb-below-header-display":"","ast-hfb-mobile-header-display":"","site-post-title":"","ast-breadcrumbs-content":"","ast-featured-img":"","footer-sml-layout":"","theme-transparent-header-meta":"","adv-header-id-meta":"","stick-header-meta":"","header-above-stick-meta":"","header-main-stick-meta":"","header-below-stick-meta":"","astra-migrate-meta-layouts":"set","ast-page-background-enabled":"default","ast-page-background-meta":{"desktop":{"background-color":"var(--ast-global-color-4)","background-image":"","background-repeat":"repeat","background-position":"center center","background-size":"auto","background-attachment":"scroll","background-type":"","background-media":"","overlay-type":"","overlay-color":"","overlay-opacity":"","overlay-gradient":""},"tablet":{"background-color":"","background-image":"","background-repeat":"repeat","background-position":"center center","background-size":"auto","background-attachment":"scroll","background-type":"","background-media":"","overlay-type":"","overlay-color":"","overlay-opacity":"","overlay-gradient":""},"mobile":{"background-color":"","background-image":"","background-repeat":"repeat","background-position":"center center","background-size":"auto","background-attachment":"scroll","background-type":"","background-media":"","overlay-type":"","overlay-color":"","overlay-opacity":"","overlay-gradient":""}},"ast-content-background-meta":{"desktop":{"background-color":"var(--ast-global-color-5)","background-image":"","background-repeat":"repeat","background-position":"center center","background-size":"auto","background-attachment":"scroll","background-type":"","background-media":"","overlay-type":"","overlay-color":"","overlay-opacity":"","overlay-gradient":""},"tablet":{"background-color":"var(--ast-global-color-5)","background-image":"","background-repeat":"repeat","background-position":"center center","background-size":"auto","background-attachment":"scroll","background-type":"","background-media":"","overlay-type":"","overlay-color":"","overlay-opacity":"","overlay-gradient":""},"mobile":{"background-color":"var(--ast-global-color-5)","background-image":"","background-repeat":"repeat","background-position":"center center","background-size":"auto","background-attachment":"scroll","background-type":"","background-media":"","overlay-type":"","overlay-color":"","overlay-opacity":"","overlay-gradient":""}},"footnotes":""},"class_list":["post-3343","page","type-page","status-publish","hentry"],"post_mailing_queue_ids":[],"_links":{"self":[{"href":"https:\/\/agora.xtec.cat\/cfaterrabaixa\/wp-json\/wp\/v2\/pages\/3343","targetHints":{"allow":["GET"]}}],"collection":[{"href":"https:\/\/agora.xtec.cat\/cfaterrabaixa\/wp-json\/wp\/v2\/pages"}],"about":[{"href":"https:\/\/agora.xtec.cat\/cfaterrabaixa\/wp-json\/wp\/v2\/types\/page"}],"author":[{"embeddable":true,"href":"https:\/\/agora.xtec.cat\/cfaterrabaixa\/wp-json\/wp\/v2\/users\/1"}],"replies":[{"embeddable":true,"href":"https:\/\/agora.xtec.cat\/cfaterrabaixa\/wp-json\/wp\/v2\/comments?post=3343"}],"version-history":[{"count":5,"href":"https:\/\/agora.xtec.cat\/cfaterrabaixa\/wp-json\/wp\/v2\/pages\/3343\/revisions"}],"predecessor-version":[{"id":8086,"href":"https:\/\/agora.xtec.cat\/cfaterrabaixa\/wp-json\/wp\/v2\/pages\/3343\/revisions\/8086"}],"up":[{"embeddable":true,"href":"https:\/\/agora.xtec.cat\/cfaterrabaixa\/wp-json\/wp\/v2\/pages\/261"}],"wp:attachment":[{"href":"https:\/\/agora.xtec.cat\/cfaterrabaixa\/wp-json\/wp\/v2\/media?parent=3343"}],"curies":[{"name":"wp","href":"https:\/\/api.w.org\/{rel}","templated":true}]}}