{"id":2848,"date":"2018-04-24T11:55:20","date_gmt":"2018-04-24T10:55:20","guid":{"rendered":"http:\/\/cfaterrabaixa.cat\/?page_id=2848"},"modified":"2025-06-30T09:42:15","modified_gmt":"2025-06-30T07:42:15","slug":"sant-jordi","status":"publish","type":"page","link":"https:\/\/agora.xtec.cat\/cfaterrabaixa\/sant-jordi\/","title":{"rendered":"Concurs literari de Sant Jordi"},"content":{"rendered":"\n<p>Per Sant Jordi al CFA Terra Baixa se celebra un concurs literari. <br>Consulteu totes les edicions passades!<br><\/p>\n\n\n\n<p><a href=\"https:\/\/agora.xtec.cat\/cfaterrabaixa\/general\/sant-jordi-2025\/\" data-type=\"link\" data-id=\"https:\/\/agora.xtec.cat\/cfaterrabaixa\/general\/sant-jordi-2025\/\">Sant Jordi 2025<\/a><br><a href=\"https:\/\/agora.xtec.cat\/cfaterrabaixa\/sant-jordi-2024\/\">Sant Jordi 2024<\/a><br><a href=\"https:\/\/agora.xtec.cat\/cfaterrabaixa\/sant-jordi-2023\/\">Sant Jordi 2023<\/a><br><a href=\"https:\/\/agora.xtec.cat\/cfaterrabaixa\/sant-jordi-2022\/\">Sant Jordi 2022<\/a><br><a href=\"https:\/\/agora.xtec.cat\/cfaterrabaixa\/sant-jordi\/sant-jordi-2020-2021-video-dels-guanyadors-i-guanyadores-del-concurs\/\">Sant Jordi 2020-2021. Presentaci\u00f3 i v\u00eddeo dels guanyadors i guanyadores del concurs<\/a><br><a href=\"https:\/\/photos.app.goo.gl\/cbw5g7BoSsxebvkj6\">Sant Jordi 2019. Obres guanyadores i diplomes<\/a><br><a href=\"https:\/\/photos.app.goo.gl\/cbw5g7BoSsxebvkj6\"><\/a><a href=\"https:\/\/agora.xtec.cat\/cfaterrabaixa\/sant-jordi\/sant-jordi-2019-obres-guanyadores-i-diplomes\/\"><\/a><a href=\"https:\/\/photos.google.com\/album\/AF1QipNZPFAIvBaqjhpDplSqCj8qC27AOqXbRgWkTlzU\">Sant Jordi 2019. \u00c0lbum de fotos<\/a><br><a href=\"https:\/\/agora.xtec.cat\/cfaterrabaixa\/sant-jordi\/sant-jordi-2017-obres-guanyadores\/\"><\/a><a href=\"https:\/\/agora.xtec.cat\/cfaterrabaixa\/sant-jordi\/sant-jordi-2017-obres-guanyadores\/\">Sant Jordi 2018. Obres finalistes i guanyadores<\/a><br><a href=\"https:\/\/photos.app.goo.gl\/tzzABRM6hiH11mNj2\">Sant Jordi 2018. Narratives digitals<\/a><br><a href=\"https:\/\/agora.xtec.cat\/cfaterrabaixa\/sant-jordi\/sant-jordi-2017-obres-guanyadores-2\/\">Sant Jordi 2017. Obres guanyadores<\/a><br><a href=\"https:\/\/goo.gl\/photos\/Jox4KbKzdPCHPrTd9\">Sant Jordi 2017. Narratives digitals<\/a><br><a href=\"https:\/\/agora.xtec.cat\/cfaterrabaixa\/sant-jordi\/narratives-digitals\/\">Sant Jordi 2016. Narratives digitals<\/a><br><a href=\"https:\/\/agora.xtec.cat\/cfaterrabaixa\/sant-jordi\/sant-jordi-2016-obres-guanyadores\/\">Sant Jordi 2016. Obres guanyadores<\/a><br><a href=\"https:\/\/agora.xtec.cat\/cfaterrabaixa\/sant-jordi\/sant-jordi-2015\/\">Sant Jordi 2015. Obres guanyadores<\/a><br><\/p>\n\n\n\n<p><br><\/p>\n\n\n\n<p><\/p>\n","protected":false},"excerpt":{"rendered":"<p>Per Sant Jordi al CFA Terra Baixa se celebra un concurs literari. Consulteu totes les edicions passades! Sant Jordi 2025Sant Jordi 2024Sant Jordi 2023Sant Jordi 2022Sant Jordi 2020-2021. Presentaci\u00f3 i v\u00eddeo dels guanyadors i guanyadores del concursSant Jordi 2019. Obres guanyadores i diplomesSant Jordi 2019. \u00c0lbum de fotosSant Jordi 2018. Obres finalistes i guanyadoresSant Jordi [&hellip;]<\/p>\n","protected":false},"author":1,"featured_media":0,"parent":0,"menu_order":0,"comment_status":"closed","ping_status":"closed","template":"","meta":{"_bbp_topic_count":0,"_bbp_reply_count":0,"_bbp_total_topic_count":0,"_bbp_total_reply_count":0,"_bbp_voice_count":0,"_bbp_anonymous_reply_count":0,"_bbp_topic_count_hidden":0,"_bbp_reply_count_hidden":0,"_bbp_forum_subforum_count":0,"site-sidebar-layout":"default","site-content-layout":"","ast-site-content-layout":"default","site-content-style":"default","site-sidebar-style":"default","ast-global-header-display":"","ast-banner-title-visibility":"","ast-main-header-display":"","ast-hfb-above-header-display":"","ast-hfb-below-header-display":"","ast-hfb-mobile-header-display":"","site-post-title":"","ast-breadcrumbs-content":"","ast-featured-img":"","footer-sml-layout":"","theme-transparent-header-meta":"","adv-header-id-meta":"","stick-header-meta":"","header-above-stick-meta":"","header-main-stick-meta":"","header-below-stick-meta":"","astra-migrate-meta-layouts":"set","ast-page-background-enabled":"default","ast-page-background-meta":{"desktop":{"background-color":"var(--ast-global-color-4)","background-image":"","background-repeat":"repeat","background-position":"center center","background-size":"auto","background-attachment":"scroll","background-type":"","background-media":"","overlay-type":"","overlay-color":"","overlay-opacity":"","overlay-gradient":""},"tablet":{"background-color":"","background-image":"","background-repeat":"repeat","background-position":"center center","background-size":"auto","background-attachment":"scroll","background-type":"","background-media":"","overlay-type":"","overlay-color":"","overlay-opacity":"","overlay-gradient":""},"mobile":{"background-color":"","background-image":"","background-repeat":"repeat","background-position":"center center","background-size":"auto","background-attachment":"scroll","background-type":"","background-media":"","overlay-type":"","overlay-color":"","overlay-opacity":"","overlay-gradient":""}},"ast-content-background-meta":{"desktop":{"background-color":"var(--ast-global-color-5)","background-image":"","background-repeat":"repeat","background-position":"center center","background-size":"auto","background-attachment":"scroll","background-type":"","background-media":"","overlay-type":"","overlay-color":"","overlay-opacity":"","overlay-gradient":""},"tablet":{"background-color":"var(--ast-global-color-5)","background-image":"","background-repeat":"repeat","background-position":"center center","background-size":"auto","background-attachment":"scroll","background-type":"","background-media":"","overlay-type":"","overlay-color":"","overlay-opacity":"","overlay-gradient":""},"mobile":{"background-color":"var(--ast-global-color-5)","background-image":"","background-repeat":"repeat","background-position":"center center","background-size":"auto","background-attachment":"scroll","background-type":"","background-media":"","overlay-type":"","overlay-color":"","overlay-opacity":"","overlay-gradient":""}},"footnotes":""},"class_list":["post-2848","page","type-page","status-publish","hentry"],"post_mailing_queue_ids":[],"_links":{"self":[{"href":"https:\/\/agora.xtec.cat\/cfaterrabaixa\/wp-json\/wp\/v2\/pages\/2848","targetHints":{"allow":["GET"]}}],"collection":[{"href":"https:\/\/agora.xtec.cat\/cfaterrabaixa\/wp-json\/wp\/v2\/pages"}],"about":[{"href":"https:\/\/agora.xtec.cat\/cfaterrabaixa\/wp-json\/wp\/v2\/types\/page"}],"author":[{"embeddable":true,"href":"https:\/\/agora.xtec.cat\/cfaterrabaixa\/wp-json\/wp\/v2\/users\/1"}],"replies":[{"embeddable":true,"href":"https:\/\/agora.xtec.cat\/cfaterrabaixa\/wp-json\/wp\/v2\/comments?post=2848"}],"version-history":[{"count":5,"href":"https:\/\/agora.xtec.cat\/cfaterrabaixa\/wp-json\/wp\/v2\/pages\/2848\/revisions"}],"predecessor-version":[{"id":7899,"href":"https:\/\/agora.xtec.cat\/cfaterrabaixa\/wp-json\/wp\/v2\/pages\/2848\/revisions\/7899"}],"wp:attachment":[{"href":"https:\/\/agora.xtec.cat\/cfaterrabaixa\/wp-json\/wp\/v2\/media?parent=2848"}],"curies":[{"name":"wp","href":"https:\/\/api.w.org\/{rel}","templated":true}]}}