{"id":27,"date":"2014-09-17T16:24:03","date_gmt":"2014-09-17T16:24:03","guid":{"rendered":"http:\/\/agora.xtec.cat\/cfaterrabaixa\/?page_id=27"},"modified":"2021-05-13T16:16:29","modified_gmt":"2021-05-13T14:16:29","slug":"historia","status":"publish","type":"page","link":"https:\/\/agora.xtec.cat\/cfaterrabaixa\/el-centre\/historia\/","title":{"rendered":"Hist\u00f2ria"},"content":{"rendered":"<p id=\"yui_3_17_2_1_1524755951460_137\">Terra Baixa va n\u00e9ixer l&#8217;any 1977, i al llarg d&#8217;aquests anys ha anat creixent gr\u00e0cies a l&#8217;esfor\u00e7 i la il\u00b7lusi\u00f3 de tota la comunitat educativa. Per\u00f2 no va veure la llum per voluntat pol\u00edtica, ni per atzar. Va germinar en la pressi\u00f3 popular, en la necessitat que moltes dones i molts homes havien d&#8217;alfabetitzar-se, d&#8217;adquirir una formaci\u00f3 b\u00e0sica o renovar els seus sabers per fer front a noves exig\u00e8ncies laborals i personals.<\/p>\n<p>El naixement de Terra Baixa va coincidir amb l&#8217;etapa de consolidaci\u00f3 de les escoles de persones adultes d&#8217;arreu de Catalunya, amb importants mobilitzacions sota el lema: &#8220;Cap barri sense escola, cap treballador\/a sense formaci\u00f3 b\u00e0sica&#8221;.<\/p>\n<p>Tres van ser les reivindicacions fonamentals d&#8217;aquell moment: dret de les persones adultes a una educaci\u00f3 integral i permanent, un esquema educatiu espec\u00edfic i adequat a les necessitats, casu\u00edstiques i psicologia de les persones adultes i el dret d&#8217;aquests col\u00b7lectius a l&#8217;avaluaci\u00f3 cont\u00ednua.<br \/>\nLa traject\u00f2ria de Terra Baixa \u00e9s la fidel expressi\u00f3 de la lluita per l&#8217;alfabetitzaci\u00f3 i la formaci\u00f3 integral de persones adultes. Una escola \u00e9s part de la ciutadania, i la ciutadania t\u00e9 el dret i l&#8217;obligaci\u00f3 de fer plantejaments i d&#8217;exigir esfor\u00e7os a l&#8217;administraci\u00f3. Per aquest motiu, l&#8217;escola ha protagonitzat al llarg d&#8217;aquest any\u00a0diverses accions de pressi\u00f3, amb el suport de les entitats locals, per tal d&#8217;aconseguir m\u00e9s recursos humans i materials (centre propi, augment de plantilla del professorat, manteniment del projecte de centre&#8230;).<\/p>\n<p>Des dels seus inicis Terra Baixa ha tingut un ferm comprom\u00eds amb l&#8217;entorn i ha estat for\u00e7a arrelada a la poblaci\u00f3, participant activament en el proc\u00e9s de desenvolupament comunitari. Ha treballat per tal d&#8217;afavorir la cohesi\u00f3 social i donar resposta a les noves exig\u00e8ncies de formaci\u00f3 permanent.<br \/>\nFins ara, aquest centre ha facilitat l&#8217;acc\u00e9s a molts t\u00edtols de graduat i altres certificacions acad\u00e8miques, per\u00f2 el seu millor guany \u00e9s la formaci\u00f3 de ciutadans i ciutadanes.<\/p>\n<p>Pel cam\u00ed s&#8217;han produ\u00eft molts canvis tant d&#8217;ubicaci\u00f3 com d&#8217;objectius a curt i llarg termini. Davant de les noves necessitats que s&#8217;han anat plantejant, el centre ha intentat donar noves respostes.<br \/>\nEn l&#8217;actualitat, som m\u00e9s de vuit-centes persones de diferents edats, diversos llocs de proced\u00e8ncia i diferents situacions personals i socials. Tots i totes som ja una petita part de la hist\u00f2ria de l&#8217;escola i compartim, amb totes aquestes difer\u00e8ncies, la il\u00b7lusi\u00f3 i el desig de millorar-la.<\/p>\n<p><a href=\"http:\/\/elprat.tv\/2017\/10\/18\/lescola-terra-baixa-40-anys-educant-gent-adulta-al-prat\/\"><img loading=\"lazy\" decoding=\"async\" class=\"aligncenter wp-image-3078 size-full\" src=\"http:\/\/agora.xtec.cat\/cfaterrabaixa\/wp-content\/uploads\/usu1852\/2018\/05\/Captura.jpg\" alt=\"\" width=\"208\" height=\"70\" \/><\/a><\/p>\n<p style=\"text-align: center;\"><a href=\"http:\/\/elprat.tv\/2017\/10\/18\/lescola-terra-baixa-40-anys-educant-gent-adulta-al-prat\/\">L\u2019escola Terra Baixa, 40 anys educant a gent adulta al Prat<\/a><\/p>\n<p>&nbsp;<\/p>\n<p>&nbsp;<\/p>\n","protected":false},"excerpt":{"rendered":"<p>Terra Baixa va n\u00e9ixer l&#8217;any 1977, i al llarg d&#8217;aquests anys ha anat creixent gr\u00e0cies a l&#8217;esfor\u00e7 i la il\u00b7lusi\u00f3 de tota la comunitat educativa. Per\u00f2 no va veure la llum per voluntat pol\u00edtica, ni per atzar. Va germinar en la pressi\u00f3 popular, en la necessitat que moltes dones i molts homes havien d&#8217;alfabetitzar-se, d&#8217;adquirir [&hellip;]<\/p>\n","protected":false},"author":1,"featured_media":0,"parent":261,"menu_order":20,"comment_status":"closed","ping_status":"closed","template":"page-templates\/side-menu.php","meta":{"_bbp_topic_count":0,"_bbp_reply_count":0,"_bbp_total_topic_count":0,"_bbp_total_reply_count":0,"_bbp_voice_count":0,"_bbp_anonymous_reply_count":0,"_bbp_topic_count_hidden":0,"_bbp_reply_count_hidden":0,"_bbp_forum_subforum_count":0,"site-sidebar-layout":"default","site-content-layout":"","ast-site-content-layout":"","site-content-style":"default","site-sidebar-style":"default","ast-global-header-display":"","ast-banner-title-visibility":"","ast-main-header-display":"","ast-hfb-above-header-display":"","ast-hfb-below-header-display":"","ast-hfb-mobile-header-display":"","site-post-title":"","ast-breadcrumbs-content":"","ast-featured-img":"","footer-sml-layout":"","theme-transparent-header-meta":"","adv-header-id-meta":"","stick-header-meta":"","header-above-stick-meta":"","header-main-stick-meta":"","header-below-stick-meta":"","astra-migrate-meta-layouts":"default","ast-page-background-enabled":"default","ast-page-background-meta":{"desktop":{"background-color":"var(--ast-global-color-4)","background-image":"","background-repeat":"repeat","background-position":"center center","background-size":"auto","background-attachment":"scroll","background-type":"","background-media":"","overlay-type":"","overlay-color":"","overlay-opacity":"","overlay-gradient":""},"tablet":{"background-color":"","background-image":"","background-repeat":"repeat","background-position":"center center","background-size":"auto","background-attachment":"scroll","background-type":"","background-media":"","overlay-type":"","overlay-color":"","overlay-opacity":"","overlay-gradient":""},"mobile":{"background-color":"","background-image":"","background-repeat":"repeat","background-position":"center center","background-size":"auto","background-attachment":"scroll","background-type":"","background-media":"","overlay-type":"","overlay-color":"","overlay-opacity":"","overlay-gradient":""}},"ast-content-background-meta":{"desktop":{"background-color":"var(--ast-global-color-5)","background-image":"","background-repeat":"repeat","background-position":"center center","background-size":"auto","background-attachment":"scroll","background-type":"","background-media":"","overlay-type":"","overlay-color":"","overlay-opacity":"","overlay-gradient":""},"tablet":{"background-color":"var(--ast-global-color-5)","background-image":"","background-repeat":"repeat","background-position":"center center","background-size":"auto","background-attachment":"scroll","background-type":"","background-media":"","overlay-type":"","overlay-color":"","overlay-opacity":"","overlay-gradient":""},"mobile":{"background-color":"var(--ast-global-color-5)","background-image":"","background-repeat":"repeat","background-position":"center center","background-size":"auto","background-attachment":"scroll","background-type":"","background-media":"","overlay-type":"","overlay-color":"","overlay-opacity":"","overlay-gradient":""}},"footnotes":""},"class_list":["post-27","page","type-page","status-publish","hentry"],"post_mailing_queue_ids":[],"_links":{"self":[{"href":"https:\/\/agora.xtec.cat\/cfaterrabaixa\/wp-json\/wp\/v2\/pages\/27","targetHints":{"allow":["GET"]}}],"collection":[{"href":"https:\/\/agora.xtec.cat\/cfaterrabaixa\/wp-json\/wp\/v2\/pages"}],"about":[{"href":"https:\/\/agora.xtec.cat\/cfaterrabaixa\/wp-json\/wp\/v2\/types\/page"}],"author":[{"embeddable":true,"href":"https:\/\/agora.xtec.cat\/cfaterrabaixa\/wp-json\/wp\/v2\/users\/1"}],"replies":[{"embeddable":true,"href":"https:\/\/agora.xtec.cat\/cfaterrabaixa\/wp-json\/wp\/v2\/comments?post=27"}],"version-history":[{"count":3,"href":"https:\/\/agora.xtec.cat\/cfaterrabaixa\/wp-json\/wp\/v2\/pages\/27\/revisions"}],"predecessor-version":[{"id":5458,"href":"https:\/\/agora.xtec.cat\/cfaterrabaixa\/wp-json\/wp\/v2\/pages\/27\/revisions\/5458"}],"up":[{"embeddable":true,"href":"https:\/\/agora.xtec.cat\/cfaterrabaixa\/wp-json\/wp\/v2\/pages\/261"}],"wp:attachment":[{"href":"https:\/\/agora.xtec.cat\/cfaterrabaixa\/wp-json\/wp\/v2\/media?parent=27"}],"curies":[{"name":"wp","href":"https:\/\/api.w.org\/{rel}","templated":true}]}}