{"id":261,"date":"2015-01-27T17:25:01","date_gmt":"2015-01-27T16:25:01","guid":{"rendered":"http:\/\/agora.xtec.cat\/cfaterrabaixa\/?page_id=261"},"modified":"2018-10-18T09:26:27","modified_gmt":"2018-10-18T07:26:27","slug":"el-centre","status":"publish","type":"page","link":"https:\/\/agora.xtec.cat\/cfaterrabaixa\/el-centre\/","title":{"rendered":"EL CENTRE"},"content":{"rendered":"<p><span id=\"yui_3_17_2_1_1524755951460_206\">El <em>CFA Terra Baixa<\/em>\u00a0\u00e9s un centre p\u00fablic de formaci\u00f3 permanent per a persones adultes que dep\u00e8n del Departament d\u2019Educaci\u00f3 de l<\/span><span id=\"yui_3_17_2_1_1524755951460_159\">a Generalitat de Catalunya i compta amb la col\u00b7laboraci\u00f3 de l\u2019Ajuntament del Prat de Llobregat.\u00a0<\/span><\/p>\n<p>El centre est\u00e0 ubicat al barri de Sant Jordi del Prat de Llobregat, tanmateix dona resposta a les demandes de formaci\u00f3 de la poblaci\u00f3 jove i adulta dels diferents barris del Prat.<\/p>\n<ul>\n<li><strong>La ra\u00f3 de ser del CFA Terra Baixa<\/strong>, all\u00f2 que dona sentit als grans objectius pedag\u00f2gics i a les respostes a les necessitats detectades, <strong>es pot substanciar en<\/strong>:<br \/>\n&#8211; Educar, formar i orientar l\u2019alumnat perqu\u00e8 sigui capa\u00e7 de desenvolupar les compet\u00e8ncies b\u00e0siques en un entorn acad\u00e8mic, professional i social.<br \/>\n&#8211; Oferir una formaci\u00f3 de qualitat i adaptada als canvis tecnol\u00f2gics i als requeriments socials.<br \/>\n&#8211; Preparar l\u2019alumnat per a la incorporaci\u00f3 al m\u00f3n laboral i\/o per a continuar altres estudis.<br \/>\n&#8211; Contribuir al creixement personal dels nostres alumnes.<br \/>\n&#8211; Potenciar la cohesi\u00f3 social dins de la comunitat educativa.<\/li>\n<li><strong>Pretenem ser un centre que treballi per formar:<\/strong><br \/>\n&#8211; Ciutadans aut\u00f2noms i emprenedors, d\u2019esperit cr\u00edtic, responsables i compromesos amb el m\u00f3n en el que vivim.<br \/>\n&#8211; Persones capaces d\u2019adaptar-se als canvis tot contribuint al progr\u00e9s i al desenvolupament de la nostra societat.<br \/>\n&#8211; Individus compromesos amb el seu progr\u00e9s acad\u00e8mic i professional.<\/li>\n<\/ul>\n<p>Terra Baixa \u00e9s una escola p\u00fablica, laica, pluralista i emmarcada en la l\u00ednia progressista, entesa com la defensa de la llibertat, del di\u00e0leg cultural i el respecte vers les altres persones; del dret a la formaci\u00f3 integral i permanent de les persones adultes; defensora de la democr\u00e0cia participativa, del respecte i conservaci\u00f3 del medi ambient, propiciadora de la igualtat de tots i totes i compromesa en la consecuci\u00f3 d\u2019un m\u00f3n m\u00e9s just i m\u00e9s solidari.<\/p>\n<p>&nbsp;<\/p>\n","protected":false},"excerpt":{"rendered":"<p>El CFA Terra Baixa\u00a0\u00e9s un centre p\u00fablic de formaci\u00f3 permanent per a persones adultes que dep\u00e8n del Departament d\u2019Educaci\u00f3 de la Generalitat de Catalunya i compta amb la col\u00b7laboraci\u00f3 de l\u2019Ajuntament del Prat de Llobregat.\u00a0 El centre est\u00e0 ubicat al barri de Sant Jordi del Prat de Llobregat, tanmateix dona resposta a les demandes de [&hellip;]<\/p>\n","protected":false},"author":1,"featured_media":0,"parent":0,"menu_order":0,"comment_status":"closed","ping_status":"closed","template":"page-templates\/side-menu.php","meta":{"_bbp_topic_count":0,"_bbp_reply_count":0,"_bbp_total_topic_count":0,"_bbp_total_reply_count":0,"_bbp_voice_count":0,"_bbp_anonymous_reply_count":0,"_bbp_topic_count_hidden":0,"_bbp_reply_count_hidden":0,"_bbp_forum_subforum_count":0,"site-sidebar-layout":"default","site-content-layout":"","ast-site-content-layout":"","site-content-style":"default","site-sidebar-style":"default","ast-global-header-display":"","ast-banner-title-visibility":"","ast-main-header-display":"","ast-hfb-above-header-display":"","ast-hfb-below-header-display":"","ast-hfb-mobile-header-display":"","site-post-title":"","ast-breadcrumbs-content":"","ast-featured-img":"","footer-sml-layout":"","theme-transparent-header-meta":"","adv-header-id-meta":"","stick-header-meta":"","header-above-stick-meta":"","header-main-stick-meta":"","header-below-stick-meta":"","astra-migrate-meta-layouts":"default","ast-page-background-enabled":"default","ast-page-background-meta":{"desktop":{"background-color":"var(--ast-global-color-4)","background-image":"","background-repeat":"repeat","background-position":"center center","background-size":"auto","background-attachment":"scroll","background-type":"","background-media":"","overlay-type":"","overlay-color":"","overlay-opacity":"","overlay-gradient":""},"tablet":{"background-color":"","background-image":"","background-repeat":"repeat","background-position":"center center","background-size":"auto","background-attachment":"scroll","background-type":"","background-media":"","overlay-type":"","overlay-color":"","overlay-opacity":"","overlay-gradient":""},"mobile":{"background-color":"","background-image":"","background-repeat":"repeat","background-position":"center center","background-size":"auto","background-attachment":"scroll","background-type":"","background-media":"","overlay-type":"","overlay-color":"","overlay-opacity":"","overlay-gradient":""}},"ast-content-background-meta":{"desktop":{"background-color":"var(--ast-global-color-5)","background-image":"","background-repeat":"repeat","background-position":"center center","background-size":"auto","background-attachment":"scroll","background-type":"","background-media":"","overlay-type":"","overlay-color":"","overlay-opacity":"","overlay-gradient":""},"tablet":{"background-color":"var(--ast-global-color-5)","background-image":"","background-repeat":"repeat","background-position":"center center","background-size":"auto","background-attachment":"scroll","background-type":"","background-media":"","overlay-type":"","overlay-color":"","overlay-opacity":"","overlay-gradient":""},"mobile":{"background-color":"var(--ast-global-color-5)","background-image":"","background-repeat":"repeat","background-position":"center center","background-size":"auto","background-attachment":"scroll","background-type":"","background-media":"","overlay-type":"","overlay-color":"","overlay-opacity":"","overlay-gradient":""}},"footnotes":""},"class_list":["post-261","page","type-page","status-publish","hentry"],"post_mailing_queue_ids":[],"_links":{"self":[{"href":"https:\/\/agora.xtec.cat\/cfaterrabaixa\/wp-json\/wp\/v2\/pages\/261","targetHints":{"allow":["GET"]}}],"collection":[{"href":"https:\/\/agora.xtec.cat\/cfaterrabaixa\/wp-json\/wp\/v2\/pages"}],"about":[{"href":"https:\/\/agora.xtec.cat\/cfaterrabaixa\/wp-json\/wp\/v2\/types\/page"}],"author":[{"embeddable":true,"href":"https:\/\/agora.xtec.cat\/cfaterrabaixa\/wp-json\/wp\/v2\/users\/1"}],"replies":[{"embeddable":true,"href":"https:\/\/agora.xtec.cat\/cfaterrabaixa\/wp-json\/wp\/v2\/comments?post=261"}],"version-history":[{"count":3,"href":"https:\/\/agora.xtec.cat\/cfaterrabaixa\/wp-json\/wp\/v2\/pages\/261\/revisions"}],"predecessor-version":[{"id":3876,"href":"https:\/\/agora.xtec.cat\/cfaterrabaixa\/wp-json\/wp\/v2\/pages\/261\/revisions\/3876"}],"wp:attachment":[{"href":"https:\/\/agora.xtec.cat\/cfaterrabaixa\/wp-json\/wp\/v2\/media?parent=261"}],"curies":[{"name":"wp","href":"https:\/\/api.w.org\/{rel}","templated":true}]}}