{"id":1722,"date":"2015-09-02T07:58:51","date_gmt":"2015-09-02T07:58:51","guid":{"rendered":"http:\/\/cfaterrabaixa.cat\/?page_id=1722"},"modified":"2018-10-18T10:40:32","modified_gmt":"2018-10-18T08:40:32","slug":"sant-jordi-2015","status":"publish","type":"page","link":"https:\/\/agora.xtec.cat\/cfaterrabaixa\/sant-jordi\/sant-jordi-2015\/","title":{"rendered":"Sant Jordi 2015. Obres guanyadores"},"content":{"rendered":"<h4>Llengua Castellana. Guanyador: Manuel Moreno Lara<\/h4>\n<p>El m\u00f3vil no paraba de sonar, pero no pod\u00eda cogerlo. Estaba desesperado y angustiado porque en ello me iba la vida. Atrapado en el coche, bajo un barranco umbr\u00edo, sin poder alcanzar el m\u00f3vil sabiendo que era mi \u00fanica salvaci\u00f3n. Fueron unos instantes de intranquilidad. Una ansiedad y sentimiento de desesperaci\u00f3n inimaginable. Menos mal que despert\u00e9 empapado en sudor, qu\u00e9 alivio.<br \/>\nGracias y adi\u00f3s.<\/p>\n<hr \/>\n<h4>Llengua Catalana I. Guanyadora: J\u00e9ssica Vergara Vera<\/h4>\n<p>&#8230;el m\u00f2bil no parava de sonar al pis del ve\u00ed. Aquest so va ser el punt de sortida al meu cap. Avui comen\u00e7a la meva carrera contra el temps i la gravetat, deixar\u00e9 enrere tot aix\u00f2 que em fa feli\u00e7: olors, colors, sabors i em submergir\u00e9 en una vor\u00e0gine que emportar\u00e0 per un viatge dur, extenuant, exasperant, a vegades. No em rendir\u00e9, tot en el meu cos est\u00e0 preparat i a la meva nevera tamb\u00e9. La meta no \u00e9s molt llunyana, aquesta vegada si ho far\u00e9 i al final aconseguir\u00e9 posar-me aquest min\u00fascul biquini que fa dos anys m&#8217;ha regalat una suposada amiga.<\/p>\n<hr \/>\n<h4>Llengua Catalana II. Guanyadora: Carmen Robledo Salvador<\/h4>\n<p>El m\u00f2bil no parava de sonar en una nit estelada mentre dos amics estan fent una xerrada.<br \/>\nHola fidel amic que sempre m&#8217;acompanyes abans de dormir, al parc o a la platja.<br \/>\nTu que m&#8217;obres el teu cor, m&#8217;expliques hist\u00f2ries, poemes o faules amb aquesta atracci\u00f3 que m&#8217;envaeix i tant em relaxa.<br \/>\nLa teva intel\u00b7lig\u00e8ncia m&#8217;ajuda a aprendre amb les teves paraules i els pensaments que tens guardats en la teva \u00e0nima.<br \/>\nSempre tens alguna cosa a dir, m\u00e9s mai et canses.<br \/>\nSempre disposat i solidari, amb els teus fulls escrits, a oferir la teva filosofia que a tants ens fa falta.<br \/>\nAmb els ulls recorro la teva pell acariciant les teves entranyes.<br \/>\nLa teva saviesa m&#8217;ajuda a seguir el cam\u00ed de la batalla i amb mi mai t&#8217;enfades.<br \/>\nEncara que jo mori amic.<br \/>\nTu guanyes la batalla<\/p>\n<hr \/>\n<h4>Llengua Anglesa. Guanyadora: S\u00edlvia Martos P\u00e9rez<\/h4>\n<p>The mobile phone didn&#8217;t stop ringing and I couldn&#8217;t believe it. Today, I got up late with a bad sensation. I was tired, irritated and I didn&#8217;t want to telave the bed. I knew that this day was going to come and I was refusing. Everything that I had obtained, everything I had managed, broke apart suddenly as the pictorial infinite universe together with this call.<\/p>\n<p>Everything had begun one month ago. From the first day, everything was marvelous. I had been waiting for a long of time to feel this way, I loved this sensation of emptiness, I needed that, this strange sensation of happiness at the first weeks as stupid lover and the easy and fast I had adaptet to it. Everything was wonderful. For a short time, I had felt in peace with myself. I was happy and i had illusions because i deserved it. I had suffered much in the past and I was tired of bad experiencies, but from this day that I left all, i decided to forget. Mark, you deserve it. Even my friends, my family, everybody said to me that I had changed and I was radiating happiness.<\/p>\n<p>I convinced myself that I would never forget them again, because they are important for me. Each of them in my memory as little jewels that remain engraved in history to rescue them in those moments that I needed to escape for the for the harsh reality. In each of them, I was obtaining experiencies and feeling pleasant sensations. But I had forgotten even the time, kidding myself. I thought that the freedom would be infinite until the call came.<\/p>\n<p>Everything was changed and I couldn&#8217;t belive it. I knew that, sooner or later, this day would come, but I didn&#8217;t want to accept it. It was too perfect, I had to do a great effort and value and then I answered: Hello? &#8220;MarK &#8211; said to me my boss- you must return to work, your holidays have finished.<\/p>\n","protected":false},"excerpt":{"rendered":"<p>Llengua Castellana. Guanyador: Manuel Moreno Lara El m\u00f3vil no paraba de sonar, pero no pod\u00eda cogerlo. Estaba desesperado y angustiado porque en ello me iba la vida. Atrapado en el coche, bajo un barranco umbr\u00edo, sin poder alcanzar el m\u00f3vil sabiendo que era mi \u00fanica salvaci\u00f3n. Fueron unos instantes de intranquilidad. Una ansiedad y sentimiento [&hellip;]<\/p>\n","protected":false},"author":1,"featured_media":0,"parent":2848,"menu_order":1,"comment_status":"closed","ping_status":"closed","template":"page-templates\/side-menu.php","meta":{"_bbp_topic_count":0,"_bbp_reply_count":0,"_bbp_total_topic_count":0,"_bbp_total_reply_count":0,"_bbp_voice_count":0,"_bbp_anonymous_reply_count":0,"_bbp_topic_count_hidden":0,"_bbp_reply_count_hidden":0,"_bbp_forum_subforum_count":0,"site-sidebar-layout":"default","site-content-layout":"","ast-site-content-layout":"","site-content-style":"default","site-sidebar-style":"default","ast-global-header-display":"","ast-banner-title-visibility":"","ast-main-header-display":"","ast-hfb-above-header-display":"","ast-hfb-below-header-display":"","ast-hfb-mobile-header-display":"","site-post-title":"","ast-breadcrumbs-content":"","ast-featured-img":"","footer-sml-layout":"","theme-transparent-header-meta":"","adv-header-id-meta":"","stick-header-meta":"","header-above-stick-meta":"","header-main-stick-meta":"","header-below-stick-meta":"","astra-migrate-meta-layouts":"default","ast-page-background-enabled":"default","ast-page-background-meta":{"desktop":{"background-color":"var(--ast-global-color-4)","background-image":"","background-repeat":"repeat","background-position":"center center","background-size":"auto","background-attachment":"scroll","background-type":"","background-media":"","overlay-type":"","overlay-color":"","overlay-opacity":"","overlay-gradient":""},"tablet":{"background-color":"","background-image":"","background-repeat":"repeat","background-position":"center center","background-size":"auto","background-attachment":"scroll","background-type":"","background-media":"","overlay-type":"","overlay-color":"","overlay-opacity":"","overlay-gradient":""},"mobile":{"background-color":"","background-image":"","background-repeat":"repeat","background-position":"center center","background-size":"auto","background-attachment":"scroll","background-type":"","background-media":"","overlay-type":"","overlay-color":"","overlay-opacity":"","overlay-gradient":""}},"ast-content-background-meta":{"desktop":{"background-color":"var(--ast-global-color-5)","background-image":"","background-repeat":"repeat","background-position":"center center","background-size":"auto","background-attachment":"scroll","background-type":"","background-media":"","overlay-type":"","overlay-color":"","overlay-opacity":"","overlay-gradient":""},"tablet":{"background-color":"var(--ast-global-color-5)","background-image":"","background-repeat":"repeat","background-position":"center center","background-size":"auto","background-attachment":"scroll","background-type":"","background-media":"","overlay-type":"","overlay-color":"","overlay-opacity":"","overlay-gradient":""},"mobile":{"background-color":"var(--ast-global-color-5)","background-image":"","background-repeat":"repeat","background-position":"center center","background-size":"auto","background-attachment":"scroll","background-type":"","background-media":"","overlay-type":"","overlay-color":"","overlay-opacity":"","overlay-gradient":""}},"footnotes":""},"class_list":["post-1722","page","type-page","status-publish","hentry"],"post_mailing_queue_ids":[],"_links":{"self":[{"href":"https:\/\/agora.xtec.cat\/cfaterrabaixa\/wp-json\/wp\/v2\/pages\/1722","targetHints":{"allow":["GET"]}}],"collection":[{"href":"https:\/\/agora.xtec.cat\/cfaterrabaixa\/wp-json\/wp\/v2\/pages"}],"about":[{"href":"https:\/\/agora.xtec.cat\/cfaterrabaixa\/wp-json\/wp\/v2\/types\/page"}],"author":[{"embeddable":true,"href":"https:\/\/agora.xtec.cat\/cfaterrabaixa\/wp-json\/wp\/v2\/users\/1"}],"replies":[{"embeddable":true,"href":"https:\/\/agora.xtec.cat\/cfaterrabaixa\/wp-json\/wp\/v2\/comments?post=1722"}],"version-history":[{"count":1,"href":"https:\/\/agora.xtec.cat\/cfaterrabaixa\/wp-json\/wp\/v2\/pages\/1722\/revisions"}],"predecessor-version":[{"id":3895,"href":"https:\/\/agora.xtec.cat\/cfaterrabaixa\/wp-json\/wp\/v2\/pages\/1722\/revisions\/3895"}],"up":[{"embeddable":true,"href":"https:\/\/agora.xtec.cat\/cfaterrabaixa\/wp-json\/wp\/v2\/pages\/2848"}],"wp:attachment":[{"href":"https:\/\/agora.xtec.cat\/cfaterrabaixa\/wp-json\/wp\/v2\/media?parent=1722"}],"curies":[{"name":"wp","href":"https:\/\/api.w.org\/{rel}","templated":true}]}}