{"id":748,"date":"2013-02-22T05:12:29","date_gmt":"2013-02-22T04:12:29","guid":{"rendered":"http:\/\/blocs.xtec.cat\/cfatarrega\/?page_id=748"},"modified":"2022-09-25T09:59:53","modified_gmt":"2022-09-25T07:59:53","slug":"ioc-2","status":"publish","type":"page","link":"https:\/\/agora.xtec.cat\/cfatarrega\/ioc-2\/","title":{"rendered":"IOC"},"content":{"rendered":"<p style=\"text-align: center;\"><span style=\"text-decoration: underline;\">GRADUAT EN EDUCACI\u00d3 SECUND\u00c0RIA, A TRAV\u00c9S DE L&#8217;IOC<\/span><\/p>\n<p style=\"text-align: center;\">El nostre centre CFA T\u00e0rrega ha estat escollit pel Departament d&#8217;Educaci\u00f3, de la Generalitat de Catalunya, per a ser <a href=\"https:\/\/ioc.xtec.cat\/educacio\/centres-suport-ges\">centre de suport<\/a> de l&#8217;IOC (Institut Obert de Catalunya) dels ensenyaments de secund\u00e0ria (<strong>ESO a dist\u00e0ncia<\/strong>).<\/p>\n<p style=\"text-align: center;\"><a href=\"http:\/\/ioc.xtec.cat\/educacio\/ges-informacio-general\"><img loading=\"lazy\" decoding=\"async\" src=\"http:\/\/blocs.xtec.cat\/cfatarrega\/files\/2013\/01\/ioc.png\" alt=\"\" width=\"234\" height=\"60\" \/><\/a><\/p>\n<p style=\"text-align: center;\">Si voleu saber aspectes de la matriculaci\u00f3 (com preus, documentaci\u00f3 que cal portar al nostre centre, procediment de matr\u00edcula,&#8230;) cliqueu <a href=\"https:\/\/ioc.xtec.cat\/educacio\/ges#matricula\">aqu\u00ed<\/a>. Altrament,\u00a0tamb\u00e9 podreu veure els <a href=\"https:\/\/ioc.xtec.cat\/educacio\/ges#panel-requisits\">requisits d&#8217;acc\u00e9s als estudis<\/a> i els <a href=\"https:\/\/ioc.xtec.cat\/educacio\/ges#ges-convalidacions\">reconeixements d&#8217;estudis previs<\/a>.<\/p>\n<p style=\"text-align: center;\">Aprofiteu que disposeu d&#8217;un centre col\u00b7laborador aqu\u00ed a <a href=\"http:\/\/maps.google.com\/maps\/ms?ie=UTF8&amp;hl=ca&amp;msa=0&amp;msid=106806267798638818062.0004746b63718c5ee6bc5&amp;ll=41.651407,1.137246&amp;spn=0.004177,0.009624&amp;z=17&amp;iwloc=0004746b69456567c991d\">T\u00e0rrega<\/a> i que no us caldr\u00e0 despla\u00e7ar a Barcelona, podent-ho fer tot des de T\u00e0rrega (ex\u00e0mens, dubtes,&#8230;).<\/p>\n<p style=\"text-align: center;\"><img loading=\"lazy\" decoding=\"async\" src=\"http:\/\/blocs.xtec.cat\/cfatarrega\/files\/2013\/01\/bd.jpg\" alt=\"\" width=\"199\" height=\"188\" \/><\/p>\n<p style=\"text-align: center;\"><iframe loading=\"lazy\" style=\"border: 0;\" src=\"https:\/\/calendar.google.com\/calendar\/embed?src=c_fmj8ofi0so03bn3kpgcg1dnfr0%40group.calendar.google.com&amp;ctz=Europe%2FMadrid\" width=\"800\" height=\"600\" frameborder=\"0\" scrolling=\"no\"><\/iframe><\/p>\n<p style=\"text-align: center;\">\n","protected":false},"excerpt":{"rendered":"<p>GRADUAT EN EDUCACI\u00d3 SECUND\u00c0RIA, A TRAV\u00c9S DE L&#8217;IOC<br \/>\nEl nostre centre CFA T\u00e0rrega ha estat escollit pel Departament d&#8217;Educaci\u00f3, de la Generalitat de Catalunya, per a ser <a href=\"https:\/\/ioc.xtec.cat\/educacio\/centres-suport-ges\">centre de suport<\/a> de l&#8217;IOC (Institut Obert de Catalunya) dels ensenyaments de secund\u00e0ria (ESO a dist\u00e0ncia).<br \/>\n<a href=\"http:\/\/ioc.xtec.cat\/educacio\/ges-informacio-general\"><\/a><br \/>\nSi voleu&hellip;  <a href=\"https:\/\/agora.xtec.cat\/cfatarrega\/ioc-2\/\" title=\"Read IOC\">Llegeix m\u00e9s\u00bb<\/a><\/p>\n","protected":false},"author":1,"featured_media":0,"parent":0,"menu_order":0,"comment_status":"closed","ping_status":"open","template":"","meta":{"_bbp_topic_count":0,"_bbp_reply_count":0,"_bbp_total_topic_count":0,"_bbp_total_reply_count":0,"_bbp_voice_count":0,"_bbp_anonymous_reply_count":0,"_bbp_topic_count_hidden":0,"_bbp_reply_count_hidden":0,"_bbp_forum_subforum_count":0,"footnotes":""},"class_list":["post-748","page","type-page","status-publish","hentry"],"post_mailing_queue_ids":[],"_links":{"self":[{"href":"https:\/\/agora.xtec.cat\/cfatarrega\/wp-json\/wp\/v2\/pages\/748","targetHints":{"allow":["GET"]}}],"collection":[{"href":"https:\/\/agora.xtec.cat\/cfatarrega\/wp-json\/wp\/v2\/pages"}],"about":[{"href":"https:\/\/agora.xtec.cat\/cfatarrega\/wp-json\/wp\/v2\/types\/page"}],"author":[{"embeddable":true,"href":"https:\/\/agora.xtec.cat\/cfatarrega\/wp-json\/wp\/v2\/users\/1"}],"replies":[{"embeddable":true,"href":"https:\/\/agora.xtec.cat\/cfatarrega\/wp-json\/wp\/v2\/comments?post=748"}],"version-history":[{"count":4,"href":"https:\/\/agora.xtec.cat\/cfatarrega\/wp-json\/wp\/v2\/pages\/748\/revisions"}],"predecessor-version":[{"id":3848,"href":"https:\/\/agora.xtec.cat\/cfatarrega\/wp-json\/wp\/v2\/pages\/748\/revisions\/3848"}],"wp:attachment":[{"href":"https:\/\/agora.xtec.cat\/cfatarrega\/wp-json\/wp\/v2\/media?parent=748"}],"curies":[{"name":"wp","href":"https:\/\/api.w.org\/{rel}","templated":true}]}}