{"id":3380,"date":"2021-06-07T18:42:14","date_gmt":"2021-06-07T16:42:14","guid":{"rendered":"http:\/\/agora.xtec.cat\/cfatarrega\/?page_id=3380"},"modified":"2025-07-02T13:40:21","modified_gmt":"2025-07-02T11:40:21","slug":"llengua-francesa","status":"publish","type":"page","link":"https:\/\/agora.xtec.cat\/cfatarrega\/llengua-francesa\/","title":{"rendered":"Llengua italiana"},"content":{"rendered":"<p>El curs 2025-26 tornem a oferir els estudis d&#8217;itali\u00e0 pel que fa a l&#8217;oferta d&#8217;idiomes del centre amb un curs de &#8220;<strong>Llengua i cultura italiana 2<\/strong>&#8221; on treballarem la iniciaci\u00f3 a l&#8217;itali\u00e0, des del punt de vista conversacional b\u00e0sic.<\/p>\n<p>S&#8217;estructura en 2 hores setmanals.<\/p>\n<p><a href=\"https:\/\/agora.xtec.cat\/cfatarrega\/wp-content\/uploads\/usu1634\/2023\/06\/italia.png\"><img loading=\"lazy\" decoding=\"async\" class=\"alignnone size-full wp-image-4103\" src=\"https:\/\/agora.xtec.cat\/cfatarrega\/wp-content\/uploads\/usu1634\/2023\/06\/italia.png\" alt=\"\" width=\"899\" height=\"304\" srcset=\"https:\/\/agora.xtec.cat\/cfatarrega\/wp-content\/uploads\/usu1634\/2023\/06\/italia.png 899w, https:\/\/agora.xtec.cat\/cfatarrega\/wp-content\/uploads\/usu1634\/2023\/06\/italia-300x101.png 300w, https:\/\/agora.xtec.cat\/cfatarrega\/wp-content\/uploads\/usu1634\/2023\/06\/italia-768x260.png 768w\" sizes=\"auto, (max-width: 899px) 100vw, 899px\" \/><\/a><\/p>\n<p>HORARI 25-26: <strong>ITALI\u00c0 (LLENGUA I CULTURA ITALIANA 2) &#8211; GES<\/strong><strong style=\"font-family: inherit; font-size: 1em;\">\u00a0<\/strong><\/p>\n<table style=\"width: 43.038587%;\" width=\"592\">\n<tbody>\n<tr>\n<td style=\"width: 12.141653%;\"><strong>\u00a0<\/strong><\/td>\n<td style=\"width: 14.50253%;\"><strong>DILLUNS<\/strong><\/td>\n<td style=\"width: 19.224283%;\"><strong>DIMARTS<\/strong><\/td>\n<td style=\"width: 16.18887%;\"><strong>DIMECRES<\/strong><\/td>\n<td style=\"width: 19.89882%;\"><strong>DIJOUS<\/strong><\/td>\n<td style=\"width: 15.177066%;\"><strong>DIVENDRES<\/strong><\/td>\n<\/tr>\n<tr>\n<td style=\"width: 12.141653%;\"><strong>TARDA<\/strong><\/td>\n<td style=\"width: 14.50253%;\"><\/td>\n<td style=\"width: 19.224283%;\">17:30 &#8211; 19:30<\/td>\n<td style=\"width: 16.18887%;\"><\/td>\n<td style=\"width: 19.89882%;\"><\/td>\n<td style=\"width: 15.177066%;\"><\/td>\n<\/tr>\n<\/tbody>\n<\/table>\n<p><sub><em>Data \u00faltima actualitzaci\u00f3: 2 de juliol de 2025<\/em><\/sub><\/p>\n<p>&nbsp;<\/p>\n","protected":false},"excerpt":{"rendered":"<p>El curs 2025-26 tornem a oferir els estudis d&#8217;itali\u00e0 pel que fa a l&#8217;oferta d&#8217;idiomes del centre amb un curs de &#8220;Llengua i cultura italiana 2&#8221; on treballarem la iniciaci\u00f3 a l&#8217;itali\u00e0, des del punt de vista conversacional b\u00e0sic.<br \/>\nS&#8217;estructura en 2 hores setmanals.<br \/>\n<a href=\"https:\/\/agora.xtec.cat\/cfatarrega\/wp-content\/uploads\/usu1634\/2023\/06\/italia.png\"><\/a><br \/>\nHORARI 25-26:&hellip;  <a href=\"https:\/\/agora.xtec.cat\/cfatarrega\/llengua-francesa\/\" title=\"Read Llengua italiana\">Llegeix m\u00e9s\u00bb<\/a><\/p>\n","protected":false},"author":1,"featured_media":0,"parent":0,"menu_order":0,"comment_status":"closed","ping_status":"closed","template":"","meta":{"_bbp_topic_count":0,"_bbp_reply_count":0,"_bbp_total_topic_count":0,"_bbp_total_reply_count":0,"_bbp_voice_count":0,"_bbp_anonymous_reply_count":0,"_bbp_topic_count_hidden":0,"_bbp_reply_count_hidden":0,"_bbp_forum_subforum_count":0,"footnotes":""},"class_list":["post-3380","page","type-page","status-publish","hentry"],"post_mailing_queue_ids":[],"_links":{"self":[{"href":"https:\/\/agora.xtec.cat\/cfatarrega\/wp-json\/wp\/v2\/pages\/3380","targetHints":{"allow":["GET"]}}],"collection":[{"href":"https:\/\/agora.xtec.cat\/cfatarrega\/wp-json\/wp\/v2\/pages"}],"about":[{"href":"https:\/\/agora.xtec.cat\/cfatarrega\/wp-json\/wp\/v2\/types\/page"}],"author":[{"embeddable":true,"href":"https:\/\/agora.xtec.cat\/cfatarrega\/wp-json\/wp\/v2\/users\/1"}],"replies":[{"embeddable":true,"href":"https:\/\/agora.xtec.cat\/cfatarrega\/wp-json\/wp\/v2\/comments?post=3380"}],"version-history":[{"count":7,"href":"https:\/\/agora.xtec.cat\/cfatarrega\/wp-json\/wp\/v2\/pages\/3380\/revisions"}],"predecessor-version":[{"id":4811,"href":"https:\/\/agora.xtec.cat\/cfatarrega\/wp-json\/wp\/v2\/pages\/3380\/revisions\/4811"}],"wp:attachment":[{"href":"https:\/\/agora.xtec.cat\/cfatarrega\/wp-json\/wp\/v2\/media?parent=3380"}],"curies":[{"name":"wp","href":"https:\/\/api.w.org\/{rel}","templated":true}]}}