{"id":320,"date":"2015-01-28T11:35:13","date_gmt":"2015-01-28T10:35:13","guid":{"rendered":"http:\/\/agora.xtec.cat\/afatarrega\/?page_id=320"},"modified":"2025-07-02T10:27:42","modified_gmt":"2025-07-02T08:27:42","slug":"a-cicles-formatius-de-grau-superior","status":"publish","type":"page","link":"https:\/\/agora.xtec.cat\/cfatarrega\/ensenyaments\/ensenyaments-per-a-la-preparacio-de-proves-dacces\/a-cicles-formatius-de-grau-superior\/","title":{"rendered":"A cicles formatius de grau superior"},"content":{"rendered":"<p><span style=\"text-decoration: underline;\"><strong>Descripci\u00f3<\/strong><\/span><\/p>\n<p>Aquests estudis preparen per presentar-se a les proves d&#8217;acc\u00e9s als cicles de grau superior de formaci\u00f3 professional, d&#8217;arts pl\u00e0stiques i disseny i d&#8217;ensenyaments esportius. L&#8217;alumnat pot preparar la part comuna de la prova i la part espec\u00edfica.<\/p>\n<p>La durada m\u00ednima per a la preparaci\u00f3 de les proves d&#8217;acc\u00e9s al grau superior \u00e9s de 300 hores per a la part comuna i de 99 hores per a les dues mat\u00e8ries de la part espec\u00edfica, que es materialitza en 1 curs acad\u00e8mic.<\/p>\n<p><span style=\"text-decoration: underline;\"><strong>Continguts<\/strong><\/span><\/p>\n<p><span style=\"color: #993300;\"><strong>Mat\u00e8ries de la part comuna<\/strong><\/span><\/p>\n<p>Llengua catalana<br \/>\nLlengua castellana<br \/>\nLlengua anglesa<br \/>\nMatem\u00e0tiques<\/p>\n<p><span style=\"color: #993300;\"><strong>Mat\u00e8ries de la part espec\u00edfica<\/strong><\/span><\/p>\n<p>Segons la fam\u00edlia professional o cicle al qual l&#8217;alumne vol accedir, cal escollir <strong>dues mat\u00e8ries de les opcions A, B, C o D<\/strong>:<\/p>\n<p><strong>Opcions de mat\u00e8ries de la part espec\u00edfica<\/strong><\/p>\n<p><a href=\"http:\/\/agora.xtec.cat\/cfatarrega\/wp-content\/uploads\/usu1634\/2015\/01\/Captura-2.png\"><img loading=\"lazy\" decoding=\"async\" class=\"alignnone size-full wp-image-1821\" src=\"http:\/\/agora.xtec.cat\/cfatarrega\/wp-content\/uploads\/usu1634\/2015\/01\/Captura-2.png\" alt=\"Captura\" width=\"744\" height=\"852\" srcset=\"https:\/\/agora.xtec.cat\/cfatarrega\/wp-content\/uploads\/usu1634\/2015\/01\/Captura-2.png 744w, https:\/\/agora.xtec.cat\/cfatarrega\/wp-content\/uploads\/usu1634\/2015\/01\/Captura-2-262x300.png 262w\" sizes=\"auto, (max-width: 744px) 100vw, 744px\" \/><\/a><\/p>\n<p>El temari i els criteris d&#8217;avaluaci\u00f3 de cadascuna de les mat\u00e8ries s\u00f3n els que consten a l&#8217;annex 1 de la <a title=\"V\u00e9s al DOGC\" href=\"http:\/\/dogc.gencat.cat\/ca\/pdogc_canals_interns\/pdogc_resultats_fitxa\/?action=fitxa&amp;mode=single&amp;documentId=567520&amp;language=ca_ES\" target=\"_blank\" rel=\"noopener noreferrer\">Resoluci\u00f3 EDU\/3983\/2010, de 9 de desembre<\/a>.<\/p>\n<p><span style=\"text-decoration: underline;\"><strong>Acc\u00e9s<\/strong><\/span><\/p>\n<p>Poden accedir a aquests estudis les persones que tinguin m\u00e9s de 18 anys o els compleixen durant l&#8217;any natural en qu\u00e8 s&#8217;inicia la formaci\u00f3.<\/p>\n<p>Cal tenir en compte que per realitzar les proves d&#8217;acc\u00e9s als cicles formatius de grau superior s&#8217;han de tenir m\u00e9s de 19 anys o complir-los l&#8217;any natural en qu\u00e8 es realitza la prova.<\/p>\n<p><span style=\"text-decoration: underline;\"><strong>Tr\u00e0mits<\/strong><\/span><\/p>\n<p>Per cursar aquest ensenyament cal formalitzar la matr\u00edcula d&#8217;acord amb els criteris fixats pel Departament d&#8217;Educaci\u00f3. Aquest estudi \u00e9s gratu\u00eft.<\/p>\n<p><span style=\"text-decoration: underline;\"><strong>Aspectes favorables pel fet d&#8217;estudiar al CFA T\u00e0rrega<\/strong><\/span><\/p>\n<p><span style=\"color: #993300;\"><strong>A la qualificaci\u00f3 que s&#8217;obtindr\u00e0 a la prova d&#8217;acc\u00e9s, se li sumar\u00e0 el 20% de la nota del curs realitzat al CFA T\u00e0rrega, <\/strong>si aix\u00ed ho recull la resoluci\u00f3 de la prova que normalment es publica al febrer (fins al present curs sempre s&#8217;ha tingut en compte aquest aspecte).<\/span><\/p>\n<p><span style=\"text-decoration: underline;\"><strong>Horaris 25-26<\/strong><\/span><\/p>\n<p>HORARI: <strong>PPCFGS<\/strong><strong>\u00a0<\/strong><\/p>\n<table style=\"width: 45.934605%;\" width=\"593\">\n<tbody>\n<tr>\n<td style=\"width: 11.404959%;\"><strong>\u00a0<\/strong><\/td>\n<td style=\"width: 20.320808%;\"><strong>DILLUNS<\/strong><\/td>\n<td style=\"width: 22.467396%;\"><strong>DIMARTS<\/strong><\/td>\n<td style=\"width: 19.311703%;\"><strong>DIMECRES<\/strong><\/td>\n<td style=\"width: 20.784105%;\"><strong>DIJOUS<\/strong><\/td>\n<td style=\"width: 6.844169%;\"><strong>DIVENDRES<\/strong><\/td>\n<\/tr>\n<tr>\n<td style=\"width: 11.404959%;\"><strong>TARDA<\/strong><\/td>\n<td style=\"width: 20.320808%;\">15:30 \u2013 19:00<\/td>\n<td style=\"width: 22.467396%;\">15:30 \u2013 19:00<\/td>\n<td style=\"width: 19.311703%;\">17:00 \u2013 20:00<\/td>\n<td style=\"width: 20.784105%;\"><\/td>\n<td style=\"width: 6.844169%;\"><\/td>\n<\/tr>\n<\/tbody>\n<\/table>\n<p><sub><em>Data \u00faltima actualitzaci\u00f3: 2 de juliol de 2025<\/em><\/sub><\/p>\n","protected":false},"excerpt":{"rendered":"<p>Descripci\u00f3<br \/>\nAquests estudis preparen per presentar-se a les proves d&#8217;acc\u00e9s als cicles de grau superior de formaci\u00f3 professional, d&#8217;arts pl\u00e0stiques i disseny i d&#8217;ensenyaments esportius. L&#8217;alumnat pot preparar la part comuna de la prova i la part espec\u00edfica.<br \/>\nLa durada m\u00ednima per a la preparaci\u00f3 de les&hellip;  <a href=\"https:\/\/agora.xtec.cat\/cfatarrega\/ensenyaments\/ensenyaments-per-a-la-preparacio-de-proves-dacces\/a-cicles-formatius-de-grau-superior\/\" title=\"Read A cicles formatius de grau superior\">Llegeix m\u00e9s\u00bb<\/a><\/p>\n","protected":false},"author":1,"featured_media":0,"parent":288,"menu_order":0,"comment_status":"closed","ping_status":"closed","template":"page-templates\/side-menu.php","meta":{"_bbp_topic_count":0,"_bbp_reply_count":0,"_bbp_total_topic_count":0,"_bbp_total_reply_count":0,"_bbp_voice_count":0,"_bbp_anonymous_reply_count":0,"_bbp_topic_count_hidden":0,"_bbp_reply_count_hidden":0,"_bbp_forum_subforum_count":0,"footnotes":""},"class_list":["post-320","page","type-page","status-publish","hentry"],"post_mailing_queue_ids":[],"_links":{"self":[{"href":"https:\/\/agora.xtec.cat\/cfatarrega\/wp-json\/wp\/v2\/pages\/320","targetHints":{"allow":["GET"]}}],"collection":[{"href":"https:\/\/agora.xtec.cat\/cfatarrega\/wp-json\/wp\/v2\/pages"}],"about":[{"href":"https:\/\/agora.xtec.cat\/cfatarrega\/wp-json\/wp\/v2\/types\/page"}],"author":[{"embeddable":true,"href":"https:\/\/agora.xtec.cat\/cfatarrega\/wp-json\/wp\/v2\/users\/1"}],"replies":[{"embeddable":true,"href":"https:\/\/agora.xtec.cat\/cfatarrega\/wp-json\/wp\/v2\/comments?post=320"}],"version-history":[{"count":7,"href":"https:\/\/agora.xtec.cat\/cfatarrega\/wp-json\/wp\/v2\/pages\/320\/revisions"}],"predecessor-version":[{"id":4807,"href":"https:\/\/agora.xtec.cat\/cfatarrega\/wp-json\/wp\/v2\/pages\/320\/revisions\/4807"}],"up":[{"embeddable":true,"href":"https:\/\/agora.xtec.cat\/cfatarrega\/wp-json\/wp\/v2\/pages\/288"}],"wp:attachment":[{"href":"https:\/\/agora.xtec.cat\/cfatarrega\/wp-json\/wp\/v2\/media?parent=320"}],"curies":[{"name":"wp","href":"https:\/\/api.w.org\/{rel}","templated":true}]}}