{"id":318,"date":"2015-01-28T11:34:47","date_gmt":"2015-01-28T10:34:47","guid":{"rendered":"http:\/\/agora.xtec.cat\/afatarrega\/?page_id=318"},"modified":"2021-07-20T10:52:07","modified_gmt":"2021-07-20T08:52:07","slug":"a-cicles-formatius-de-grau-mitja","status":"publish","type":"page","link":"https:\/\/agora.xtec.cat\/cfatarrega\/ensenyaments\/ensenyaments-per-a-la-preparacio-de-proves-dacces\/a-cicles-formatius-de-grau-mitja\/","title":{"rendered":"A cicles formatius de grau mitj\u00e0"},"content":{"rendered":"<p>La preparaci\u00f3 per a les proves d&#8217;acc\u00e9s a cicle formatiu de grau mitj\u00e0 (PPACFGM) et prepara per a fer un examen al maig en un institut i no es fa al nostre centre.<\/p>\n<p>Al nostre centre, per\u00f2, fem el <span style=\"color: #993300;\"><strong>Curs d&#8217;acc\u00e9s a grau mitj\u00e0 (CAM), que t\u00e9 m\u00e9s avantatges que la PPACFGM<\/strong><\/span>.<\/p>\n<p><span style=\"color: #993300;\"><strong>Al CFA T\u00e0rrega oferim el CAM on la nota no dep\u00e8n d&#8217;un sol examen al maig, sin\u00f3 que es va obtenint al llarg del curs<\/strong><\/span>. Al final, si s&#8217;aprova el curs es t\u00e9 l&#8217;<span style=\"color: #993300;\"><strong>acc\u00e9s directe a un grau mitj\u00e0<\/strong><\/span>, sense haver de fer l&#8217;examen del maig. A m\u00e9s a m\u00e9s, si et treus el CAM tindr\u00e0s el GES-1 aprovat i podr\u00e0s finalitzar l&#8217;ESO nom\u00e9s amb un curs m\u00e9s.<\/p>\n<p>Si vols veure com funciona el CAM, <a href=\"http:\/\/agora.xtec.cat\/cfatarrega\/ensenyaments\/ensenyaments-inicials-i-formacio-basica\/curs-dacces-als-cicles-de-grau-mitja\/\">prem AQU\u00cd<\/a>.<\/p>\n<p><sub><em>Data \u00faltima actualitzaci\u00f3: 16 de juliol de 2021<\/em><\/sub><\/p>\n","protected":false},"excerpt":{"rendered":"<p>La preparaci\u00f3 per a les proves d&#8217;acc\u00e9s a cicle formatiu de grau mitj\u00e0 (PPACFGM) et prepara per a fer un examen al maig en un institut i no es fa al nostre centre.<br \/>\nAl nostre centre, per\u00f2, fem el Curs d&#8217;acc\u00e9s a grau mitj\u00e0 (CAM), que&hellip;  <a href=\"https:\/\/agora.xtec.cat\/cfatarrega\/ensenyaments\/ensenyaments-per-a-la-preparacio-de-proves-dacces\/a-cicles-formatius-de-grau-mitja\/\" title=\"Read A cicles formatius de grau mitj\u00e0\">Llegeix m\u00e9s\u00bb<\/a><\/p>\n","protected":false},"author":1,"featured_media":0,"parent":288,"menu_order":0,"comment_status":"closed","ping_status":"closed","template":"page-templates\/side-menu.php","meta":{"_bbp_topic_count":0,"_bbp_reply_count":0,"_bbp_total_topic_count":0,"_bbp_total_reply_count":0,"_bbp_voice_count":0,"_bbp_anonymous_reply_count":0,"_bbp_topic_count_hidden":0,"_bbp_reply_count_hidden":0,"_bbp_forum_subforum_count":0,"footnotes":""},"class_list":["post-318","page","type-page","status-publish","hentry"],"post_mailing_queue_ids":[],"_links":{"self":[{"href":"https:\/\/agora.xtec.cat\/cfatarrega\/wp-json\/wp\/v2\/pages\/318","targetHints":{"allow":["GET"]}}],"collection":[{"href":"https:\/\/agora.xtec.cat\/cfatarrega\/wp-json\/wp\/v2\/pages"}],"about":[{"href":"https:\/\/agora.xtec.cat\/cfatarrega\/wp-json\/wp\/v2\/types\/page"}],"author":[{"embeddable":true,"href":"https:\/\/agora.xtec.cat\/cfatarrega\/wp-json\/wp\/v2\/users\/1"}],"replies":[{"embeddable":true,"href":"https:\/\/agora.xtec.cat\/cfatarrega\/wp-json\/wp\/v2\/comments?post=318"}],"version-history":[{"count":4,"href":"https:\/\/agora.xtec.cat\/cfatarrega\/wp-json\/wp\/v2\/pages\/318\/revisions"}],"predecessor-version":[{"id":3470,"href":"https:\/\/agora.xtec.cat\/cfatarrega\/wp-json\/wp\/v2\/pages\/318\/revisions\/3470"}],"up":[{"embeddable":true,"href":"https:\/\/agora.xtec.cat\/cfatarrega\/wp-json\/wp\/v2\/pages\/288"}],"wp:attachment":[{"href":"https:\/\/agora.xtec.cat\/cfatarrega\/wp-json\/wp\/v2\/media?parent=318"}],"curies":[{"name":"wp","href":"https:\/\/api.w.org\/{rel}","templated":true}]}}