{"id":312,"date":"2015-01-28T11:32:38","date_gmt":"2015-01-28T10:32:38","guid":{"rendered":"http:\/\/agora.xtec.cat\/afatarrega\/?page_id=312"},"modified":"2025-07-02T13:36:53","modified_gmt":"2025-07-02T11:36:53","slug":"llengua-anglesa","status":"publish","type":"page","link":"https:\/\/agora.xtec.cat\/cfatarrega\/ensenyaments\/ensenyaments-transprofessionals\/llengua-anglesa\/","title":{"rendered":"Llengua anglesa"},"content":{"rendered":"<p><span style=\"text-decoration: underline;\"><strong>Descripci\u00f3 <\/strong><\/span><\/p>\n<p>Aquests estudis tenen com a objectiu que les persones adultes assoleixin un grau de compet\u00e8ncia b\u00e0sic per a comunicar-se en llengua anglesa i s&#8217;imparteixen en tres nivells:<\/p>\n<ul>\n<li><span style=\"color: #993300;\"><strong>Llengua anglesa nivell 1<\/strong><\/span> (3 h\/setmana), que correspon al nivell A1\u00a0del MECR (Marc europeu com\u00fa de refer\u00e8ncia per a les lleng\u00fces).<\/li>\n<li><span style=\"color: #993300;\"><strong>Llengua anglesa nivell 2<\/strong><\/span> (4 h\/setmana), que correspon al nivell A2.1 del MECR.<\/li>\n<li><span style=\"color: #993300;\"><strong>Llengua anglesa<\/strong><strong>\u00a0nivell 3<\/strong><\/span> (4 h\/setmana), que correspon al nivell A2.2 \u00a0o \u00a0A2 del MECR.<\/li>\n<\/ul>\n<p><span style=\"text-decoration: underline;\"><strong>Continguts<\/strong><\/span><\/p>\n<p>En els tres nivells es treballen les habilitats de comprensi\u00f3 i expressi\u00f3 orals i escrites que permeten fer front a la major part de situacions ling\u00fc\u00edstiques de la vida quotidiana i comunicar-se de forma b\u00e0sica en un entorn pluriling\u00fce i multicultural. Vegeu el <a href=\"http:\/\/queestudiar.gencat.cat\/web\/.content\/home\/estudis\/adults\/normativa\/resoluciocurriculumsllenguescfa.pdf\">curr\u00edculum<\/a> d&#8217;aquests estudis. Els alumnes de nivell 3 han de superar una prova de nivell b\u00e0sic (A2 del MERC) abans de finalitzar el curs per mostrar el grau d&#8217;assoliment de la compet\u00e8ncia ling\u00fc\u00edstica.<\/p>\n<p><span style=\"text-decoration: underline;\"><strong>Acc\u00e9s <\/strong><\/span><\/p>\n<p>Poden accedir a aquests estudis totes les persones que tenen m\u00e9s de 18 anys o b\u00e9 els compleixen durant l&#8217;any natural en qu\u00e8 inicien la formaci\u00f3.<\/p>\n<p><span style=\"text-decoration: underline;\"><strong>Tr\u00e0mits <\/strong><\/span><\/p>\n<p>Per cursar aquest ensenyament cal formalitzar la matr\u00edcula d&#8217;acord amb els criteris fixats pel Departament d&#8217;Educaci\u00f3. Aquest estudi \u00e9s gratu\u00eft .<\/p>\n<p><span style=\"text-decoration: underline;\"><strong>Continu\u00eftat <\/strong><\/span><\/p>\n<p>Un cop finalitzats aquests estudis, es pot continuar la formaci\u00f3 en una escola oficial d&#8217;idiomes (EOI), accedint al nivell de 3r sense haver de superar una prova de nivell.<\/p>\n<p><span style=\"text-decoration: underline;\"><strong>Horaris 25-26<\/strong><\/span><\/p>\n<p>HORARI: <strong>ANGL\u00c8S 1<\/strong><strong style=\"font-family: inherit; font-size: 1em;\">\u00a0<\/strong><\/p>\n<table style=\"width: 44.081%;\" width=\"592\">\n<tbody>\n<tr>\n<td style=\"width: 5.11945%;\"><strong>\u00a0<\/strong><\/td>\n<td style=\"width: 10.2094%;\"><strong>DILLUNS<\/strong><\/td>\n<td style=\"width: 2.21666%;\"><strong>DIMARTS<\/strong><\/td>\n<td style=\"width: 7.61061%;\"><strong>DIMECRES<\/strong><\/td>\n<td style=\"width: 4.69143%;\"><strong>DIJOUS<\/strong><\/td>\n<td style=\"width: 7.18826%;\"><strong>DIVENDRES<\/strong><\/td>\n<\/tr>\n<tr>\n<td style=\"width: 5.11945%;\"><strong>MAT\u00cd<\/strong><\/td>\n<td style=\"width: 10.2094%;\"><\/td>\n<td style=\"width: 2.21666%;\">9:00 \u2013 11:00<\/td>\n<td style=\"width: 7.61061%;\"><\/td>\n<td style=\"width: 4.69143%;\"><\/td>\n<td style=\"width: 7.18826%;\">9:00 \u2013 10:00<\/td>\n<\/tr>\n<\/tbody>\n<\/table>\n<p><span style=\"font-family: inherit; font-size: 1em;\">HORARI: <\/span><strong style=\"font-family: inherit; font-size: 1em;\">ANGL\u00c8S 2<\/strong><\/p>\n<table style=\"width: 54.5912%;\" width=\"592\">\n<tbody>\n<tr>\n<td style=\"width: 11.8243%;\"><strong>\u00a0<\/strong><\/td>\n<td style=\"width: 7.1436%;\"><strong>DILLUNS<\/strong><\/td>\n<td style=\"width: 6.3616%;\"><strong>DIMARTS<\/strong><\/td>\n<td style=\"width: 6.7354%;\"><strong>DIMECRES<\/strong><\/td>\n<td style=\"width: 9.853938%;\"><strong>DIJOUS<\/strong><\/td>\n<td style=\"width: 7.009562%;\"><strong>DIVENDRES<\/strong><\/td>\n<\/tr>\n<tr>\n<td style=\"width: 11.8243%;\"><strong>MAT\u00cd<\/strong><\/td>\n<td style=\"width: 7.1436%;\"><\/td>\n<td style=\"width: 6.3616%;\"><\/td>\n<td style=\"width: 6.7354%;\">09:00 \u2013 11:00<\/td>\n<td style=\"width: 9.853938%;\"><\/td>\n<td style=\"width: 7.009562%;\">10:00 \u2013 12:00<\/td>\n<\/tr>\n<\/tbody>\n<\/table>\n<p>HORARI: <strong>ANGL\u00c8S 3<\/strong><\/p>\n<table style=\"width: 46.8332%;\" width=\"643\">\n<tbody>\n<tr>\n<td style=\"width: 4.3997%;\" width=\"76\"><strong>\u00a0<\/strong><\/td>\n<td style=\"width: 9.41224%;\" width=\"94\"><strong>DILLUNS<\/strong><\/td>\n<td style=\"width: 1.88823%;\" width=\"123\"><strong>DIMARTS<\/strong><\/td>\n<td style=\"width: 4.36841%;\" width=\"113\"><strong>DIMECRES<\/strong><\/td>\n<td style=\"width: 14.607198%;\" width=\"123\"><strong>DIJOUS<\/strong><\/td>\n<td style=\"width: 5.373932%;\" width=\"113\"><strong>DIVENDRES<\/strong><\/td>\n<\/tr>\n<tr>\n<td style=\"width: 4.3997%;\" width=\"76\"><strong>TARDA<\/strong><\/td>\n<td style=\"width: 9.41224%;\" width=\"94\"><span style=\"font-weight: 400;\">17:30 \u2013 19:30<\/span><\/td>\n<td style=\"width: 1.88823%;\" width=\"123\"><\/td>\n<td style=\"width: 4.36841%;\" width=\"113\"><\/td>\n<td style=\"width: 14.607198%;\" width=\"123\">17:30 \u2013 19:30<\/td>\n<td style=\"width: 5.373932%;\" width=\"113\"><\/td>\n<\/tr>\n<\/tbody>\n<\/table>\n<p><sub><em>Data \u00faltima actualitzaci\u00f3: 2 de juliol de 2025<\/em><\/sub><\/p>\n","protected":false},"excerpt":{"rendered":"<p>Descripci\u00f3<br \/>\nAquests estudis tenen com a objectiu que les persones adultes assoleixin un grau de compet\u00e8ncia b\u00e0sic per a comunicar-se en llengua anglesa i s&#8217;imparteixen en tres nivells:<\/p>\n<ul>\n<li>Llengua anglesa nivell 1 (3 h\/setmana), que correspon al nivell A1\u00a0del MECR (Marc europeu com\u00fa de refer\u00e8ncia per&hellip;  <a href=\"https:\/\/agora.xtec.cat\/cfatarrega\/ensenyaments\/ensenyaments-transprofessionals\/llengua-anglesa\/\" title=\"Read Llengua anglesa\">Llegeix m\u00e9s\u00bb<\/a><br \/>\n","protected":false},"author":1,"featured_media":0,"parent":286,"menu_order":0,"comment_status":"closed","ping_status":"closed","template":"page-templates\/side-menu.php","meta":{"_bbp_topic_count":0,"_bbp_reply_count":0,"_bbp_total_topic_count":0,"_bbp_total_reply_count":0,"_bbp_voice_count":0,"_bbp_anonymous_reply_count":0,"_bbp_topic_count_hidden":0,"_bbp_reply_count_hidden":0,"_bbp_forum_subforum_count":0,"footnotes":""},"class_list":["post-312","page","type-page","status-publish","hentry"],"post_mailing_queue_ids":[],"_links":{"self":[{"href":"https:\/\/agora.xtec.cat\/cfatarrega\/wp-json\/wp\/v2\/pages\/312","targetHints":{"allow":["GET"]}}],"collection":[{"href":"https:\/\/agora.xtec.cat\/cfatarrega\/wp-json\/wp\/v2\/pages"}],"about":[{"href":"https:\/\/agora.xtec.cat\/cfatarrega\/wp-json\/wp\/v2\/types\/page"}],"author":[{"embeddable":true,"href":"https:\/\/agora.xtec.cat\/cfatarrega\/wp-json\/wp\/v2\/users\/1"}],"replies":[{"embeddable":true,"href":"https:\/\/agora.xtec.cat\/cfatarrega\/wp-json\/wp\/v2\/comments?post=312"}],"version-history":[{"count":7,"href":"https:\/\/agora.xtec.cat\/cfatarrega\/wp-json\/wp\/v2\/pages\/312\/revisions"}],"predecessor-version":[{"id":4810,"href":"https:\/\/agora.xtec.cat\/cfatarrega\/wp-json\/wp\/v2\/pages\/312\/revisions\/4810"}],"up":[{"embeddable":true,"href":"https:\/\/agora.xtec.cat\/cfatarrega\/wp-json\/wp\/v2\/pages\/286"}],"wp:attachment":[{"href":"https:\/\/agora.xtec.cat\/cfatarrega\/wp-json\/wp\/v2\/media?parent=312"}],"curies":[{"name":"wp","href":"https:\/\/api.w.org\/{rel}","templated":true}]}}