{"id":305,"date":"2015-01-28T11:24:04","date_gmt":"2015-01-28T10:24:04","guid":{"rendered":"http:\/\/agora.xtec.cat\/afatarrega\/?page_id=305"},"modified":"2025-09-23T11:08:53","modified_gmt":"2025-09-23T09:08:53","slug":"curs-dacces-als-cicles-de-grau-mitja","status":"publish","type":"page","link":"https:\/\/agora.xtec.cat\/cfatarrega\/ensenyaments\/ensenyaments-inicials-i-formacio-basica\/curs-dacces-als-cicles-de-grau-mitja\/","title":{"rendered":"Curs de formaci\u00f3 preparatori per a l&#8217;acc\u00e9s directe a cicles de grau mitj\u00e0 (CAM)"},"content":{"rendered":"<p style=\"text-align: left;\"><span style=\"text-decoration: underline;\"><strong>Descripci\u00f3<\/strong><\/span><\/p>\n<p style=\"text-align: left;\">Aquests estudis permeten a les persones que el superen l&#8217;<strong><span style=\"color: #800000;\">acc\u00e9s directe als cicles de grau mitj\u00e0<\/span><\/strong> de formaci\u00f3 professional.<\/p>\n<p style=\"text-align: left;\">Les mat\u00e8ries del curs s&#8217;estructuren en tres \u00e0mbits: \u00e0mbit de la comunicaci\u00f3 (COM), \u00e0mbit social (SOC) i \u00e0mbit cientificotecnol\u00f2gic (CTE).<\/p>\n<p style=\"text-align: left;\">La durada d&#8217;aquest curs \u00e9s d&#8217;un curs acad\u00e8mic.<\/p>\n<p style=\"text-align: left;\"><strong><span style=\"color: #993300;\">L&#8217;alumnat que es tregui el CAM en el nostre centre, a la vegada li quedar\u00e0 aprovat el <a href=\"http:\/\/agora.xtec.cat\/cfatarrega\/ensenyaments\/ensenyaments-inicials-i-formacio-basica\/graduat-en-educacio-secundaria-per-adults\/\">GES-1<\/a><\/span><\/strong><span style=\"color: #000000;\">, pr\u00e8via superaci\u00f3 d&#8217;una prova d&#8217;avaluaci\u00f3 inicial.<\/span><\/p>\n<p style=\"text-align: left;\"><span style=\"text-decoration: underline;\"><strong>Continguts<\/strong><\/span><\/p>\n<p><strong>Distribuci\u00f3 hor\u00e0ria setmanal de les mat\u00e8ries<\/strong><\/p>\n<ul class=\"llista-especial\">\n<li>Comunicaci\u00f3 en Llengua Catalana (2 hores)<\/li>\n<li>Comunicaci\u00f3 en Llengua Castellana\u00a0(2 hores)<\/li>\n<li>Llengua Anglesa\u00a0(2 hores)<\/li>\n<li>Ci\u00e8ncies socials i ciutadania (1 hora)<\/li>\n<li>Matem\u00e0tiques\u00a0(2 hores)<\/li>\n<li>Tecnologia\u00a0(2 hores)<\/li>\n<li>Ci\u00e8ncies de la naturalesa\u00a0(2 hores)<\/li>\n<li>Tutoria i orientaci\u00f3 (1 hora)<\/li>\n<\/ul>\n<p>Total curs: 14 hores setmanals<\/p>\n<p>El curs t\u00e9 una durada de 429 hores, m\u00e9s una hora setmanal de tutoria.<\/p>\n<p style=\"text-align: left;\"><span style=\"text-decoration: underline;\"><strong>Acc\u00e9s<\/strong><\/span><\/p>\n<p style=\"text-align: left;\">Poden accedir-hi les persones que <strong><span style=\"color: #800000;\">no<\/span><\/strong> posseeixen els requisits per accedir als cicles formatius de grau mitj\u00e0 de formaci\u00f3 professional, als cicles formatius de grau mitj\u00e0 d&#8217;arts pl\u00e0stiques i disseny o als cicles formatius de grau mitj\u00e0 d&#8217;ensenyaments esportius i que <strong><span style=\"color: #800000;\">tenen\u00a0complerts 16 anys l&#8217;any d&#8217;inici del curs<\/span><\/strong>.<\/p>\n<p style=\"text-align: left;\"><span style=\"text-decoration: underline;\"><strong>Tr\u00e0mits<\/strong><\/span><\/p>\n<p>Per cursar aquest curs cal formalitzar-ne la matr\u00edcula d&#8217;acord amb els criteris fixats pel Departament d&#8217;Educaci\u00f3. Aquest estudi \u00e9s\u00a0<span style=\"color: #800000;\"><strong>gratu\u00eft<\/strong><\/span> en els centres dependents del Departament d&#8217;Educaci\u00f3.<\/p>\n<p style=\"text-align: left;\"><span style=\"text-decoration: underline;\"><strong>Continu\u00eftat<\/strong><\/span><\/p>\n<p style=\"text-align: left;\">La superaci\u00f3 d&#8217;aquest curs t\u00e9 els efectes seg\u00fcents:<\/p>\n<ul style=\"text-align: left;\">\n<li><span style=\"color: #800000;\"><strong>Acc\u00e9s directe<\/strong> a qualsevol cicle de grau mitj\u00e0\u00a0de formaci\u00f3 professional inicial.<\/span><\/li>\n<li><span style=\"color: #800000;\"><strong>Acc\u00e9s directe<\/strong> a GES-2, si has cursat el CAM en el nostre centre<span style=\"color: #000000;\"> i has superat una prova d&#8217;avaluaci\u00f3 inicial.<\/span><\/span><\/li>\n<li><strong>Exempci\u00f3<\/strong> de la part\u00a0comuna de la prova d&#8217;acc\u00e9s als cicles formatius de grau mitj\u00e0 d&#8217;arts pl\u00e0stiques i disseny (per\u00f2 no de la part espec\u00edfica, que l&#8217;alumnat haur\u00e0 de superar).<\/li>\n<li><strong>Exempci\u00f3<\/strong> de la prova d&#8217;acc\u00e9s de car\u00e0cter general als ensenyaments esportius de r\u00e8gim especial.<\/li>\n<\/ul>\n<p><span style=\"text-decoration: underline;\"><strong>Horaris 25-26<\/strong><\/span><\/p>\n<p>HORARI: <strong>CAM<\/strong><strong>\u00a0<\/strong><\/p>\n<table style=\"width: 47.080263%;\" width=\"603\">\n<tbody>\n<tr>\n<td style=\"width: 8.359621%;\"><strong>\u00a0<\/strong><\/td>\n<td style=\"width: 17.981073%;\"><strong>DILLUNS<\/strong><\/td>\n<td style=\"width: 18.769716%;\"><strong>DIMARTS<\/strong><\/td>\n<td style=\"width: 18.454259%;\"><strong>DIMECRES<\/strong><\/td>\n<td style=\"width: 18.611987%;\"><strong>DIJOUS<\/strong><\/td>\n<td style=\"width: 18.315558%;\"><strong>DIVENDRES<\/strong><\/td>\n<\/tr>\n<tr>\n<td style=\"width: 8.359621%;\"><strong>MAT\u00cd<\/strong><\/td>\n<td style=\"width: 17.981073%;\">\n<p style=\"text-align: center;\">09:00 \u2013 11:00<\/p>\n<\/td>\n<td style=\"width: 18.769716%;\">\n<p style=\"text-align: center;\">10:00 \u2013 14:00<\/p>\n<\/td>\n<td style=\"width: 18.454259%;\">09:00 \u2013 11:00<\/td>\n<td style=\"width: 18.611987%;\">09:00 \u2013 13:00<\/td>\n<td style=\"width: 18.315558%;\">09:00 \u2013 12:00<\/td>\n<\/tr>\n<\/tbody>\n<\/table>\n<p><em style=\"vertical-align: sub; font-family: inherit; font-size: 1em;\"><sub><em>Data d&#8217;actualitzaci\u00f3: 23 de setembre de 2025<\/em><\/sub><\/em><\/p>\n","protected":false},"excerpt":{"rendered":"<p>Descripci\u00f3<br \/>\nAquests estudis permeten a les persones que el superen l&#8217;acc\u00e9s directe als cicles de grau mitj\u00e0 de formaci\u00f3 professional.<br \/>\nLes mat\u00e8ries del curs s&#8217;estructuren en tres \u00e0mbits: \u00e0mbit de la comunicaci\u00f3 (COM), \u00e0mbit social (SOC) i \u00e0mbit cientificotecnol\u00f2gic (CTE).<br \/>\nLa durada d&#8217;aquest curs \u00e9s d&#8217;un curs acad\u00e8mic.<br \/>\nL&#8217;alumnat&hellip;  <a href=\"https:\/\/agora.xtec.cat\/cfatarrega\/ensenyaments\/ensenyaments-inicials-i-formacio-basica\/curs-dacces-als-cicles-de-grau-mitja\/\" title=\"Read Curs de formaci\u00f3 preparatori per a l&#8217;acc\u00e9s directe a cicles de grau mitj\u00e0 (CAM)\">Llegeix m\u00e9s\u00bb<\/a><\/p>\n","protected":false},"author":1,"featured_media":0,"parent":283,"menu_order":0,"comment_status":"closed","ping_status":"closed","template":"page-templates\/side-menu.php","meta":{"_bbp_topic_count":0,"_bbp_reply_count":0,"_bbp_total_topic_count":0,"_bbp_total_reply_count":0,"_bbp_voice_count":0,"_bbp_anonymous_reply_count":0,"_bbp_topic_count_hidden":0,"_bbp_reply_count_hidden":0,"_bbp_forum_subforum_count":0,"footnotes":""},"class_list":["post-305","page","type-page","status-publish","hentry"],"post_mailing_queue_ids":[],"_links":{"self":[{"href":"https:\/\/agora.xtec.cat\/cfatarrega\/wp-json\/wp\/v2\/pages\/305","targetHints":{"allow":["GET"]}}],"collection":[{"href":"https:\/\/agora.xtec.cat\/cfatarrega\/wp-json\/wp\/v2\/pages"}],"about":[{"href":"https:\/\/agora.xtec.cat\/cfatarrega\/wp-json\/wp\/v2\/types\/page"}],"author":[{"embeddable":true,"href":"https:\/\/agora.xtec.cat\/cfatarrega\/wp-json\/wp\/v2\/users\/1"}],"replies":[{"embeddable":true,"href":"https:\/\/agora.xtec.cat\/cfatarrega\/wp-json\/wp\/v2\/comments?post=305"}],"version-history":[{"count":7,"href":"https:\/\/agora.xtec.cat\/cfatarrega\/wp-json\/wp\/v2\/pages\/305\/revisions"}],"predecessor-version":[{"id":4869,"href":"https:\/\/agora.xtec.cat\/cfatarrega\/wp-json\/wp\/v2\/pages\/305\/revisions\/4869"}],"up":[{"embeddable":true,"href":"https:\/\/agora.xtec.cat\/cfatarrega\/wp-json\/wp\/v2\/pages\/283"}],"wp:attachment":[{"href":"https:\/\/agora.xtec.cat\/cfatarrega\/wp-json\/wp\/v2\/media?parent=305"}],"curies":[{"name":"wp","href":"https:\/\/api.w.org\/{rel}","templated":true}]}}