{"id":303,"date":"2015-01-28T11:23:05","date_gmt":"2015-01-28T10:23:05","guid":{"rendered":"http:\/\/agora.xtec.cat\/afatarrega\/?page_id=303"},"modified":"2026-04-10T11:03:20","modified_gmt":"2026-04-10T09:03:20","slug":"graduat-en-educacio-secundaria-per-adults","status":"publish","type":"page","link":"https:\/\/agora.xtec.cat\/cfatarrega\/ensenyaments\/ensenyaments-inicials-i-formacio-basica\/graduat-en-educacio-secundaria-per-adults\/","title":{"rendered":"Graduat en educaci\u00f3 secund\u00e0ria per a adults (GES = ESO)"},"content":{"rendered":"<p><span style=\"text-decoration: underline;\"><strong>Descripci\u00f3<\/strong><\/span><\/p>\n<p>Aquests estudis permeten completar els ensenyaments b\u00e0sics i obtenir el t\u00edtol de graduat o graduada en educaci\u00f3 secund\u00e0ria obligat\u00f2ria (GES = ESO).<\/p>\n<p><span style=\"text-decoration: underline;\"><strong>Continguts<\/strong><\/span><\/p>\n<p>Els ensenyaments per a l\u2019obtenci\u00f3 del t\u00edtol d&#8217;ESO consisteixen en 34 m\u00f2duls trimestrals. <strong><span style=\"color: #993300;\">La durada d\u2019aquests estudis \u00e9s de 2 anys (GES-1 i GES-2), que es poden reduir a menys de 2 anys:<\/span><\/strong><\/p>\n<ul style=\"list-style-type: square;\">\n<li><strong><span style=\"color: #993300;\">si les convalidacions d&#8217;estudis anteriors ho permeten<\/span><\/strong><\/li>\n<li><strong><span style=\"color: #993300;\">si s&#8217;ha aprovat el CAM al nostre centre i s&#8217;ha superat una prova d&#8217;avaluaci\u00f3 inicial<\/span><\/strong><\/li>\n<li><strong><span style=\"color: #993300;\">si se supera una prova de nivell (PAI)<\/span><\/strong><\/li>\n<\/ul>\n<p>Els m\u00f2duls estan agrupats en 3 \u00e0mbits: l&#8217;\u00e0mbit de la comunicaci\u00f3, l&#8217;\u00e0mbit cientificotecnol\u00f2gic i l&#8217;\u00e0mbit social; de la manera seg\u00fcent:<\/p>\n<p><a href=\"http:\/\/agora.xtec.cat\/cfatarrega\/wp-content\/uploads\/usu1634\/2015\/01\/Captura-1.png\"><img loading=\"lazy\" decoding=\"async\" class=\"alignnone wp-image-1808\" src=\"http:\/\/agora.xtec.cat\/cfatarrega\/wp-content\/uploads\/usu1634\/2015\/01\/Captura-1-1024x599.png\" alt=\"Captura\" width=\"674\" height=\"394\" srcset=\"https:\/\/agora.xtec.cat\/cfatarrega\/wp-content\/uploads\/usu1634\/2015\/01\/Captura-1-1024x599.png 1024w, https:\/\/agora.xtec.cat\/cfatarrega\/wp-content\/uploads\/usu1634\/2015\/01\/Captura-1-300x175.png 300w, https:\/\/agora.xtec.cat\/cfatarrega\/wp-content\/uploads\/usu1634\/2015\/01\/Captura-1-768x449.png 768w, https:\/\/agora.xtec.cat\/cfatarrega\/wp-content\/uploads\/usu1634\/2015\/01\/Captura-1.png 1242w\" sizes=\"auto, (max-width: 674px) 100vw, 674px\" \/><\/a><\/p>\n<p><span style=\"text-decoration: underline;\"><strong>Acc\u00e9s<\/strong><\/span><\/p>\n<p>Amb car\u00e0cter general, per accedir a l&#8217;educaci\u00f3 d&#8217;adults cal tenir 18 anys, o b\u00e9 complir-los durant l&#8217;any natural en qu\u00e8 s&#8217;inicia la formaci\u00f3.<\/p>\n<p>Tamb\u00e9 hi poden accedir les persones m\u00e9s grans de 16 anys o que els compleixin durant l&#8217;any natural en qu\u00e8 inicien la formaci\u00f3 si es troben en alguna de les situacions seg\u00fcents:<\/p>\n<ul>\n<li>Tenen un contracte laboral que els impedeixi assistir als centres educatius en r\u00e8gim ordinari.<\/li>\n<li>Es troben en proc\u00e9s d&#8217;obtenci\u00f3 d&#8217;un perm\u00eds de treball.<\/li>\n<li>S\u00f3n esportistes d&#8217;alt rendiment.<\/li>\n<li>Han cursat o estan cursant els programes postobligatoris de formaci\u00f3 i inserci\u00f3 i volen cursar, en paral\u00b7lel, els ensenyaments d\u2019educaci\u00f3 secund\u00e0ria obligat\u00f2ria per a adults.<\/li>\n<li>Participen en el programa d&#8217;experi\u00e8ncia professional per a l&#8217;ocupaci\u00f3 juvenil a Catalunya &#8220;Joves per l&#8217;ocupaci\u00f3&#8221;.<\/li>\n<\/ul>\n<p><span style=\"text-decoration: underline;\"><strong>Tr\u00e0mits<\/strong><\/span><\/p>\n<p>Preinscripci\u00f3 i matr\u00edcula:<\/p>\n<p>Per cursar aquest ensenyament cal formalitzar la preinscripci\u00f3 i la matr\u00edcula d&#8217;acord amb els criteris fixats pel Departament d&#8217;Educaci\u00f3. Aquest estudi \u00e9s gratu\u00eft.<\/p>\n<p><span style=\"text-decoration: underline;\"><strong>Continu\u00eftat<\/strong><\/span><\/p>\n<p>Les persones que superen aquesta formaci\u00f3 poden accedir als ensenyaments seg\u00fcents:<\/p>\n<ul>\n<li>el batxillerat,<\/li>\n<li>els cicles formatius de grau mitj\u00e0,<\/li>\n<li>la preparaci\u00f3 per a les proves d&#8217;acc\u00e9s als cicles formatius de grau superior i<\/li>\n<li>la preparaci\u00f3 per a les proves d&#8217;acc\u00e9s a la universitat per a les persones m\u00e9s grans de 25 anys<\/li>\n<\/ul>\n<p><span style=\"text-decoration: underline;\"><strong>Horaris 25-26<\/strong><\/span><\/p>\n<p>HORARI: <strong>CAM<\/strong><strong>\u00a0<\/strong><\/p>\n<table style=\"width: 638px;\" width=\"603\">\n<tbody>\n<tr>\n<td style=\"width: 53px;\"><strong>\u00a0<\/strong><\/td>\n<td style=\"width: 115px;\"><strong>DILLUNS<\/strong><\/td>\n<td style=\"width: 120px;\"><strong>DIMARTS<\/strong><\/td>\n<td style=\"width: 118px;\"><strong>DIMECRES<\/strong><\/td>\n<td style=\"width: 109px;\"><strong>DIJOUS<\/strong><\/td>\n<td style=\"width: 107px;\"><strong>DIVENDRES<\/strong><\/td>\n<\/tr>\n<tr>\n<td style=\"width: 53px;\"><strong>MAT\u00cd<\/strong><\/td>\n<td style=\"width: 115px;\">\n<p style=\"text-align: center;\">09:00 \u2013 11:00<\/p>\n<\/td>\n<td style=\"width: 120px;\">\n<p style=\"text-align: center;\">10:00 \u2013 14:00<\/p>\n<\/td>\n<td style=\"width: 118px;\">\n<p style=\"text-align: center;\">09:00 \u2013 11:00<\/p>\n<\/td>\n<td style=\"width: 109px;\">09:00 \u2013 13:00<\/td>\n<td style=\"width: 107px;\">09:00 \u2013 12:00<\/td>\n<\/tr>\n<\/tbody>\n<\/table>\n<p><span style=\"font-family: inherit; font-size: 1em;\"><br \/>\nHORARI: <\/span><strong style=\"font-family: inherit; font-size: 1em;\">GES 2<\/strong><\/p>\n<table style=\"width: 46.282937%;\" width=\"592\">\n<tbody>\n<tr>\n<td style=\"width: 11.041009%;\"><strong>\u00a0<\/strong><\/td>\n<td style=\"width: 18.44437%;\"><strong>DILLUNS<\/strong><\/td>\n<td style=\"width: 19.238946%;\"><strong>DIMARTS<\/strong><\/td>\n<td style=\"width: 17.206274%;\"><strong>DIMECRES<\/strong><\/td>\n<td style=\"width: 22.667444%;\"><strong>DIJOUS<\/strong><\/td>\n<td style=\"width: 9.036026%;\"><strong>DIVENDRES<\/strong><\/td>\n<\/tr>\n<tr>\n<td style=\"width: 11.041009%;\"><strong>TARDA<\/strong><\/td>\n<td style=\"width: 18.44437%;\">15:00 \u2013 20:00<\/td>\n<td style=\"width: 19.238946%;\">15:00 \u2013 18:30<\/td>\n<td style=\"width: 17.206274%;\">15:00 \u2013 19:00<\/td>\n<td style=\"width: 22.667444%;\">16:00 \u2013 18:30<\/td>\n<td style=\"width: 9.036026%;\"><\/td>\n<\/tr>\n<\/tbody>\n<\/table>\n<p><sub><em>Data \u00faltima actualitzaci\u00f3: 23 de setembre de 2025<\/em><\/sub><\/p>\n","protected":false},"excerpt":{"rendered":"<p>Descripci\u00f3<br \/>\nAquests estudis permeten completar els ensenyaments b\u00e0sics i obtenir el t\u00edtol de graduat o graduada en educaci\u00f3 secund\u00e0ria obligat\u00f2ria (GES = ESO).<br \/>\nContinguts<br \/>\nEls ensenyaments per a l\u2019obtenci\u00f3 del t\u00edtol d&#8217;ESO consisteixen en 34 m\u00f2duls trimestrals. La durada d\u2019aquests estudis \u00e9s de 2 anys (GES-1 i GES-2),&hellip;  <a href=\"https:\/\/agora.xtec.cat\/cfatarrega\/ensenyaments\/ensenyaments-inicials-i-formacio-basica\/graduat-en-educacio-secundaria-per-adults\/\" title=\"Read Graduat en educaci\u00f3 secund\u00e0ria per a adults (GES = ESO)\">Llegeix m\u00e9s\u00bb<\/a><\/p>\n","protected":false},"author":1,"featured_media":0,"parent":283,"menu_order":0,"comment_status":"closed","ping_status":"closed","template":"page-templates\/side-menu.php","meta":{"_bbp_topic_count":0,"_bbp_reply_count":0,"_bbp_total_topic_count":0,"_bbp_total_reply_count":0,"_bbp_voice_count":0,"_bbp_anonymous_reply_count":0,"_bbp_topic_count_hidden":0,"_bbp_reply_count_hidden":0,"_bbp_forum_subforum_count":0,"footnotes":""},"class_list":["post-303","page","type-page","status-publish","hentry"],"post_mailing_queue_ids":[],"_links":{"self":[{"href":"https:\/\/agora.xtec.cat\/cfatarrega\/wp-json\/wp\/v2\/pages\/303","targetHints":{"allow":["GET"]}}],"collection":[{"href":"https:\/\/agora.xtec.cat\/cfatarrega\/wp-json\/wp\/v2\/pages"}],"about":[{"href":"https:\/\/agora.xtec.cat\/cfatarrega\/wp-json\/wp\/v2\/types\/page"}],"author":[{"embeddable":true,"href":"https:\/\/agora.xtec.cat\/cfatarrega\/wp-json\/wp\/v2\/users\/1"}],"replies":[{"embeddable":true,"href":"https:\/\/agora.xtec.cat\/cfatarrega\/wp-json\/wp\/v2\/comments?post=303"}],"version-history":[{"count":7,"href":"https:\/\/agora.xtec.cat\/cfatarrega\/wp-json\/wp\/v2\/pages\/303\/revisions"}],"predecessor-version":[{"id":5050,"href":"https:\/\/agora.xtec.cat\/cfatarrega\/wp-json\/wp\/v2\/pages\/303\/revisions\/5050"}],"up":[{"embeddable":true,"href":"https:\/\/agora.xtec.cat\/cfatarrega\/wp-json\/wp\/v2\/pages\/283"}],"wp:attachment":[{"href":"https:\/\/agora.xtec.cat\/cfatarrega\/wp-json\/wp\/v2\/media?parent=303"}],"curies":[{"name":"wp","href":"https:\/\/api.w.org\/{rel}","templated":true}]}}