{"id":301,"date":"2015-01-28T11:21:46","date_gmt":"2015-01-28T10:21:46","guid":{"rendered":"http:\/\/agora.xtec.cat\/afatarrega\/?page_id=301"},"modified":"2025-07-02T10:11:45","modified_gmt":"2025-07-02T08:11:45","slug":"formacio-instrumental","status":"publish","type":"page","link":"https:\/\/agora.xtec.cat\/cfatarrega\/ensenyaments\/ensenyaments-inicials-i-formacio-basica\/formacio-instrumental\/","title":{"rendered":"Formaci\u00f3 instrumental (estudis previs a l&#8217;ESO)"},"content":{"rendered":"<p><span style=\"text-decoration: underline;\"><strong>Descripci\u00f3<\/strong><\/span><\/p>\n<p>L&#8217;objectiu d&#8217;aquests estudis \u00e9s que les persones adultes aprenguin a <span style=\"color: #993300;\"><strong>llegir,\u00a0escriure i fer c\u00e0lculs elementals<\/strong><\/span>. S\u00f3n els estudis previs a l&#8217;ESO.<\/p>\n<p>La superaci\u00f3 d&#8217;aquests estudis permet l&#8217;obtenci\u00f3 del\u00a0<span style=\"color: #993300;\"><strong>certificat<\/strong> <\/span>de formaci\u00f3 instrumental.<\/p>\n<p><span style=\"text-decoration: underline;\"><strong>Continguts<\/strong><\/span><\/p>\n<p>Els continguts d&#8217;aquesta formaci\u00f3 s&#8217;organitzen en quatre <strong>nivells<\/strong>:<\/p>\n<ul>\n<li>el primer nivell, en qu\u00e8 l&#8217;aprenentatge se centra en l&#8217;adquisici\u00f3 dels mecanismes fonamentals de lectura i escriptura i de c\u00e0lcul, a m\u00e9s de nocions elementals sobre l&#8217;entorn social i natural;<\/li>\n<li>el segon nivell, en qu\u00e8 l&#8217;objectiu central \u00e9s consolidar aquests mecanismes i\u00a0els\u00a0coneixements que expliquen l&#8217;entorn, i<\/li>\n<li>el tercer i quart nivell, en el qual s&#8217;amplien els coneixements anteriors fins a assolir els objectius generals del cicle.<\/li>\n<li>Al finalitzar els cicles de Certificat de Formaci\u00f3 Instrumental (nivell d\u2019instrucci\u00f3 pr\u00e8via a l\u2019ESO), s&#8217;assoleix:<br \/>\nAmb el 1r cicle, s\u2019obtindr\u00e0 un nivell A1 del MECR de catal\u00e0 i castell\u00e0<br \/>\nAmb el 2n cicle, s\u2019obtindr\u00e0 un nivell A2 del MECR de catal\u00e0 i castell\u00e0 i un certificat de COMPETIC inicial d\u2019inform\u00e0tica<\/li>\n<\/ul>\n<p>Cada nivell inclou tres <strong>\u00e0rees de coneixement<\/strong>:<\/p>\n<ul>\n<li><strong><span style=\"color: #993300;\">\u00e0rea ling\u00fc\u00edstica,<br \/>\n<\/span><\/strong><\/li>\n<li><strong><span style=\"color: #993300;\">\u00e0rea matem\u00e0tica i<\/span><\/strong><\/li>\n<li><strong><span style=\"color: #993300;\">\u00e0rea del medi natural, social i cultural<\/span><\/strong>.<\/li>\n<\/ul>\n<p>La durada aproximada d&#8217;aquesta formaci\u00f3 \u00e9s de 4 cursos. Aix\u00f2 no obstant, segons els coneixements previs, les necessitats formatives, i els ritmes d&#8217;aprenentatge de l&#8217;alumnat, la durada pot ser m\u00e9s llarga o menys.<\/p>\n<p><span style=\"text-decoration: underline;\"><strong>Acc\u00e9s<\/strong><\/span><\/p>\n<p>Poden accedir a aquests estudis totes les persones que tenen m\u00e9s de 18 anys o b\u00e9 els compleixen durant l&#8217;any natural en qu\u00e8 inicien la formaci\u00f3.<\/p>\n<p><span style=\"text-decoration: underline;\"><strong>Tr\u00e0mits<\/strong><\/span><\/p>\n<p>Per cursar aquest ensenyament cal formalitzar la matr\u00edcula d&#8217;acord amb els criteris fixats pel Departament d&#8217;Educaci\u00f3. Aquest estudi \u00e9s gratu\u00eft.<\/p>\n<p><span style=\"text-decoration: underline;\"><strong>Continu\u00eftat<\/strong><\/span><\/p>\n<p>Si es vol continuar la formaci\u00f3, es pot cursar l&#8217;educaci\u00f3 secund\u00e0ria (GES = ESO) per a les persones adultes.<\/p>\n<p><span style=\"text-decoration: underline;\"><strong>Horaris 25-26<\/strong><\/span><\/p>\n<p>HORARI: <strong>CFI 1-2 (ALFABETITZACI\u00d3-NEOLECTORS)<\/strong><\/p>\n<table style=\"width: 44.575429%;\" width=\"592\">\n<tbody>\n<tr>\n<td style=\"width: 10.967742%;\"><strong>\u00a0<\/strong><\/td>\n<td style=\"width: 20.828517%;\"><strong>DILLUNS<\/strong><\/td>\n<td style=\"width: 19.541347%;\"><strong>DIMARTS<\/strong><\/td>\n<td style=\"width: 18.393401%;\"><strong>DIMECRES<\/strong><\/td>\n<td style=\"width: 21.98592%;\"><strong>DIJOUS<\/strong><\/td>\n<td style=\"width: 5.702428%;\"><strong>DIVENDRES<\/strong><\/td>\n<\/tr>\n<tr>\n<td style=\"width: 10.967742%;\"><strong>TARDA<\/strong><\/td>\n<td style=\"width: 20.828517%;\">15:00 \u2013 17:00<\/td>\n<td style=\"width: 19.541347%;\">15:00 \u2013 16:30<\/td>\n<td style=\"width: 18.393401%;\">15:00 \u2013 17:00<\/td>\n<td style=\"width: 21.98592%;\">15:00 \u2013 16:30<\/td>\n<td style=\"width: 5.702428%;\"><\/td>\n<\/tr>\n<\/tbody>\n<\/table>\n<p>HORARI: <strong>CFI 3-4 (PREGES)<\/strong><\/p>\n<table style=\"width: 118.241%;\" width=\"592\">\n<tbody>\n<tr>\n<td style=\"width: 10.8974%;\"><strong>\u00a0<\/strong><\/td>\n<td style=\"width: 14.1026%;\"><strong>DILLUNS<\/strong><\/td>\n<td style=\"width: 17.9808%;\"><strong>DIMARTS<\/strong><\/td>\n<td style=\"width: 17.9472%;\"><strong>DIMECRES<\/strong><\/td>\n<td style=\"width: 17.3376%;\"><strong>DIJOUS<\/strong><\/td>\n<td style=\"width: 20.4558%;\"><strong>DIVENDRES<\/strong><\/td>\n<\/tr>\n<tr>\n<td style=\"width: 10.8974%;\"><strong>MAT\u00cd<\/strong><\/td>\n<td style=\"width: 14.1026%;\"><\/td>\n<td style=\"width: 17.9808%;\">09:30 \u2013 11:30<\/td>\n<td style=\"width: 17.9472%;\">09:00 \u2013 11:30<\/td>\n<td style=\"width: 17.3376%;\">09:30 \u2013 11:30<\/td>\n<td style=\"width: 20.4558%;\">09:00 \u2013 10:30<\/td>\n<\/tr>\n<\/tbody>\n<\/table>\n<p><sub><em>Data \u00faltima actualitzaci\u00f3: 2 de juliol de 2025<\/em><\/sub><\/p>\n","protected":false},"excerpt":{"rendered":"<p>Descripci\u00f3<br \/>\nL&#8217;objectiu d&#8217;aquests estudis \u00e9s que les persones adultes aprenguin a llegir,\u00a0escriure i fer c\u00e0lculs elementals. S\u00f3n els estudis previs a l&#8217;ESO.<br \/>\nLa superaci\u00f3 d&#8217;aquests estudis permet l&#8217;obtenci\u00f3 del\u00a0certificat de formaci\u00f3 instrumental.<br \/>\nContinguts<br \/>\nEls continguts d&#8217;aquesta formaci\u00f3 s&#8217;organitzen en quatre nivells:<\/p>\n<ul>\n<li>el primer nivell, en qu\u00e8 l&#8217;aprenentatge se centra en&hellip;  <a href=\"https:\/\/agora.xtec.cat\/cfatarrega\/ensenyaments\/ensenyaments-inicials-i-formacio-basica\/formacio-instrumental\/\" title=\"Read Formaci\u00f3 instrumental (estudis previs a l&#8217;ESO)\">Llegeix m\u00e9s\u00bb<\/a><br \/>\n","protected":false},"author":1,"featured_media":0,"parent":283,"menu_order":0,"comment_status":"closed","ping_status":"closed","template":"page-templates\/side-menu.php","meta":{"_bbp_topic_count":0,"_bbp_reply_count":0,"_bbp_total_topic_count":0,"_bbp_total_reply_count":0,"_bbp_voice_count":0,"_bbp_anonymous_reply_count":0,"_bbp_topic_count_hidden":0,"_bbp_reply_count_hidden":0,"_bbp_forum_subforum_count":0,"footnotes":""},"class_list":["post-301","page","type-page","status-publish","hentry"],"post_mailing_queue_ids":[],"_links":{"self":[{"href":"https:\/\/agora.xtec.cat\/cfatarrega\/wp-json\/wp\/v2\/pages\/301","targetHints":{"allow":["GET"]}}],"collection":[{"href":"https:\/\/agora.xtec.cat\/cfatarrega\/wp-json\/wp\/v2\/pages"}],"about":[{"href":"https:\/\/agora.xtec.cat\/cfatarrega\/wp-json\/wp\/v2\/types\/page"}],"author":[{"embeddable":true,"href":"https:\/\/agora.xtec.cat\/cfatarrega\/wp-json\/wp\/v2\/users\/1"}],"replies":[{"embeddable":true,"href":"https:\/\/agora.xtec.cat\/cfatarrega\/wp-json\/wp\/v2\/comments?post=301"}],"version-history":[{"count":6,"href":"https:\/\/agora.xtec.cat\/cfatarrega\/wp-json\/wp\/v2\/pages\/301\/revisions"}],"predecessor-version":[{"id":4799,"href":"https:\/\/agora.xtec.cat\/cfatarrega\/wp-json\/wp\/v2\/pages\/301\/revisions\/4799"}],"up":[{"embeddable":true,"href":"https:\/\/agora.xtec.cat\/cfatarrega\/wp-json\/wp\/v2\/pages\/283"}],"wp:attachment":[{"href":"https:\/\/agora.xtec.cat\/cfatarrega\/wp-json\/wp\/v2\/media?parent=301"}],"curies":[{"name":"wp","href":"https:\/\/api.w.org\/{rel}","templated":true}]}}