{"id":299,"date":"2015-01-28T11:21:22","date_gmt":"2015-01-28T10:21:22","guid":{"rendered":"http:\/\/agora.xtec.cat\/afatarrega\/?page_id=299"},"modified":"2025-09-23T11:11:52","modified_gmt":"2025-09-23T09:11:52","slug":"llengua-castellana","status":"publish","type":"page","link":"https:\/\/agora.xtec.cat\/cfatarrega\/ensenyaments\/ensenyaments-inicials-i-formacio-basica\/llengua-castellana\/","title":{"rendered":"Llengua castellana"},"content":{"rendered":"<p><span style=\"text-decoration: underline;\"><strong>Descripci\u00f3 <\/strong><\/span><\/p>\n<p>Aquests estudis tenen com a objectiu que les persones adultes assoleixin un grau de compet\u00e8ncia m\u00ednima per a comunicar-se en llengua castellana i s&#8217;imparteixen en tres nivells:<\/p>\n<ul>\n<li><span style=\"color: #993300;\"><strong>Llengua castellana nivell 1<\/strong> <\/span>(3 h\/setmana), que correspon al nivell A1\u00a0del MECR (Marc europeu com\u00fa de refer\u00e8ncia per a les lleng\u00fces).<\/li>\n<li><span style=\"color: #993300;\"><strong>Llengua castellana nivell 2<\/strong><\/span> (4 h\/setmana), que correspon al nivell A2 del MECR.<\/li>\n<li><span style=\"color: #993300;\"><strong>Llengua castellana nivell 3<\/strong><\/span> (4 h\/setmana), que correspon al nivell B1\u00a0del MECR.<\/li>\n<\/ul>\n<p><span style=\"text-decoration: underline;\"><strong>Continguts<\/strong><\/span><\/p>\n<p>En els tres nivells es treballen les habilitats de comprensi\u00f3 i expressi\u00f3 orals i escrites que permeten fer front a la major part de situacions ling\u00fc\u00edstiques de la vida quotidiana. Vegeu el <a href=\"http:\/\/queestudiar.gencat.cat\/web\/.content\/home\/estudis\/adults\/normativa\/resoluciocurriculumsllenguescfa.pdf\">curr\u00edculum <\/a>d&#8217;aquests estudis.<\/p>\n<p><span style=\"text-decoration: underline;\"><strong> Acc\u00e9s <\/strong><\/span><\/p>\n<p>Poden accedir a aquests estudis totes les persones que tenen m\u00e9s de 18 anys o b\u00e9 els compleixen durant l&#8217;any natural en qu\u00e8 inicien la formaci\u00f3. Quan hi ha un motiu justificat, tamb\u00e9 hi poden accedir les persones que tenen m\u00e9s de 16 anys i les que els compleixen durant l&#8217;any natural en qu\u00e8 inicien la formaci\u00f3.<\/p>\n<p><span style=\"text-decoration: underline;\"><strong>Tr\u00e0mits <\/strong><\/span><\/p>\n<p>Per cursar aquest ensenyament cal formalitzar la matr\u00edcula d&#8217;acord amb els criteris fixats pel Departament d&#8217;Educaci\u00f3. Aquest estudi \u00e9s gratu\u00eft.<\/p>\n<p><span style=\"text-decoration: underline;\"><strong>Horaris 25-26<\/strong><\/span><\/p>\n<p>HORARI: <strong>CASTELL\u00c0 1 Mat\u00ed<\/strong><strong style=\"font-family: inherit; font-size: 1em;\">\u00a0<\/strong><\/p>\n<table style=\"width: 61.164682%; height: 82px;\">\n<tbody>\n<tr style=\"height: 33px;\">\n<td style=\"height: 33px; width: 10.197087%;\"><strong>\u00a0<\/strong><\/td>\n<td style=\"text-align: center; height: 33px; width: 12.082262%;\"><strong>DILLUNS<\/strong><\/td>\n<td style=\"height: 33px; width: 9.168808%;\"><strong>DIMARTS<\/strong><\/td>\n<td style=\"height: 33px; width: 8.226222%;\"><strong>DIMECRES<\/strong><\/td>\n<td style=\"height: 33px; width: 7.540702%;\"><strong>DIJOUS<\/strong><\/td>\n<td style=\"height: 33px; width: 10.882605%;\"><strong>DIVENDRES<\/strong><\/td>\n<\/tr>\n<tr style=\"height: 49px;\">\n<td style=\"height: 49px; width: 10.197087%;\"><strong>MAT\u00cd<\/strong><\/td>\n<td style=\"height: 49px; width: 12.082262%;\">11:30 \u2013 13:00<\/td>\n<td style=\"height: 49px; width: 9.168808%;\"><\/td>\n<td style=\"height: 49px; width: 8.226222%;\"><\/td>\n<td style=\"height: 49px; width: 7.540702%;\"><\/td>\n<td style=\"height: 49px; width: 10.882605%;\">10:30 \u2013 12:00<\/td>\n<\/tr>\n<\/tbody>\n<\/table>\n<p>HORARI: <strong>CASTELL\u00c0 1 Mat\u00ed<\/strong><strong style=\"font-family: inherit; font-size: 1em;\"> Ar<\/strong><\/p>\n<table style=\"width: 61.164682%; height: 82px;\">\n<tbody>\n<tr style=\"height: 33px;\">\n<td style=\"height: 33px; width: 8.397601%;\"><strong>\u00a0<\/strong><\/td>\n<td style=\"text-align: center; height: 33px; width: 9.511569%;\"><strong>DILLUNS<\/strong><\/td>\n<td style=\"height: 33px; width: 9.854327%;\"><strong>DIMARTS<\/strong><\/td>\n<td style=\"height: 33px; width: 10.282776%;\"><strong>DIMECRES<\/strong><\/td>\n<td style=\"height: 33px; width: 8.74036%;\"><strong>DIJOUS<\/strong><\/td>\n<td style=\"height: 33px; width: 11.311054%;\"><strong>DIVENDRES<\/strong><\/td>\n<\/tr>\n<tr style=\"height: 49px;\">\n<td style=\"height: 49px; width: 8.397601%;\"><strong>MAT\u00cd<\/strong><\/td>\n<td style=\"height: 49px; width: 9.511569%;\">11:30 \u2013 13:00<\/td>\n<td style=\"height: 49px; width: 9.854327%;\"><\/td>\n<td style=\"height: 49px; width: 10.282776%;\"><\/td>\n<td style=\"height: 49px; width: 8.74036%;\"><\/td>\n<td style=\"height: 49px; width: 11.311054%;\">09:00 \u2013 10:30<\/td>\n<\/tr>\n<\/tbody>\n<\/table>\n<p>HORARI: <strong>CASTELL\u00c0 1<\/strong><strong style=\"font-family: inherit; font-size: 1em;\"> Tarda<\/strong><\/p>\n<table>\n<tbody>\n<tr>\n<td><strong>\u00a0<\/strong><\/td>\n<td><strong>DILLUNS<\/strong><\/td>\n<td><strong>DIMARTS<\/strong><\/td>\n<td><strong>DIMECRES<\/strong><\/td>\n<td><strong>DIJOUS<\/strong><\/td>\n<td><strong>DIVENDRES<\/strong><\/td>\n<\/tr>\n<tr>\n<td><strong>TARDA<\/strong><\/td>\n<td><\/td>\n<td>15<span style=\"font-weight: 400;\">:00 \u2013 16:30<\/span><\/td>\n<td><\/td>\n<td>15<span style=\"font-weight: 400;\">:00 \u2013 16:30<\/span><\/td>\n<td><\/td>\n<\/tr>\n<\/tbody>\n<\/table>\n<p><span style=\"font-family: inherit; font-size: 1em;\">HORARI: <\/span><strong style=\"font-family: inherit; font-size: 1em;\">CASTELL\u00c0 2<\/strong><strong style=\"font-family: inherit; font-size: 1em;\">\u00a0<\/strong><\/p>\n<table style=\"width: 570px;\" width=\"592\">\n<tbody>\n<tr>\n<td style=\"width: 61px;\"><strong>\u00a0<\/strong><\/td>\n<td style=\"width: 100px;\"><strong>DILLUNS<\/strong><\/td>\n<td style=\"width: 108px;\"><strong>DIMARTS<\/strong><\/td>\n<td style=\"width: 94px;\"><strong>DIMECRES<\/strong><\/td>\n<td style=\"width: 89px;\"><strong>DIJOUS<\/strong><\/td>\n<td style=\"width: 102px;\"><strong>DIVENDRES<\/strong><\/td>\n<\/tr>\n<tr>\n<td style=\"width: 61px;\"><strong>MAT\u00cd<\/strong><\/td>\n<td style=\"width: 100px;\">9:00 \u2013 11:00<\/td>\n<td style=\"width: 108px;\">9:00 \u2013 11:00<\/td>\n<td style=\"width: 94px;\"><\/td>\n<td style=\"width: 89px;\"><\/td>\n<td style=\"width: 102px;\"><\/td>\n<\/tr>\n<\/tbody>\n<\/table>\n<p>HORARI: <strong>CASTELL\u00c0 3<\/strong>\u00a0<strong style=\"font-family: inherit; font-size: 1em;\">\u00a0<\/strong><\/p>\n<table>\n<tbody>\n<tr>\n<td><strong>\u00a0<\/strong><\/td>\n<td><strong>DILLUNS<\/strong><\/td>\n<td><strong>DIMARTS<\/strong><\/td>\n<td><strong>DIMECRES<\/strong><\/td>\n<td><strong>DIJOUS<\/strong><\/td>\n<td><strong>DIVENDRES<\/strong><\/td>\n<\/tr>\n<tr>\n<td><strong>TARDA<\/strong><\/td>\n<td><\/td>\n<td><\/td>\n<td>17:00 \u2013 19:00<\/td>\n<td>17:00 \u2013 19:00<\/td>\n<td><\/td>\n<\/tr>\n<\/tbody>\n<\/table>\n<p><sub><em>Data \u00faltima actualitzaci\u00f3: 23 de setembre de 2025<\/em><\/sub><\/p>\n","protected":false},"excerpt":{"rendered":"<p>Descripci\u00f3<br \/>\nAquests estudis tenen com a objectiu que les persones adultes assoleixin un grau de compet\u00e8ncia m\u00ednima per a comunicar-se en llengua castellana i s&#8217;imparteixen en tres nivells:<\/p>\n<ul>\n<li>Llengua castellana nivell 1 (3 h\/setmana), que correspon al nivell A1\u00a0del MECR (Marc europeu com\u00fa de refer\u00e8ncia per&hellip;  <a href=\"https:\/\/agora.xtec.cat\/cfatarrega\/ensenyaments\/ensenyaments-inicials-i-formacio-basica\/llengua-castellana\/\" title=\"Read Llengua castellana\">Llegeix m\u00e9s\u00bb<\/a><br \/>\n","protected":false},"author":1,"featured_media":0,"parent":283,"menu_order":0,"comment_status":"closed","ping_status":"closed","template":"page-templates\/side-menu.php","meta":{"_bbp_topic_count":0,"_bbp_reply_count":0,"_bbp_total_topic_count":0,"_bbp_total_reply_count":0,"_bbp_voice_count":0,"_bbp_anonymous_reply_count":0,"_bbp_topic_count_hidden":0,"_bbp_reply_count_hidden":0,"_bbp_forum_subforum_count":0,"footnotes":""},"class_list":["post-299","page","type-page","status-publish","hentry"],"post_mailing_queue_ids":[],"_links":{"self":[{"href":"https:\/\/agora.xtec.cat\/cfatarrega\/wp-json\/wp\/v2\/pages\/299","targetHints":{"allow":["GET"]}}],"collection":[{"href":"https:\/\/agora.xtec.cat\/cfatarrega\/wp-json\/wp\/v2\/pages"}],"about":[{"href":"https:\/\/agora.xtec.cat\/cfatarrega\/wp-json\/wp\/v2\/types\/page"}],"author":[{"embeddable":true,"href":"https:\/\/agora.xtec.cat\/cfatarrega\/wp-json\/wp\/v2\/users\/1"}],"replies":[{"embeddable":true,"href":"https:\/\/agora.xtec.cat\/cfatarrega\/wp-json\/wp\/v2\/comments?post=299"}],"version-history":[{"count":6,"href":"https:\/\/agora.xtec.cat\/cfatarrega\/wp-json\/wp\/v2\/pages\/299\/revisions"}],"predecessor-version":[{"id":4871,"href":"https:\/\/agora.xtec.cat\/cfatarrega\/wp-json\/wp\/v2\/pages\/299\/revisions\/4871"}],"up":[{"embeddable":true,"href":"https:\/\/agora.xtec.cat\/cfatarrega\/wp-json\/wp\/v2\/pages\/283"}],"wp:attachment":[{"href":"https:\/\/agora.xtec.cat\/cfatarrega\/wp-json\/wp\/v2\/media?parent=299"}],"curies":[{"name":"wp","href":"https:\/\/api.w.org\/{rel}","templated":true}]}}