{"id":296,"date":"2015-01-28T11:18:08","date_gmt":"2015-01-28T10:18:08","guid":{"rendered":"http:\/\/agora.xtec.cat\/afatarrega\/?page_id=296"},"modified":"2025-07-02T08:54:53","modified_gmt":"2025-07-02T06:54:53","slug":"llengua-catalana","status":"publish","type":"page","link":"https:\/\/agora.xtec.cat\/cfatarrega\/ensenyaments\/ensenyaments-inicials-i-formacio-basica\/llengua-catalana\/","title":{"rendered":"Llengua catalana"},"content":{"rendered":"<p><span style=\"text-decoration: underline;\"><strong>Descripci\u00f3<\/strong><\/span><\/p>\n<p>Aquests estudis tenen com a objectiu que les persones adultes assoleixin un grau de compet\u00e8ncia m\u00ednima per a comunicar-se en llengua catalana i s&#8217;imparteixen en tres nivells:<\/p>\n<ul>\n<li><span style=\"color: #993300;\"><strong>Llengua catalana nivell 1<\/strong><\/span> (3 h\/setmana), que correspon al nivell A1\u00a0del MECR (Marc europeu com\u00fa de refer\u00e8ncia per a les lleng\u00fces).<\/li>\n<li><span style=\"color: #993300;\"><strong>Llengua catalana nivell 2<\/strong><\/span> (4 h\/setmana), que correspon al nivell A2 del MECR.<\/li>\n<li><span style=\"color: #993300;\"><strong>Llengua catalana nivell 3<\/strong> <\/span>(4 h\/setmana), que correspon al nivell B1 del MECR (per al curs 2025-26, no s&#8217;ofereix aquest ensenyament).<\/li>\n<\/ul>\n<p><span style=\"text-decoration: underline;\"><strong>Continguts<\/strong><\/span><\/p>\n<p>En els tres nivells es treballen les habilitats de comprensi\u00f3 i expressi\u00f3 orals i escrites que permeten fer front a la major part de situacions ling\u00fc\u00edstiques de la vida quotidiana. Vegeu el <a href=\"http:\/\/queestudiar.gencat.cat\/web\/.content\/home\/estudis\/adults\/normativa\/resoluciocurriculumsllenguescfa.pdf\">curr\u00edculum <\/a>d&#8217;aquests estudis.<\/p>\n<p><span style=\"text-decoration: underline;\"><strong>Acc\u00e9s<\/strong><\/span><\/p>\n<p>Poden accedir a aquests estudis totes les persones que tenen m\u00e9s de 18 anys o b\u00e9 els compleixen durant l&#8217;any natural en qu\u00e8 inicien la formaci\u00f3. Quan hi ha un motiu justificat, tamb\u00e9 hi poden accedir les persones m\u00e9s grans de 16 anys o que els compleixen durant l&#8217;any natural en qu\u00e8 inicien la formaci\u00f3.<\/p>\n<p><span style=\"text-decoration: underline;\"><strong>Tr\u00e0mits<\/strong><\/span><\/p>\n<p>Per cursar aquests estudis cal formalitzar la matr\u00edcula d&#8217;acord amb els criteris fixats pel Departament d&#8217;Educaci\u00f3. Aquest estudi \u00e9s gratu\u00eft.<\/p>\n<p><span style=\"text-decoration: underline;\"><strong>Horaris 25-26<\/strong><\/span><\/p>\n<p>HORARI: <strong>CATAL\u00c0 1 TARDA<\/strong><\/p>\n<table style=\"width: 111.346%;\" width=\"592\">\n<tbody>\n<tr>\n<td style=\"width: 11.7845%;\"><strong>\u00a0<\/strong><\/td>\n<td style=\"width: 17.5858%;\"><strong>DILLUNS<\/strong><\/td>\n<td style=\"width: 16.0843%;\"><strong>DIMARTS<\/strong><\/td>\n<td style=\"width: 15.8249%;\"><strong>DIMECRES<\/strong><\/td>\n<td style=\"width: 18.5185%;\"><strong>DIJOUS<\/strong><\/td>\n<td style=\"width: 17.1717%;\"><strong>DIVENDRES<\/strong><\/td>\n<\/tr>\n<tr>\n<td style=\"width: 11.7845%;\"><strong>TARDA<\/strong><\/td>\n<td style=\"width: 17.5858%;\">18:30 \u2013 20:00<\/td>\n<td style=\"width: 16.0843%;\">18:30 \u2013 20:00<\/td>\n<td style=\"width: 15.8249%;\"><\/td>\n<td style=\"width: 18.5185%;\"><\/td>\n<td style=\"width: 17.1717%;\"><\/td>\n<\/tr>\n<\/tbody>\n<\/table>\n<p>HORARI: <strong>CATAL\u00c0 1 MAT\u00cd<\/strong><\/p>\n<table style=\"width: 110.93%;\" width=\"592\">\n<tbody>\n<tr>\n<td style=\"width: 11.4865%;\"><strong>\u00a0<\/strong><\/td>\n<td style=\"width: 15.3716%;\"><strong>DILLUNS<\/strong><\/td>\n<td style=\"width: 18.9189%;\"><strong>DIMARTS<\/strong><\/td>\n<td style=\"width: 16.723%;\"><strong>DIMECRES<\/strong><\/td>\n<td style=\"width: 19.4289%;\"><strong>DIJOUS<\/strong><\/td>\n<td style=\"width: 15.3684%;\"><strong>DIVENDRES<\/strong><\/td>\n<\/tr>\n<tr>\n<td style=\"width: 11.4865%;\"><strong>MAT\u00cd<\/strong><\/td>\n<td style=\"width: 15.3716%;\"><\/td>\n<td style=\"width: 18.9189%;\"><\/td>\n<td style=\"width: 16.723%;\">11:30 \u2013 13:00<\/td>\n<td style=\"width: 19.4289%;\"><\/td>\n<td style=\"width: 15.3684%;\">10:30 \u2013 12:00<\/td>\n<\/tr>\n<\/tbody>\n<\/table>\n<p>HORARI: <strong>CATAL\u00c0 2<\/strong><\/p>\n<table style=\"width: 43.0704%;\" width=\"592\">\n<tbody>\n<tr>\n<td style=\"width: 11.8044%;\"><strong>\u00a0<\/strong><\/td>\n<td style=\"width: 17.8752%;\"><strong>DILLUNS<\/strong><\/td>\n<td style=\"width: 15.8516%;\"><strong>DIMARTS<\/strong><\/td>\n<td style=\"width: 18.3811%;\"><strong>DIMECRES<\/strong><\/td>\n<td style=\"width: 32.9493%;\"><strong>DIJOUS<\/strong><\/td>\n<td style=\"width: 28.618%;\"><strong>DIVENDRES<\/strong><\/td>\n<\/tr>\n<tr>\n<td style=\"width: 11.8044%;\"><strong>TARDA<\/strong><\/td>\n<td style=\"width: 17.8752%;\"><\/td>\n<td style=\"width: 15.8516%;\">17:00 \u2013 19:00<\/td>\n<td style=\"width: 18.3811%;\"><\/td>\n<td style=\"width: 32.9493%;\">17:00 \u2013 19:00<\/td>\n<td style=\"width: 28.618%;\"><\/td>\n<\/tr>\n<\/tbody>\n<\/table>\n<p><sub><em>Data \u00faltima actualitzaci\u00f3: 2 de juliol de 2025<\/em><\/sub><\/p>\n","protected":false},"excerpt":{"rendered":"<p>Descripci\u00f3<br \/>\nAquests estudis tenen com a objectiu que les persones adultes assoleixin un grau de compet\u00e8ncia m\u00ednima per a comunicar-se en llengua catalana i s&#8217;imparteixen en tres nivells:<\/p>\n<ul>\n<li>Llengua catalana nivell 1 (3 h\/setmana), que correspon al nivell A1\u00a0del MECR (Marc europeu com\u00fa de refer\u00e8ncia per a&hellip;  <a href=\"https:\/\/agora.xtec.cat\/cfatarrega\/ensenyaments\/ensenyaments-inicials-i-formacio-basica\/llengua-catalana\/\" title=\"Read Llengua catalana\">Llegeix m\u00e9s\u00bb<\/a><br \/>\n","protected":false},"author":1,"featured_media":0,"parent":283,"menu_order":0,"comment_status":"closed","ping_status":"closed","template":"page-templates\/side-menu.php","meta":{"_bbp_topic_count":0,"_bbp_reply_count":0,"_bbp_total_topic_count":0,"_bbp_total_reply_count":0,"_bbp_voice_count":0,"_bbp_anonymous_reply_count":0,"_bbp_topic_count_hidden":0,"_bbp_reply_count_hidden":0,"_bbp_forum_subforum_count":0,"footnotes":""},"class_list":["post-296","page","type-page","status-publish","hentry"],"post_mailing_queue_ids":[],"_links":{"self":[{"href":"https:\/\/agora.xtec.cat\/cfatarrega\/wp-json\/wp\/v2\/pages\/296","targetHints":{"allow":["GET"]}}],"collection":[{"href":"https:\/\/agora.xtec.cat\/cfatarrega\/wp-json\/wp\/v2\/pages"}],"about":[{"href":"https:\/\/agora.xtec.cat\/cfatarrega\/wp-json\/wp\/v2\/types\/page"}],"author":[{"embeddable":true,"href":"https:\/\/agora.xtec.cat\/cfatarrega\/wp-json\/wp\/v2\/users\/1"}],"replies":[{"embeddable":true,"href":"https:\/\/agora.xtec.cat\/cfatarrega\/wp-json\/wp\/v2\/comments?post=296"}],"version-history":[{"count":6,"href":"https:\/\/agora.xtec.cat\/cfatarrega\/wp-json\/wp\/v2\/pages\/296\/revisions"}],"predecessor-version":[{"id":4797,"href":"https:\/\/agora.xtec.cat\/cfatarrega\/wp-json\/wp\/v2\/pages\/296\/revisions\/4797"}],"up":[{"embeddable":true,"href":"https:\/\/agora.xtec.cat\/cfatarrega\/wp-json\/wp\/v2\/pages\/283"}],"wp:attachment":[{"href":"https:\/\/agora.xtec.cat\/cfatarrega\/wp-json\/wp\/v2\/media?parent=296"}],"curies":[{"name":"wp","href":"https:\/\/api.w.org\/{rel}","templated":true}]}}