{"id":286,"date":"2015-01-28T11:07:30","date_gmt":"2015-01-28T10:07:30","guid":{"rendered":"http:\/\/agora.xtec.cat\/afatarrega\/?page_id=286"},"modified":"2022-07-11T00:22:10","modified_gmt":"2022-07-10T22:22:10","slug":"ensenyaments-transprofessionals","status":"publish","type":"page","link":"https:\/\/agora.xtec.cat\/cfatarrega\/ensenyaments\/ensenyaments-transprofessionals\/","title":{"rendered":"Ensenyaments transprofessionals"},"content":{"rendered":"<p>Els ensenyaments per adquirir compet\u00e8ncies transprofessionals inclouen la formaci\u00f3 en lleng\u00fces estrangeres (angl\u00e8s, franc\u00e8s i itali\u00e0) i en compet\u00e8ncies digitals (COMPETIC).<\/p>\n<ul>\n<li><a href=\"http:\/\/agora.xtec.cat\/cfatarrega\/ensenyaments\/ensenyaments-transprofessionals\/llengua-anglesa\/\">Angl\u00e8s<\/a><\/li>\n<li><a href=\"http:\/\/agora.xtec.cat\/cfatarrega\/ensenyaments\/ensenyaments-transprofessionals\/llengua-francesa\/\">Franc\u00e8s<\/a><\/li>\n<li><a href=\"http:\/\/agora.xtec.cat\/cfatarrega\/ensenyaments\/ensenyaments-transprofessionals\/competencia-digital-competic\/\">Inform\u00e0tica<\/a>: COMPETIC amb equival\u00e8ncia ACTIC<\/li>\n<\/ul>\n","protected":false},"excerpt":{"rendered":"<p>Els ensenyaments per adquirir compet\u00e8ncies transprofessionals inclouen la formaci\u00f3 en lleng\u00fces estrangeres (angl\u00e8s, franc\u00e8s i itali\u00e0) i en compet\u00e8ncies digitals (COMPETIC).<\/p>\n<ul>\n<li><a href=\"http:\/\/agora.xtec.cat\/cfatarrega\/ensenyaments\/ensenyaments-transprofessionals\/llengua-anglesa\/\">Angl\u00e8s<\/a><\/li>\n<li><a href=\"http:\/\/agora.xtec.cat\/cfatarrega\/ensenyaments\/ensenyaments-transprofessionals\/llengua-francesa\/\">Franc\u00e8s<\/a><\/li>\n<li><a href=\"http:\/\/agora.xtec.cat\/cfatarrega\/ensenyaments\/ensenyaments-transprofessionals\/competencia-digital-competic\/\">Inform\u00e0tica<\/a>: COMPETIC amb equival\u00e8ncia ACTIC<\/li>\n<\/ul>\n","protected":false},"author":1,"featured_media":0,"parent":274,"menu_order":0,"comment_status":"closed","ping_status":"closed","template":"page-templates\/side-menu.php","meta":{"_bbp_topic_count":0,"_bbp_reply_count":0,"_bbp_total_topic_count":0,"_bbp_total_reply_count":0,"_bbp_voice_count":0,"_bbp_anonymous_reply_count":0,"_bbp_topic_count_hidden":0,"_bbp_reply_count_hidden":0,"_bbp_forum_subforum_count":0,"footnotes":""},"class_list":["post-286","page","type-page","status-publish","hentry"],"post_mailing_queue_ids":[],"_links":{"self":[{"href":"https:\/\/agora.xtec.cat\/cfatarrega\/wp-json\/wp\/v2\/pages\/286","targetHints":{"allow":["GET"]}}],"collection":[{"href":"https:\/\/agora.xtec.cat\/cfatarrega\/wp-json\/wp\/v2\/pages"}],"about":[{"href":"https:\/\/agora.xtec.cat\/cfatarrega\/wp-json\/wp\/v2\/types\/page"}],"author":[{"embeddable":true,"href":"https:\/\/agora.xtec.cat\/cfatarrega\/wp-json\/wp\/v2\/users\/1"}],"replies":[{"embeddable":true,"href":"https:\/\/agora.xtec.cat\/cfatarrega\/wp-json\/wp\/v2\/comments?post=286"}],"version-history":[{"count":4,"href":"https:\/\/agora.xtec.cat\/cfatarrega\/wp-json\/wp\/v2\/pages\/286\/revisions"}],"predecessor-version":[{"id":3807,"href":"https:\/\/agora.xtec.cat\/cfatarrega\/wp-json\/wp\/v2\/pages\/286\/revisions\/3807"}],"up":[{"embeddable":true,"href":"https:\/\/agora.xtec.cat\/cfatarrega\/wp-json\/wp\/v2\/pages\/274"}],"wp:attachment":[{"href":"https:\/\/agora.xtec.cat\/cfatarrega\/wp-json\/wp\/v2\/media?parent=286"}],"curies":[{"name":"wp","href":"https:\/\/api.w.org\/{rel}","templated":true}]}}