{"id":1574,"date":"2011-01-26T12:24:55","date_gmt":"2011-01-26T11:24:55","guid":{"rendered":"http:\/\/blocs.xtec.cat\/cfatarrega\/que-es\/"},"modified":"2022-11-22T08:29:17","modified_gmt":"2022-11-22T07:29:17","slug":"que-es","status":"publish","type":"page","link":"https:\/\/agora.xtec.cat\/cfatarrega\/que-es\/","title":{"rendered":"Qu\u00e8 \u00e9s?"},"content":{"rendered":"<p style=\"text-align: center;\"><span style=\"color: #ffffff;\"><strong><img loading=\"lazy\" decoding=\"async\" class=\"aligncenter wp-image-3885\" src=\"https:\/\/agora.xtec.cat\/cfatarrega\/wp-content\/uploads\/usu1634\/2022\/11\/Educacio.gif\" alt=\"\" width=\"366\" height=\"136\" \/>.<\/strong><\/span><strong>Qu\u00e8 \u00e9s l\u2019educaci\u00f3 d\u2019adults <\/strong><\/p>\n<p style=\"text-align: center;\">L\u2019educaci\u00f3 d\u2019adults compr\u00e8n les activitats d\u2019aprenentatge que, en el marc d\u2019aprendre al llarg de tota la vida, permet que les persones adultes desenvolupin les capacitats, enriqueixin els coneixements i millorin les compet\u00e8ncies t\u00e8cniques i professionals. Aix\u00f2 fa que hi participin persones amb objectius diferents, com poden ser obtenir una titulaci\u00f3, posar-se al dia o ampliar els coneixements.<\/p>\n<p style=\"text-align: center;\"><strong>Qui pot accedir-hi<\/strong><\/p>\n<p style=\"text-align: center;\">\u2022 Amb car\u00e0cter general poden accedir a l\u2019educaci\u00f3 d\u2019adults les persones que hagin complert 18 anys o b\u00e9 que els compleixin durant l\u2019any natural en qu\u00e8 s\u2019inicia la formaci\u00f3.<\/p>\n<p style=\"text-align: center;\">\u2022 Tamb\u00e9 hi poden accedir les persones que compleixin com a m\u00ednim 16 anys l\u2019any natural en qu\u00e8 inicien la formaci\u00f3 en els sup\u00f2sits seg\u00fcents:<\/p>\n<p style=\"text-align: center;\">\u2013 si tenen un contracte laboral que els impedeixi assistir als centres educatius en r\u00e8gim ordinari;<\/p>\n<p style=\"text-align: center;\">\u2013 si es troben en proc\u00e9s d\u2019obtenci\u00f3 d\u2019un perm\u00eds de treball;<\/p>\n<p style=\"text-align: center;\">\u2013 si s\u00f3n esportistes d\u2019alt rendiment;<\/p>\n<p style=\"text-align: center;\">\u2013 si estan cursant o han cursat els m\u00f2duls obligatoris dels programes de qualificaci\u00f3 professional inicial;<\/p>\n<p style=\"text-align: center;\">\u2013 si volen cursar la formaci\u00f3 per a les proves d\u2019acc\u00e9s als cicles formatius de grau mitj\u00e0.<\/p>\n<p style=\"text-align: center;\">\u2022 Al curs de formaci\u00f3 espec\u00edfica per a l\u2019acc\u00e9s als cicles formatius de grau mitj\u00e0 poden accedir les persones que tinguin m\u00e9s de 17 anys o b\u00e9 que els compleixen durant l\u2019any natural en qu\u00e8 inicien el curs.<\/p>\n<p style=\"text-align: center;\"><strong><span style=\"color: #800000;\">Cliqueu a sobre de la <a href=\"http:\/\/queestudiar.gencat.cat\/ca\/estudis\/adults\" target=\"_blank\" rel=\"noopener\">imatge<\/a>\u00a0per saber qu\u00e8 s&#8217;hi pot estudiar. <\/span><\/strong><a href=\"http:\/\/queestudiar.gencat.cat\/ca\/estudis\/adults\" target=\"_blank\" rel=\"noopener\"><img loading=\"lazy\" decoding=\"async\" class=\"aligncenter size-medium wp-image-1006\" src=\"http:\/\/blocs.xtec.cat\/cfatarrega\/files\/2011\/01\/que_es-285x300.png\" alt=\"que_es\" width=\"285\" height=\"300\" srcset=\"https:\/\/agora.xtec.cat\/cfatarrega\/wp-content\/uploads\/usu1634\/2011\/01\/que_es-285x300.png 285w, https:\/\/agora.xtec.cat\/cfatarrega\/wp-content\/uploads\/usu1634\/2011\/01\/que_es.png 308w\" sizes=\"auto, (max-width: 285px) 100vw, 285px\" \/><\/a><span style=\"color: #ffffff;\">.<\/span><\/p>\n","protected":false},"excerpt":{"rendered":"<p>.Qu\u00e8 \u00e9s l\u2019educaci\u00f3 d\u2019adults<br \/>\nL\u2019educaci\u00f3 d\u2019adults compr\u00e8n les activitats d\u2019aprenentatge que, en el marc d\u2019aprendre al llarg de tota la vida, permet que les persones adultes desenvolupin les capacitats, enriqueixin els coneixements i millorin les compet\u00e8ncies t\u00e8cniques i professionals. Aix\u00f2 fa que hi participin persones&hellip;  <a href=\"https:\/\/agora.xtec.cat\/cfatarrega\/que-es\/\" title=\"Read Qu\u00e8 \u00e9s?\">Llegeix m\u00e9s\u00bb<\/a><\/p>\n","protected":false},"author":1,"featured_media":0,"parent":0,"menu_order":0,"comment_status":"closed","ping_status":"closed","template":"","meta":{"_bbp_topic_count":0,"_bbp_reply_count":0,"_bbp_total_topic_count":0,"_bbp_total_reply_count":0,"_bbp_voice_count":0,"_bbp_anonymous_reply_count":0,"_bbp_topic_count_hidden":0,"_bbp_reply_count_hidden":0,"_bbp_forum_subforum_count":0,"footnotes":""},"class_list":["post-1574","page","type-page","status-publish","hentry"],"post_mailing_queue_ids":[],"_links":{"self":[{"href":"https:\/\/agora.xtec.cat\/cfatarrega\/wp-json\/wp\/v2\/pages\/1574","targetHints":{"allow":["GET"]}}],"collection":[{"href":"https:\/\/agora.xtec.cat\/cfatarrega\/wp-json\/wp\/v2\/pages"}],"about":[{"href":"https:\/\/agora.xtec.cat\/cfatarrega\/wp-json\/wp\/v2\/types\/page"}],"author":[{"embeddable":true,"href":"https:\/\/agora.xtec.cat\/cfatarrega\/wp-json\/wp\/v2\/users\/1"}],"replies":[{"embeddable":true,"href":"https:\/\/agora.xtec.cat\/cfatarrega\/wp-json\/wp\/v2\/comments?post=1574"}],"version-history":[{"count":3,"href":"https:\/\/agora.xtec.cat\/cfatarrega\/wp-json\/wp\/v2\/pages\/1574\/revisions"}],"predecessor-version":[{"id":3887,"href":"https:\/\/agora.xtec.cat\/cfatarrega\/wp-json\/wp\/v2\/pages\/1574\/revisions\/3887"}],"wp:attachment":[{"href":"https:\/\/agora.xtec.cat\/cfatarrega\/wp-json\/wp\/v2\/media?parent=1574"}],"curies":[{"name":"wp","href":"https:\/\/api.w.org\/{rel}","templated":true}]}}