{"id":792,"date":"2017-01-27T10:28:37","date_gmt":"2017-01-27T09:28:37","guid":{"rendered":"http:\/\/agora.xtec.cat\/cfatarragona\/?page_id=792"},"modified":"2022-11-04T12:40:01","modified_gmt":"2022-11-04T11:40:01","slug":"geso-a-lioc","status":"publish","type":"page","link":"https:\/\/agora.xtec.cat\/cfatarragona\/ensenyaments\/graduat-en-educacio-secundaria-per-adults\/geso-a-lioc\/","title":{"rendered":"GESO a l&#8217;IOC"},"content":{"rendered":"<p>Els estudis per l&#8217;obtenci\u00f3 del t\u00edtol de GESO tamb\u00e9 es poden fer\u00a0<a href=\"https:\/\/ioc.xtec.cat\/educacio\/ges\" target=\"_blank\" rel=\"noopener noreferrer\"><strong>a dist\u00e0ncia a l\u2019Institut Obert de Catalunya.<\/strong><\/a><\/p>\n<p><a href=\"https:\/\/ioc.xtec.cat\/educacio\/\" target=\"_blank\" rel=\"noopener\"><img loading=\"lazy\" decoding=\"async\" class=\"aligncenter size-full wp-image-793\" src=\"http:\/\/agora.xtec.cat\/cfatarragona\/wp-content\/uploads\/usu1257\/2017\/01\/ioc_logo.png\" alt=\"ioc_logo\" width=\"220\" height=\"46\" \/><\/a><\/p>\n<p>Al CFA Tarragona som <strong>centre de suport per als alumnes que desitgeu fer el\u00a0GESO a dist\u00e0ncia<\/strong>. Aqu\u00ed tindreu un tutor\/a que us guiar\u00e0 durant els vostres estudis. Demaneu informaci\u00f3 trucant al centre o venint en el nostre <strong><a href=\"https:\/\/drive.google.com\/file\/d\/1v-pZoGhUDLjoMkicGOJc12RpfX14Gley\/view?usp=share_link\" target=\"_blank\" rel=\"noopener noreferrer\">horari d&#8217;acollida<\/a><\/strong>.<\/p>\n","protected":false},"excerpt":{"rendered":"<p>Els estudis per l&#8217;obtenci\u00f3 del t\u00edtol de GESO tamb\u00e9 es poden fer\u00a0<a href=\"https:\/\/ioc.xtec.cat\/educacio\/ges\" target=\"_blank\" rel=\"noopener noreferrer\">a dist\u00e0ncia a l\u2019Institut Obert de Catalunya.<\/a><br \/>\n<a href=\"https:\/\/ioc.xtec.cat\/educacio\/\" target=\"_blank\" rel=\"noopener\"><\/a><br \/>\nAl CFA Tarragona som centre de suport per als alumnes que desitgeu fer el\u00a0GESO a dist\u00e0ncia. Aqu\u00ed tindreu un tutor\/a que&hellip;  <a href=\"https:\/\/agora.xtec.cat\/cfatarragona\/ensenyaments\/graduat-en-educacio-secundaria-per-adults\/geso-a-lioc\/\" title=\"Read GESO a l&#8217;IOC\">Llegeix m\u00e9s\u00bb<\/a><\/p>\n","protected":false},"author":1,"featured_media":0,"parent":303,"menu_order":0,"comment_status":"closed","ping_status":"closed","template":"","meta":{"_bbp_topic_count":0,"_bbp_reply_count":0,"_bbp_total_topic_count":0,"_bbp_total_reply_count":0,"_bbp_voice_count":0,"_bbp_anonymous_reply_count":0,"_bbp_topic_count_hidden":0,"_bbp_reply_count_hidden":0,"_bbp_forum_subforum_count":0,"footnotes":""},"class_list":["post-792","page","type-page","status-publish","hentry"],"post_mailing_queue_ids":[],"_links":{"self":[{"href":"https:\/\/agora.xtec.cat\/cfatarragona\/wp-json\/wp\/v2\/pages\/792","targetHints":{"allow":["GET"]}}],"collection":[{"href":"https:\/\/agora.xtec.cat\/cfatarragona\/wp-json\/wp\/v2\/pages"}],"about":[{"href":"https:\/\/agora.xtec.cat\/cfatarragona\/wp-json\/wp\/v2\/types\/page"}],"author":[{"embeddable":true,"href":"https:\/\/agora.xtec.cat\/cfatarragona\/wp-json\/wp\/v2\/users\/1"}],"replies":[{"embeddable":true,"href":"https:\/\/agora.xtec.cat\/cfatarragona\/wp-json\/wp\/v2\/comments?post=792"}],"version-history":[{"count":3,"href":"https:\/\/agora.xtec.cat\/cfatarragona\/wp-json\/wp\/v2\/pages\/792\/revisions"}],"predecessor-version":[{"id":2580,"href":"https:\/\/agora.xtec.cat\/cfatarragona\/wp-json\/wp\/v2\/pages\/792\/revisions\/2580"}],"up":[{"embeddable":true,"href":"https:\/\/agora.xtec.cat\/cfatarragona\/wp-json\/wp\/v2\/pages\/303"}],"wp:attachment":[{"href":"https:\/\/agora.xtec.cat\/cfatarragona\/wp-json\/wp\/v2\/media?parent=792"}],"curies":[{"name":"wp","href":"https:\/\/api.w.org\/{rel}","templated":true}]}}