{"id":49,"date":"2014-09-17T16:55:55","date_gmt":"2014-09-17T16:55:55","guid":{"rendered":"http:\/\/agora.xtec.cat\/cfatarragona\/?page_id=49"},"modified":"2016-11-18T00:50:16","modified_gmt":"2016-11-17T23:50:16","slug":"normes-dorganitzacio-i-funcionament","status":"publish","type":"page","link":"https:\/\/agora.xtec.cat\/cfatarragona\/el-centre\/normes-dorganitzacio-i-funcionament\/","title":{"rendered":"Normes i funcionament del centre"},"content":{"rendered":"<div><\/div>\n<div><\/div>\n<h5 style=\"text-align: center;\"><\/h5>\n<h4 style=\"text-align: center;\"><b>NORMES GENERALS DE CONVIV\u00c8NCIA I FUNCIONAMENT DE L&#8217;ALUMNAT<\/b><\/h4>\n<p>&nbsp;<\/p>\n<h5><strong>ENTRADES I SORTIDES<\/strong><\/h5>\n<p style=\"text-align: justify;\">L&#8217;alumnat entrar\u00e0 procurant no romandre en el passad\u00eds m\u00e9s temps de l&#8217;imprescindible.<br \/>\nEn cas que un alumne necessiti quelcom de secretaria o\u00a0la direcci\u00f3, haur\u00e0 de consultar l&#8217;horari i demanar hora.<\/p>\n<p style=\"text-align: justify;\">S&#8217;habilitar\u00e0 un espai extern al centre per a poder menjar i\/o beure les estones de descans i un altre, tamb\u00e9 exterior, que no coincideixi amb l&#8217;espai d&#8217;entrada i sortida del centre com a zona per a fumadors\/es.<\/p>\n<h5 style=\"text-align: justify;\"><strong>PASSADISSOS I CANVIS D&#8217;AULA<\/strong><\/h5>\n<p style=\"text-align: justify;\">Tot despla\u00e7ament que es faci per l&#8217;edifici on es realitza l&#8217;activitat educativa s&#8217;ha de fer amb la m\u00e0xima discreci\u00f3 i celeritat, per la qual cosa no es podr\u00e0 parlar en veu alta per no molestar els companys que estan fent classe.<\/p>\n<p style=\"text-align: justify;\">Cal arribar puntualment al comen\u00e7ament de totes les classes. La puntualitat de l&#8217;alumnat i el professorat a l&#8217;hora d&#8217;entrar i sortir de classe \u00e9s imprescindible pel bon funcionament del Centre. La manca de puntualitat reiterada de l&#8217;alumnat, s&#8217;haur\u00e0 de justificar.<\/p>\n<p style=\"text-align: justify;\">Quan l&#8217;alumnat acabi de realitzar proves escrites, no podr\u00e0 sortir de l&#8217;aula fins que no s&#8217;acabi l&#8217;hora de la classe o el professor\/a responsable en doni l&#8217;autoritzaci\u00f3.<\/p>\n<h5 style=\"text-align: justify;\"><strong>\u00daS DEL LAVABO<\/strong><\/h5>\n<p style=\"text-align: justify;\">L&#8217;alumnat tindr\u00e0 a la seva disposici\u00f3 uns lavabos. Es posar\u00e0 especial cura en el manteniment i neteja d&#8217;aquest espai.<\/p>\n<h5 style=\"text-align: justify;\"><strong>DESENVOLUPAMENT DE LES CLASSES: ORDRE, HIGIENE I CONSERVACI\u00d3<\/strong><\/h5>\n<p style=\"text-align: justify;\">L&#8217;alumnat ha de portar el material necessari per a cada mat\u00e8ria.<\/p>\n<p style=\"text-align: justify;\">Cal mantenir un clima de silenci i una actitud d&#8217;ordre, respecte, atenci\u00f3 i inter\u00e8s en totes les activitats escolars. No es pot molestar els companys ni impedir el seu ritme de treball.<\/p>\n<p style=\"text-align: justify;\">El tel\u00e8fons m\u00f2bils hauran d&#8217;estar en silenci durant la realitzaci\u00f3 d&#8217;activitats acad\u00e8miques. En cas d&#8217;estar pendent d&#8217;una trucada urgent i\/o de molta import\u00e0ncia, \u00e9s comentar\u00e0 al professor\/a que estigui al c\u00e0rrec de la classe.<\/p>\n<p style=\"text-align: justify;\">No es permetr\u00e0 l&#8217;\u00fas de reproductors de v\u00eddeo, audio o similars.<\/p>\n<p style=\"text-align: justify;\">Cal mantenir l&#8217;ordre a les classes, tant de taules, cadires, armaris, penjadors, etc. Es controlar\u00e0 que resti sempre net i en bon estat.<\/p>\n<p style=\"text-align: justify;\">Qualsevol tipus de deixalla es deixar\u00e0 a les papereres i es vigilar\u00e0 que es faci d&#8217;acord amb les normes de reciclatge.<\/p>\n<h5 style=\"text-align: justify;\"><strong>ASSIST\u00c8NCIA DE L&#8217;ALUMNAT<\/strong><\/h5>\n<p style=\"text-align: justify;\">L&#8217;alumnat, en el moment de matricular-se al centre, agafa el comprom\u00eds d&#8217;assistir a les classes amb regularitat. La falta d&#8217;assist\u00e8ncia s&#8217;haur\u00e0 de justificar i la no assist\u00e8ncia injustificada o no informada durant 15 dies seguits ser\u00e0 motiu de baixa al centre.<\/p>\n<p style=\"text-align: justify;\">L&#8217;alumnat que s&#8217;incorpora al curs d&#8217;una forma tardana per estar en llista d&#8217;espera o per haver-se donat una vacant en algun ensenyament del qual no hi havia llista d&#8217;espera, tindran opci\u00f3 de recuperar la nota que manca en una avaluaci\u00f3 posterior, sempre i quan la seva assist\u00e8ncia sigui regular i el rendiment sigui positiu.<\/p>\n<p style=\"text-align: justify;\">Els cursos i\/o m\u00f2duls que un\/a alumne\/a podr\u00e0 repetir seran de tres en els nivells d&#8217;ensenyaments inicials i b\u00e0sics i de dos cursos en la resta d&#8217;ensenyaments. Quedaran sota la decisi\u00f3 de la direcci\u00f3 aquells casos que es considerin excepcionals.<\/p>\n<h5><strong>Q\u00dcESTIONS DISCIPLIN\u00c0RIES<\/strong><\/h5>\n<p><b><\/b>Caldr\u00e0 afavorir el respecte i el tracte correcte envers els altres. Cal procurar que les expressions siguin sempre un instrument de comunicaci\u00f3, tot evitant insults, grolleries, humiliacions, coaccions, etc.<\/p>\n<p>Cal prendre consci\u00e8ncia de no incomplir aquestes pautes de civisme i de respecte envers els altres aix\u00ed com:<\/p>\n<ul>\n<li>introduir elements que puguin ofendre la sensibilitat dels altres;<\/li>\n<li>prendre objectes que no s\u00f3n propis;<\/li>\n<li>falsificar documents;<\/li>\n<li>deteriorar objectes posats al servei de l&#8217;alumnat i la comunitat educativa;<\/li>\n<li>crear situacions de perill i\/o risc per a un\/a mateix\/a o per als altres;<\/li>\n<li>amena\u00e7ar i\/o increpar qualsevol membre de la comunitat educativa;<\/li>\n<li>inc\u00f3rrer en actes d&#8217;inj\u00faria o ofensa contra qualsevol membre de la comunitat escolar s\u00f3n considerats com una falta greu o molt greu i es prendran les mesures oportunes. Aquests actes seran tractats de manera individual entre el\/la o els\/les alumnes implicats, el professor\/a implicat, el tutor\/a del curs dels alumnes en q\u00fcesti\u00f3, el coordinador del nivell, la direcci\u00f3 i si s&#8217;escau el Consell Escolar.<\/li>\n<li>prendre subst\u00e0ncies o assistir a classe havent consumit subst\u00e0ncies estupefaents (alcohol, grogues, etc&#8230;)<\/li>\n<\/ul>\n","protected":false},"excerpt":{"rendered":"<p>NORMES GENERALS DE CONVIV\u00c8NCIA I FUNCIONAMENT DE L&#8217;ALUMNAT<br \/>\n&nbsp;<br \/>\nENTRADES I SORTIDES<br \/>\nL&#8217;alumnat entrar\u00e0 procurant no romandre en el passad\u00eds m\u00e9s temps de l&#8217;imprescindible.<br \/>\nEn cas que un alumne necessiti quelcom de secretaria o\u00a0la direcci\u00f3, haur\u00e0 de consultar l&#8217;horari i demanar hora.<br \/>\nS&#8217;habilitar\u00e0 un espai extern al centre per a&hellip;  <a href=\"https:\/\/agora.xtec.cat\/cfatarragona\/el-centre\/normes-dorganitzacio-i-funcionament\/\" title=\"Read Normes i funcionament del centre\">Llegeix m\u00e9s\u00bb<\/a><\/p>\n","protected":false},"author":1,"featured_media":0,"parent":261,"menu_order":60,"comment_status":"closed","ping_status":"closed","template":"page-templates\/side-menu.php","meta":{"_bbp_topic_count":0,"_bbp_reply_count":0,"_bbp_total_topic_count":0,"_bbp_total_reply_count":0,"_bbp_voice_count":0,"_bbp_anonymous_reply_count":0,"_bbp_topic_count_hidden":0,"_bbp_reply_count_hidden":0,"_bbp_forum_subforum_count":0,"footnotes":""},"class_list":["post-49","page","type-page","status-publish","hentry"],"post_mailing_queue_ids":[],"_links":{"self":[{"href":"https:\/\/agora.xtec.cat\/cfatarragona\/wp-json\/wp\/v2\/pages\/49","targetHints":{"allow":["GET"]}}],"collection":[{"href":"https:\/\/agora.xtec.cat\/cfatarragona\/wp-json\/wp\/v2\/pages"}],"about":[{"href":"https:\/\/agora.xtec.cat\/cfatarragona\/wp-json\/wp\/v2\/types\/page"}],"author":[{"embeddable":true,"href":"https:\/\/agora.xtec.cat\/cfatarragona\/wp-json\/wp\/v2\/users\/1"}],"replies":[{"embeddable":true,"href":"https:\/\/agora.xtec.cat\/cfatarragona\/wp-json\/wp\/v2\/comments?post=49"}],"version-history":[{"count":3,"href":"https:\/\/agora.xtec.cat\/cfatarragona\/wp-json\/wp\/v2\/pages\/49\/revisions"}],"predecessor-version":[{"id":582,"href":"https:\/\/agora.xtec.cat\/cfatarragona\/wp-json\/wp\/v2\/pages\/49\/revisions\/582"}],"up":[{"embeddable":true,"href":"https:\/\/agora.xtec.cat\/cfatarragona\/wp-json\/wp\/v2\/pages\/261"}],"wp:attachment":[{"href":"https:\/\/agora.xtec.cat\/cfatarragona\/wp-json\/wp\/v2\/media?parent=49"}],"curies":[{"name":"wp","href":"https:\/\/api.w.org\/{rel}","templated":true}]}}