{"id":39,"date":"2014-09-17T16:36:44","date_gmt":"2014-09-17T16:36:44","guid":{"rendered":"http:\/\/agora.xtec.cat\/cfatarragona\/?page_id=39"},"modified":"2024-01-15T19:45:09","modified_gmt":"2024-01-15T18:45:09","slug":"instal%c2%b7lacions","status":"publish","type":"page","link":"https:\/\/agora.xtec.cat\/cfatarragona\/el-centre\/instal%c2%b7lacions\/","title":{"rendered":"Instal\u00b7lacions"},"content":{"rendered":"<h2><strong>Riu Clar<\/strong><\/h2>\n<p>&nbsp;<\/p>\n<div><a href=\"http:\/\/agora.xtec.cat\/cfatarragona\/wp-content\/uploads\/usu1257\/2014\/09\/cfatarragona.jpg\"><img loading=\"lazy\" decoding=\"async\" class=\"size-medium wp-image-572 alignleft\" src=\"http:\/\/agora.xtec.cat\/cfatarragona\/wp-content\/uploads\/usu1257\/2014\/09\/cfatarragona-300x225.jpg\" alt=\"cfatarragona\" width=\"300\" height=\"225\" srcset=\"https:\/\/agora.xtec.cat\/cfatarragona\/wp-content\/uploads\/usu1257\/2014\/09\/cfatarragona-300x225.jpg 300w, https:\/\/agora.xtec.cat\/cfatarragona\/wp-content\/uploads\/usu1257\/2014\/09\/cfatarragona-200x150.jpg 200w, https:\/\/agora.xtec.cat\/cfatarragona\/wp-content\/uploads\/usu1257\/2014\/09\/cfatarragona.jpg 340w\" sizes=\"auto, (max-width: 300px) 100vw, 300px\" \/><\/a><\/div>\n<div><\/div>\n<div><\/div>\n<div><\/div>\n<div><\/div>\n<div><\/div>\n<div><\/div>\n<div><\/div>\n<div><\/div>\n<div><\/div>\n<div><\/div>\n<div><\/div>\n<div><\/div>\n<div><\/div>\n<div><\/div>\n<div><\/div>\n<div><\/div>\n<div>Depend\u00e8ncies municipals<\/div>\n<div>c\/ Prolongaci\u00f3 carrer B s\/n<br \/>\n<strong>Seu del centre CFA Tarragona<\/strong><\/div>\n<div>Est\u00e0 obert de 9 a 13h i de 15 a 21h<\/div>\n<table style=\"border-color: #ffffff; background-color: #ffffff;\">\n<tbody>\n<tr>\n<td style=\"border-color: #ffffff;\"><a href=\"https:\/\/www.google.es\/maps\/@41.1183167,1.2091,16z\/data=!3m1!4b1!4m2!6m1!1s1-v2uUyp3GYcRwMaAfhcwVizl4VA?hl=ca\" target=\"_blank\" rel=\"noopener noreferrer\"><img loading=\"lazy\" decoding=\"async\" class=\"alignnone wp-image-596\" src=\"http:\/\/agora.xtec.cat\/cfatarragona\/wp-content\/uploads\/usu1257\/2014\/09\/unnamed.png\" alt=\"unnamed\" width=\"45\" height=\"45\" srcset=\"https:\/\/agora.xtec.cat\/cfatarragona\/wp-content\/uploads\/usu1257\/2014\/09\/unnamed.png 300w, https:\/\/agora.xtec.cat\/cfatarragona\/wp-content\/uploads\/usu1257\/2014\/09\/unnamed-150x150.png 150w\" sizes=\"auto, (max-width: 45px) 100vw, 45px\" \/><\/a><\/td>\n<td style=\"border-color: #ffffff;\">\n<h4><a href=\"https:\/\/goo.gl\/maps\/eDLDU3K5Z66s4hER9\" target=\"_blank\" rel=\"noopener noreferrer\">mapa<\/a><\/h4>\n<\/td>\n<\/tr>\n<\/tbody>\n<\/table>\n<div>S&#8217;hi concentren les tasques de direcci\u00f3, l&#8217;\u00e0rea administrativa i es duen a terme els claustres, part de les coordinacions i les sessions del Consell Escolar. Est\u00e0 at\u00e8s per\u00a0tretze professors, alguns a jornada complerta i altres reparteixen la seva jornada amb les altres ubicacions. S&#8217;hi imparteixen tots els ensenyaments.<\/div>\n<p>\u00c9s un espai comunicat amb el pavell\u00f3 del poliesportiu, amb el qual\u00a0compartim un aula al primer pis.<br \/>\nA la planta baixa hi ha:<\/p>\n<p style=\"padding-left: 30px;\">4 aules pr\u00f2piament per fer classe<br \/>\n1 aula-biblioteca comunicada amb l\u2019aula d\u2019inform\u00e0tica<br \/>\n1 aula polivalent, on es fan classes i autoformaci\u00f3, aix\u00ed com diferents activitats del centre, d\u2019acord amb la franja hor\u00e0ria.<br \/>\n1 sala de professors<br \/>\n1 despatx de l\u2019equip directiu\/secretaria<\/p>\n<h2><strong>Campclar<\/strong><\/h2>\n<p><a href=\"http:\/\/agora.xtec.cat\/cfatarragona\/wp-content\/uploads\/usu1257\/2014\/09\/image_large.jpeg\"><img loading=\"lazy\" decoding=\"async\" class=\"alignnone wp-image-570\" src=\"http:\/\/agora.xtec.cat\/cfatarragona\/wp-content\/uploads\/usu1257\/2014\/09\/image_large.jpeg\" alt=\"image_large\" width=\"420\" height=\"213\" srcset=\"https:\/\/agora.xtec.cat\/cfatarragona\/wp-content\/uploads\/usu1257\/2014\/09\/image_large.jpeg 768w, https:\/\/agora.xtec.cat\/cfatarragona\/wp-content\/uploads\/usu1257\/2014\/09\/image_large-300x152.jpeg 300w\" sizes=\"auto, (max-width: 420px) 100vw, 420px\" \/><\/a><\/p>\n<div><strong>Casal C\u00edvic<\/strong><br \/>\nDepend\u00e8ncies del Departament de Benestar Social i Fam\u00edlia de la Generalitat de Catalunya<br \/>\nc\/ Riu Llobregat s\/n<\/div>\n<div>Hi ha activitat acad\u00e8mica de 15h a 17h<\/div>\n<table style=\"border-color: #ffffff; background-color: #ffffff;\">\n<tbody>\n<tr>\n<td style=\"border-color: #ffffff;\"><a href=\"https:\/\/www.google.es\/maps\/@41.1183167,1.2091,16z\/data=!3m1!4b1!4m2!6m1!1s1-v2uUyp3GYcRwMaAfhcwVizl4VA?hl=ca\" target=\"_blank\" rel=\"noopener noreferrer\"><img loading=\"lazy\" decoding=\"async\" class=\"alignnone wp-image-596\" src=\"http:\/\/agora.xtec.cat\/cfatarragona\/wp-content\/uploads\/usu1257\/2014\/09\/unnamed.png\" alt=\"unnamed\" width=\"45\" height=\"45\" srcset=\"https:\/\/agora.xtec.cat\/cfatarragona\/wp-content\/uploads\/usu1257\/2014\/09\/unnamed.png 300w, https:\/\/agora.xtec.cat\/cfatarragona\/wp-content\/uploads\/usu1257\/2014\/09\/unnamed-150x150.png 150w\" sizes=\"auto, (max-width: 45px) 100vw, 45px\" \/><\/a><\/td>\n<td style=\"border-color: #ffffff;\">\n<h4><a href=\"https:\/\/goo.gl\/maps\/gR2wmRX2umzgRqxU7\" target=\"_blank\" rel=\"noopener noreferrer\">mapa<\/a><\/h4>\n<\/td>\n<\/tr>\n<\/tbody>\n<\/table>\n<p>Est\u00e0 at\u00e8s per una docent que reparteix la seva jornada amb altres ubicacions. S&#8217;hi imparteixen ensenyaments inicials, b\u00e0sics, instrumentals.<\/p>\n<p>&nbsp;<\/p>\n<h2><strong>Torreforta<\/strong><\/h2>\n<p><a href=\"http:\/\/agora.xtec.cat\/cfatarragona\/wp-content\/uploads\/usu1257\/2014\/09\/image_preview.jpeg\"><img loading=\"lazy\" decoding=\"async\" class=\"alignnone wp-image-571\" src=\"http:\/\/agora.xtec.cat\/cfatarragona\/wp-content\/uploads\/usu1257\/2014\/09\/image_preview.jpeg\" alt=\"image_preview\" width=\"424\" height=\"249\" srcset=\"https:\/\/agora.xtec.cat\/cfatarragona\/wp-content\/uploads\/usu1257\/2014\/09\/image_preview.jpeg 400w, https:\/\/agora.xtec.cat\/cfatarragona\/wp-content\/uploads\/usu1257\/2014\/09\/image_preview-300x176.jpeg 300w\" sizes=\"auto, (max-width: 424px) 100vw, 424px\" \/><\/a><\/p>\n<div><strong>Centre C\u00edvic<\/strong><\/div>\n<div>Depend\u00e8ncies municipals<\/div>\n<div>pla\u00e7a del Tarragon\u00e8s s\/n<\/div>\n<div>Est\u00e0 obert de 15h a 20.30 h<\/div>\n<table style=\"border-color: #ffffff; background-color: #ffffff;\">\n<tbody>\n<tr>\n<td style=\"border-color: #ffffff;\"><a href=\"https:\/\/www.google.es\/maps\/@41.1183167,1.2091,16z\/data=!3m1!4b1!4m2!6m1!1s1-v2uUyp3GYcRwMaAfhcwVizl4VA?hl=ca\" target=\"_blank\" rel=\"noopener noreferrer\"><img loading=\"lazy\" decoding=\"async\" class=\"alignnone wp-image-596\" src=\"http:\/\/agora.xtec.cat\/cfatarragona\/wp-content\/uploads\/usu1257\/2014\/09\/unnamed.png\" alt=\"unnamed\" width=\"45\" height=\"45\" srcset=\"https:\/\/agora.xtec.cat\/cfatarragona\/wp-content\/uploads\/usu1257\/2014\/09\/unnamed.png 300w, https:\/\/agora.xtec.cat\/cfatarragona\/wp-content\/uploads\/usu1257\/2014\/09\/unnamed-150x150.png 150w\" sizes=\"auto, (max-width: 45px) 100vw, 45px\" \/><\/a><\/td>\n<td style=\"border-color: #ffffff;\">\n<h4><a href=\"https:\/\/goo.gl\/maps\/n76wLc9eqbdjGqgf8\" target=\"_blank\" rel=\"noopener noreferrer\">mapa<\/a><\/h4>\n<\/td>\n<\/tr>\n<\/tbody>\n<\/table>\n<p>Est\u00e0 at\u00e8s per tres docents que reparteixen la seva jornada amb altres ubicacions. S&#8217;hi imparteixen ensenyaments inicials, b\u00e0sics i instrumentals.<\/p>\n","protected":false},"excerpt":{"rendered":"<p>Riu Clar<br \/>\n&nbsp;<br \/>\n<a href=\"http:\/\/agora.xtec.cat\/cfatarragona\/wp-content\/uploads\/usu1257\/2014\/09\/cfatarragona.jpg\"><\/a><\/p>\n<p>Depend\u00e8ncies municipals<br \/>\nc\/ Prolongaci\u00f3 carrer B s\/n<br \/>\nSeu del centre CFA Tarragona<br \/>\nEst\u00e0 obert de 9 a 13h i de 15 a 21h<\/p>\n<p><a href=\"https:\/\/www.google.es\/maps\/@41.1183167,1.2091,16z\/data=!3m1!4b1!4m2!6m1!1s1-v2uUyp3GYcRwMaAfhcwVizl4VA?hl=ca\" target=\"_blank\" rel=\"noopener noreferrer\"><\/a><\/p>\n<p><a href=\"https:\/\/goo.gl\/maps\/eDLDU3K5Z66s4hER9\" target=\"_blank\" rel=\"noopener noreferrer\">mapa<\/a><\/p>\n<p>S&#8217;hi concentren les tasques de direcci\u00f3, l&#8217;\u00e0rea administrativa i es duen a terme els claustres, part&hellip;  <a href=\"https:\/\/agora.xtec.cat\/cfatarragona\/el-centre\/instal%c2%b7lacions\/\" title=\"Read Instal\u00b7lacions\">Llegeix m\u00e9s\u00bb<\/a><\/p>\n","protected":false},"author":1,"featured_media":0,"parent":261,"menu_order":30,"comment_status":"closed","ping_status":"closed","template":"page-templates\/side-menu.php","meta":{"_bbp_topic_count":0,"_bbp_reply_count":0,"_bbp_total_topic_count":0,"_bbp_total_reply_count":0,"_bbp_voice_count":0,"_bbp_anonymous_reply_count":0,"_bbp_topic_count_hidden":0,"_bbp_reply_count_hidden":0,"_bbp_forum_subforum_count":0,"footnotes":""},"class_list":["post-39","page","type-page","status-publish","hentry"],"post_mailing_queue_ids":[],"_links":{"self":[{"href":"https:\/\/agora.xtec.cat\/cfatarragona\/wp-json\/wp\/v2\/pages\/39","targetHints":{"allow":["GET"]}}],"collection":[{"href":"https:\/\/agora.xtec.cat\/cfatarragona\/wp-json\/wp\/v2\/pages"}],"about":[{"href":"https:\/\/agora.xtec.cat\/cfatarragona\/wp-json\/wp\/v2\/types\/page"}],"author":[{"embeddable":true,"href":"https:\/\/agora.xtec.cat\/cfatarragona\/wp-json\/wp\/v2\/users\/1"}],"replies":[{"embeddable":true,"href":"https:\/\/agora.xtec.cat\/cfatarragona\/wp-json\/wp\/v2\/comments?post=39"}],"version-history":[{"count":5,"href":"https:\/\/agora.xtec.cat\/cfatarragona\/wp-json\/wp\/v2\/pages\/39\/revisions"}],"predecessor-version":[{"id":2870,"href":"https:\/\/agora.xtec.cat\/cfatarragona\/wp-json\/wp\/v2\/pages\/39\/revisions\/2870"}],"up":[{"embeddable":true,"href":"https:\/\/agora.xtec.cat\/cfatarragona\/wp-json\/wp\/v2\/pages\/261"}],"wp:attachment":[{"href":"https:\/\/agora.xtec.cat\/cfatarragona\/wp-json\/wp\/v2\/media?parent=39"}],"curies":[{"name":"wp","href":"https:\/\/api.w.org\/{rel}","templated":true}]}}