{"id":339,"date":"2015-01-28T12:22:56","date_gmt":"2015-01-28T11:22:56","guid":{"rendered":"http:\/\/agora.xtec.cat\/cfatarragona\/?page_id=339"},"modified":"2025-06-26T13:20:39","modified_gmt":"2025-06-26T11:20:39","slug":"contacte","status":"publish","type":"page","link":"https:\/\/agora.xtec.cat\/cfatarragona\/contacte\/","title":{"rendered":"Contacte"},"content":{"rendered":"<h5 style=\"color: #666666;\"><strong>CFA\u00a0Tarragona<\/strong><br \/>\nPerllongaci\u00f3 del carrer B, s\/n<br \/>\n43006 Riu Clar &#8211; Tarragona<\/h5>\n<p style=\"color: #666666;\">Ens trobareu al costat del pavell\u00f3 d&#8217;esports i de la piscina municipal de Riu Clar.<\/p>\n<table style=\"border-color: #ffffff; background-color: #ffffff; height: 131px;\" border=\"0\" width=\"285\">\n<tbody>\n<tr>\n<td style=\"border-color: #fcfcfc; width: 54.4px;\"><a href=\"http:\/\/agora.xtec.cat\/cfatarragona\/wp-content\/uploads\/usu1257\/2014\/09\/simbolo-de-un-telefono-auricular-en-un-circulo_318-50200.jpg\"><img loading=\"lazy\" decoding=\"async\" class=\"alignnone wp-image-440\" src=\"http:\/\/agora.xtec.cat\/cfatarragona\/wp-content\/uploads\/usu1257\/2014\/09\/simbolo-de-un-telefono-auricular-en-un-circulo_318-50200.jpg\" alt=\"simbolo-de-un-telefono-auricular-en-un-circulo_318-50200\" width=\"33\" height=\"33\" srcset=\"https:\/\/agora.xtec.cat\/cfatarragona\/wp-content\/uploads\/usu1257\/2014\/09\/simbolo-de-un-telefono-auricular-en-un-circulo_318-50200.jpg 626w, https:\/\/agora.xtec.cat\/cfatarragona\/wp-content\/uploads\/usu1257\/2014\/09\/simbolo-de-un-telefono-auricular-en-un-circulo_318-50200-150x150.jpg 150w, https:\/\/agora.xtec.cat\/cfatarragona\/wp-content\/uploads\/usu1257\/2014\/09\/simbolo-de-un-telefono-auricular-en-un-circulo_318-50200-300x300.jpg 300w\" sizes=\"auto, (max-width: 33px) 100vw, 33px\" \/><\/a><\/td>\n<td style=\"border-color: #ffffff; width: 224px;\">\n<h5>977551888<\/h5>\n<\/td>\n<\/tr>\n<tr>\n<td style=\"border-color: #ffffff; width: 54.4px;\">\n<h4><a href=\"http:\/\/agora.xtec.cat\/cfatarragona\/wp-content\/uploads\/usu1257\/2014\/09\/email-logo-hi.png\"><img loading=\"lazy\" decoding=\"async\" class=\"alignnone wp-image-439\" src=\"http:\/\/agora.xtec.cat\/cfatarragona\/wp-content\/uploads\/usu1257\/2014\/09\/email-logo-hi.png\" alt=\"email-logo-hi\" width=\"34\" height=\"34\" srcset=\"https:\/\/agora.xtec.cat\/cfatarragona\/wp-content\/uploads\/usu1257\/2014\/09\/email-logo-hi.png 600w, https:\/\/agora.xtec.cat\/cfatarragona\/wp-content\/uploads\/usu1257\/2014\/09\/email-logo-hi-150x150.png 150w, https:\/\/agora.xtec.cat\/cfatarragona\/wp-content\/uploads\/usu1257\/2014\/09\/email-logo-hi-300x300.png 300w\" sizes=\"auto, (max-width: 34px) 100vw, 34px\" \/><\/a><\/h4>\n<\/td>\n<td style=\"border-color: #ffffff; background-color: #ffffff; width: 224px;\">\n<h5>cfatarragona@xtec.cat<\/h5>\n<\/td>\n<\/tr>\n<\/tbody>\n<\/table>\n<h4 style=\"color: #666666;\"><strong>Horari d&#8217;atenci\u00f3 secretaria<\/strong><\/h4>\n<div style=\"color: #666666;\">dilluns a dijous de 9 a 13h i de 15 a 17h<\/div>\n<p style=\"color: #666666;\">divendres de 9h a 13h<\/p>\n<div style=\"color: #666666;\">A partir del 18 de juny i fins al 16 de juliol l&#8217;horari d&#8217;atenci\u00f3 \u00e9s de 9 a 13h<\/div>\n<div><\/div>\n<div style=\"color: #666666;\"><\/div>\n<p style=\"color: #666666;\"><iframe loading=\"lazy\" src=\"https:\/\/www.google.com\/maps\/embed?pb=!1m14!1m8!1m3!1d3005.653648354949!2d1.2228768!3d41.1202547!3m2!1i1024!2i768!4f13.1!3m3!1m2!1s0x12a3fd4ccd3595d9%3A0x9df48b09e58959d6!2sCentro+de+Formaci%C3%B3n+Adultos+Tarragona!5e0!3m2!1sca!2ses!4v1475777131844\" width=\"600\" height=\"450\" frameborder=\"0\"><\/iframe><\/p>\n<h4><strong>Com arribar-hi:<br \/>\n<\/strong><\/h4>\n<table style=\"border-color: #ffffff;\">\n<tbody>\n<tr>\n<td style=\"border-color: #ffffff;\"><a href=\"http:\/\/agora.xtec.cat\/cfatarragona\/wp-content\/uploads\/usu1257\/2014\/09\/logo-coche.jpg\"><img loading=\"lazy\" decoding=\"async\" class=\"alignnone wp-image-444\" src=\"http:\/\/agora.xtec.cat\/cfatarragona\/wp-content\/uploads\/usu1257\/2014\/09\/logo-coche.jpg\" alt=\"logo-coche\" width=\"49\" height=\"42\" \/><\/a><\/td>\n<td style=\"border-color: #ffffff;\">\n<h5>Autovia Tarragona-Reus, sortida Riu Clar. Tamb\u00e9 antiga N-340, sortida Icomar<\/h5>\n<\/td>\n<\/tr>\n<tr>\n<td style=\"border-color: #ffffff; background-color: #ffffff;\"><a href=\"http:\/\/agora.xtec.cat\/cfatarragona\/wp-content\/uploads\/usu1257\/2014\/09\/1024px-Bus-logo.svg_.png\"><img loading=\"lazy\" decoding=\"async\" class=\"alignnone wp-image-443\" src=\"http:\/\/agora.xtec.cat\/cfatarragona\/wp-content\/uploads\/usu1257\/2014\/09\/1024px-Bus-logo.svg_.png\" alt=\"1024px-bus-logo-svg\" width=\"48\" height=\"48\" srcset=\"https:\/\/agora.xtec.cat\/cfatarragona\/wp-content\/uploads\/usu1257\/2014\/09\/1024px-Bus-logo.svg_.png 1024w, https:\/\/agora.xtec.cat\/cfatarragona\/wp-content\/uploads\/usu1257\/2014\/09\/1024px-Bus-logo.svg_-150x150.png 150w, https:\/\/agora.xtec.cat\/cfatarragona\/wp-content\/uploads\/usu1257\/2014\/09\/1024px-Bus-logo.svg_-300x300.png 300w, https:\/\/agora.xtec.cat\/cfatarragona\/wp-content\/uploads\/usu1257\/2014\/09\/1024px-Bus-logo.svg_-768x768.png 768w\" sizes=\"auto, (max-width: 48px) 100vw, 48px\" \/><\/a><\/td>\n<td style=\"border-color: #ffffff; background-color: #ffffff;\">\n<h5>L\u00ednies L3 i L34. Tamb\u00e9 L54, L30 i L6 (aquestes l\u00ednies paren a Icomar, a 10 minuts caminant)<\/h5>\n<\/td>\n<\/tr>\n<\/tbody>\n<\/table>\n<p>&nbsp;<\/p>\n","protected":false},"excerpt":{"rendered":"<p>CFA\u00a0Tarragona<br \/>\nPerllongaci\u00f3 del carrer B, s\/n<br \/>\n43006 Riu Clar &#8211; Tarragona<br \/>\nEns trobareu al costat del pavell\u00f3 d&#8217;esports i de la piscina municipal de Riu Clar.<\/p>\n<p><a href=\"http:\/\/agora.xtec.cat\/cfatarragona\/wp-content\/uploads\/usu1257\/2014\/09\/simbolo-de-un-telefono-auricular-en-un-circulo_318-50200.jpg\"><\/a><\/p>\n<p>977551888<\/p>\n<p><a href=\"http:\/\/agora.xtec.cat\/cfatarragona\/wp-content\/uploads\/usu1257\/2014\/09\/email-logo-hi.png\"><\/a><\/p>\n<p>cfatarragona@xtec.cat<\/p>\n<p>Horari d&#8217;atenci\u00f3 secretaria<br \/>\ndilluns a dijous de 9 a 13h i de 15 a 17h<br \/>\ndivendres de 9h a 13h<br \/>\nA partir del 18&hellip;  <a href=\"https:\/\/agora.xtec.cat\/cfatarragona\/contacte\/\" title=\"Read Contacte\">Llegeix m\u00e9s\u00bb<\/a><\/p>\n","protected":false},"author":2,"featured_media":0,"parent":0,"menu_order":0,"comment_status":"closed","ping_status":"closed","template":"","meta":{"_bbp_topic_count":0,"_bbp_reply_count":0,"_bbp_total_topic_count":0,"_bbp_total_reply_count":0,"_bbp_voice_count":0,"_bbp_anonymous_reply_count":0,"_bbp_topic_count_hidden":0,"_bbp_reply_count_hidden":0,"_bbp_forum_subforum_count":0,"footnotes":""},"class_list":["post-339","page","type-page","status-publish","hentry"],"post_mailing_queue_ids":[],"_links":{"self":[{"href":"https:\/\/agora.xtec.cat\/cfatarragona\/wp-json\/wp\/v2\/pages\/339","targetHints":{"allow":["GET"]}}],"collection":[{"href":"https:\/\/agora.xtec.cat\/cfatarragona\/wp-json\/wp\/v2\/pages"}],"about":[{"href":"https:\/\/agora.xtec.cat\/cfatarragona\/wp-json\/wp\/v2\/types\/page"}],"author":[{"embeddable":true,"href":"https:\/\/agora.xtec.cat\/cfatarragona\/wp-json\/wp\/v2\/users\/2"}],"replies":[{"embeddable":true,"href":"https:\/\/agora.xtec.cat\/cfatarragona\/wp-json\/wp\/v2\/comments?post=339"}],"version-history":[{"count":6,"href":"https:\/\/agora.xtec.cat\/cfatarragona\/wp-json\/wp\/v2\/pages\/339\/revisions"}],"predecessor-version":[{"id":3344,"href":"https:\/\/agora.xtec.cat\/cfatarragona\/wp-json\/wp\/v2\/pages\/339\/revisions\/3344"}],"wp:attachment":[{"href":"https:\/\/agora.xtec.cat\/cfatarragona\/wp-json\/wp\/v2\/media?parent=339"}],"curies":[{"name":"wp","href":"https:\/\/api.w.org\/{rel}","templated":true}]}}