{"id":320,"date":"2015-01-28T11:35:13","date_gmt":"2015-01-28T10:35:13","guid":{"rendered":"http:\/\/agora.xtec.cat\/cfatarragona\/?page_id=320"},"modified":"2023-06-05T12:12:37","modified_gmt":"2023-06-05T10:12:37","slug":"a-cicles-formatius-de-grau-superior","status":"publish","type":"page","link":"https:\/\/agora.xtec.cat\/cfatarragona\/ensenyaments\/ensenyaments-per-a-la-preparacio-de-proves-dacces\/a-cicles-formatius-de-grau-superior\/","title":{"rendered":"A cicles formatius de grau superior"},"content":{"rendered":"<p><a href=\"https:\/\/drive.google.com\/file\/d\/0B5oGfvF6OkpVMmZUYS1fWWtmU1E\/view?usp=sharing\" target=\"_blank\" rel=\"noopener noreferrer\"><img loading=\"lazy\" decoding=\"async\" class=\"wp-image-936 alignnone\" src=\"http:\/\/agora.xtec.cat\/cfatarragona\/wp-content\/uploads\/usu1257\/2015\/01\/ma-punter.jpg\" alt=\"ma punter\" width=\"49\" height=\"56\" \/><\/a>\u00a0<a href=\"https:\/\/drive.google.com\/file\/d\/1JK3TRizwwPgAZl2_LoGSjw0f-jax_GjR\/view?usp=sharing\" target=\"_blank\" rel=\"noopener noreferrer\">Descarrega&#8217;t el full informatiu<\/a><\/p>\n<h3><\/h3>\n<h3><a href=\"https:\/\/docs.google.com\/document\/d\/1HzHF4VWYJLOjwC1eKbBhYRBNENB0S-cM\/edit?usp=sharing&amp;ouid=114806131189497873451&amp;rtpof=true&amp;sd=true\" target=\"_blank\" rel=\"noopener\"><img loading=\"lazy\" decoding=\"async\" class=\"wp-image-2543 alignnone\" src=\"https:\/\/agora.xtec.cat\/cfatarragona\/wp-content\/uploads\/usu1257\/2022\/07\/download.jpg\" alt=\"\" width=\"135\" height=\"134\" srcset=\"https:\/\/agora.xtec.cat\/cfatarragona\/wp-content\/uploads\/usu1257\/2022\/07\/download.jpg 225w, https:\/\/agora.xtec.cat\/cfatarragona\/wp-content\/uploads\/usu1257\/2022\/07\/download-150x150.jpg 150w\" sizes=\"auto, (max-width: 135px) 100vw, 135px\" \/> Preguntes freq\u00fcents\u00a0<\/a><\/h3>\n<h3><\/h3>\n<h3>Matr\u00edcula estudiants nous<\/h3>\n<p>El nostre centre prepara l\u2019alumnat per a les\u00a0<a href=\"http:\/\/ensenyament.gencat.cat\/ca\/serveis-tramits\/proves\/proves-acces\/gs-fp\/\" target=\"_blank\" rel=\"noopener noreferrer\"><strong>proves d\u2019acc\u00e9s a als cicles formatius de grau superior<\/strong><\/a>. El per\u00edode de preinscripci\u00f3 i matr\u00edcula \u00e9s al mes de juny i de setembre. Informem de les dates en aquesta mateixa p\u00e0gina web. La documentaci\u00f3 necess\u00e0ria \u00e9s l\u2019original i fotoc\u00f2pia del vostre DNI (NIE o passaport)<\/p>\n<p>\u00c9s requisit tenir 19 anys (o complir-los l\u2019any de la prova). Podeu consultar els <strong>requisits <a href=\"http:\/\/ensenyament.gencat.cat\/ca\/serveis-tramits\/proves\/proves-acces\/gs-fp\/requisits\/\" target=\"_blank\" rel=\"noopener noreferrer\">aqu\u00ed<\/a><\/strong>.<\/p>\n<h3><strong>Durada<\/strong><\/h3>\n<p>El curs comen\u00e7a a mitjans de setembre i acaba un cop realitzades les proves corresponents.<\/p>\n<p>Hi ha una sola convocat\u00f2ria anual dels ex\u00e0mens al mes de maig, en horari de tarda. Els ex\u00e0mens es realitzen en dos dies consecutius. El primer dia es fan les assignatures comunes (catal\u00e0, castell\u00e0, angl\u00e8s i matem\u00e0tiques o hist\u00f2ria). El segon dia es realitzen les dues espec\u00edfiques (depenent de l&#8217;opci\u00f3 triada).<\/p>\n<p>La prova t\u00e9 una durada de 4 hores, repartides en dos blocs. El primer bloc comen\u00e7a a les 16.00 h de la tarda fins a les 18.00h. El segon bloc tamb\u00e9 t\u00e9 una durada de dues hores (de 18.30 a 20.30 h).<\/p>\n<p>Podeu consultar el<strong> calendari de la prova<\/strong> <a href=\"http:\/\/ensenyament.gencat.cat\/ca\/serveis-tramits\/proves\/proves-acces\/gs-fp\/calendari\/\" target=\"_blank\" rel=\"noopener noreferrer\">aqu\u00ed<\/a>.<\/p>\n<h3><strong>Mat\u00e8ries d\u2019estudi<\/strong><\/h3>\n<p>Els alumnes que es presentin a la prova d&#8217;acc\u00e9s de Grau Superior FP hauran de cursar obligat\u00f2riament les seg\u00fcents mat\u00e8ries de <strong>la part<\/strong> <strong>comuna<\/strong>:<\/p>\n<ul>\n<li><strong>Llengua catalana<\/strong><\/li>\n<li><strong>Llengua castellana<\/strong><\/li>\n<li><strong>Llengua estrangera ( a elegir entre angl\u00e8s, franc\u00e8s o alemany)<\/strong><\/li>\n<li><strong>Matem\u00e0tiques<\/strong><\/li>\n<\/ul>\n<p>Els alumnes que vulguin fer un cicle d&#8217;ensenyaments especials (Arts pl\u00e0stiques i disseny o ensenyaments esportius) podran fer <strong>hist\u00f2ria<\/strong> en lloc de <strong>matem\u00e0tiques<\/strong>. \u00danicament podran accedir als ensenyaments esportius aquelles persones que tinguin el t\u00edtol de T\u00e8cnic\/a Esportiu\/iva.<\/p>\n<p>En quan a <strong>la part espec\u00edfica<\/strong>, els alumnes que no la tenen convalidada per haver cursat un cicle de grau mitj\u00e0 de la mateixa fam\u00edlia o per experi\u00e8ncia laboral, hauran d&#8217;escollir dues mat\u00e8ries segons la fam\u00edlia professional o el cicle a qu\u00e8 es vol accedir.<\/p>\n<p>Podeu trobar m\u00e9s informaci\u00f3 sobre els <strong>continguts, temari i materials <a href=\"http:\/\/ensenyament.gencat.cat\/ca\/serveis-tramits\/proves\/proves-acces\/gs-fp\/contingut-temaris-material\/\" target=\"_blank\" rel=\"noopener noreferrer\">aqu\u00ed<\/a><\/strong>.<\/p>\n<p>En funci\u00f3 que les mat\u00e8ries siguin d&#8217;una determinada opci\u00f3, els aspirants obtindran, en cas de superar totalment la prova, l&#8217;acc\u00e9s a tots els cicles formatius inclosos en l&#8217;opci\u00f3. Consulta les <strong>opcions i les fam\u00edlies professionals<\/strong> <strong><a href=\"http:\/\/ensenyament.gencat.cat\/web\/.content\/home\/serveis-tramits\/proves\/proves-acces\/_compartits\/opcions-materies-GS-FP.pdf\" target=\"_blank\" rel=\"noopener noreferrer\">aqu\u00ed<\/a><\/strong>.<\/p>\n","protected":false},"excerpt":{"rendered":"<p><a href=\"https:\/\/drive.google.com\/file\/d\/0B5oGfvF6OkpVMmZUYS1fWWtmU1E\/view?usp=sharing\" target=\"_blank\" rel=\"noopener noreferrer\"><\/a>\u00a0<a href=\"https:\/\/drive.google.com\/file\/d\/1JK3TRizwwPgAZl2_LoGSjw0f-jax_GjR\/view?usp=sharing\" target=\"_blank\" rel=\"noopener noreferrer\">Descarrega&#8217;t el full informatiu<\/a><\/p>\n<p><a href=\"https:\/\/docs.google.com\/document\/d\/1HzHF4VWYJLOjwC1eKbBhYRBNENB0S-cM\/edit?usp=sharing&amp;ouid=114806131189497873451&amp;rtpof=true&amp;sd=true\" target=\"_blank\" rel=\"noopener\"> Preguntes freq\u00fcents\u00a0<\/a><\/p>\n<p>Matr\u00edcula estudiants nous<br \/>\nEl nostre centre prepara l\u2019alumnat per a les\u00a0<a href=\"http:\/\/ensenyament.gencat.cat\/ca\/serveis-tramits\/proves\/proves-acces\/gs-fp\/\" target=\"_blank\" rel=\"noopener noreferrer\">proves d\u2019acc\u00e9s a als cicles formatius de grau superior<\/a>. El per\u00edode de preinscripci\u00f3 i matr\u00edcula \u00e9s&hellip;  <a href=\"https:\/\/agora.xtec.cat\/cfatarragona\/ensenyaments\/ensenyaments-per-a-la-preparacio-de-proves-dacces\/a-cicles-formatius-de-grau-superior\/\" title=\"Read A cicles formatius de grau superior\">Llegeix m\u00e9s\u00bb<\/a><\/p>\n","protected":false},"author":2,"featured_media":0,"parent":288,"menu_order":0,"comment_status":"closed","ping_status":"closed","template":"page-templates\/side-menu.php","meta":{"_bbp_topic_count":0,"_bbp_reply_count":0,"_bbp_total_topic_count":0,"_bbp_total_reply_count":0,"_bbp_voice_count":0,"_bbp_anonymous_reply_count":0,"_bbp_topic_count_hidden":0,"_bbp_reply_count_hidden":0,"_bbp_forum_subforum_count":0,"footnotes":""},"class_list":["post-320","page","type-page","status-publish","hentry"],"post_mailing_queue_ids":[],"_links":{"self":[{"href":"https:\/\/agora.xtec.cat\/cfatarragona\/wp-json\/wp\/v2\/pages\/320","targetHints":{"allow":["GET"]}}],"collection":[{"href":"https:\/\/agora.xtec.cat\/cfatarragona\/wp-json\/wp\/v2\/pages"}],"about":[{"href":"https:\/\/agora.xtec.cat\/cfatarragona\/wp-json\/wp\/v2\/types\/page"}],"author":[{"embeddable":true,"href":"https:\/\/agora.xtec.cat\/cfatarragona\/wp-json\/wp\/v2\/users\/2"}],"replies":[{"embeddable":true,"href":"https:\/\/agora.xtec.cat\/cfatarragona\/wp-json\/wp\/v2\/comments?post=320"}],"version-history":[{"count":3,"href":"https:\/\/agora.xtec.cat\/cfatarragona\/wp-json\/wp\/v2\/pages\/320\/revisions"}],"predecessor-version":[{"id":2726,"href":"https:\/\/agora.xtec.cat\/cfatarragona\/wp-json\/wp\/v2\/pages\/320\/revisions\/2726"}],"up":[{"embeddable":true,"href":"https:\/\/agora.xtec.cat\/cfatarragona\/wp-json\/wp\/v2\/pages\/288"}],"wp:attachment":[{"href":"https:\/\/agora.xtec.cat\/cfatarragona\/wp-json\/wp\/v2\/media?parent=320"}],"curies":[{"name":"wp","href":"https:\/\/api.w.org\/{rel}","templated":true}]}}