{"id":318,"date":"2015-01-28T11:34:47","date_gmt":"2015-01-28T10:34:47","guid":{"rendered":"http:\/\/agora.xtec.cat\/cfatarragona\/?page_id=318"},"modified":"2022-11-04T12:28:45","modified_gmt":"2022-11-04T11:28:45","slug":"a-cicles-formatius-de-grau-mitja","status":"publish","type":"page","link":"https:\/\/agora.xtec.cat\/cfatarragona\/ensenyaments\/ensenyaments-per-a-la-preparacio-de-proves-dacces\/a-cicles-formatius-de-grau-mitja\/","title":{"rendered":"Prova d&#8217;acc\u00e9s als cicles formatius de grau mitj\u00e0"},"content":{"rendered":"<p><a href=\"https:\/\/drive.google.com\/file\/d\/0B5oGfvF6OkpVTFV3Q2haNS03M3M\/view?usp=sharing\" target=\"_blank\" rel=\"noopener noreferrer\"><img loading=\"lazy\" decoding=\"async\" class=\"wp-image-936 alignnone\" src=\"http:\/\/agora.xtec.cat\/cfatarragona\/wp-content\/uploads\/usu1257\/2015\/01\/ma-punter.jpg\" alt=\"ma punter\" width=\"49\" height=\"56\" \/><\/a>\u00a0<a href=\"https:\/\/drive.google.com\/file\/d\/1pt7IPRb9Y9tRInnicUo5YbSi35opnNzA\/view?usp=share_link\" target=\"_blank\" rel=\"noopener noreferrer\">Descarrega\u2019t el full informatiu<\/a><\/p>\n<h3>Matr\u00edcula estudiants nous<\/h3>\n<p>El nostre centre prepara l\u2019alumnat per a les <a href=\"http:\/\/ensenyament.gencat.cat\/ca\/serveis-tramits\/proves\/proves-acces\/gm-fp\/\"><strong>proves d\u2019acc\u00e9s a als cicles formatius de grau mitj\u00e0<\/strong><\/a>. El per\u00edode de preinscripci\u00f3 i matr\u00edcula \u00e9s al mes de juny i de setembre. Informem de les dates en aquesta mateixa p\u00e0gina web. La documentaci\u00f3 necess\u00e0ria \u00e9s l&#8217;original i fotoc\u00f2pia del vostre DNI (NIE o passaport)<\/p>\n<p>\u00c9s requisit tenir 17 anys o m\u00e9s (o complir-los l\u2019any de la prova).<\/p>\n<h3>Durada<\/h3>\n<p>El curs comen\u00e7a a mitjans de setembre i acaba un cop realitzades les proves corresponents.<\/p>\n<p>Hi ha una sola convocat\u00f2ria anual els ex\u00e0mens de la qual s\u00f3n el primer o segon dimecres de maig, en horari de tarda. La prova t\u00e9 una durada de 4 hores, repartides en dos blocs. El primer bloc comen\u00e7a a les 4 de la tarda fins a les 6. El segon bloc tamb\u00e9 t\u00e9 una durada de dues hores (de 18.30 a 20.00 h).<\/p>\n<p>Podeu consultar el<strong> calendari de la prova <a href=\"http:\/\/ensenyament.gencat.cat\/ca\/serveis-tramits\/proves\/proves-acces\/gm-fp\/calendari\/\" target=\"_blank\" rel=\"noopener noreferrer\">aqu\u00ed<\/a><\/strong>.<\/p>\n<h3>Mat\u00e8ries d&#8217;estudi<\/h3>\n<p>Les mat\u00e8ries d\u2019estudi corresponents a aquest nivell s\u00f3n:.<\/p>\n<ul>\n<li><strong>Primer bloc<\/strong>: llengua castellana, llengua catalana, llengua estrangera i compet\u00e8ncia social i ciutadania.<\/li>\n<li><strong>Segon bloc<\/strong>: matem\u00e0tiques, interacci\u00f3 amb el m\u00f3n f\u00edsic i tecnologia.<\/li>\n<\/ul>\n<p>Les persones que tinguin <strong>experi\u00e8ncia laboral<\/strong> en qualsevol \u00e0mbit professional (un m\u00ednim d&#8217;un any a jornada completa o el temps proporcional en cas de jornada parcial queden exemptes de fer la part cient\u00edfica i tecnol\u00f2gica (que correspon a la interacci\u00f3 amb el m\u00f3n f\u00edsic i la tecnologia).<\/p>\n<p>Podeu trobar m\u00e9s informaci\u00f3 sobre els <strong>continguts, temari i materials <a href=\"http:\/\/ensenyament.gencat.cat\/ca\/serveis-tramits\/proves\/proves-acces\/gm-fp\/contingut-temaris-material\/\" target=\"_blank\" rel=\"noopener noreferrer\">aqu\u00ed<\/a><\/strong>.<\/p>\n<h3><strong>Recursos<\/strong><\/h3>\n<p>El centre ofereix un seguiment i assessorament tutorial individualitzat aix\u00ed com una atenci\u00f3 personalitzada permanent.<\/p>\n<p>Podeu trobar m\u00e9s informaci\u00f3 a la p\u00e0gina <a href=\"http:\/\/ensenyament.gencat.cat\/ca\/serveis-tramits\/proves\/proves-acces\/gm-fp\/\" target=\"_blank\" rel=\"noopener noreferrer\">web del departament d&#8217;ensenyament<\/a>.<\/p>\n","protected":false},"excerpt":{"rendered":"<p><a href=\"https:\/\/drive.google.com\/file\/d\/0B5oGfvF6OkpVTFV3Q2haNS03M3M\/view?usp=sharing\" target=\"_blank\" rel=\"noopener noreferrer\"><\/a>\u00a0<a href=\"https:\/\/drive.google.com\/file\/d\/1pt7IPRb9Y9tRInnicUo5YbSi35opnNzA\/view?usp=share_link\" target=\"_blank\" rel=\"noopener noreferrer\">Descarrega\u2019t el full informatiu<\/a><br \/>\nMatr\u00edcula estudiants nous<br \/>\nEl nostre centre prepara l\u2019alumnat per a les <a href=\"http:\/\/ensenyament.gencat.cat\/ca\/serveis-tramits\/proves\/proves-acces\/gm-fp\/\">proves d\u2019acc\u00e9s a als cicles formatius de grau mitj\u00e0<\/a>. El per\u00edode de preinscripci\u00f3 i matr\u00edcula \u00e9s al mes de juny i de setembre.&hellip;  <a href=\"https:\/\/agora.xtec.cat\/cfatarragona\/ensenyaments\/ensenyaments-per-a-la-preparacio-de-proves-dacces\/a-cicles-formatius-de-grau-mitja\/\" title=\"Read Prova d&#8217;acc\u00e9s als cicles formatius de grau mitj\u00e0\">Llegeix m\u00e9s\u00bb<\/a><\/p>\n","protected":false},"author":2,"featured_media":0,"parent":288,"menu_order":0,"comment_status":"closed","ping_status":"closed","template":"page-templates\/side-menu.php","meta":{"_bbp_topic_count":0,"_bbp_reply_count":0,"_bbp_total_topic_count":0,"_bbp_total_reply_count":0,"_bbp_voice_count":0,"_bbp_anonymous_reply_count":0,"_bbp_topic_count_hidden":0,"_bbp_reply_count_hidden":0,"_bbp_forum_subforum_count":0,"footnotes":""},"class_list":["post-318","page","type-page","status-publish","hentry"],"post_mailing_queue_ids":[],"_links":{"self":[{"href":"https:\/\/agora.xtec.cat\/cfatarragona\/wp-json\/wp\/v2\/pages\/318","targetHints":{"allow":["GET"]}}],"collection":[{"href":"https:\/\/agora.xtec.cat\/cfatarragona\/wp-json\/wp\/v2\/pages"}],"about":[{"href":"https:\/\/agora.xtec.cat\/cfatarragona\/wp-json\/wp\/v2\/types\/page"}],"author":[{"embeddable":true,"href":"https:\/\/agora.xtec.cat\/cfatarragona\/wp-json\/wp\/v2\/users\/2"}],"replies":[{"embeddable":true,"href":"https:\/\/agora.xtec.cat\/cfatarragona\/wp-json\/wp\/v2\/comments?post=318"}],"version-history":[{"count":4,"href":"https:\/\/agora.xtec.cat\/cfatarragona\/wp-json\/wp\/v2\/pages\/318\/revisions"}],"predecessor-version":[{"id":2579,"href":"https:\/\/agora.xtec.cat\/cfatarragona\/wp-json\/wp\/v2\/pages\/318\/revisions\/2579"}],"up":[{"embeddable":true,"href":"https:\/\/agora.xtec.cat\/cfatarragona\/wp-json\/wp\/v2\/pages\/288"}],"wp:attachment":[{"href":"https:\/\/agora.xtec.cat\/cfatarragona\/wp-json\/wp\/v2\/media?parent=318"}],"curies":[{"name":"wp","href":"https:\/\/api.w.org\/{rel}","templated":true}]}}