{"id":316,"date":"2015-01-28T11:33:51","date_gmt":"2015-01-28T10:33:51","guid":{"rendered":"http:\/\/agora.xtec.cat\/cfatarragona\/?page_id=316"},"modified":"2024-12-26T18:40:50","modified_gmt":"2024-12-26T17:40:50","slug":"competencia-digital-competic","status":"publish","type":"page","link":"https:\/\/agora.xtec.cat\/cfatarragona\/ensenyaments\/ensenyaments-transprofessionals\/competencia-digital-competic\/","title":{"rendered":"Compet\u00e8ncia digital COMPETIC"},"content":{"rendered":"<h5><\/h5>\n<p><strong><u>EQUIVAL\u00c8NCIES COMPETIC <\/u><\/strong><u>(Inform\u00e0tica)\u00a0<a href=\"http:\/\/agora.xtec.cat\/cfatarragona\/wp-content\/uploads\/usu1257\/2015\/01\/equival\u00e8ncia-ACTIC.jpg\"><img loading=\"lazy\" decoding=\"async\" class=\" wp-image-942 alignnone\" src=\"http:\/\/agora.xtec.cat\/cfatarragona\/wp-content\/uploads\/usu1257\/2015\/01\/equival\u00e8ncia-ACTIC.jpg\" alt=\"equival\u00e8ncia ACTIC\" width=\"104\" height=\"102\" \/><\/a><\/u><\/p>\n<p>Competic 1 = ACTIC Baix<\/p>\n<p>Competic 2 = ACTIC Mitj\u00e0<\/p>\n<p>Competic 3 = Certificat ACTIC Avan\u00e7at<\/p>\n<p><strong><a href=\"https:\/\/agora.xtec.cat\/cfatarragona\/wp-content\/uploads\/usu1257\/2020\/03\/logo2-sol.jpg\"><img loading=\"lazy\" decoding=\"async\" class=\"wp-image-1842 alignleft\" src=\"https:\/\/agora.xtec.cat\/cfatarragona\/wp-content\/uploads\/usu1257\/2020\/03\/logo2-sol.jpg\" alt=\"\" width=\"57\" height=\"56\" srcset=\"https:\/\/agora.xtec.cat\/cfatarragona\/wp-content\/uploads\/usu1257\/2020\/03\/logo2-sol.jpg 275w, https:\/\/agora.xtec.cat\/cfatarragona\/wp-content\/uploads\/usu1257\/2020\/03\/logo2-sol-150x150.jpg 150w\" sizes=\"auto, (max-width: 57px) 100vw, 57px\" \/><\/a><\/strong><\/p>\n<p><a href=\"https:\/\/drive.google.com\/file\/d\/1eugYfMpsCUw5cgkniVpIyaJNr6LzfpsH\/view?usp=sharing\" target=\"_blank\" rel=\"noopener noreferrer\">COMPETIC AL <strong>CFA TARRAGONA <\/strong>(full informatiu)<\/a><\/p>\n<p>&nbsp;<\/p>\n<p><a href=\"https:\/\/drive.google.com\/file\/d\/0B5oGfvF6OkpVR3JpWV9wWmpLVmc\/view?usp=sharing\" target=\"_blank\" rel=\"noopener noreferrer\"><img loading=\"lazy\" decoding=\"async\" class=\"wp-image-936 alignnone\" src=\"http:\/\/agora.xtec.cat\/cfatarragona\/wp-content\/uploads\/usu1257\/2015\/01\/ma-punter.jpg\" alt=\"ma punter\" width=\"49\" height=\"56\" \/><\/a>\u00a0<a href=\"https:\/\/drive.google.com\/file\/d\/1H-nVsTKcR6hifrBQls0qw_QhhFNFskTe\/view?usp=share_link\" target=\"_blank\" rel=\"noopener noreferrer\">Descarrega\u2019t el full informatiu del Departament d&#8217;Educaci\u00f3<\/a><\/p>\n<h5><\/h5>\n<p><strong>COMPETIC INICIAL\u00a0 <\/strong><strong>(dimecres i divendres de 9 a 10:30h)<\/strong><\/p>\n<p><b>COMPETIC 1 (dilluns i dijous 17:30 a 19h)<\/b><\/p>\n<p><span style=\"font-weight: 400;\">Recull les tres compet\u00e8ncies del nivell b\u00e0sic de l&#8217;acreditaci\u00f3 de compet\u00e8ncies en tecnologies de la informaci\u00f3 i la comunicaci\u00f3 (ACTIC-B\u00e0sic). No recollides a la formaci\u00f3 COMPETIC INICIAL:<\/span><\/p>\n<ul>\n<li style=\"font-weight: 400;\"><span style=\"font-weight: 400;\">Tractament de la informaci\u00f3 num\u00e8rica.<\/span><\/li>\n<li style=\"font-weight: 400;\"><span style=\"font-weight: 400;\">Tractament de la informaci\u00f3 gr\u00e0fica, sonora i de la imatge en moviment.<\/span><\/li>\n<li style=\"font-weight: 400;\"><span style=\"font-weight: 400;\">Cultura, participaci\u00f3 i civisme digital.<\/span><\/li>\n<\/ul>\n<p><b>COMPETIC 2 (dimecres de 17:30 a 19:30h i dijous de 19 a 21h)<\/b><\/p>\n<p><span style=\"font-weight: 400;\">Recull les vuit compet\u00e8ncies del nivell mitj\u00e0 de l&#8217;acreditaci\u00f3 de compet\u00e8ncies en tecnologies de la informaci\u00f3 i la comunicaci\u00f3 (ACTIC- Mitj\u00e0):<\/span><\/p>\n<ul>\n<li style=\"font-weight: 400;\"><span style=\"font-weight: 400;\">Cultura, participaci\u00f3 i civisme digital.<\/span><\/li>\n<li style=\"font-weight: 400;\"><span style=\"font-weight: 400;\">Tecnologia digital, \u00fas de l&#8217;ordinador i del sistema operatiu.<\/span><\/li>\n<li style=\"font-weight: 400;\"><span style=\"font-weight: 400;\">Navegaci\u00f3 i comunicaci\u00f3 en el m\u00f3n digital.<\/span><\/li>\n<li style=\"font-weight: 400;\"><span style=\"font-weight: 400;\">Tractament de la informaci\u00f3 escrita.<\/span><\/li>\n<li style=\"font-weight: 400;\"><span style=\"font-weight: 400;\">Tractament de la informaci\u00f3 gr\u00e0fica, sonora i de la imatge en moviment.<\/span><\/li>\n<li style=\"font-weight: 400;\"><span style=\"font-weight: 400;\">Tractament de la informaci\u00f3 num\u00e8rica.<\/span><\/li>\n<li style=\"font-weight: 400;\"><span style=\"font-weight: 400;\">Tractament de les dades.<\/span><\/li>\n<li style=\"font-weight: 400;\"><span style=\"font-weight: 400;\">Presentaci\u00f3 de continguts.<\/span><\/li>\n<\/ul>\n<p><b>COMPETIC 3 (dilluns i dimecres 16 a 17:30h)<\/b><\/p>\n<p><span style=\"font-weight: 400;\">Recull les cinc compet\u00e8ncies del nivell avan\u00e7at de l&#8217;acreditaci\u00f3 de compet\u00e8ncies en tecnologies de la informaci\u00f3 i la comunicaci\u00f3 (ACTIC- Avan\u00e7at):<\/span><\/p>\n<ul>\n<li style=\"font-weight: 400;\"><span style=\"font-weight: 400;\">Tractament de la informaci\u00f3 escrita.<\/span><\/li>\n<li style=\"font-weight: 400;\"><span style=\"font-weight: 400;\">Tractament de la informaci\u00f3 gr\u00e0fica, sonora i de la imatge en moviment.<\/span><\/li>\n<li style=\"font-weight: 400;\">Tractament de la informaci\u00f3 num\u00e8rica.<\/li>\n<li style=\"font-weight: 400;\"><span style=\"font-weight: 400;\">Tractament de les dades.<\/span><\/li>\n<li style=\"font-weight: 400;\">Presentaci\u00f3 de continguts.<\/li>\n<\/ul>\n<h5><\/h5>\n<p>&nbsp;<\/p>\n<h4><b>Normativa<\/b><\/h4>\n<ul>\n<li style=\"font-weight: 400;\"><a href=\"http:\/\/educacio.gencat.cat\/documents\/PC\/ComunicacionsCentres\/Curriculums_ensenyaments_informatica.pdf\"><b>Resoluci\u00f3 <\/b><\/a><span style=\"font-weight: 400;\">de 19 de juny de 2012, per la qual s&#8217;estableixen els curr\u00edculums dels ensenyaments d&#8217;inform\u00e0tica d&#8217;aplicaci\u00f3 als centres i aules de formaci\u00f3 de persones adultes, que depenen del Departament d&#8217;Ensenyament.<\/span><\/li>\n<li style=\"font-weight: 400;\"><a href=\"http:\/\/dogc.gencat.cat\/ca\/pdogc_canals_interns\/pdogc_resultats_fitxa\/?action=fitxa&amp;mode=single&amp;documentId=661212&amp;language=ca_ES\"><b>Resoluci\u00f3 ENS\/924\/2014<\/b><\/a><span style=\"font-weight: 400;\">, de 23 d&#8217;abril, per la qual s&#8217;estableix el procediment d&#8217;avaluaci\u00f3 i certificaci\u00f3 dels ensenyaments de compet\u00e8ncia digital a l&#8217;educaci\u00f3 d&#8217;adults (DOGC n\u00fam. 6614, de 2.5.2014)<\/span><\/li>\n<li style=\"font-weight: 400;\"><a href=\"http:\/\/dogc.gencat.cat\/ca\/pdogc_canals_interns\/pdogc_resultats_fitxa\/?action=fitxa&amp;mode=single&amp;documentId=649126&amp;language=ca_ES\"><b>Ordre ENS\/290\/2013<\/b><\/a><span style=\"font-weight: 400;\">, de 12 de novembre, per la qual s\u2019estableix l\u2019equival\u00e8ncia entre els certificats de compet\u00e8ncia digital (COMPETIC) de l\u2019educaci\u00f3 de persones adultes i els certificats de l\u2019acreditaci\u00f3 de compet\u00e8ncies en tecnologies de la informaci\u00f3 i la comunicaci\u00f3 (ACTIC)<\/span><\/li>\n<\/ul>\n","protected":false},"excerpt":{"rendered":"<p>EQUIVAL\u00c8NCIES COMPETIC (Inform\u00e0tica)\u00a0<a href=\"http:\/\/agora.xtec.cat\/cfatarragona\/wp-content\/uploads\/usu1257\/2015\/01\/equival\u00e8ncia-ACTIC.jpg\"><\/a><br \/>\nCompetic 1 = ACTIC Baix<br \/>\nCompetic 2 = ACTIC Mitj\u00e0<br \/>\nCompetic 3 = Certificat ACTIC Avan\u00e7at<br \/>\n<a href=\"https:\/\/agora.xtec.cat\/cfatarragona\/wp-content\/uploads\/usu1257\/2020\/03\/logo2-sol.jpg\"><\/a><br \/>\n<a href=\"https:\/\/drive.google.com\/file\/d\/1eugYfMpsCUw5cgkniVpIyaJNr6LzfpsH\/view?usp=sharing\" target=\"_blank\" rel=\"noopener noreferrer\">COMPETIC AL CFA TARRAGONA (full informatiu)<\/a><br \/>\n&nbsp;<br \/>\n<a href=\"https:\/\/drive.google.com\/file\/d\/0B5oGfvF6OkpVR3JpWV9wWmpLVmc\/view?usp=sharing\" target=\"_blank\" rel=\"noopener noreferrer\"><\/a>\u00a0<a href=\"https:\/\/drive.google.com\/file\/d\/1H-nVsTKcR6hifrBQls0qw_QhhFNFskTe\/view?usp=share_link\" target=\"_blank\" rel=\"noopener noreferrer\">Descarrega\u2019t el full informatiu del Departament d&#8217;Educaci\u00f3<\/a><\/p>\n<p>COMPETIC INICIAL\u00a0 (dimecres i divendres&hellip;  <a href=\"https:\/\/agora.xtec.cat\/cfatarragona\/ensenyaments\/ensenyaments-transprofessionals\/competencia-digital-competic\/\" title=\"Read Compet\u00e8ncia digital COMPETIC\">Llegeix m\u00e9s\u00bb<\/a><\/p>\n","protected":false},"author":2,"featured_media":0,"parent":286,"menu_order":0,"comment_status":"closed","ping_status":"closed","template":"page-templates\/side-menu.php","meta":{"_bbp_topic_count":0,"_bbp_reply_count":0,"_bbp_total_topic_count":0,"_bbp_total_reply_count":0,"_bbp_voice_count":0,"_bbp_anonymous_reply_count":0,"_bbp_topic_count_hidden":0,"_bbp_reply_count_hidden":0,"_bbp_forum_subforum_count":0,"footnotes":""},"class_list":["post-316","page","type-page","status-publish","hentry"],"post_mailing_queue_ids":[],"_links":{"self":[{"href":"https:\/\/agora.xtec.cat\/cfatarragona\/wp-json\/wp\/v2\/pages\/316","targetHints":{"allow":["GET"]}}],"collection":[{"href":"https:\/\/agora.xtec.cat\/cfatarragona\/wp-json\/wp\/v2\/pages"}],"about":[{"href":"https:\/\/agora.xtec.cat\/cfatarragona\/wp-json\/wp\/v2\/types\/page"}],"author":[{"embeddable":true,"href":"https:\/\/agora.xtec.cat\/cfatarragona\/wp-json\/wp\/v2\/users\/2"}],"replies":[{"embeddable":true,"href":"https:\/\/agora.xtec.cat\/cfatarragona\/wp-json\/wp\/v2\/comments?post=316"}],"version-history":[{"count":4,"href":"https:\/\/agora.xtec.cat\/cfatarragona\/wp-json\/wp\/v2\/pages\/316\/revisions"}],"predecessor-version":[{"id":3168,"href":"https:\/\/agora.xtec.cat\/cfatarragona\/wp-json\/wp\/v2\/pages\/316\/revisions\/3168"}],"up":[{"embeddable":true,"href":"https:\/\/agora.xtec.cat\/cfatarragona\/wp-json\/wp\/v2\/pages\/286"}],"wp:attachment":[{"href":"https:\/\/agora.xtec.cat\/cfatarragona\/wp-json\/wp\/v2\/media?parent=316"}],"curies":[{"name":"wp","href":"https:\/\/api.w.org\/{rel}","templated":true}]}}