{"id":312,"date":"2015-01-28T11:32:38","date_gmt":"2015-01-28T10:32:38","guid":{"rendered":"http:\/\/agora.xtec.cat\/cfatarragona\/?page_id=312"},"modified":"2023-03-23T18:55:16","modified_gmt":"2023-03-23T17:55:16","slug":"llengua-anglesa","status":"publish","type":"page","link":"https:\/\/agora.xtec.cat\/cfatarragona\/ensenyaments\/ensenyaments-transprofessionals\/llengua-anglesa\/","title":{"rendered":"Llengua anglesa"},"content":{"rendered":"<h3><strong>Itinerari <a href=\"http:\/\/agora.xtec.cat\/cfatarragona\/wp-content\/uploads\/usu1257\/2015\/01\/equival\u00e8ncia-MERC.jpg\"><img loading=\"lazy\" decoding=\"async\" class=\"wp-image-940 alignnone\" src=\"http:\/\/agora.xtec.cat\/cfatarragona\/wp-content\/uploads\/usu1257\/2015\/01\/equival\u00e8ncia-MERC.jpg\" alt=\"equival\u00e8ncia MERC\" width=\"103\" height=\"108\" \/><\/a><a href=\"http:\/\/agora.xtec.cat\/cfatarragona\/wp-content\/uploads\/usu1257\/2015\/01\/equival\u00e8ncia-ACTIC.jpg\"><br \/>\n<\/a><\/strong><\/h3>\n<p>El nostre centre ofereix a l\u2019alumnat la possibilitat de cursar angl\u00e8s en tres nivells (angl\u00e8s 1, angl\u00e8s 2 i angl\u00e8s 3) equivalents al nivell A2 del Marc Europeu Com\u00fa de Refer\u00e8ncia.<\/p>\n<p>Quan l\u2019alumne acaba el tercer curs es fa un examen oficial de nivell i en cas de superar-lo pot accedir a tercer curs de la Escola Oficilal d&#8217;Idiomes (EOI) \u00a0sense necessitat de fer cap prova de nivell.<\/p>\n<p><a href=\"https:\/\/drive.google.com\/file\/d\/0B5oGfvF6OkpVR3JpWV9wWmpLVmc\/view?usp=sharing\" target=\"_blank\" rel=\"noopener noreferrer\"><img loading=\"lazy\" decoding=\"async\" class=\"wp-image-936 alignnone\" src=\"http:\/\/agora.xtec.cat\/cfatarragona\/wp-content\/uploads\/usu1257\/2015\/01\/ma-punter.jpg\" alt=\"ma punter\" width=\"49\" height=\"56\" \/><\/a>\u00a0<a href=\"https:\/\/drive.google.com\/file\/d\/1pmBJumKIEQsIDG2G_naF1yVS5tY1uPGp\/view?usp=sharing\" target=\"_blank\" rel=\"noopener noreferrer\">Descarrega\u2019t el full informatiu<\/a><\/p>\n<h3>Matr\u00edcula estudiants nous<\/h3>\n<p>El per\u00edode de preinscripci\u00f3 i matr\u00edcula \u00e9s al mes de juny i de setembre. Informem de les dates en aquesta mateixa p\u00e0gina web. La documentaci\u00f3 necess\u00e0ria \u00e9s l\u2019original i fotoc\u00f2pia del vostre DNI (NIE o passaport).<\/p>\n<h3><strong>Durada<\/strong><\/h3>\n<p>El curs comen\u00e7a a mitjans de setembre i acaba a mitjans de juny.<\/p>\n<p>Els alumnes poden triar entre realitzar el curs en torn de mat\u00ed o de tarda.<\/p>\n<h3>Recursos<\/h3>\n<p>En els cursos d\u2019angl\u00e8s s\u2019utilitzen llibres de text i es fa un seguiment i assessoramnet tutorial individualitzat.<\/p>\n<h3><\/h3>\n","protected":false},"excerpt":{"rendered":"<p>Itinerari <a href=\"http:\/\/agora.xtec.cat\/cfatarragona\/wp-content\/uploads\/usu1257\/2015\/01\/equival\u00e8ncia-MERC.jpg\"><\/a><a href=\"http:\/\/agora.xtec.cat\/cfatarragona\/wp-content\/uploads\/usu1257\/2015\/01\/equival\u00e8ncia-ACTIC.jpg\"><br \/>\n<\/a><br \/>\nEl nostre centre ofereix a l\u2019alumnat la possibilitat de cursar angl\u00e8s en tres nivells (angl\u00e8s 1, angl\u00e8s 2 i angl\u00e8s 3) equivalents al nivell A2 del Marc Europeu Com\u00fa de Refer\u00e8ncia.<br \/>\nQuan l\u2019alumne acaba el tercer curs es fa un examen oficial de&hellip;  <a href=\"https:\/\/agora.xtec.cat\/cfatarragona\/ensenyaments\/ensenyaments-transprofessionals\/llengua-anglesa\/\" title=\"Read Llengua anglesa\">Llegeix m\u00e9s\u00bb<\/a><\/p>\n","protected":false},"author":2,"featured_media":0,"parent":286,"menu_order":0,"comment_status":"closed","ping_status":"closed","template":"page-templates\/side-menu.php","meta":{"_bbp_topic_count":0,"_bbp_reply_count":0,"_bbp_total_topic_count":0,"_bbp_total_reply_count":0,"_bbp_voice_count":0,"_bbp_anonymous_reply_count":0,"_bbp_topic_count_hidden":0,"_bbp_reply_count_hidden":0,"_bbp_forum_subforum_count":0,"footnotes":""},"class_list":["post-312","page","type-page","status-publish","hentry"],"post_mailing_queue_ids":[],"_links":{"self":[{"href":"https:\/\/agora.xtec.cat\/cfatarragona\/wp-json\/wp\/v2\/pages\/312","targetHints":{"allow":["GET"]}}],"collection":[{"href":"https:\/\/agora.xtec.cat\/cfatarragona\/wp-json\/wp\/v2\/pages"}],"about":[{"href":"https:\/\/agora.xtec.cat\/cfatarragona\/wp-json\/wp\/v2\/types\/page"}],"author":[{"embeddable":true,"href":"https:\/\/agora.xtec.cat\/cfatarragona\/wp-json\/wp\/v2\/users\/2"}],"replies":[{"embeddable":true,"href":"https:\/\/agora.xtec.cat\/cfatarragona\/wp-json\/wp\/v2\/comments?post=312"}],"version-history":[{"count":4,"href":"https:\/\/agora.xtec.cat\/cfatarragona\/wp-json\/wp\/v2\/pages\/312\/revisions"}],"predecessor-version":[{"id":2714,"href":"https:\/\/agora.xtec.cat\/cfatarragona\/wp-json\/wp\/v2\/pages\/312\/revisions\/2714"}],"up":[{"embeddable":true,"href":"https:\/\/agora.xtec.cat\/cfatarragona\/wp-json\/wp\/v2\/pages\/286"}],"wp:attachment":[{"href":"https:\/\/agora.xtec.cat\/cfatarragona\/wp-json\/wp\/v2\/media?parent=312"}],"curies":[{"name":"wp","href":"https:\/\/api.w.org\/{rel}","templated":true}]}}