{"id":303,"date":"2015-01-28T11:23:05","date_gmt":"2015-01-28T10:23:05","guid":{"rendered":"http:\/\/agora.xtec.cat\/cfatarragona\/?page_id=303"},"modified":"2023-09-13T11:36:52","modified_gmt":"2023-09-13T09:36:52","slug":"graduat-en-educacio-secundaria-per-adults","status":"publish","type":"page","link":"https:\/\/agora.xtec.cat\/cfatarragona\/ensenyaments\/graduat-en-educacio-secundaria-per-adults\/","title":{"rendered":"Graduat en educaci\u00f3 secundaria per adults (GESO)"},"content":{"rendered":"<p><a href=\"https:\/\/drive.google.com\/file\/d\/0B5oGfvF6OkpVT1BKY05QdURvZ1U\/view?usp=sharing\" target=\"_blank\" rel=\"noopener noreferrer\"><img loading=\"lazy\" decoding=\"async\" class=\"wp-image-936 alignnone\" src=\"http:\/\/agora.xtec.cat\/cfatarragona\/wp-content\/uploads\/usu1257\/2015\/01\/ma-punter.jpg\" alt=\"ma punter\" width=\"49\" height=\"56\" \/><\/a>\u00a0<a href=\"https:\/\/drive.google.com\/file\/d\/1i5EyhUXwr07Z_nXpNmT_PcLRTxpRas5c\/view?usp=share_link\" target=\"_blank\" rel=\"noopener noreferrer\">Descarrega\u2019t el full informatiu<\/a><\/p>\n<h3>Qu\u00e8 he de saber del GESO?<\/h3>\n<p><a href=\"https:\/\/drive.google.com\/file\/d\/1zn3d1rY-vrri2eiun6D7h5FjVSGtya-G\/view?usp=sharing\" target=\"_blank\" rel=\"noopener\"><strong>Infografia-resum<\/strong><\/a><strong>.<\/strong><\/p>\n<h3><strong>Organitzaci\u00f3 trimestral<\/strong><\/h3>\n<p>Els estudis de GES tenen una estructura trimestral.<\/p>\n<h3><strong>Durada<\/strong><\/h3>\n<p>Generalment es necessiten uns sis trimestres fins obtenir el t\u00edtol de <em>Graduat<\/em> estudiant a dist\u00e0ncia a l\u2019IOC. Aquesta durada, per\u00f2, no \u00e9s exactament igual per a tots els estudiants perqu\u00e8 no tothom pot dedicar el mateix temps als estudis i perqu\u00e8 cadasc\u00fa t\u00e9 el seu<a href=\"https:\/\/drive.google.com\/file\/d\/1Wm1pSgGy1OXABg-pqvLQ9qT0E9xJh4o4\/view?usp=sharing\" target=\"_blank\" rel=\"noopener noreferrer\"> <strong>itinerari formatiu<\/strong><\/a>, que pot tenir o no tots els m\u00f2duls, segons els coneixements previs acreditats abans de fer la matr\u00edcula.<\/p>\n<h3>Matr\u00edcula estudiants nous<\/h3>\n<p>El per\u00edode de preinscripci\u00f3 i matr\u00edcula \u00e9s al mes de juny i de setembre. Informem de les dates en aquesta mateixa p\u00e0gina web. La documentaci\u00f3 necess\u00e0ria \u00e9s l&#8217;original i fotoc\u00f2pia del vostre DNI (NIE o passaport) i tamb\u00e9 del vostre expedient acad\u00e8mic anterior.<\/p>\n<h3><strong>Mat\u00e8ries d&#8217;estudi<\/strong><\/h3>\n<p>Les <strong>mat\u00e8ries <\/strong>dels estudis per l&#8217;obtenci\u00f3 del t\u00edtol de <em>Graduat en educaci\u00f3 secund\u00e0ria<\/em> s\u2019organitzen en els tres <strong>\u00e0mbits<\/strong> seg\u00fcents:<\/p>\n<ul>\n<li>\u00e0mbit de la <strong>comunicaci\u00f3<\/strong>: llengua i literatura catalanes, llengua i literatura castellanes i llengua estrangera (angl\u00e8s, franc\u00e8s, alemany o itali\u00e0)<\/li>\n<li>\u00e0mbit <strong>cient\u00edfic<\/strong>: matem\u00e0tiques, ci\u00e8ncies i tecnologia<\/li>\n<li>\u00e0mbit <strong>social<\/strong>: ci\u00e8ncies socials, m\u00fasica i educaci\u00f3 visual i pl\u00e0stica<\/li>\n<\/ul>\n<p>Dins de cada \u00e0mbit, les mat\u00e8ries s\u2019estructuren per <strong>m\u00f2duls<\/strong> trimestrals i progressius per\u00f2 independents.\u00a0Aix\u00f2 vol dir que cada trimestre s&#8217;avalua dels m\u00f2duls cursats i el trimestre seg\u00fcent es cursen uns m\u00f2duls nous. Els m\u00f2duls suspesos durant el curs es recuperaran al mes de juny.<\/p>\n<p>Si vols m\u00e9s informaci\u00f3 sobre els criteris d&#8217;avaluaci\u00f3, pots <a href=\"http:\/\/agora.xtec.cat\/cfatarragona\/contacte\/\" target=\"_blank\" rel=\"noopener noreferrer\"><b>contactar-nos<\/b><\/a>\u00a0o venir al centre en el nostre<a href=\"http:\/\/agora.xtec.cat\/cfatarragona\/serveis\/acollida\/\" target=\"_blank\" rel=\"noopener noreferrer\"><strong> horari d&#8217;acollida<\/strong><\/a>.<\/p>\n<h3><strong> <a href=\"https:\/\/drive.google.com\/open?id=0B-OR3aHkJ3OdSGk5Y2pjS2Fsc00\">Itinerari<\/a><\/strong><\/h3>\n<p>L&#8217;<strong><a href=\"https:\/\/drive.google.com\/file\/d\/1Wm1pSgGy1OXABg-pqvLQ9qT0E9xJh4o4\/view?usp=sharing\" target=\"_blank\" rel=\"noopener noreferrer\">itinerari per a l&#8217;obtenci\u00f3 del t\u00edtol de GESO es compon de 34 m\u00f2duls<\/a><\/strong> o assignatures repartides en 2 cursos de 3 trimestres cadascun. Es tracta de m\u00f2duls independents, que es poden superar de manera separada. Els m\u00f2duls superats van quedant acumulats a l&#8217;expedient de l&#8217;alumne, de manera que si pel motiu que sigui ha d&#8217;abandonar les classes, quan les reprengui\u00a0ho far\u00e0 en el punt de l&#8217;itinerari on ho va deixar.<\/p>\n<p>L&#8217;itinerari dels estudis de GESO presencial \u00e9s el mateix que a l&#8217;<a href=\"http:\/\/agora.xtec.cat\/cfatarragona\/ensenyaments\/ensenyaments-inicials-i-formacio-basica\/graduat-en-educacio-secundaria-per-adults\/geso-a-lioc\/\" target=\"_blank\" rel=\"noopener noreferrer\">Institut Obert de Catalunya<\/a>. Un alumne que tingui obert expedient a l&#8217;IOC pot continuar estudiant al CFA Tarragona i, aix\u00edmateix, un alumne que est\u00e0 estudiant de manera presencial pot continuar a dist\u00e0ncia a l&#8217;IOC. En determinades circumst\u00e0ncies, si el tutor ho considera oport\u00fa, l&#8217;alumne pot compaginar els estudis presencials amb alguns m\u00f2duls a l&#8217;IOC.<\/p>\n<p>&nbsp;<\/p>\n","protected":false},"excerpt":{"rendered":"<p><a href=\"https:\/\/drive.google.com\/file\/d\/0B5oGfvF6OkpVT1BKY05QdURvZ1U\/view?usp=sharing\" target=\"_blank\" rel=\"noopener noreferrer\"><\/a>\u00a0<a href=\"https:\/\/drive.google.com\/file\/d\/1i5EyhUXwr07Z_nXpNmT_PcLRTxpRas5c\/view?usp=share_link\" target=\"_blank\" rel=\"noopener noreferrer\">Descarrega\u2019t el full informatiu<\/a><br \/>\nQu\u00e8 he de saber del GESO?<br \/>\n<a href=\"https:\/\/drive.google.com\/file\/d\/1zn3d1rY-vrri2eiun6D7h5FjVSGtya-G\/view?usp=sharing\" target=\"_blank\" rel=\"noopener\">Infografia-resum<\/a>.<br \/>\nOrganitzaci\u00f3 trimestral<br \/>\nEls estudis de GES tenen una estructura trimestral.<br \/>\nDurada<br \/>\nGeneralment es necessiten uns sis trimestres fins obtenir el t\u00edtol de Graduat estudiant a dist\u00e0ncia a l\u2019IOC. Aquesta&hellip;  <a href=\"https:\/\/agora.xtec.cat\/cfatarragona\/ensenyaments\/graduat-en-educacio-secundaria-per-adults\/\" title=\"Read Graduat en educaci\u00f3 secundaria per adults (GESO)\">Llegeix m\u00e9s\u00bb<\/a><\/p>\n","protected":false},"author":2,"featured_media":0,"parent":274,"menu_order":0,"comment_status":"closed","ping_status":"closed","template":"page-templates\/side-menu.php","meta":{"_bbp_topic_count":0,"_bbp_reply_count":0,"_bbp_total_topic_count":0,"_bbp_total_reply_count":0,"_bbp_voice_count":0,"_bbp_anonymous_reply_count":0,"_bbp_topic_count_hidden":0,"_bbp_reply_count_hidden":0,"_bbp_forum_subforum_count":0,"footnotes":""},"class_list":["post-303","page","type-page","status-publish","hentry"],"post_mailing_queue_ids":[],"_links":{"self":[{"href":"https:\/\/agora.xtec.cat\/cfatarragona\/wp-json\/wp\/v2\/pages\/303","targetHints":{"allow":["GET"]}}],"collection":[{"href":"https:\/\/agora.xtec.cat\/cfatarragona\/wp-json\/wp\/v2\/pages"}],"about":[{"href":"https:\/\/agora.xtec.cat\/cfatarragona\/wp-json\/wp\/v2\/types\/page"}],"author":[{"embeddable":true,"href":"https:\/\/agora.xtec.cat\/cfatarragona\/wp-json\/wp\/v2\/users\/2"}],"replies":[{"embeddable":true,"href":"https:\/\/agora.xtec.cat\/cfatarragona\/wp-json\/wp\/v2\/comments?post=303"}],"version-history":[{"count":4,"href":"https:\/\/agora.xtec.cat\/cfatarragona\/wp-json\/wp\/v2\/pages\/303\/revisions"}],"predecessor-version":[{"id":2822,"href":"https:\/\/agora.xtec.cat\/cfatarragona\/wp-json\/wp\/v2\/pages\/303\/revisions\/2822"}],"up":[{"embeddable":true,"href":"https:\/\/agora.xtec.cat\/cfatarragona\/wp-json\/wp\/v2\/pages\/274"}],"wp:attachment":[{"href":"https:\/\/agora.xtec.cat\/cfatarragona\/wp-json\/wp\/v2\/media?parent=303"}],"curies":[{"name":"wp","href":"https:\/\/api.w.org\/{rel}","templated":true}]}}