{"id":301,"date":"2015-01-28T11:21:46","date_gmt":"2015-01-28T10:21:46","guid":{"rendered":"http:\/\/agora.xtec.cat\/cfatarragona\/?page_id=301"},"modified":"2022-11-04T12:24:05","modified_gmt":"2022-11-04T11:24:05","slug":"formacio-instrumental","status":"publish","type":"page","link":"https:\/\/agora.xtec.cat\/cfatarragona\/ensenyaments\/formacio-instrumental\/","title":{"rendered":"Formaci\u00f3 instrumental"},"content":{"rendered":"<h3 style=\"text-align: left;\"><span id=\"_Itinerari\"><strong>Itinerari<\/strong><\/span><\/h3>\n<p style=\"text-align: left;\">Si vols aprendre o millorar les teves habilitats en la lectura i escriptura, aix\u00ed com adquirir uns coneixements matem\u00e0tics b\u00e0sics, el CFA Tarragona t&#8217;ofereix els tres nivells de Formaci\u00f3 Instrumental.\u00a0Un cop superat satisfact\u00f2riament el tercer nivell obtindr\u00e0s el Certificat d\u2019Estudis Primaris i tindr\u00e0s l\u2019opci\u00f3 d\u2019accedir al nivell 1 del <a href=\"http:\/\/agora.xtec.cat\/cfatarragona\/ensenyaments\/ensenyaments-inicials-i-formacio-basica\/graduat-en-educacio-secundaria-per-adults\/\" target=\"_blank\" rel=\"noopener noreferrer\">Graduat en Educaci\u00f3 Secund\u00e0ria Obligat\u00f2ria (ESO)<\/a>.<\/p>\n<p><a href=\"https:\/\/drive.google.com\/file\/d\/0B5oGfvF6OkpVVlJBRUhCdjFOenM\/view?usp=sharing\" target=\"_blank\" rel=\"noopener noreferrer\"><img loading=\"lazy\" decoding=\"async\" class=\"wp-image-936 alignnone\" src=\"http:\/\/agora.xtec.cat\/cfatarragona\/wp-content\/uploads\/usu1257\/2015\/01\/ma-punter.jpg\" alt=\"ma punter\" width=\"49\" height=\"56\" \/><\/a>\u00a0<a href=\"https:\/\/drive.google.com\/file\/d\/1LhAz--DgXHoEAVVn99NYC6q6Nk-6jjnd\/view?usp=share_link\" target=\"_blank\" rel=\"noopener noreferrer\">Descarrega\u2019t el full informatiu<\/a><\/p>\n<h3><span id=\"_Matricula_estudiants_nous\">Matr\u00edcula estudiants nous<\/span><\/h3>\n<p style=\"text-align: left;\">La segona quinzena del mes de juny es fa la preinscripci\u00f3, i la primera quinzena de setembre la matr\u00edcula.<\/p>\n<p style=\"text-align: left;\">Durant el per\u00edode d\u2019inscripci\u00f3 i matr\u00edcula es realitzen avaluacions inicials individualitzades per ubicar cada alumne al nivell corresponent.<\/p>\n<h3><span id=\"_Durada\"> <strong>Durada<\/strong><\/span><\/h3>\n<p style=\"text-align: left;\">La durada d\u2019aquests nivells \u00e9s d\u2019un curs escolar, comen\u00e7ant la segona quinzena de setembre i finalitzant la tercera setmana\u00a0 de juny.<\/p>\n<h3>Recursos<\/h3>\n<p style=\"text-align: left;\">El centre disposa de material molt divers per fer m\u00e9s amenes les classes: llibres, l\u00e0mines, fitxes, lletres, jocs, recursos TIC&#8230;adaptant cada material al nivell de l\u2019alumne. Es tracta doncs d\u2019una atenci\u00f3 molt personalitzada, acompanyant en tot moment l\u2019alumne en el seu proc\u00e9s d\u2019aprenentatge.<\/p>\n","protected":false},"excerpt":{"rendered":"<p>Itinerari<br \/>\nSi vols aprendre o millorar les teves habilitats en la lectura i escriptura, aix\u00ed com adquirir uns coneixements matem\u00e0tics b\u00e0sics, el CFA Tarragona t&#8217;ofereix els tres nivells de Formaci\u00f3 Instrumental.\u00a0Un cop superat satisfact\u00f2riament el tercer nivell obtindr\u00e0s el Certificat d\u2019Estudis Primaris i tindr\u00e0s l\u2019opci\u00f3 d\u2019accedir&hellip;  <a href=\"https:\/\/agora.xtec.cat\/cfatarragona\/ensenyaments\/formacio-instrumental\/\" title=\"Read Formaci\u00f3 instrumental\">Llegeix m\u00e9s\u00bb<\/a><\/p>\n","protected":false},"author":2,"featured_media":0,"parent":274,"menu_order":0,"comment_status":"closed","ping_status":"closed","template":"page-templates\/side-menu.php","meta":{"_bbp_topic_count":0,"_bbp_reply_count":0,"_bbp_total_topic_count":0,"_bbp_total_reply_count":0,"_bbp_voice_count":0,"_bbp_anonymous_reply_count":0,"_bbp_topic_count_hidden":0,"_bbp_reply_count_hidden":0,"_bbp_forum_subforum_count":0,"footnotes":""},"class_list":["post-301","page","type-page","status-publish","hentry"],"post_mailing_queue_ids":[],"_links":{"self":[{"href":"https:\/\/agora.xtec.cat\/cfatarragona\/wp-json\/wp\/v2\/pages\/301","targetHints":{"allow":["GET"]}}],"collection":[{"href":"https:\/\/agora.xtec.cat\/cfatarragona\/wp-json\/wp\/v2\/pages"}],"about":[{"href":"https:\/\/agora.xtec.cat\/cfatarragona\/wp-json\/wp\/v2\/types\/page"}],"author":[{"embeddable":true,"href":"https:\/\/agora.xtec.cat\/cfatarragona\/wp-json\/wp\/v2\/users\/2"}],"replies":[{"embeddable":true,"href":"https:\/\/agora.xtec.cat\/cfatarragona\/wp-json\/wp\/v2\/comments?post=301"}],"version-history":[{"count":4,"href":"https:\/\/agora.xtec.cat\/cfatarragona\/wp-json\/wp\/v2\/pages\/301\/revisions"}],"predecessor-version":[{"id":2577,"href":"https:\/\/agora.xtec.cat\/cfatarragona\/wp-json\/wp\/v2\/pages\/301\/revisions\/2577"}],"up":[{"embeddable":true,"href":"https:\/\/agora.xtec.cat\/cfatarragona\/wp-json\/wp\/v2\/pages\/274"}],"wp:attachment":[{"href":"https:\/\/agora.xtec.cat\/cfatarragona\/wp-json\/wp\/v2\/media?parent=301"}],"curies":[{"name":"wp","href":"https:\/\/api.w.org\/{rel}","templated":true}]}}