{"id":296,"date":"2015-01-28T11:18:08","date_gmt":"2015-01-28T10:18:08","guid":{"rendered":"http:\/\/agora.xtec.cat\/cfatarragona\/?page_id=296"},"modified":"2022-11-04T12:23:26","modified_gmt":"2022-11-04T11:23:26","slug":"llengua-catalana","status":"publish","type":"page","link":"https:\/\/agora.xtec.cat\/cfatarragona\/ensenyaments\/llengua-catalana\/","title":{"rendered":"Llengua catalana"},"content":{"rendered":"<h3><span id=\"_Itinerari\"><strong>Itinerari <a href=\"http:\/\/agora.xtec.cat\/cfatarragona\/wp-content\/uploads\/usu1257\/2015\/01\/equival%C3%A8ncia-MERC.jpg\"><img loading=\"lazy\" decoding=\"async\" class=\"wp-image-940 alignnone\" src=\"http:\/\/agora.xtec.cat\/cfatarragona\/wp-content\/uploads\/usu1257\/2015\/01\/equival%C3%A8ncia-MERC.jpg\" alt=\"equival\u00e8ncia MERC\" width=\"103\" height=\"108\" \/><\/a><\/strong><\/span><\/h3>\n<p style=\"text-align: left;\">El centre oferta els tres primers nivells de catal\u00e0 en horari de mat\u00ed i tarda.<\/p>\n<p style=\"text-align: left;\"><a href=\"https:\/\/drive.google.com\/file\/d\/0B5oGfvF6OkpVRjZ2Q0s0TURCaXc\/view?usp=sharing\" target=\"_blank\" rel=\"noopener noreferrer\"><img loading=\"lazy\" decoding=\"async\" class=\"wp-image-936 alignnone\" src=\"http:\/\/agora.xtec.cat\/cfatarragona\/wp-content\/uploads\/usu1257\/2015\/01\/ma-punter.jpg\" alt=\"ma punter\" width=\"49\" height=\"56\" \/><\/a>\u00a0<a href=\"https:\/\/drive.google.com\/file\/d\/1VGAneIim1hgyIPsxhlMLbVFdldSY11fA\/view?usp=share_link\" target=\"_blank\" rel=\"noopener noreferrer\">Descarrega\u2019t el full informatiu<\/a><\/p>\n<h5 style=\"text-align: center;\">CATAL\u00c0 I<\/h5>\n<p>\u00c9s un curs adre\u00e7at a persones nouvingudes que no entenen el catal\u00e0 i volen adquirir les habilitats de comprensi\u00f3 i de producci\u00f3 oral de frases simples que els permeti actuar m\u00ednimament en situacions quotidianes. L\u2019objectiu final \u00e9s que l\u2019alumne faci una primera aproximaci\u00f3 a la llengua catalana.<\/p>\n<p>S\u2019imparteixen 3 hores setmanals de Catal\u00e0 I.<\/p>\n<p>Segons els criteris establerts en el Marc europeu com\u00fa de refer\u00e8ncia la superaci\u00f3 d\u2019aquest nivell equival al <strong>nivell b\u00e0sic d\u2019usuari b\u00e0sic A1<\/strong>.<\/p>\n<p>&nbsp;<\/p>\n<h5 style=\"text-align: center;\">CATAL\u00c0 II<\/h5>\n<p>Curs adre\u00e7at a persones no catalanoparlants que volen desenvolupar les habilitats de comprensi\u00f3 i producci\u00f3 orals, la comprensi\u00f3 escrita aix\u00ed com la iniciaci\u00f3 a l\u2019expressi\u00f3 escrita.<\/p>\n<p>De Catal\u00e0 II s\u2019imparteixen 4h setmanals.<\/p>\n<p>Superar aquest nivell equival al <strong>nivell d\u2019usuari b\u00e0sic A2<\/strong> del Marc europeu com\u00fa de refer\u00e8ncia.<\/p>\n<p>&nbsp;<\/p>\n<h5 style=\"text-align: center;\">CATAL\u00c0 III<\/h5>\n<p>Curs adre\u00e7at a persones que volen consolidar i ampliar les habilitats orals i desenvolupar les escrites, amb la finalitat que, en acabar el curs, puguin ampliar el seu camp d\u2019acci\u00f3 en catal\u00e0 a \u00e0mbits nous, amb un llenguatge que s\u2019adapti a la situaci\u00f3 comunicativa, encara que sigui sense la flu\u00efdesa, desimboltura o riquesa amb que ho faria amb la llengua materna.<\/p>\n<p>De Catal\u00e0 III s\u2019imparteixen 4h setmanals.<\/p>\n<p>Els alumnes que obtenen la qualificaci\u00f3 d\u2019apte en aquest nivell rebran un certificat corresponent al <strong>nivell d\u2019usuari b\u00e0sic independent B1<\/strong> segons els criteris establerts en el Marc europeu com\u00fa de referencia.<\/p>\n<p>&nbsp;<\/p>\n<h3><span id=\"_Matricula_estudiants_nous\">Matr\u00edcula estudiants nous<\/span><\/h3>\n<p>El per\u00edode de preinscripci\u00f3 \u00e9s la segona quinzena de juny i la matr\u00edcula es formalitza la primera quinzena de setembre. Cal presentar original i fotoc\u00f2pia del document corresponent (NIE, NIF o Passaport) i dues fotograf\u00edes.<\/p>\n<h3><span id=\"_Durada\"> <strong>Durada<\/strong><\/span><\/h3>\n<p>El curs comen\u00e7a a mitjans de setembre i finalitza la tercera setmana de juny.<\/p>\n","protected":false},"excerpt":{"rendered":"<p>Itinerari <a href=\"http:\/\/agora.xtec.cat\/cfatarragona\/wp-content\/uploads\/usu1257\/2015\/01\/equival%C3%A8ncia-MERC.jpg\"><\/a><br \/>\nEl centre oferta els tres primers nivells de catal\u00e0 en horari de mat\u00ed i tarda.<br \/>\n<a href=\"https:\/\/drive.google.com\/file\/d\/0B5oGfvF6OkpVRjZ2Q0s0TURCaXc\/view?usp=sharing\" target=\"_blank\" rel=\"noopener noreferrer\"><\/a>\u00a0<a href=\"https:\/\/drive.google.com\/file\/d\/1VGAneIim1hgyIPsxhlMLbVFdldSY11fA\/view?usp=share_link\" target=\"_blank\" rel=\"noopener noreferrer\">Descarrega\u2019t el full informatiu<\/a><br \/>\nCATAL\u00c0 I<br \/>\n\u00c9s un curs adre\u00e7at a persones nouvingudes que no entenen el catal\u00e0 i volen adquirir les habilitats&hellip;  <a href=\"https:\/\/agora.xtec.cat\/cfatarragona\/ensenyaments\/llengua-catalana\/\" title=\"Read Llengua catalana\">Llegeix m\u00e9s\u00bb<\/a><\/p>\n","protected":false},"author":2,"featured_media":0,"parent":274,"menu_order":0,"comment_status":"closed","ping_status":"closed","template":"page-templates\/side-menu.php","meta":{"_bbp_topic_count":0,"_bbp_reply_count":0,"_bbp_total_topic_count":0,"_bbp_total_reply_count":0,"_bbp_voice_count":0,"_bbp_anonymous_reply_count":0,"_bbp_topic_count_hidden":0,"_bbp_reply_count_hidden":0,"_bbp_forum_subforum_count":0,"footnotes":""},"class_list":["post-296","page","type-page","status-publish","hentry"],"post_mailing_queue_ids":[],"_links":{"self":[{"href":"https:\/\/agora.xtec.cat\/cfatarragona\/wp-json\/wp\/v2\/pages\/296","targetHints":{"allow":["GET"]}}],"collection":[{"href":"https:\/\/agora.xtec.cat\/cfatarragona\/wp-json\/wp\/v2\/pages"}],"about":[{"href":"https:\/\/agora.xtec.cat\/cfatarragona\/wp-json\/wp\/v2\/types\/page"}],"author":[{"embeddable":true,"href":"https:\/\/agora.xtec.cat\/cfatarragona\/wp-json\/wp\/v2\/users\/2"}],"replies":[{"embeddable":true,"href":"https:\/\/agora.xtec.cat\/cfatarragona\/wp-json\/wp\/v2\/comments?post=296"}],"version-history":[{"count":4,"href":"https:\/\/agora.xtec.cat\/cfatarragona\/wp-json\/wp\/v2\/pages\/296\/revisions"}],"predecessor-version":[{"id":2576,"href":"https:\/\/agora.xtec.cat\/cfatarragona\/wp-json\/wp\/v2\/pages\/296\/revisions\/2576"}],"up":[{"embeddable":true,"href":"https:\/\/agora.xtec.cat\/cfatarragona\/wp-json\/wp\/v2\/pages\/274"}],"wp:attachment":[{"href":"https:\/\/agora.xtec.cat\/cfatarragona\/wp-json\/wp\/v2\/media?parent=296"}],"curies":[{"name":"wp","href":"https:\/\/api.w.org\/{rel}","templated":true}]}}