{"id":286,"date":"2015-01-28T11:07:30","date_gmt":"2015-01-28T10:07:30","guid":{"rendered":"http:\/\/agora.xtec.cat\/cfatarragona\/?page_id=286"},"modified":"2017-06-19T12:06:24","modified_gmt":"2017-06-19T10:06:24","slug":"ensenyaments-transprofessionals","status":"publish","type":"page","link":"https:\/\/agora.xtec.cat\/cfatarragona\/ensenyaments\/ensenyaments-transprofessionals\/","title":{"rendered":"Ensenyaments transprofessionals"},"content":{"rendered":"<p>En Centre de Formaci\u00f3 d&#8217;Adults Tarragona ofereix cursos de <strong>llengua estrangera (angl\u00e8s)<\/strong> i de compet\u00e8ncies en <strong>tecnologies de la informaci\u00f3 i la comunicaci\u00f3 (COMPETIC)<\/strong> amb certificats finals oficials v\u00e0lids a l&#8217;hora de cercar feina o preparar una oposici\u00f3 a l&#8217;administraci\u00f3 p\u00fablica.<\/p>\n<h3 style=\"text-align: center;\"><a href=\"http:\/\/agora.xtec.cat\/cfatarragona\/ensenyaments\/ensenyaments-transprofessionals\/llengua-anglesa\/\">ANGL\u00c8S<\/a><\/h3>\n<h3 style=\"text-align: center;\"><a href=\"http:\/\/agora.xtec.cat\/cfatarragona\/ensenyaments\/ensenyaments-transprofessionals\/competencia-digital-competic\/\">INFORM\u00c0TICA &#8211; COMPETIC<\/a><\/h3>\n","protected":false},"excerpt":{"rendered":"<p>En Centre de Formaci\u00f3 d&#8217;Adults Tarragona ofereix cursos de llengua estrangera (angl\u00e8s) i de compet\u00e8ncies en tecnologies de la informaci\u00f3 i la comunicaci\u00f3 (COMPETIC) amb certificats finals oficials v\u00e0lids a l&#8217;hora de cercar feina o preparar una oposici\u00f3 a l&#8217;administraci\u00f3 p\u00fablica.<br \/>\n<a href=\"http:\/\/agora.xtec.cat\/cfatarragona\/ensenyaments\/ensenyaments-transprofessionals\/llengua-anglesa\/\">ANGL\u00c8S<\/a><br \/>\n<a href=\"http:\/\/agora.xtec.cat\/cfatarragona\/ensenyaments\/ensenyaments-transprofessionals\/competencia-digital-competic\/\">INFORM\u00c0TICA &#8211; COMPETIC<\/a><\/p>\n","protected":false},"author":2,"featured_media":0,"parent":274,"menu_order":0,"comment_status":"closed","ping_status":"closed","template":"page-templates\/side-menu.php","meta":{"_bbp_topic_count":0,"_bbp_reply_count":0,"_bbp_total_topic_count":0,"_bbp_total_reply_count":0,"_bbp_voice_count":0,"_bbp_anonymous_reply_count":0,"_bbp_topic_count_hidden":0,"_bbp_reply_count_hidden":0,"_bbp_forum_subforum_count":0,"footnotes":""},"class_list":["post-286","page","type-page","status-publish","hentry"],"post_mailing_queue_ids":[],"_links":{"self":[{"href":"https:\/\/agora.xtec.cat\/cfatarragona\/wp-json\/wp\/v2\/pages\/286","targetHints":{"allow":["GET"]}}],"collection":[{"href":"https:\/\/agora.xtec.cat\/cfatarragona\/wp-json\/wp\/v2\/pages"}],"about":[{"href":"https:\/\/agora.xtec.cat\/cfatarragona\/wp-json\/wp\/v2\/types\/page"}],"author":[{"embeddable":true,"href":"https:\/\/agora.xtec.cat\/cfatarragona\/wp-json\/wp\/v2\/users\/2"}],"replies":[{"embeddable":true,"href":"https:\/\/agora.xtec.cat\/cfatarragona\/wp-json\/wp\/v2\/comments?post=286"}],"version-history":[{"count":3,"href":"https:\/\/agora.xtec.cat\/cfatarragona\/wp-json\/wp\/v2\/pages\/286\/revisions"}],"predecessor-version":[{"id":996,"href":"https:\/\/agora.xtec.cat\/cfatarragona\/wp-json\/wp\/v2\/pages\/286\/revisions\/996"}],"up":[{"embeddable":true,"href":"https:\/\/agora.xtec.cat\/cfatarragona\/wp-json\/wp\/v2\/pages\/274"}],"wp:attachment":[{"href":"https:\/\/agora.xtec.cat\/cfatarragona\/wp-json\/wp\/v2\/media?parent=286"}],"curies":[{"name":"wp","href":"https:\/\/api.w.org\/{rel}","templated":true}]}}