{"id":27,"date":"2014-09-17T16:24:03","date_gmt":"2014-09-17T16:24:03","guid":{"rendered":"http:\/\/agora.xtec.cat\/cfatarragona\/?page_id=27"},"modified":"2016-11-15T13:03:30","modified_gmt":"2016-11-15T12:03:30","slug":"historia","status":"publish","type":"page","link":"https:\/\/agora.xtec.cat\/cfatarragona\/el-centre\/historia\/","title":{"rendered":"Una mica d&#8217;hist\u00f2ria"},"content":{"rendered":"<figure class=\"figure wp-caption alignright\"><a href=\"http:\/\/agora.xtec.cat\/cfatarragona\/wp-content\/uploads\/usu1257\/2014\/09\/Vista-Torreforta-anys-50.jpg\"><img loading=\"lazy\" decoding=\"async\" class=\"wp-image-542\" title=\"Vista de Torreforta als anys 50 (MHT)\" src=\"http:\/\/agora.xtec.cat\/cfatarragona\/wp-content\/uploads\/usu1257\/2014\/09\/Vista-Torreforta-anys-50.jpg\" alt=\"vista-torreforta-anys-50\" width=\"299\" height=\"201\" \/><\/a><figcaption class=\"wp-caption-text\"><em>Vista de Torreforta als anys 50<\/em> (MHT)<\/figcaption><\/figure>\n<p>El CFA Tarragona es troba al ponent de la ciutat, geogr\u00e0ficament, situat a la riba dreta del Riu Francol\u00ed on, a partir del anys cinquanta, es va concentrar la major part de la migraci\u00f3 arribada a Tarragona, cridada pel gran desenvolupament de la ind\u00fastria petroqu\u00edmica i la construcci\u00f3. Aquesta primera onada migrat\u00f2ria procedent, majorit\u00e0riament dels sud de la pen\u00ednsula, configur\u00e0 els diferents barris d&#8217;aquesta zona: Torreforta, Bonavista i Campclar i els seus nuclis adjacents de la Granja, el Pilar, la Floresta, Riuclar, Parc Riuclar i l&#8217;albada.<\/p>\n<figure class=\"figure wp-caption alignleft\"><a href=\"http:\/\/agora.xtec.cat\/cfatarragona\/wp-content\/uploads\/usu1257\/2014\/09\/Vista-Torreforta.jpg\"><img loading=\"lazy\" decoding=\"async\" class=\"wp-image-544\" title=\"Vista de Torreforta l'any 2000 (MHT)\" src=\"http:\/\/agora.xtec.cat\/cfatarragona\/wp-content\/uploads\/usu1257\/2014\/09\/Vista-Torreforta.jpg\" alt=\"vista-torreforta\" width=\"360\" height=\"238\" srcset=\"https:\/\/agora.xtec.cat\/cfatarragona\/wp-content\/uploads\/usu1257\/2014\/09\/Vista-Torreforta.jpg 628w, https:\/\/agora.xtec.cat\/cfatarragona\/wp-content\/uploads\/usu1257\/2014\/09\/Vista-Torreforta-300x198.jpg 300w\" sizes=\"auto, (max-width: 360px) 100vw, 360px\" \/><\/a><figcaption class=\"wp-caption-text\"><em>Vista de Torreforta l&#8217;any 2000<\/em> (MHT)<\/figcaption><\/figure>\n<figure class=\"figure wp-caption alignright\"><a href=\"http:\/\/agora.xtec.cat\/cfatarragona\/wp-content\/uploads\/usu1257\/2014\/09\/Bonavista-1985.png\"><img loading=\"lazy\" decoding=\"async\" class=\"wp-image-551\" src=\"http:\/\/agora.xtec.cat\/cfatarragona\/wp-content\/uploads\/usu1257\/2014\/09\/Bonavista-1985.png\" alt=\"bonavista-1985\" width=\"373\" height=\"233\" srcset=\"https:\/\/agora.xtec.cat\/cfatarragona\/wp-content\/uploads\/usu1257\/2014\/09\/Bonavista-1985.png 640w, https:\/\/agora.xtec.cat\/cfatarragona\/wp-content\/uploads\/usu1257\/2014\/09\/Bonavista-1985-e1479210698194-150x94.png 150w, https:\/\/agora.xtec.cat\/cfatarragona\/wp-content\/uploads\/usu1257\/2014\/09\/Bonavista-1985-300x188.png 300w\" sizes=\"auto, (max-width: 373px) 100vw, 373px\" \/><\/a><figcaption class=\"wp-caption-text\"><em>Cases de Bonavista durant la nevada de 1985<\/em> (MHT)<\/figcaption><\/figure>\n<p>&nbsp;<\/p>\n<p>&nbsp;<\/p>\n<p>&nbsp;<\/p>\n<p>&nbsp;<\/p>\n<p>&nbsp;<\/p>\n<p>&nbsp;<\/p>\n<p>&nbsp;<\/p>\n<p>Durant aquest per\u00edode, aquesta zona es vei\u00e9 caracteritzada per la concentraci\u00f3 de poblaci\u00f3 jove, pel desordre urban\u00edstic i el baix nivell formatiu. Fou a principis dels vuitanta, quan davant el gran \u00edndex d&#8217;analfabetisme, l&#8217;important nombre de frac\u00e0s escolar i l&#8217;elevada quantitat de persones joves i adultes amb la necessitat d&#8217;ampliar els seus nivells de formaci\u00f3, l&#8217;escola d&#8217;adults, inici\u00e0 la seva traject\u00f2ria. Cal remarcar que en un principi, els professionals d&#8217;aquest \u00e0mbit, estaven repartits per centres de prim\u00e0ria, per\u00f2 fortament vinculats entre ells i elles, i no fou fins el curs\u00a01994-1995 que comen\u00e7\u00e0 a funcionar com un centre \u00fanic al<\/p>\n<figure class=\"figure wp-caption alignright\"><a href=\"http:\/\/agora.xtec.cat\/cfatarragona\/wp-content\/uploads\/usu1257\/2014\/09\/Escola-adults-Bonavista.png\"><img loading=\"lazy\" decoding=\"async\" class=\"wp-image-548\" title=\"Escola d'adults de Bonavista, curs 1996-97 (CFAT)\" src=\"http:\/\/agora.xtec.cat\/cfatarragona\/wp-content\/uploads\/usu1257\/2014\/09\/Escola-adults-Bonavista.png\" alt=\"escola-adults-bonavista\" width=\"333\" height=\"208\" srcset=\"https:\/\/agora.xtec.cat\/cfatarragona\/wp-content\/uploads\/usu1257\/2014\/09\/Escola-adults-Bonavista.png 640w, https:\/\/agora.xtec.cat\/cfatarragona\/wp-content\/uploads\/usu1257\/2014\/09\/Escola-adults-Bonavista-300x188.png 300w\" sizes=\"auto, (max-width: 333px) 100vw, 333px\" \/><\/a><figcaption class=\"wp-caption-text\"><em>Escola d&#8217;adults de Bonavista, curs 1996-97<\/em> (CFAT)<\/figcaption><\/figure>\n<p>barri de Riuclar, que articular\u00e0 totes i tots els professionals que hi treballaven.<\/p>\n<p>La creaci\u00f3 del CFA Tarragona, ubicat al barri de Riuclar, supos\u00e0 la suma de la tasca educativa portada a terme des de feia m\u00e9s deu anys, coordin\u00e0 esfor\u00e7os per optimitzar recursos pedag\u00f2gics i ofer\u00ed a tota la zona de ponent una proposta formativa, coherent. Des d&#8217;aquesta \u00f2ptica i perspectiva hist\u00f2rica i davant la impossibilitat f\u00edsica d&#8217;unificar-se, el centre, mant\u00e9 el servei totalment descentralitzat. Aix\u00ed doncs, actualment t\u00e9 aules als barris de Campclar, Torreforta i Riuclar, ocupant espais de titularitat p\u00fablica, per\u00f2 dependents de diferents administracions.<\/p>\n<p>Pot dir-se que el centre compta amb un alumnat molt diferent, amb diversitat d&#8217;interessos, proced\u00e8ncies, edats i \u00e8tnies. \u00c9s important remarcar que, tot i tenir un percentatge elevat d&#8217;alumnes aut\u00f2ctons \u00e9s molt important el nombre d&#8217;alumnes procedents de la nova migraci\u00f3, arribada a Catalunya a principis de la d\u00e8cada dels noranta, provinent de molts pa\u00efsos extracomunitaris. Aquest fenomen, ha convertit el centre en un espai multicultural on es parlen gran quantitat de lleng\u00fces i conflueixen un important nombre de cultures.<\/p>\n<p>La llengua vehicular que articula la comunicaci\u00f3 a l&#8217;escola \u00e9s el catal\u00e0, malgrat que la majoria dels alumnes aut\u00f2ctons no l&#8217;utilitza habitualment, com llengua d&#8217;\u00fas, i entre la poblaci\u00f3 nouvinguda, el coneixement \u00e9s pr\u00e0cticament nul. Aquesta diversitat ha obligat els professionals a enginyar maneres de comunicaci\u00f3 i a engegar projectes que adaptin l&#8217;oferta formativa a les diferents realitats que es presenten.<\/p>\n<p>El CFA Tarragona compta amb una diversitat d&#8217;ensenyaments que inclou des dels nivells d&#8217;alfabetitzaci\u00f3 fins al nivell que prepara per a superar la prova d&#8217;acc\u00e9s a la Universitat per a majors de vint-i-cinc anys. Per aquesta ra\u00f3 i perqu\u00e8 s\u00f3n nivells progressius, un\/a alumne\/a pot passar de l&#8217;un a l&#8217;altre. Podem dir que el CFA Tarragona assumeix tots els ensenyaments no obligatoris que es poden realitzar en un centre de formaci\u00f3 d&#8217;adults de manera formal tant presencial, semipresencial com a dist\u00e0ncia.<\/p>\n<p>Cal aclarir que l&#8217;autoritzaci\u00f3 de la creaci\u00f3 del CFA Tarragona rau en el decret 298\/1994 publicat al DOG 1975 i la unificaci\u00f3 de les aules en la resoluci\u00f3 del DOG 2025 de 19 de maig de 2005.<\/p>\n","protected":false},"excerpt":{"rendered":"<p><a href=\"http:\/\/agora.xtec.cat\/cfatarragona\/wp-content\/uploads\/usu1257\/2014\/09\/Vista-Torreforta-anys-50.jpg\"><\/a>Vista de Torreforta als anys 50 (MHT)<br \/>\nEl CFA Tarragona es troba al ponent de la ciutat, geogr\u00e0ficament, situat a la riba dreta del Riu Francol\u00ed on, a partir del anys cinquanta, es va concentrar la major part de la migraci\u00f3 arribada a Tarragona, cridada&hellip;  <a href=\"https:\/\/agora.xtec.cat\/cfatarragona\/el-centre\/historia\/\" title=\"Read Una mica d&#8217;hist\u00f2ria\">Llegeix m\u00e9s\u00bb<\/a><\/p>\n","protected":false},"author":1,"featured_media":0,"parent":261,"menu_order":20,"comment_status":"closed","ping_status":"closed","template":"page-templates\/side-menu.php","meta":{"_bbp_topic_count":0,"_bbp_reply_count":0,"_bbp_total_topic_count":0,"_bbp_total_reply_count":0,"_bbp_voice_count":0,"_bbp_anonymous_reply_count":0,"_bbp_topic_count_hidden":0,"_bbp_reply_count_hidden":0,"_bbp_forum_subforum_count":0,"footnotes":""},"class_list":["post-27","page","type-page","status-publish","hentry"],"post_mailing_queue_ids":[],"_links":{"self":[{"href":"https:\/\/agora.xtec.cat\/cfatarragona\/wp-json\/wp\/v2\/pages\/27","targetHints":{"allow":["GET"]}}],"collection":[{"href":"https:\/\/agora.xtec.cat\/cfatarragona\/wp-json\/wp\/v2\/pages"}],"about":[{"href":"https:\/\/agora.xtec.cat\/cfatarragona\/wp-json\/wp\/v2\/types\/page"}],"author":[{"embeddable":true,"href":"https:\/\/agora.xtec.cat\/cfatarragona\/wp-json\/wp\/v2\/users\/1"}],"replies":[{"embeddable":true,"href":"https:\/\/agora.xtec.cat\/cfatarragona\/wp-json\/wp\/v2\/comments?post=27"}],"version-history":[{"count":3,"href":"https:\/\/agora.xtec.cat\/cfatarragona\/wp-json\/wp\/v2\/pages\/27\/revisions"}],"predecessor-version":[{"id":420,"href":"https:\/\/agora.xtec.cat\/cfatarragona\/wp-json\/wp\/v2\/pages\/27\/revisions\/420"}],"up":[{"embeddable":true,"href":"https:\/\/agora.xtec.cat\/cfatarragona\/wp-json\/wp\/v2\/pages\/261"}],"wp:attachment":[{"href":"https:\/\/agora.xtec.cat\/cfatarragona\/wp-json\/wp\/v2\/media?parent=27"}],"curies":[{"name":"wp","href":"https:\/\/api.w.org\/{rel}","templated":true}]}}